{"id":44410,"date":"2024-05-03T12:00:25","date_gmt":"2024-05-03T11:00:25","guid":{"rendered":"https:\/\/ismartgate.com\/?page_id=44410"},"modified":"2024-05-03T12:02:01","modified_gmt":"2024-05-03T11:02:01","slug":"chamberlain-953ev-p2-modeli%cc%87nde-aku-nasil-degi%cc%87sti%cc%87ri%cc%87li%cc%87r","status":"publish","type":"page","link":"https:\/\/ismartgate.com\/tr\/how-to-replace-the-battery-in-chamberlain-953ev-p2-model\/","title":{"rendered":"ismargate - Chamberlain 953EV-P2 modelinde pil nas\u0131l de\u011fi\u015ftirilir"},"content":{"rendered":"<div class=\"fusion-fullwidth fullwidth-box fusion-builder-row-1 fusion-flex-container nonhundred-percent-fullwidth non-hundred-percent-height-scrolling\" style=\"--awb-border-radius-top-left:0px;--awb-border-radius-top-right:0px;--awb-border-radius-bottom-right:0px;--awb-border-radius-bottom-left:0px;--awb-flex-wrap:wrap;\" ><div class=\"fusion-builder-row fusion-row fusion-flex-align-items-flex-start fusion-flex-content-wrap\" style=\"max-width:1331.2px;margin-left: calc(-4% \/ 2 );margin-right: calc(-4% \/ 2 );\"><div class=\"fusion-layout-column fusion_builder_column fusion-builder-column-0 fusion_builder_column_1_1 1_1 fusion-flex-column\" style=\"--awb-bg-size:cover;--awb-width-large:100%;--awb-margin-top-large:0px;--awb-spacing-right-large:1.92%;--awb-margin-bottom-large:20px;--awb-spacing-left-large:1.92%;--awb-width-medium:100%;--awb-order-medium:0;--awb-spacing-right-medium:1.92%;--awb-spacing-left-medium:1.92%;--awb-width-small:100%;--awb-order-small:0;--awb-spacing-right-small:1.92%;--awb-spacing-left-small:1.92%;\"><div class=\"fusion-column-wrapper fusion-column-has-shadow fusion-flex-justify-content-flex-start fusion-content-layout-column\"><div style=\"text-align:center;\"><a class=\"fusion-button button-flat button-small button-default fusion-button-default button-1 fusion-button-default-span fusion-button-default-type\" style=\"--button_text_transform:capitalize;\" target=\"_self\" href=\"https:\/\/ismartgate.com\/tr\/garaj-kapilari-ve-geci%cc%87tler-genel-konular\/\"><span class=\"fusion-button-text awb-button__text awb-button__text--default\">&lt; Listeye geri d\u00f6n<\/span><\/a><\/div><\/div><\/div><div class=\"fusion-layout-column fusion_builder_column fusion-builder-column-1 fusion_builder_column_1_1 1_1 fusion-flex-column\" style=\"--awb-bg-size:cover;--awb-width-large:100%;--awb-margin-top-large:0px;--awb-spacing-right-large:1.92%;--awb-margin-bottom-large:20px;--awb-spacing-left-large:1.92%;--awb-width-medium:100%;--awb-order-medium:0;--awb-spacing-right-medium:1.92%;--awb-spacing-left-medium:1.92%;--awb-width-small:100%;--awb-order-small:0;--awb-spacing-right-small:1.92%;--awb-spacing-left-small:1.92%;\"><div class=\"fusion-column-wrapper fusion-column-has-shadow fusion-flex-justify-content-flex-start fusion-content-layout-column\"><div class=\"fusion-text fusion-text-1\" style=\"--awb-text-transform:none;\"><h1 style=\"text-align: center;\">Chamberlain 953EV-P2 modelinde pil nas\u0131l de\u011fi\u015ftirilir<\/h1>\n<\/div><div class=\"fusion-text fusion-text-2\" style=\"--awb-text-transform:none;\"><h2 style=\"text-align: center;\">Chamberlain 953EV uzaktan kumandan\u0131zdaki pili de\u011fi\u015ftirmek i\u00e7in 3V <strong>CR2032 madeni para pil<\/strong>.<\/h2>\n<\/div><div class=\"fusion-image-element\" style=\"text-align:center;--awb-caption-title-font-family:var(--h2_typography-font-family);--awb-caption-title-font-weight:var(--h2_typography-font-weight);--awb-caption-title-font-style:var(--h2_typography-font-style);--awb-caption-title-size:var(--h2_typography-font-size);--awb-caption-title-transform:var(--h2_typography-text-transform);--awb-caption-title-line-height:var(--h2_typography-line-height);--awb-caption-title-letter-spacing:var(--h2_typography-letter-spacing);\"><span class=\"fusion-imageframe imageframe-none imageframe-1 hover-type-none\"><img decoding=\"async\" width=\"240\" height=\"240\" title=\"01\" src=\"https:\/\/ismartgate.com\/wp-content\/uploads\/2024\/04\/01.png\" data-orig-src=\"https:\/\/ismartgate.com\/wp-content\/uploads\/2024\/04\/01.png\" alt class=\"lazyload img-responsive wp-image-40948\" srcset=\"data:image\/svg+xml,%3Csvg%20xmlns%3D%27http%3A%2F%2Fwww.w3.org%2F2000%2Fsvg%27%20width%3D%27240%27%20height%3D%27240%27%20viewBox%3D%270%200%20240%20240%27%3E%3Crect%20width%3D%27240%27%20height%3D%27240%27%20fill-opacity%3D%220%22%2F%3E%3C%2Fsvg%3E\" data-srcset=\"https:\/\/ismartgate.com\/wp-content\/uploads\/2024\/04\/01-200x200.png 200w, https:\/\/ismartgate.com\/wp-content\/uploads\/2024\/04\/01.png 240w\" data-sizes=\"auto\" data-orig-sizes=\"(max-width: 1024px) 100vw, (max-width: 640px) 100vw, 240px\" \/><\/span><\/div><div class=\"fusion-separator fusion-full-width-sep\" style=\"align-self: center;margin-left: auto;margin-right: auto;margin-top:15px;margin-bottom:15px;width:100%;\"><div class=\"fusion-separator-border sep-double\" style=\"--awb-height:20px;--awb-amount:20px;border-color:#e0dede;border-top-width:0px;border-bottom-width:0px;\"><\/div><\/div><div class=\"fusion-text fusion-text-3\" style=\"--awb-text-transform:none;\"><h2 style=\"text-align: center;\">Ba\u015flamak i\u00e7in i\u015fte ad\u0131m ad\u0131m bir k\u0131lavuz:<\/h2>\n<\/div><\/div><\/div><div class=\"fusion-layout-column fusion_builder_column fusion-builder-column-2 fusion_builder_column_1_1 1_1 fusion-flex-column\" style=\"--awb-bg-size:cover;--awb-width-large:100%;--awb-margin-top-large:0px;--awb-spacing-right-large:1.92%;--awb-margin-bottom-large:20px;--awb-spacing-left-large:1.92%;--awb-width-medium:100%;--awb-order-medium:0;--awb-spacing-right-medium:1.92%;--awb-spacing-left-medium:1.92%;--awb-width-small:100%;--awb-order-small:0;--awb-spacing-right-small:1.92%;--awb-spacing-left-small:1.92%;\"><div class=\"fusion-column-wrapper fusion-column-has-shadow fusion-flex-justify-content-flex-start fusion-content-layout-column\"><div class=\"fusion-text fusion-text-4\" style=\"--awb-text-transform:none;\"><p style=\"text-align: center;\"><span style=\"color: #333399;\"><strong>ADIM 1<\/strong><\/span><br \/>\nKasay\u0131 \u00f6nce ortadan, sonra her iki yandan viz\u00f6r klipsiyle a\u00e7may\u0131 deneyin.<\/p>\n<\/div><div class=\"fusion-image-element\" style=\"text-align:center;--awb-caption-title-font-family:var(--h2_typography-font-family);--awb-caption-title-font-weight:var(--h2_typography-font-weight);--awb-caption-title-font-style:var(--h2_typography-font-style);--awb-caption-title-size:var(--h2_typography-font-size);--awb-caption-title-transform:var(--h2_typography-text-transform);--awb-caption-title-line-height:var(--h2_typography-line-height);--awb-caption-title-letter-spacing:var(--h2_typography-letter-spacing);\"><span class=\"fusion-imageframe imageframe-none imageframe-2 hover-type-none\"><img decoding=\"async\" width=\"333\" height=\"205\" title=\"01\" src=\"https:\/\/ismartgate.com\/wp-content\/uploads\/2024\/05\/01.jpg\" data-orig-src=\"https:\/\/ismartgate.com\/wp-content\/uploads\/2024\/05\/01.jpg\" alt class=\"lazyload img-responsive wp-image-44402\" srcset=\"data:image\/svg+xml,%3Csvg%20xmlns%3D%27http%3A%2F%2Fwww.w3.org%2F2000%2Fsvg%27%20width%3D%27333%27%20height%3D%27205%27%20viewBox%3D%270%200%20333%20205%27%3E%3Crect%20width%3D%27333%27%20height%3D%27205%27%20fill-opacity%3D%220%22%2F%3E%3C%2Fsvg%3E\" data-srcset=\"https:\/\/ismartgate.com\/wp-content\/uploads\/2024\/05\/01-200x123.jpg 200w, https:\/\/ismartgate.com\/wp-content\/uploads\/2024\/05\/01.jpg 333w\" data-sizes=\"auto\" data-orig-sizes=\"(max-width: 1024px) 100vw, (max-width: 640px) 100vw, 333px\" \/><\/span><\/div><\/div><\/div><div class=\"fusion-layout-column fusion_builder_column fusion-builder-column-3 fusion_builder_column_1_1 1_1 fusion-flex-column\" style=\"--awb-bg-size:cover;--awb-width-large:100%;--awb-margin-top-large:0px;--awb-spacing-right-large:1.92%;--awb-margin-bottom-large:20px;--awb-spacing-left-large:1.92%;--awb-width-medium:100%;--awb-order-medium:0;--awb-spacing-right-medium:1.92%;--awb-spacing-left-medium:1.92%;--awb-width-small:100%;--awb-order-small:0;--awb-spacing-right-small:1.92%;--awb-spacing-left-small:1.92%;\"><div class=\"fusion-column-wrapper fusion-column-has-shadow fusion-flex-justify-content-flex-start fusion-content-layout-column\"><div class=\"fusion-text fusion-text-5\" style=\"--awb-text-transform:none;\"><p style=\"text-align: center;\"><span style=\"color: #333399;\"><strong>ADIM 2<br \/>\n<\/strong><\/span>Ard\u0131ndan, eski pili \u00e7\u0131kar\u0131n ve yenisini tak\u0131n, pilin kutuplar\u0131n\u0131 pil yuvas\u0131n\u0131n i\u00e7indeki sembollerle e\u015fle\u015ftirdi\u011finizden emin olun.<\/p>\n<\/div><div class=\"fusion-image-element\" style=\"text-align:center;--awb-caption-title-font-family:var(--h2_typography-font-family);--awb-caption-title-font-weight:var(--h2_typography-font-weight);--awb-caption-title-font-style:var(--h2_typography-font-style);--awb-caption-title-size:var(--h2_typography-font-size);--awb-caption-title-transform:var(--h2_typography-text-transform);--awb-caption-title-line-height:var(--h2_typography-line-height);--awb-caption-title-letter-spacing:var(--h2_typography-letter-spacing);\"><span class=\"fusion-imageframe imageframe-none imageframe-3 hover-type-none\"><img decoding=\"async\" width=\"333\" height=\"205\" title=\"02\" src=\"https:\/\/ismartgate.com\/wp-content\/uploads\/2024\/05\/02.jpg\" data-orig-src=\"https:\/\/ismartgate.com\/wp-content\/uploads\/2024\/05\/02.jpg\" alt class=\"lazyload img-responsive wp-image-44403\" srcset=\"data:image\/svg+xml,%3Csvg%20xmlns%3D%27http%3A%2F%2Fwww.w3.org%2F2000%2Fsvg%27%20width%3D%27333%27%20height%3D%27205%27%20viewBox%3D%270%200%20333%20205%27%3E%3Crect%20width%3D%27333%27%20height%3D%27205%27%20fill-opacity%3D%220%22%2F%3E%3C%2Fsvg%3E\" data-srcset=\"https:\/\/ismartgate.com\/wp-content\/uploads\/2024\/05\/02-200x123.jpg 200w, https:\/\/ismartgate.com\/wp-content\/uploads\/2024\/05\/02.jpg 333w\" data-sizes=\"auto\" data-orig-sizes=\"(max-width: 1024px) 100vw, (max-width: 640px) 100vw, 333px\" \/><\/span><\/div><\/div><\/div><div class=\"fusion-layout-column fusion_builder_column fusion-builder-column-4 fusion_builder_column_1_1 1_1 fusion-flex-column\" style=\"--awb-bg-size:cover;--awb-width-large:100%;--awb-margin-top-large:0px;--awb-spacing-right-large:1.92%;--awb-margin-bottom-large:20px;--awb-spacing-left-large:1.92%;--awb-width-medium:100%;--awb-order-medium:0;--awb-spacing-right-medium:1.92%;--awb-spacing-left-medium:1.92%;--awb-width-small:100%;--awb-order-small:0;--awb-spacing-right-small:1.92%;--awb-spacing-left-small:1.92%;\"><div class=\"fusion-column-wrapper fusion-column-has-shadow fusion-flex-justify-content-flex-start fusion-content-layout-column\"><div class=\"fusion-text fusion-text-6\" style=\"--awb-text-transform:none;\"><p style=\"text-align: center;\"><span style=\"color: #333399;\"><strong>ADIM 3<br \/>\n<\/strong><\/span>Son olarak, bile\u015fenleri d\u00fczg\u00fcn bir \u015fekilde yeniden hizalay\u0131n ve kasay\u0131 kapat\u0131n.<\/p>\n<\/div><div class=\"fusion-text fusion-text-7\" style=\"--awb-text-transform:none;\"><p style=\"text-align: center;\"><strong>Daha ayr\u0131nt\u0131l\u0131 talimatlar i\u00e7in, \u015fu adresten eri\u015febilece\u011finiz Chamberlain 953EV-P2 uzaktan kumanda k\u0131lavuzuna bak\u0131n <a href=\"https:\/\/ismartgate.com\/wp-content\/uploads\/2024\/05\/114A5043.pdf\">buradan indirebilirsiniz.<\/a><\/strong><\/p>\n<\/div><\/div><\/div><div class=\"fusion-layout-column fusion_builder_column fusion-builder-column-5 fusion_builder_column_1_1 1_1 fusion-flex-column\" style=\"--awb-bg-size:cover;--awb-width-large:100%;--awb-margin-top-large:0px;--awb-spacing-right-large:1.92%;--awb-margin-bottom-large:20px;--awb-spacing-left-large:1.92%;--awb-width-medium:100%;--awb-order-medium:0;--awb-spacing-right-medium:1.92%;--awb-spacing-left-medium:1.92%;--awb-width-small:100%;--awb-order-small:0;--awb-spacing-right-small:1.92%;--awb-spacing-left-small:1.92%;\"><div class=\"fusion-column-wrapper fusion-column-has-shadow fusion-flex-justify-content-flex-start fusion-content-layout-column\"><div class=\"fusion-text fusion-text-8\" style=\"--awb-text-transform:none;\"><h1 style=\"text-align: center;\">Kap\u0131 veya garaj kap\u0131s\u0131 kontrol\u00fcn\u00fcze ak\u0131ll\u0131 telefon i\u015flevselli\u011fini entegre etmekle ilgileniyor musunuz?<\/h1>\n<\/div><div class=\"fusion-text fusion-text-9\" style=\"--awb-text-transform:none;\"><p style=\"text-align: center;\">\u015eunlar\u0131 d\u00fc\u015f\u00fcnebilirsiniz <strong>ismartgate<\/strong>gibi uyumlu ak\u0131ll\u0131 ev hub'lar\u0131n\u0131n yan\u0131 s\u0131ra elektrikli kap\u0131lar\u0131n\u0131z\u0131 ve garaj kap\u0131lar\u0131n\u0131z\u0131 do\u011frudan ak\u0131ll\u0131 telefonunuzdan y\u00f6netmenizi sa\u011flayan bir \u00e7\u00f6z\u00fcmd\u00fcr. <strong>Apple Homekit, Amazon Alexa, Google Home, Samsung SmartThings ve IFTTT (1 Ekim 2025 tarihinde IFTTT ile iSmartGate entegrasyonu durdurulacakt\u0131r. IFTTT \u00fczerindeki iSmartGate hizmeti bu tarihten sonra art\u0131k kullan\u0131lamayacakt\u0131r. Bu durumun size verebilece\u011fi rahats\u0131zl\u0131ktan dolay\u0131 \u00f6z\u00fcr dileriz).<\/strong><\/p>\n<\/div><div class=\"fusion-image-element\" style=\"text-align:center;--awb-max-width:400px;--awb-caption-title-font-family:var(--h2_typography-font-family);--awb-caption-title-font-weight:var(--h2_typography-font-weight);--awb-caption-title-font-style:var(--h2_typography-font-style);--awb-caption-title-size:var(--h2_typography-font-size);--awb-caption-title-transform:var(--h2_typography-text-transform);--awb-caption-title-line-height:var(--h2_typography-line-height);--awb-caption-title-letter-spacing:var(--h2_typography-letter-spacing);\"><span class=\"fusion-imageframe imageframe-none imageframe-4 hover-type-none\"><img decoding=\"async\" width=\"1000\" height=\"1000\" alt=\"Otomatik a\u00e7ma\/kapama\" src=\"https:\/\/ismartgate.com\/wp-content\/uploads\/2023\/05\/07-automatic-open-close.png\" data-orig-src=\"https:\/\/ismartgate.com\/wp-content\/uploads\/2023\/05\/07-automatic-open-close.png\" class=\"lazyload img-responsive wp-image-37540\" srcset=\"data:image\/svg+xml,%3Csvg%20xmlns%3D%27http%3A%2F%2Fwww.w3.org%2F2000%2Fsvg%27%20width%3D%271000%27%20height%3D%271000%27%20viewBox%3D%270%200%201000%201000%27%3E%3Crect%20width%3D%271000%27%20height%3D%271000%27%20fill-opacity%3D%220%22%2F%3E%3C%2Fsvg%3E\" data-srcset=\"https:\/\/ismartgate.com\/wp-content\/uploads\/2023\/05\/07-automatic-open-close-200x200.png 200w, https:\/\/ismartgate.com\/wp-content\/uploads\/2023\/05\/07-automatic-open-close-400x400.png 400w, https:\/\/ismartgate.com\/wp-content\/uploads\/2023\/05\/07-automatic-open-close-600x600.png 600w, https:\/\/ismartgate.com\/wp-content\/uploads\/2023\/05\/07-automatic-open-close-800x800.png 800w, https:\/\/ismartgate.com\/wp-content\/uploads\/2023\/05\/07-automatic-open-close.png 1000w\" data-sizes=\"auto\" data-orig-sizes=\"(max-width: 1024px) 100vw, (max-width: 640px) 100vw, 1000px\" \/><\/span><\/div><div class=\"fusion-text fusion-text-10\" style=\"--awb-text-transform:none;\"><h2 style=\"text-align: center;\">Ak\u0131ll\u0131 kap\u0131\/garaj kap\u0131s\u0131 a\u00e7\u0131c\u0131s\u0131n\u0131n geleneksel uzaktan kumandaya g\u00f6re avantajlar\u0131:<\/h2>\n<\/div><div class=\"fusion-text fusion-text-11\" style=\"--awb-text-transform:none;\"><ul>\n<li style=\"text-align: left;\">ismartgate, elektrikli kap\u0131lar\u0131n ve garaj kap\u0131lar\u0131n\u0131n ak\u0131ll\u0131 telefon \u00fczerinden kontrol edilmesini sa\u011flar.<\/li>\n<li style=\"text-align: left;\">Apple HomeKit Amazon Alexa, Google Home ve Samsung SmartThings dahil olmak \u00fczere pop\u00fcler ak\u0131ll\u0131 ev hub'lar\u0131 ile uyumludur.<\/li>\n<li style=\"text-align: left;\">\u0130nternet ba\u011flant\u0131s\u0131 olan her yerden uzaktan eri\u015fim ve kontrol sa\u011flar.<\/li>\n<li style=\"text-align: left;\">Kap\u0131\/garaj kap\u0131s\u0131 durumunun ger\u00e7ek zamanl\u0131 izlenmesini sa\u011flar.<\/li>\n<li style=\"text-align: left;\">Rahat \u00e7al\u0131\u015fma i\u00e7in zamanlama ve otomasyonu destekler.<\/li>\n<li style=\"text-align: left;\">Eri\u015fimi aile \u00fcyeleriyle veya g\u00fcvenilir ki\u015filerle payla\u015fmay\u0131 sa\u011flar.<\/li>\n<li style=\"text-align: left;\">\u00c7e\u015fitli kullan\u0131c\u0131 kurulumlar\u0131na sorunsuz entegrasyon i\u00e7in iOS ve Android cihazlar\u0131yla uyumludur.<\/li>\n<li style=\"text-align: left;\">G\u00fcvenli Sistem: Verileriniz hi\u00e7 kimse ile payla\u015f\u0131lmaz. Ba\u015fka bir deyi\u015fle, sadece sizin taraf\u0131n\u0131zdan eri\u015filebilir.<\/li>\n<\/ul>\n<\/div><div style=\"text-align:center;\"><a class=\"fusion-button button-flat button-medium button-default fusion-button-default button-2 fusion-button-default-span fusion-button-default-type\" style=\"--button_text_transform:capitalize;\" target=\"_self\" href=\"https:\/\/ismartgate.com\/tr\/akilli-garaj-satin-al\/\"><span class=\"fusion-button-text awb-button__text awb-button__text--default\">\u0130smatgate'inizi bulun<\/span><\/a><\/div><\/div><\/div><\/div><\/div>","protected":false},"excerpt":{"rendered":"","protected":false},"author":5,"featured_media":0,"parent":0,"menu_order":0,"comment_status":"closed","ping_status":"open","template":"100-width.php","meta":{"footnotes":""},"class_list":["post-44410","page","type-page","status-publish","hentry"],"yoast_head":"<!-- This site is optimized with the Yoast SEO Premium plugin v27.3 (Yoast SEO v27.3) - https:\/\/yoast.com\/product\/yoast-seo-premium-wordpress\/ -->\n<title>ismargate - How to replace the battery in Chamberlain 953EV-P2 model - ismartgate<\/title>\n<meta name=\"description\" content=\"Discover how to replace the battery in the Chamberlain 953EV-P2 model. Follow the steps and make your remote work again.\" \/>\n<meta name=\"robots\" content=\"index, follow, max-snippet:-1, max-image-preview:large, max-video-preview:-1\" \/>\n<link rel=\"canonical\" href=\"https:\/\/ismartgate.com\/tr\/chamberlain-953ev-p2-modeli\u0307nde-aku-nasil-degi\u0307sti\u0307ri\u0307li\u0307r\/\" \/>\n<meta property=\"og:locale\" content=\"tr_TR\" \/>\n<meta property=\"og:type\" content=\"article\" \/>\n<meta property=\"og:title\" content=\"ismargate - How to replace the battery in Chamberlain 953EV-P2 model\" \/>\n<meta property=\"og:description\" content=\"Discover how to replace the battery in the Chamberlain 953EV-P2 model. Follow the steps and make your remote work again.\" \/>\n<meta property=\"og:url\" content=\"https:\/\/ismartgate.com\/tr\/chamberlain-953ev-p2-modeli\u0307nde-aku-nasil-degi\u0307sti\u0307ri\u0307li\u0307r\/\" \/>\n<meta property=\"og:site_name\" content=\"ismartgate\" \/>\n<meta property=\"article:publisher\" content=\"https:\/\/www.facebook.com\/ismartgateofficial\/\" \/>\n<meta property=\"article:modified_time\" content=\"2024-05-03T11:02:01+00:00\" \/>\n<meta name=\"twitter:card\" content=\"summary_large_image\" \/>\n<meta name=\"twitter:site\" content=\"@ismartgate_ww\" \/>\n<meta name=\"twitter:label1\" content=\"Tahmini okuma s\u00fcresi\" \/>\n\t<meta name=\"twitter:data1\" content=\"8 dakika\" \/>\n<script type=\"application\/ld+json\" class=\"yoast-schema-graph\">{\"@context\":\"https:\\\/\\\/schema.org\",\"@graph\":[{\"@type\":\"WebPage\",\"@id\":\"https:\\\/\\\/ismartgate.com\\\/how-to-replace-the-battery-in-chamberlain-953ev-p2-model\\\/\",\"url\":\"https:\\\/\\\/ismartgate.com\\\/how-to-replace-the-battery-in-chamberlain-953ev-p2-model\\\/\",\"name\":\"ismargate - How to replace the battery in Chamberlain 953EV-P2 model - ismartgate\",\"isPartOf\":{\"@id\":\"https:\\\/\\\/ismartgate.com\\\/#website\"},\"datePublished\":\"2024-05-03T11:00:25+00:00\",\"dateModified\":\"2024-05-03T11:02:01+00:00\",\"description\":\"Discover how to replace the battery in the Chamberlain 953EV-P2 model. Follow the steps and make your remote work again.\",\"breadcrumb\":{\"@id\":\"https:\\\/\\\/ismartgate.com\\\/how-to-replace-the-battery-in-chamberlain-953ev-p2-model\\\/#breadcrumb\"},\"inLanguage\":\"tr\",\"potentialAction\":[{\"@type\":\"ReadAction\",\"target\":[\"https:\\\/\\\/ismartgate.com\\\/how-to-replace-the-battery-in-chamberlain-953ev-p2-model\\\/\"]}]},{\"@type\":\"BreadcrumbList\",\"@id\":\"https:\\\/\\\/ismartgate.com\\\/how-to-replace-the-battery-in-chamberlain-953ev-p2-model\\\/#breadcrumb\",\"itemListElement\":[{\"@type\":\"ListItem\",\"position\":1,\"name\":\"Home\",\"item\":\"https:\\\/\\\/ismartgate.com\\\/\"},{\"@type\":\"ListItem\",\"position\":2,\"name\":\"ismargate - How to replace the battery in Chamberlain 953EV-P2 model\"}]},{\"@type\":\"WebSite\",\"@id\":\"https:\\\/\\\/ismartgate.com\\\/#website\",\"url\":\"https:\\\/\\\/ismartgate.com\\\/\",\"name\":\"ismartgate\",\"description\":\"The best Smart Garage Door Opener compatible with Apple HomeKit\",\"publisher\":{\"@id\":\"https:\\\/\\\/ismartgate.com\\\/#organization\"},\"inLanguage\":\"tr\"},{\"@type\":\"Organization\",\"@id\":\"https:\\\/\\\/ismartgate.com\\\/#organization\",\"name\":\"ismartgate\",\"url\":\"https:\\\/\\\/ismartgate.com\\\/\",\"logo\":{\"@type\":\"ImageObject\",\"inLanguage\":\"tr\",\"@id\":\"https:\\\/\\\/ismartgate.com\\\/#\\\/schema\\\/logo\\\/image\\\/\",\"url\":\"https:\\\/\\\/ismartgate.com\\\/wp-content\\\/uploads\\\/2018\\\/07\\\/ismartgate_header_logo_2x.gif\",\"contentUrl\":\"https:\\\/\\\/ismartgate.com\\\/wp-content\\\/uploads\\\/2018\\\/07\\\/ismartgate_header_logo_2x.gif\",\"width\":378,\"height\":56,\"caption\":\"ismartgate\"},\"image\":{\"@id\":\"https:\\\/\\\/ismartgate.com\\\/#\\\/schema\\\/logo\\\/image\\\/\"},\"sameAs\":[\"https:\\\/\\\/www.facebook.com\\\/ismartgateofficial\\\/\",\"https:\\\/\\\/x.com\\\/ismartgate_ww\",\"https:\\\/\\\/www.youtube.com\\\/channel\\\/UCY7edN3zimmxIXJ3tnFMp8A\"]}]}<\/script>\n<!-- \/ Yoast SEO Premium plugin. -->","yoast_head_json":{"title":"ismargate - Chamberlain 953EV-P2 modelinde pil nas\u0131l de\u011fi\u015ftirilir - ismartgate","description":"Chamberlain 953EV-P2 modelinde pilin nas\u0131l de\u011fi\u015ftirilece\u011fini ke\u015ffedin. Ad\u0131mlar\u0131 izleyin ve uzaktan kumandan\u0131z\u0131n tekrar \u00e7al\u0131\u015fmas\u0131n\u0131 sa\u011flay\u0131n.","robots":{"index":"index","follow":"follow","max-snippet":"max-snippet:-1","max-image-preview":"max-image-preview:large","max-video-preview":"max-video-preview:-1"},"canonical":"https:\/\/ismartgate.com\/tr\/chamberlain-953ev-p2-modeli\u0307nde-aku-nasil-degi\u0307sti\u0307ri\u0307li\u0307r\/","og_locale":"tr_TR","og_type":"article","og_title":"ismargate - How to replace the battery in Chamberlain 953EV-P2 model","og_description":"Discover how to replace the battery in the Chamberlain 953EV-P2 model. Follow the steps and make your remote work again.","og_url":"https:\/\/ismartgate.com\/tr\/chamberlain-953ev-p2-modeli\u0307nde-aku-nasil-degi\u0307sti\u0307ri\u0307li\u0307r\/","og_site_name":"ismartgate","article_publisher":"https:\/\/www.facebook.com\/ismartgateofficial\/","article_modified_time":"2024-05-03T11:02:01+00:00","twitter_card":"summary_large_image","twitter_site":"@ismartgate_ww","twitter_misc":{"Tahmini okuma s\u00fcresi":"8 dakika"},"schema":{"@context":"https:\/\/schema.org","@graph":[{"@type":"WebPage","@id":"https:\/\/ismartgate.com\/how-to-replace-the-battery-in-chamberlain-953ev-p2-model\/","url":"https:\/\/ismartgate.com\/how-to-replace-the-battery-in-chamberlain-953ev-p2-model\/","name":"ismargate - Chamberlain 953EV-P2 modelinde pil nas\u0131l de\u011fi\u015ftirilir - ismartgate","isPartOf":{"@id":"https:\/\/ismartgate.com\/#website"},"datePublished":"2024-05-03T11:00:25+00:00","dateModified":"2024-05-03T11:02:01+00:00","description":"Chamberlain 953EV-P2 modelinde pilin nas\u0131l de\u011fi\u015ftirilece\u011fini ke\u015ffedin. Ad\u0131mlar\u0131 izleyin ve uzaktan kumandan\u0131z\u0131n tekrar \u00e7al\u0131\u015fmas\u0131n\u0131 sa\u011flay\u0131n.","breadcrumb":{"@id":"https:\/\/ismartgate.com\/how-to-replace-the-battery-in-chamberlain-953ev-p2-model\/#breadcrumb"},"inLanguage":"tr","potentialAction":[{"@type":"ReadAction","target":["https:\/\/ismartgate.com\/how-to-replace-the-battery-in-chamberlain-953ev-p2-model\/"]}]},{"@type":"BreadcrumbList","@id":"https:\/\/ismartgate.com\/how-to-replace-the-battery-in-chamberlain-953ev-p2-model\/#breadcrumb","itemListElement":[{"@type":"ListItem","position":1,"name":"Home","item":"https:\/\/ismartgate.com\/"},{"@type":"ListItem","position":2,"name":"ismargate - How to replace the battery in Chamberlain 953EV-P2 model"}]},{"@type":"WebSite","@id":"https:\/\/ismartgate.com\/#website","url":"https:\/\/ismartgate.com\/","name":"ismartgate","description":"Apple HomeKit ile uyumlu en iyi Ak\u0131ll\u0131 Garaj Kap\u0131s\u0131 A\u00e7\u0131c\u0131","publisher":{"@id":"https:\/\/ismartgate.com\/#organization"},"inLanguage":"tr"},{"@type":"Organization","@id":"https:\/\/ismartgate.com\/#organization","name":"ismartgate","url":"https:\/\/ismartgate.com\/","logo":{"@type":"ImageObject","inLanguage":"tr","@id":"https:\/\/ismartgate.com\/#\/schema\/logo\/image\/","url":"https:\/\/ismartgate.com\/wp-content\/uploads\/2018\/07\/ismartgate_header_logo_2x.gif","contentUrl":"https:\/\/ismartgate.com\/wp-content\/uploads\/2018\/07\/ismartgate_header_logo_2x.gif","width":378,"height":56,"caption":"ismartgate"},"image":{"@id":"https:\/\/ismartgate.com\/#\/schema\/logo\/image\/"},"sameAs":["https:\/\/www.facebook.com\/ismartgateofficial\/","https:\/\/x.com\/ismartgate_ww","https:\/\/www.youtube.com\/channel\/UCY7edN3zimmxIXJ3tnFMp8A"]}]}},"_links":{"self":[{"href":"https:\/\/ismartgate.com\/tr\/wp-json\/wp\/v2\/pages\/44410","targetHints":{"allow":["GET"]}}],"collection":[{"href":"https:\/\/ismartgate.com\/tr\/wp-json\/wp\/v2\/pages"}],"about":[{"href":"https:\/\/ismartgate.com\/tr\/wp-json\/wp\/v2\/types\/page"}],"author":[{"embeddable":true,"href":"https:\/\/ismartgate.com\/tr\/wp-json\/wp\/v2\/users\/5"}],"replies":[{"embeddable":true,"href":"https:\/\/ismartgate.com\/tr\/wp-json\/wp\/v2\/comments?post=44410"}],"version-history":[{"count":1,"href":"https:\/\/ismartgate.com\/tr\/wp-json\/wp\/v2\/pages\/44410\/revisions"}],"predecessor-version":[{"id":44411,"href":"https:\/\/ismartgate.com\/tr\/wp-json\/wp\/v2\/pages\/44410\/revisions\/44411"}],"wp:attachment":[{"href":"https:\/\/ismartgate.com\/tr\/wp-json\/wp\/v2\/media?parent=44410"}],"curies":[{"name":"wp","href":"https:\/\/api.w.org\/{rel}","templated":true}]}}