{"id":44430,"date":"2024-05-03T12:22:38","date_gmt":"2024-05-03T11:22:38","guid":{"rendered":"https:\/\/ismartgate.com\/?page_id=44430"},"modified":"2024-05-03T12:22:38","modified_gmt":"2024-05-03T11:22:38","slug":"hur-man-byter-batteri-i-chamberlain-956evc-p2-modell","status":"publish","type":"page","link":"https:\/\/ismartgate.com\/sv\/how-to-replace-the-battery-in-chamberlain-956evc-p2-model\/","title":{"rendered":"ismargate - Hur man byter batteri i Chamberlain 956EVC-P2-modellen"},"content":{"rendered":"<div class=\"fusion-fullwidth fullwidth-box fusion-builder-row-1 fusion-flex-container nonhundred-percent-fullwidth non-hundred-percent-height-scrolling\" style=\"--awb-border-radius-top-left:0px;--awb-border-radius-top-right:0px;--awb-border-radius-bottom-right:0px;--awb-border-radius-bottom-left:0px;--awb-flex-wrap:wrap;\" ><div class=\"fusion-builder-row fusion-row fusion-flex-align-items-flex-start fusion-flex-content-wrap\" style=\"max-width:1331.2px;margin-left: calc(-4% \/ 2 );margin-right: calc(-4% \/ 2 );\"><div class=\"fusion-layout-column fusion_builder_column fusion-builder-column-0 fusion_builder_column_1_1 1_1 fusion-flex-column\" style=\"--awb-bg-size:cover;--awb-width-large:100%;--awb-margin-top-large:0px;--awb-spacing-right-large:1.92%;--awb-margin-bottom-large:20px;--awb-spacing-left-large:1.92%;--awb-width-medium:100%;--awb-order-medium:0;--awb-spacing-right-medium:1.92%;--awb-spacing-left-medium:1.92%;--awb-width-small:100%;--awb-order-small:0;--awb-spacing-right-small:1.92%;--awb-spacing-left-small:1.92%;\"><div class=\"fusion-column-wrapper fusion-column-has-shadow fusion-flex-justify-content-flex-start fusion-content-layout-column\"><div style=\"text-align:center;\"><a class=\"fusion-button button-flat button-small button-default fusion-button-default button-1 fusion-button-default-span fusion-button-default-type\" style=\"--button_text_transform:capitalize;\" target=\"_self\" href=\"https:\/\/ismartgate.com\/sv\/garageportar-och-grindar-allmanna-amnen\/\"><span class=\"fusion-button-text awb-button__text awb-button__text--default\">&lt; Tillbaka till listan<\/span><\/a><\/div><\/div><\/div><div class=\"fusion-layout-column fusion_builder_column fusion-builder-column-1 fusion_builder_column_1_1 1_1 fusion-flex-column\" style=\"--awb-bg-size:cover;--awb-width-large:100%;--awb-margin-top-large:0px;--awb-spacing-right-large:1.92%;--awb-margin-bottom-large:20px;--awb-spacing-left-large:1.92%;--awb-width-medium:100%;--awb-order-medium:0;--awb-spacing-right-medium:1.92%;--awb-spacing-left-medium:1.92%;--awb-width-small:100%;--awb-order-small:0;--awb-spacing-right-small:1.92%;--awb-spacing-left-small:1.92%;\"><div class=\"fusion-column-wrapper fusion-column-has-shadow fusion-flex-justify-content-flex-start fusion-content-layout-column\"><div class=\"fusion-text fusion-text-1\" style=\"--awb-text-transform:none;\"><h1 style=\"text-align: center;\">Hur man byter batteri i Chamberlain 956EVC-P2-modellen<\/h1>\n<\/div><div class=\"fusion-text fusion-text-2\" style=\"--awb-text-transform:none;\"><h2 style=\"text-align: center;\">F\u00f6r att byta ut batteriet i din Chamberlain 953EV fj\u00e4rrkontroll beh\u00f6ver du ett 3V <strong>CR2032 myntcellsbatteri<\/strong>.<\/h2>\n<\/div><div class=\"fusion-image-element\" style=\"text-align:center;--awb-caption-title-font-family:var(--h2_typography-font-family);--awb-caption-title-font-weight:var(--h2_typography-font-weight);--awb-caption-title-font-style:var(--h2_typography-font-style);--awb-caption-title-size:var(--h2_typography-font-size);--awb-caption-title-transform:var(--h2_typography-text-transform);--awb-caption-title-line-height:var(--h2_typography-line-height);--awb-caption-title-letter-spacing:var(--h2_typography-letter-spacing);\"><span class=\"fusion-imageframe imageframe-none imageframe-1 hover-type-none\"><img decoding=\"async\" width=\"240\" height=\"240\" title=\"01\" src=\"https:\/\/ismartgate.com\/wp-content\/uploads\/2024\/04\/01.png\" data-orig-src=\"https:\/\/ismartgate.com\/wp-content\/uploads\/2024\/04\/01.png\" alt class=\"lazyload img-responsive wp-image-40948\" srcset=\"data:image\/svg+xml,%3Csvg%20xmlns%3D%27http%3A%2F%2Fwww.w3.org%2F2000%2Fsvg%27%20width%3D%27240%27%20height%3D%27240%27%20viewBox%3D%270%200%20240%20240%27%3E%3Crect%20width%3D%27240%27%20height%3D%27240%27%20fill-opacity%3D%220%22%2F%3E%3C%2Fsvg%3E\" data-srcset=\"https:\/\/ismartgate.com\/wp-content\/uploads\/2024\/04\/01-200x200.png 200w, https:\/\/ismartgate.com\/wp-content\/uploads\/2024\/04\/01.png 240w\" data-sizes=\"auto\" data-orig-sizes=\"(max-width: 1024px) 100vw, (max-width: 640px) 100vw, 240px\" \/><\/span><\/div><div class=\"fusion-separator fusion-full-width-sep\" style=\"align-self: center;margin-left: auto;margin-right: auto;margin-top:15px;margin-bottom:15px;width:100%;\"><div class=\"fusion-separator-border sep-double\" style=\"--awb-height:20px;--awb-amount:20px;border-color:#e0dede;border-top-width:0px;border-bottom-width:0px;\"><\/div><\/div><div class=\"fusion-text fusion-text-3\" style=\"--awb-text-transform:none;\"><h2 style=\"text-align: center;\">H\u00e4r f\u00f6ljer en steg-f\u00f6r-steg-guide:<\/h2>\n<\/div><\/div><\/div><div class=\"fusion-layout-column fusion_builder_column fusion-builder-column-2 fusion_builder_column_1_1 1_1 fusion-flex-column\" style=\"--awb-bg-size:cover;--awb-width-large:100%;--awb-margin-top-large:0px;--awb-spacing-right-large:1.92%;--awb-margin-bottom-large:20px;--awb-spacing-left-large:1.92%;--awb-width-medium:100%;--awb-order-medium:0;--awb-spacing-right-medium:1.92%;--awb-spacing-left-medium:1.92%;--awb-width-small:100%;--awb-order-small:0;--awb-spacing-right-small:1.92%;--awb-spacing-left-small:1.92%;\"><div class=\"fusion-column-wrapper fusion-column-has-shadow fusion-flex-justify-content-flex-start fusion-content-layout-column\"><div class=\"fusion-text fusion-text-4\" style=\"--awb-text-transform:none;\"><p style=\"text-align: center;\"><span style=\"color: #333399;\"><strong>STEG 1<\/strong><\/span><br \/>\nF\u00f6rs\u00f6k \u00f6ppna h\u00f6ljet med ett skruvmejselblad.<\/p>\n<\/div><div class=\"fusion-image-element\" style=\"text-align:center;--awb-caption-title-font-family:var(--h2_typography-font-family);--awb-caption-title-font-weight:var(--h2_typography-font-weight);--awb-caption-title-font-style:var(--h2_typography-font-style);--awb-caption-title-size:var(--h2_typography-font-size);--awb-caption-title-transform:var(--h2_typography-text-transform);--awb-caption-title-line-height:var(--h2_typography-line-height);--awb-caption-title-letter-spacing:var(--h2_typography-letter-spacing);\"><span class=\"fusion-imageframe imageframe-none imageframe-2 hover-type-none\"><img decoding=\"async\" width=\"258\" height=\"281\" title=\"v2_01\" src=\"https:\/\/ismartgate.com\/wp-content\/uploads\/2024\/05\/v2_01.jpg\" data-orig-src=\"https:\/\/ismartgate.com\/wp-content\/uploads\/2024\/05\/v2_01.jpg\" alt class=\"lazyload img-responsive wp-image-44420\" srcset=\"data:image\/svg+xml,%3Csvg%20xmlns%3D%27http%3A%2F%2Fwww.w3.org%2F2000%2Fsvg%27%20width%3D%27258%27%20height%3D%27281%27%20viewBox%3D%270%200%20258%20281%27%3E%3Crect%20width%3D%27258%27%20height%3D%27281%27%20fill-opacity%3D%220%22%2F%3E%3C%2Fsvg%3E\" data-srcset=\"https:\/\/ismartgate.com\/wp-content\/uploads\/2024\/05\/v2_01-200x218.jpg 200w, https:\/\/ismartgate.com\/wp-content\/uploads\/2024\/05\/v2_01.jpg 258w\" data-sizes=\"auto\" data-orig-sizes=\"(max-width: 1024px) 100vw, (max-width: 640px) 100vw, 258px\" \/><\/span><\/div><\/div><\/div><div class=\"fusion-layout-column fusion_builder_column fusion-builder-column-3 fusion_builder_column_1_1 1_1 fusion-flex-column\" style=\"--awb-bg-size:cover;--awb-width-large:100%;--awb-margin-top-large:0px;--awb-spacing-right-large:1.92%;--awb-margin-bottom-large:20px;--awb-spacing-left-large:1.92%;--awb-width-medium:100%;--awb-order-medium:0;--awb-spacing-right-medium:1.92%;--awb-spacing-left-medium:1.92%;--awb-width-small:100%;--awb-order-small:0;--awb-spacing-right-small:1.92%;--awb-spacing-left-small:1.92%;\"><div class=\"fusion-column-wrapper fusion-column-has-shadow fusion-flex-justify-content-flex-start fusion-content-layout-column\"><div class=\"fusion-text fusion-text-5\" style=\"--awb-text-transform:none;\"><p style=\"text-align: center;\"><span style=\"color: #333399;\"><strong>STEG 2<br \/>\n<\/strong><\/span>Ta sedan ut det gamla batteriet och s\u00e4tt i det nya, se till att batteriets polaritet st\u00e4mmer \u00f6verens med symbolerna p\u00e5 insidan av batteril\u00e5dan.<\/p>\n<\/div><div class=\"fusion-image-element\" style=\"text-align:center;--awb-caption-title-font-family:var(--h2_typography-font-family);--awb-caption-title-font-weight:var(--h2_typography-font-weight);--awb-caption-title-font-style:var(--h2_typography-font-style);--awb-caption-title-size:var(--h2_typography-font-size);--awb-caption-title-transform:var(--h2_typography-text-transform);--awb-caption-title-line-height:var(--h2_typography-line-height);--awb-caption-title-letter-spacing:var(--h2_typography-letter-spacing);\"><span class=\"fusion-imageframe imageframe-none imageframe-3 hover-type-none\"><img decoding=\"async\" width=\"263\" height=\"238\" title=\"v2_02\" src=\"https:\/\/ismartgate.com\/wp-content\/uploads\/2024\/05\/v2_02.jpg\" data-orig-src=\"https:\/\/ismartgate.com\/wp-content\/uploads\/2024\/05\/v2_02.jpg\" alt class=\"lazyload img-responsive wp-image-44421\" srcset=\"data:image\/svg+xml,%3Csvg%20xmlns%3D%27http%3A%2F%2Fwww.w3.org%2F2000%2Fsvg%27%20width%3D%27263%27%20height%3D%27238%27%20viewBox%3D%270%200%20263%20238%27%3E%3Crect%20width%3D%27263%27%20height%3D%27238%27%20fill-opacity%3D%220%22%2F%3E%3C%2Fsvg%3E\" data-srcset=\"https:\/\/ismartgate.com\/wp-content\/uploads\/2024\/05\/v2_02-200x181.jpg 200w, https:\/\/ismartgate.com\/wp-content\/uploads\/2024\/05\/v2_02.jpg 263w\" data-sizes=\"auto\" data-orig-sizes=\"(max-width: 1024px) 100vw, (max-width: 640px) 100vw, 263px\" \/><\/span><\/div><\/div><\/div><div class=\"fusion-layout-column fusion_builder_column fusion-builder-column-4 fusion_builder_column_1_1 1_1 fusion-flex-column\" style=\"--awb-bg-size:cover;--awb-width-large:100%;--awb-margin-top-large:0px;--awb-spacing-right-large:1.92%;--awb-margin-bottom-large:20px;--awb-spacing-left-large:1.92%;--awb-width-medium:100%;--awb-order-medium:0;--awb-spacing-right-medium:1.92%;--awb-spacing-left-medium:1.92%;--awb-width-small:100%;--awb-order-small:0;--awb-spacing-right-small:1.92%;--awb-spacing-left-small:1.92%;\"><div class=\"fusion-column-wrapper fusion-column-has-shadow fusion-flex-justify-content-flex-start fusion-content-layout-column\"><div class=\"fusion-text fusion-text-6\" style=\"--awb-text-transform:none;\"><p style=\"text-align: center;\"><span style=\"color: #333399;\"><strong>STEG 3<br \/>\n<\/strong><\/span>Rikta till sist in komponenterna ordentligt och kn\u00e4pp igen fodralet.<\/p>\n<\/div><div class=\"fusion-text fusion-text-7\" style=\"--awb-text-transform:none;\"><p style=\"text-align: center;\"><strong>F\u00f6r mer detaljerade instruktioner, se manualen f\u00f6r Chamberlain 956EVC-P2 fj\u00e4rrkontrollen, som du kan komma \u00e5t genom att <a href=\"https:\/\/ismartgate.com\/wp-content\/uploads\/2024\/05\/114A5043.pdf\">ladda ner den h\u00e4r.<\/a><\/strong><\/p>\n<\/div><\/div><\/div><div class=\"fusion-layout-column fusion_builder_column fusion-builder-column-5 fusion_builder_column_1_1 1_1 fusion-flex-column\" style=\"--awb-bg-size:cover;--awb-width-large:100%;--awb-margin-top-large:0px;--awb-spacing-right-large:1.92%;--awb-margin-bottom-large:20px;--awb-spacing-left-large:1.92%;--awb-width-medium:100%;--awb-order-medium:0;--awb-spacing-right-medium:1.92%;--awb-spacing-left-medium:1.92%;--awb-width-small:100%;--awb-order-small:0;--awb-spacing-right-small:1.92%;--awb-spacing-left-small:1.92%;\"><div class=\"fusion-column-wrapper fusion-column-has-shadow fusion-flex-justify-content-flex-start fusion-content-layout-column\"><div class=\"fusion-text fusion-text-8\" style=\"--awb-text-transform:none;\"><h1 style=\"text-align: center;\">\u00c4r du intresserad av att integrera smartphone-funktionalitet i din grind- eller garageportsstyrning?<\/h1>\n<\/div><div class=\"fusion-text fusion-text-9\" style=\"--awb-text-transform:none;\"><p style=\"text-align: center;\">Du kan \u00f6verv\u00e4ga <strong>ismartgate<\/strong>, en l\u00f6sning som g\u00f6r att du kan hantera dina elektriska grindar och garageportar direkt fr\u00e5n din smartphone, samt kompatibla smarta hem-hubbar som <strong>Apple Homekit, Amazon Alexa, Google Home, Samsung SmartThings och IFTTT (Den 1 oktober 2025 kommer iSmartGate-integrationen med IFTTT att avbrytas. Tj\u00e4nsten iSmartGate p\u00e5 IFTTT kommer inte l\u00e4ngre att vara tillg\u00e4nglig efter detta datum. Vi ber om urs\u00e4kt f\u00f6r eventuella ol\u00e4genheter som detta kan orsaka dig).<\/strong><\/p>\n<\/div><div class=\"fusion-image-element\" style=\"text-align:center;--awb-max-width:400px;--awb-caption-title-font-family:var(--h2_typography-font-family);--awb-caption-title-font-weight:var(--h2_typography-font-weight);--awb-caption-title-font-style:var(--h2_typography-font-style);--awb-caption-title-size:var(--h2_typography-font-size);--awb-caption-title-transform:var(--h2_typography-text-transform);--awb-caption-title-line-height:var(--h2_typography-line-height);--awb-caption-title-letter-spacing:var(--h2_typography-letter-spacing);\"><span class=\"fusion-imageframe imageframe-none imageframe-4 hover-type-none\"><img decoding=\"async\" width=\"1000\" height=\"1000\" alt=\"Automatisk \u00f6ppning\/st\u00e4ngning\" src=\"https:\/\/ismartgate.com\/wp-content\/uploads\/2023\/05\/07-automatic-open-close.png\" data-orig-src=\"https:\/\/ismartgate.com\/wp-content\/uploads\/2023\/05\/07-automatic-open-close.png\" class=\"lazyload img-responsive wp-image-37540\" srcset=\"data:image\/svg+xml,%3Csvg%20xmlns%3D%27http%3A%2F%2Fwww.w3.org%2F2000%2Fsvg%27%20width%3D%271000%27%20height%3D%271000%27%20viewBox%3D%270%200%201000%201000%27%3E%3Crect%20width%3D%271000%27%20height%3D%271000%27%20fill-opacity%3D%220%22%2F%3E%3C%2Fsvg%3E\" data-srcset=\"https:\/\/ismartgate.com\/wp-content\/uploads\/2023\/05\/07-automatic-open-close-200x200.png 200w, https:\/\/ismartgate.com\/wp-content\/uploads\/2023\/05\/07-automatic-open-close-400x400.png 400w, https:\/\/ismartgate.com\/wp-content\/uploads\/2023\/05\/07-automatic-open-close-600x600.png 600w, https:\/\/ismartgate.com\/wp-content\/uploads\/2023\/05\/07-automatic-open-close-800x800.png 800w, https:\/\/ismartgate.com\/wp-content\/uploads\/2023\/05\/07-automatic-open-close.png 1000w\" data-sizes=\"auto\" data-orig-sizes=\"(max-width: 1024px) 100vw, (max-width: 640px) 100vw, 1000px\" \/><\/span><\/div><div class=\"fusion-text fusion-text-10\" style=\"--awb-text-transform:none;\"><h2 style=\"text-align: center;\">F\u00f6rdelar med en smart port-\/garage\u00f6ppnare j\u00e4mf\u00f6rt med en vanlig fj\u00e4rrkontroll:<\/h2>\n<\/div><div class=\"fusion-text fusion-text-11\" style=\"--awb-text-transform:none;\"><ul>\n<li style=\"text-align: left;\">ismartgate m\u00f6jligg\u00f6r styrning av elektriska grindar och garageportar via smartphone.<\/li>\n<li style=\"text-align: left;\">Kompatibel med popul\u00e4ra hubbar f\u00f6r smarta hem, inklusive Apple HomeKit Amazon Alexa, Google Home och Samsung SmartThings.<\/li>\n<li style=\"text-align: left;\">Ger fj\u00e4rr\u00e5tkomst och kontroll fr\u00e5n var som helst med internetuppkoppling.<\/li>\n<li style=\"text-align: left;\">Ger \u00f6vervakning i realtid av status f\u00f6r portar\/garageportar.<\/li>\n<li style=\"text-align: left;\">St\u00f6d f\u00f6r schemal\u00e4ggning och automatisering f\u00f6r bekv\u00e4m drift.<\/li>\n<li style=\"text-align: left;\">G\u00f6r det m\u00f6jligt att dela \u00e5tkomst med familjemedlemmar eller betrodda personer.<\/li>\n<li style=\"text-align: left;\">Kompatibel med iOS- och Android-enheter f\u00f6r s\u00f6ml\u00f6s integrering i olika anv\u00e4ndarkonfigurationer.<\/li>\n<li style=\"text-align: left;\">S\u00e4kert system: Dina uppgifter delas inte med n\u00e5gon. Med andra ord \u00e4r det bara du som har tillg\u00e5ng till dem.<\/li>\n<\/ul>\n<\/div><div style=\"text-align:center;\"><a class=\"fusion-button button-flat button-medium button-default fusion-button-default button-2 fusion-button-default-span fusion-button-default-type\" style=\"--button_text_transform:capitalize;\" target=\"_self\" href=\"https:\/\/ismartgate.com\/sv\/kopa-smart-garage\/\"><span class=\"fusion-button-text awb-button__text awb-button__text--default\">Hitta din ismatgate<\/span><\/a><\/div><\/div><\/div><\/div><\/div>","protected":false},"excerpt":{"rendered":"","protected":false},"author":5,"featured_media":0,"parent":0,"menu_order":0,"comment_status":"closed","ping_status":"open","template":"100-width.php","meta":{"footnotes":""},"class_list":["post-44430","page","type-page","status-publish","hentry"],"yoast_head":"<!-- This site is optimized with the Yoast SEO Premium plugin v27.3 (Yoast SEO v27.3) - https:\/\/yoast.com\/product\/yoast-seo-premium-wordpress\/ -->\n<title>ismargate - How to replace the battery in Chamberlain 956EVC-P2 model - ismartgate<\/title>\n<meta name=\"description\" content=\"Discover how to replace the battery in the Chamberlain 956EVC-P2 model. Follow the steps and make your remote work again.\" \/>\n<meta name=\"robots\" content=\"index, follow, max-snippet:-1, max-image-preview:large, max-video-preview:-1\" \/>\n<link rel=\"canonical\" href=\"https:\/\/ismartgate.com\/sv\/hur-man-byter-batteri-i-chamberlain-956evc-p2-modell\/\" \/>\n<meta property=\"og:locale\" content=\"sv_SE\" \/>\n<meta property=\"og:type\" content=\"article\" \/>\n<meta property=\"og:title\" content=\"ismargate - How to replace the battery in Chamberlain 956EVC-P2 model\" \/>\n<meta property=\"og:description\" content=\"Discover how to replace the battery in the Chamberlain 956EVC-P2 model. Follow the steps and make your remote work again.\" \/>\n<meta property=\"og:url\" content=\"https:\/\/ismartgate.com\/sv\/hur-man-byter-batteri-i-chamberlain-956evc-p2-modell\/\" \/>\n<meta property=\"og:site_name\" content=\"ismartgate\" \/>\n<meta property=\"article:publisher\" content=\"https:\/\/www.facebook.com\/ismartgateofficial\/\" \/>\n<meta name=\"twitter:card\" content=\"summary_large_image\" \/>\n<meta name=\"twitter:site\" content=\"@ismartgate_ww\" \/>\n<meta name=\"twitter:label1\" content=\"Ber\u00e4knad l\u00e4stid\" \/>\n\t<meta name=\"twitter:data1\" content=\"8 minuter\" \/>\n<script type=\"application\/ld+json\" class=\"yoast-schema-graph\">{\"@context\":\"https:\\\/\\\/schema.org\",\"@graph\":[{\"@type\":\"WebPage\",\"@id\":\"https:\\\/\\\/ismartgate.com\\\/how-to-replace-the-battery-in-chamberlain-956evc-p2-model\\\/\",\"url\":\"https:\\\/\\\/ismartgate.com\\\/how-to-replace-the-battery-in-chamberlain-956evc-p2-model\\\/\",\"name\":\"ismargate - How to replace the battery in Chamberlain 956EVC-P2 model - ismartgate\",\"isPartOf\":{\"@id\":\"https:\\\/\\\/ismartgate.com\\\/#website\"},\"datePublished\":\"2024-05-03T11:22:38+00:00\",\"description\":\"Discover how to replace the battery in the Chamberlain 956EVC-P2 model. Follow the steps and make your remote work again.\",\"breadcrumb\":{\"@id\":\"https:\\\/\\\/ismartgate.com\\\/how-to-replace-the-battery-in-chamberlain-956evc-p2-model\\\/#breadcrumb\"},\"inLanguage\":\"sv-SE\",\"potentialAction\":[{\"@type\":\"ReadAction\",\"target\":[\"https:\\\/\\\/ismartgate.com\\\/how-to-replace-the-battery-in-chamberlain-956evc-p2-model\\\/\"]}]},{\"@type\":\"BreadcrumbList\",\"@id\":\"https:\\\/\\\/ismartgate.com\\\/how-to-replace-the-battery-in-chamberlain-956evc-p2-model\\\/#breadcrumb\",\"itemListElement\":[{\"@type\":\"ListItem\",\"position\":1,\"name\":\"Home\",\"item\":\"https:\\\/\\\/ismartgate.com\\\/\"},{\"@type\":\"ListItem\",\"position\":2,\"name\":\"ismargate - How to replace the battery in Chamberlain 956EVC-P2 model\"}]},{\"@type\":\"WebSite\",\"@id\":\"https:\\\/\\\/ismartgate.com\\\/#website\",\"url\":\"https:\\\/\\\/ismartgate.com\\\/\",\"name\":\"ismartgate\",\"description\":\"The best Smart Garage Door Opener compatible with Apple HomeKit\",\"publisher\":{\"@id\":\"https:\\\/\\\/ismartgate.com\\\/#organization\"},\"inLanguage\":\"sv-SE\"},{\"@type\":\"Organization\",\"@id\":\"https:\\\/\\\/ismartgate.com\\\/#organization\",\"name\":\"ismartgate\",\"url\":\"https:\\\/\\\/ismartgate.com\\\/\",\"logo\":{\"@type\":\"ImageObject\",\"inLanguage\":\"sv-SE\",\"@id\":\"https:\\\/\\\/ismartgate.com\\\/#\\\/schema\\\/logo\\\/image\\\/\",\"url\":\"https:\\\/\\\/ismartgate.com\\\/wp-content\\\/uploads\\\/2018\\\/07\\\/ismartgate_header_logo_2x.gif\",\"contentUrl\":\"https:\\\/\\\/ismartgate.com\\\/wp-content\\\/uploads\\\/2018\\\/07\\\/ismartgate_header_logo_2x.gif\",\"width\":378,\"height\":56,\"caption\":\"ismartgate\"},\"image\":{\"@id\":\"https:\\\/\\\/ismartgate.com\\\/#\\\/schema\\\/logo\\\/image\\\/\"},\"sameAs\":[\"https:\\\/\\\/www.facebook.com\\\/ismartgateofficial\\\/\",\"https:\\\/\\\/x.com\\\/ismartgate_ww\",\"https:\\\/\\\/www.youtube.com\\\/channel\\\/UCY7edN3zimmxIXJ3tnFMp8A\"]}]}<\/script>\n<!-- \/ Yoast SEO Premium plugin. -->","yoast_head_json":{"title":"ismargate - Hur man byter batteri i Chamberlain 956EVC-P2-modellen - ismartgate","description":"Uppt\u00e4ck hur du byter batteri i Chamberlain 956EVC-P2-modellen. F\u00f6lj stegen och f\u00e5 din fj\u00e4rrkontroll att fungera igen.","robots":{"index":"index","follow":"follow","max-snippet":"max-snippet:-1","max-image-preview":"max-image-preview:large","max-video-preview":"max-video-preview:-1"},"canonical":"https:\/\/ismartgate.com\/sv\/hur-man-byter-batteri-i-chamberlain-956evc-p2-modell\/","og_locale":"sv_SE","og_type":"article","og_title":"ismargate - How to replace the battery in Chamberlain 956EVC-P2 model","og_description":"Discover how to replace the battery in the Chamberlain 956EVC-P2 model. Follow the steps and make your remote work again.","og_url":"https:\/\/ismartgate.com\/sv\/hur-man-byter-batteri-i-chamberlain-956evc-p2-modell\/","og_site_name":"ismartgate","article_publisher":"https:\/\/www.facebook.com\/ismartgateofficial\/","twitter_card":"summary_large_image","twitter_site":"@ismartgate_ww","twitter_misc":{"Ber\u00e4knad l\u00e4stid":"8 minuter"},"schema":{"@context":"https:\/\/schema.org","@graph":[{"@type":"WebPage","@id":"https:\/\/ismartgate.com\/how-to-replace-the-battery-in-chamberlain-956evc-p2-model\/","url":"https:\/\/ismartgate.com\/how-to-replace-the-battery-in-chamberlain-956evc-p2-model\/","name":"ismargate - Hur man byter batteri i Chamberlain 956EVC-P2-modellen - ismartgate","isPartOf":{"@id":"https:\/\/ismartgate.com\/#website"},"datePublished":"2024-05-03T11:22:38+00:00","description":"Uppt\u00e4ck hur du byter batteri i Chamberlain 956EVC-P2-modellen. F\u00f6lj stegen och f\u00e5 din fj\u00e4rrkontroll att fungera igen.","breadcrumb":{"@id":"https:\/\/ismartgate.com\/how-to-replace-the-battery-in-chamberlain-956evc-p2-model\/#breadcrumb"},"inLanguage":"sv-SE","potentialAction":[{"@type":"ReadAction","target":["https:\/\/ismartgate.com\/how-to-replace-the-battery-in-chamberlain-956evc-p2-model\/"]}]},{"@type":"BreadcrumbList","@id":"https:\/\/ismartgate.com\/how-to-replace-the-battery-in-chamberlain-956evc-p2-model\/#breadcrumb","itemListElement":[{"@type":"ListItem","position":1,"name":"Home","item":"https:\/\/ismartgate.com\/"},{"@type":"ListItem","position":2,"name":"ismargate - How to replace the battery in Chamberlain 956EVC-P2 model"}]},{"@type":"WebSite","@id":"https:\/\/ismartgate.com\/#website","url":"https:\/\/ismartgate.com\/","name":"ismartgate","description":"Den b\u00e4sta smarta garage\u00f6ppnaren som \u00e4r kompatibel med Apple HomeKit","publisher":{"@id":"https:\/\/ismartgate.com\/#organization"},"inLanguage":"sv-SE"},{"@type":"Organization","@id":"https:\/\/ismartgate.com\/#organization","name":"ismartgate","url":"https:\/\/ismartgate.com\/","logo":{"@type":"ImageObject","inLanguage":"sv-SE","@id":"https:\/\/ismartgate.com\/#\/schema\/logo\/image\/","url":"https:\/\/ismartgate.com\/wp-content\/uploads\/2018\/07\/ismartgate_header_logo_2x.gif","contentUrl":"https:\/\/ismartgate.com\/wp-content\/uploads\/2018\/07\/ismartgate_header_logo_2x.gif","width":378,"height":56,"caption":"ismartgate"},"image":{"@id":"https:\/\/ismartgate.com\/#\/schema\/logo\/image\/"},"sameAs":["https:\/\/www.facebook.com\/ismartgateofficial\/","https:\/\/x.com\/ismartgate_ww","https:\/\/www.youtube.com\/channel\/UCY7edN3zimmxIXJ3tnFMp8A"]}]}},"_links":{"self":[{"href":"https:\/\/ismartgate.com\/sv\/wp-json\/wp\/v2\/pages\/44430","targetHints":{"allow":["GET"]}}],"collection":[{"href":"https:\/\/ismartgate.com\/sv\/wp-json\/wp\/v2\/pages"}],"about":[{"href":"https:\/\/ismartgate.com\/sv\/wp-json\/wp\/v2\/types\/page"}],"author":[{"embeddable":true,"href":"https:\/\/ismartgate.com\/sv\/wp-json\/wp\/v2\/users\/5"}],"replies":[{"embeddable":true,"href":"https:\/\/ismartgate.com\/sv\/wp-json\/wp\/v2\/comments?post=44430"}],"version-history":[{"count":1,"href":"https:\/\/ismartgate.com\/sv\/wp-json\/wp\/v2\/pages\/44430\/revisions"}],"predecessor-version":[{"id":44431,"href":"https:\/\/ismartgate.com\/sv\/wp-json\/wp\/v2\/pages\/44430\/revisions\/44431"}],"wp:attachment":[{"href":"https:\/\/ismartgate.com\/sv\/wp-json\/wp\/v2\/media?parent=44430"}],"curies":[{"name":"wp","href":"https:\/\/api.w.org\/{rel}","templated":true}]}}