{"id":38697,"date":"2023-10-30T10:51:07","date_gmt":"2023-10-30T10:51:07","guid":{"rendered":"https:\/\/ismartgate.com\/?page_id=38697"},"modified":"2024-05-06T06:15:02","modified_gmt":"2024-05-06T05:15:02","slug":"begara-radering-av-konton-och-data-gogogate2","status":"publish","type":"page","link":"https:\/\/ismartgate.com\/sv\/request-deletion-of-accounts-and-data-gogogate2\/","title":{"rendered":"Beg\u00e4ran om radering av konton och data Gogogate2"},"content":{"rendered":"<div class=\"fusion-fullwidth fullwidth-box fusion-builder-row-1 nonhundred-percent-fullwidth non-hundred-percent-height-scrolling fusion-equal-height-columns\" style=\"--awb-border-radius-top-left:0px;--awb-border-radius-top-right:0px;--awb-border-radius-bottom-right:0px;--awb-border-radius-bottom-left:0px;--awb-padding-top:20px;--awb-padding-bottom:20px;--awb-flex-wrap:wrap;\" ><div class=\"fusion-builder-row fusion-row\"><div class=\"fusion-layout-column fusion_builder_column fusion-builder-column-0 fusion_builder_column_1_1 1_1 fusion-one-full fusion-column-first fusion-column-last\" style=\"--awb-bg-size:cover;\"><div class=\"fusion-column-wrapper fusion-flex-column-wrapper-legacy\"><div class=\"fusion-column-content-centered\"><div class=\"fusion-column-content\"><div class=\"fusion-image-element fusion-image-align-center in-legacy-container\" style=\"text-align:center;--awb-max-width:200px;--awb-caption-title-font-family:var(--h2_typography-font-family);--awb-caption-title-font-weight:var(--h2_typography-font-weight);--awb-caption-title-font-style:var(--h2_typography-font-style);--awb-caption-title-size:var(--h2_typography-font-size);--awb-caption-title-transform:var(--h2_typography-text-transform);--awb-caption-title-line-height:var(--h2_typography-line-height);--awb-caption-title-letter-spacing:var(--h2_typography-letter-spacing);\"><div class=\"imageframe-align-center\"><span class=\"fusion-imageframe imageframe-none imageframe-1 hover-type-none\"><img decoding=\"async\" width=\"300\" height=\"59\" alt=\"gogogate2 logotyp\" title=\"gogogate2 logotyp\" src=\"https:\/\/ismartgate.com\/wp-content\/uploads\/2021\/05\/gogogate2_logo_card.png\" data-orig-src=\"https:\/\/ismartgate.com\/wp-content\/uploads\/2021\/05\/gogogate2_logo_card.png\" class=\"lazyload img-responsive wp-image-8596\" srcset=\"data:image\/svg+xml,%3Csvg%20xmlns%3D%27http%3A%2F%2Fwww.w3.org%2F2000%2Fsvg%27%20width%3D%27300%27%20height%3D%2759%27%20viewBox%3D%270%200%20300%2059%27%3E%3Crect%20width%3D%27300%27%20height%3D%2759%27%20fill-opacity%3D%220%22%2F%3E%3C%2Fsvg%3E\" data-srcset=\"https:\/\/ismartgate.com\/wp-content\/uploads\/2021\/05\/gogogate2_logo_card-200x39.png 200w, https:\/\/ismartgate.com\/wp-content\/uploads\/2021\/05\/gogogate2_logo_card.png 300w\" data-sizes=\"auto\" data-orig-sizes=\"(max-width: 800px) 100vw, 300px\" \/><\/span><\/div><\/div><div class=\"fusion-sep-clear\"><\/div><div class=\"fusion-separator fusion-full-width-sep\" style=\"margin-left: auto;margin-right: auto;margin-top:15px;margin-bottom:15px;width:100%;\"><\/div><div class=\"fusion-sep-clear\"><\/div><div class=\"fusion-text fusion-text-1\" style=\"--awb-text-transform:none;\"><h1 style=\"text-align: center;\">Beg\u00e4ra radering av konton och data<\/h1>\n<\/div><div class=\"fusion-sep-clear\"><\/div><div class=\"fusion-separator fusion-full-width-sep\" style=\"margin-left: auto;margin-right: auto;margin-top:5px;margin-bottom:5px;width:100%;\"><\/div><div class=\"fusion-sep-clear\"><\/div><div class=\"fusion-text fusion-text-2\" style=\"--awb-text-transform:none;\"><p style=\"text-align: center; font-size: 18pt!important;\">Din information \u00e4r alltid <strong>lagras lokalt.<\/strong><br \/>\nGogogate2 fungerar som sin egen server. Det vill s\u00e4ga all information lagras lokalt.<\/p>\n<p style=\"text-align: center; font-size: 18pt!important;\">Till <strong>radera ditt konto och dina uppgifter<\/strong> \u00e5terst\u00e4ll bara din Gogogate2-enhet genom att f\u00f6lja dessa steg:<\/p>\n<\/div><div class=\"fusion-text fusion-text-3\" style=\"--awb-text-transform:none;\"><p style=\"text-align: center;\"><span style=\"color: #009fe1; font-size: 33pt!important;\">\u2460<\/span><br \/>\n<strong>Enheten m\u00e5ste vara P\u00c5SLAGEN.<\/strong><br \/>\nTryck p\u00e5 RESET-knappen i ca 10 sekunder.<\/p>\n<\/div><div class=\"fusion-image-element fusion-image-align-center in-legacy-container\" style=\"text-align:center;--awb-max-width:500px;--awb-caption-title-font-family:var(--h2_typography-font-family);--awb-caption-title-font-weight:var(--h2_typography-font-weight);--awb-caption-title-font-style:var(--h2_typography-font-style);--awb-caption-title-size:var(--h2_typography-font-size);--awb-caption-title-transform:var(--h2_typography-text-transform);--awb-caption-title-line-height:var(--h2_typography-line-height);--awb-caption-title-letter-spacing:var(--h2_typography-letter-spacing);\"><div class=\"imageframe-align-center\"><span class=\"fusion-imageframe imageframe-none imageframe-2 hover-type-none\"><img decoding=\"async\" width=\"392\" height=\"281\" title=\"\u00e5terst\u00e4llning Copia\" src=\"https:\/\/ismartgate.com\/wp-content\/uploads\/2023\/10\/reset-Copia-1.jpg\" data-orig-src=\"https:\/\/ismartgate.com\/wp-content\/uploads\/2023\/10\/reset-Copia-1.jpg\" alt class=\"lazyload img-responsive wp-image-38700\" srcset=\"data:image\/svg+xml,%3Csvg%20xmlns%3D%27http%3A%2F%2Fwww.w3.org%2F2000%2Fsvg%27%20width%3D%27392%27%20height%3D%27281%27%20viewBox%3D%270%200%20392%20281%27%3E%3Crect%20width%3D%27392%27%20height%3D%27281%27%20fill-opacity%3D%220%22%2F%3E%3C%2Fsvg%3E\" data-srcset=\"https:\/\/ismartgate.com\/wp-content\/uploads\/2023\/10\/reset-Copia-1-200x143.jpg 200w, https:\/\/ismartgate.com\/wp-content\/uploads\/2023\/10\/reset-Copia-1.jpg 392w\" data-sizes=\"auto\" data-orig-sizes=\"(max-width: 800px) 100vw, 392px\" \/><\/span><\/div><\/div><div class=\"fusion-sep-clear\"><\/div><div class=\"fusion-separator fusion-full-width-sep\" style=\"margin-left: auto;margin-right: auto;margin-top:15px;margin-bottom:15px;width:100%;\"><div class=\"fusion-separator-border sep-single sep-solid\" style=\"--awb-height:20px;--awb-amount:20px;border-color:#e0dede;border-top-width:1px;\"><\/div><\/div><div class=\"fusion-sep-clear\"><\/div><div class=\"fusion-text fusion-text-4\" style=\"--awb-text-transform:none;\"><p style=\"text-align: center;\"><span style=\"color: #009fe1; font-size: 33pt!important;\">\u2461<\/span><br \/>\n<strong>Enheten m\u00e5ste vara P\u00c5SLAGEN.<\/strong><br \/>\nF\u00f6r att kontrollera att RESET har lyckats, kontrollera att <strong>\"Statuslampan\" \u00e4r sl\u00e4ckt.<\/strong><\/p>\n<\/div><div class=\"fusion-image-element fusion-image-align-center in-legacy-container\" style=\"text-align:center;--awb-max-width:500px;--awb-caption-title-font-family:var(--h2_typography-font-family);--awb-caption-title-font-weight:var(--h2_typography-font-weight);--awb-caption-title-font-style:var(--h2_typography-font-style);--awb-caption-title-size:var(--h2_typography-font-size);--awb-caption-title-transform:var(--h2_typography-text-transform);--awb-caption-title-line-height:var(--h2_typography-line-height);--awb-caption-title-letter-spacing:var(--h2_typography-letter-spacing);\"><div class=\"imageframe-align-center\"><span class=\"fusion-imageframe imageframe-none imageframe-3 hover-type-none\"><img decoding=\"async\" width=\"392\" height=\"281\" title=\"indicatros\" src=\"https:\/\/ismartgate.com\/wp-content\/uploads\/2023\/10\/indicatros.jpg\" data-orig-src=\"https:\/\/ismartgate.com\/wp-content\/uploads\/2023\/10\/indicatros.jpg\" alt class=\"lazyload img-responsive wp-image-38702\" srcset=\"data:image\/svg+xml,%3Csvg%20xmlns%3D%27http%3A%2F%2Fwww.w3.org%2F2000%2Fsvg%27%20width%3D%27392%27%20height%3D%27281%27%20viewBox%3D%270%200%20392%20281%27%3E%3Crect%20width%3D%27392%27%20height%3D%27281%27%20fill-opacity%3D%220%22%2F%3E%3C%2Fsvg%3E\" data-srcset=\"https:\/\/ismartgate.com\/wp-content\/uploads\/2023\/10\/indicatros-200x143.jpg 200w, https:\/\/ismartgate.com\/wp-content\/uploads\/2023\/10\/indicatros.jpg 392w\" data-sizes=\"auto\" data-orig-sizes=\"(max-width: 800px) 100vw, 392px\" \/><\/span><\/div><\/div><div class=\"fusion-sep-clear\"><\/div><div class=\"fusion-separator fusion-full-width-sep\" style=\"margin-left: auto;margin-right: auto;margin-top:15px;margin-bottom:15px;width:100%;\"><div class=\"fusion-separator-border sep-single sep-solid\" style=\"--awb-height:20px;--awb-amount:20px;border-color:#e0dede;border-top-width:1px;\"><\/div><\/div><div class=\"fusion-sep-clear\"><\/div><div class=\"fusion-text fusion-text-5\" style=\"--awb-text-transform:none;\"><p style=\"text-align: center;\"><span style=\"color: #009fe1; font-size: 33pt!important;\">\u2462<\/span><br \/>\n<strong>Enheten m\u00e5ste vara P\u00c5SLAGEN.<\/strong><br \/>\nV\u00e4nta 2 minuter tills du ser att lampan blinkar: Status gr\u00f6nt ljus<\/p>\n<p style=\"text-align: center;\"><strong>Sedan \u00e4r \u00e5terst\u00e4llningen klar.<\/strong><\/p>\n<\/div><div class=\"fusion-image-element fusion-image-align-center in-legacy-container\" style=\"text-align:center;--awb-max-width:500px;--awb-caption-title-font-family:var(--h2_typography-font-family);--awb-caption-title-font-weight:var(--h2_typography-font-weight);--awb-caption-title-font-style:var(--h2_typography-font-style);--awb-caption-title-size:var(--h2_typography-font-size);--awb-caption-title-transform:var(--h2_typography-text-transform);--awb-caption-title-line-height:var(--h2_typography-line-height);--awb-caption-title-letter-spacing:var(--h2_typography-letter-spacing);\"><div class=\"imageframe-align-center\"><span class=\"fusion-imageframe imageframe-none imageframe-4 hover-type-none\"><img decoding=\"async\" width=\"392\" height=\"281\" title=\"indicatros\" src=\"https:\/\/ismartgate.com\/wp-content\/uploads\/2023\/10\/indicatros.jpg\" data-orig-src=\"https:\/\/ismartgate.com\/wp-content\/uploads\/2023\/10\/indicatros.jpg\" alt class=\"lazyload img-responsive wp-image-38702\" srcset=\"data:image\/svg+xml,%3Csvg%20xmlns%3D%27http%3A%2F%2Fwww.w3.org%2F2000%2Fsvg%27%20width%3D%27392%27%20height%3D%27281%27%20viewBox%3D%270%200%20392%20281%27%3E%3Crect%20width%3D%27392%27%20height%3D%27281%27%20fill-opacity%3D%220%22%2F%3E%3C%2Fsvg%3E\" data-srcset=\"https:\/\/ismartgate.com\/wp-content\/uploads\/2023\/10\/indicatros-200x143.jpg 200w, https:\/\/ismartgate.com\/wp-content\/uploads\/2023\/10\/indicatros.jpg 392w\" data-sizes=\"auto\" data-orig-sizes=\"(max-width: 800px) 100vw, 392px\" \/><\/span><\/div><\/div><\/div><\/div><div class=\"fusion-clearfix\"><\/div><\/div><\/div><\/div><\/div>","protected":false},"excerpt":{"rendered":"","protected":false},"author":5,"featured_media":0,"parent":0,"menu_order":0,"comment_status":"closed","ping_status":"open","template":"100-width.php","meta":{"footnotes":""},"class_list":["post-38697","page","type-page","status-publish","hentry"],"yoast_head":"<!-- This site is optimized with the Yoast SEO Premium plugin v27.3 (Yoast SEO v27.3) - https:\/\/yoast.com\/product\/yoast-seo-premium-wordpress\/ -->\n<title>Request deletion of accounts and data Gogogate2 - ismartgate<\/title>\n<meta name=\"description\" content=\"Your information is always stored locally. Gogogate2 acts as its own server. Discover how to delete your accounts and data here!\" \/>\n<meta name=\"robots\" content=\"index, follow, max-snippet:-1, max-image-preview:large, max-video-preview:-1\" \/>\n<link rel=\"canonical\" href=\"https:\/\/ismartgate.com\/sv\/begara-radering-av-konton-och-data-gogogate2\/\" \/>\n<meta property=\"og:locale\" content=\"sv_SE\" \/>\n<meta property=\"og:type\" content=\"article\" \/>\n<meta property=\"og:title\" content=\"Request deletion of accounts and data Gogogate2\" \/>\n<meta property=\"og:description\" content=\"Your information is always stored locally. Gogogate2 acts as its own server. Discover how to delete your accounts and data here!\" \/>\n<meta property=\"og:url\" content=\"https:\/\/ismartgate.com\/sv\/begara-radering-av-konton-och-data-gogogate2\/\" \/>\n<meta property=\"og:site_name\" content=\"ismartgate\" \/>\n<meta property=\"article:publisher\" content=\"https:\/\/www.facebook.com\/ismartgateofficial\/\" \/>\n<meta property=\"article:modified_time\" content=\"2024-05-06T05:15:02+00:00\" \/>\n<meta name=\"twitter:card\" content=\"summary_large_image\" \/>\n<meta name=\"twitter:site\" content=\"@ismartgate_ww\" \/>\n<meta name=\"twitter:label1\" content=\"Ber\u00e4knad l\u00e4stid\" \/>\n\t<meta name=\"twitter:data1\" content=\"4 minuter\" \/>\n<script type=\"application\/ld+json\" class=\"yoast-schema-graph\">{\"@context\":\"https:\\\/\\\/schema.org\",\"@graph\":[{\"@type\":\"WebPage\",\"@id\":\"https:\\\/\\\/ismartgate.com\\\/request-deletion-of-accounts-and-data-gogogate2\\\/\",\"url\":\"https:\\\/\\\/ismartgate.com\\\/request-deletion-of-accounts-and-data-gogogate2\\\/\",\"name\":\"Request deletion of accounts and data Gogogate2 - ismartgate\",\"isPartOf\":{\"@id\":\"https:\\\/\\\/ismartgate.com\\\/#website\"},\"datePublished\":\"2023-10-30T10:51:07+00:00\",\"dateModified\":\"2024-05-06T05:15:02+00:00\",\"description\":\"Your information is always stored locally. Gogogate2 acts as its own server. Discover how to delete your accounts and data here!\",\"breadcrumb\":{\"@id\":\"https:\\\/\\\/ismartgate.com\\\/request-deletion-of-accounts-and-data-gogogate2\\\/#breadcrumb\"},\"inLanguage\":\"sv-SE\",\"potentialAction\":[{\"@type\":\"ReadAction\",\"target\":[\"https:\\\/\\\/ismartgate.com\\\/request-deletion-of-accounts-and-data-gogogate2\\\/\"]}]},{\"@type\":\"BreadcrumbList\",\"@id\":\"https:\\\/\\\/ismartgate.com\\\/request-deletion-of-accounts-and-data-gogogate2\\\/#breadcrumb\",\"itemListElement\":[{\"@type\":\"ListItem\",\"position\":1,\"name\":\"Home\",\"item\":\"https:\\\/\\\/ismartgate.com\\\/\"},{\"@type\":\"ListItem\",\"position\":2,\"name\":\"Request deletion of accounts and data Gogogate2\"}]},{\"@type\":\"WebSite\",\"@id\":\"https:\\\/\\\/ismartgate.com\\\/#website\",\"url\":\"https:\\\/\\\/ismartgate.com\\\/\",\"name\":\"ismartgate\",\"description\":\"The best Smart Garage Door Opener compatible with Apple HomeKit\",\"publisher\":{\"@id\":\"https:\\\/\\\/ismartgate.com\\\/#organization\"},\"inLanguage\":\"sv-SE\"},{\"@type\":\"Organization\",\"@id\":\"https:\\\/\\\/ismartgate.com\\\/#organization\",\"name\":\"ismartgate\",\"url\":\"https:\\\/\\\/ismartgate.com\\\/\",\"logo\":{\"@type\":\"ImageObject\",\"inLanguage\":\"sv-SE\",\"@id\":\"https:\\\/\\\/ismartgate.com\\\/#\\\/schema\\\/logo\\\/image\\\/\",\"url\":\"https:\\\/\\\/ismartgate.com\\\/wp-content\\\/uploads\\\/2018\\\/07\\\/ismartgate_header_logo_2x.gif\",\"contentUrl\":\"https:\\\/\\\/ismartgate.com\\\/wp-content\\\/uploads\\\/2018\\\/07\\\/ismartgate_header_logo_2x.gif\",\"width\":378,\"height\":56,\"caption\":\"ismartgate\"},\"image\":{\"@id\":\"https:\\\/\\\/ismartgate.com\\\/#\\\/schema\\\/logo\\\/image\\\/\"},\"sameAs\":[\"https:\\\/\\\/www.facebook.com\\\/ismartgateofficial\\\/\",\"https:\\\/\\\/x.com\\\/ismartgate_ww\",\"https:\\\/\\\/www.youtube.com\\\/channel\\\/UCY7edN3zimmxIXJ3tnFMp8A\"]}]}<\/script>\n<!-- \/ Yoast SEO Premium plugin. -->","yoast_head_json":{"title":"Beg\u00e4ran om radering av konton och data Gogogate2 - ismartgate","description":"Din information lagras alltid lokalt. Gogogate2 fungerar som sin egen server. Uppt\u00e4ck hur du tar bort dina konton och data h\u00e4r!","robots":{"index":"index","follow":"follow","max-snippet":"max-snippet:-1","max-image-preview":"max-image-preview:large","max-video-preview":"max-video-preview:-1"},"canonical":"https:\/\/ismartgate.com\/sv\/begara-radering-av-konton-och-data-gogogate2\/","og_locale":"sv_SE","og_type":"article","og_title":"Request deletion of accounts and data Gogogate2","og_description":"Your information is always stored locally. Gogogate2 acts as its own server. Discover how to delete your accounts and data here!","og_url":"https:\/\/ismartgate.com\/sv\/begara-radering-av-konton-och-data-gogogate2\/","og_site_name":"ismartgate","article_publisher":"https:\/\/www.facebook.com\/ismartgateofficial\/","article_modified_time":"2024-05-06T05:15:02+00:00","twitter_card":"summary_large_image","twitter_site":"@ismartgate_ww","twitter_misc":{"Ber\u00e4knad l\u00e4stid":"4 minuter"},"schema":{"@context":"https:\/\/schema.org","@graph":[{"@type":"WebPage","@id":"https:\/\/ismartgate.com\/request-deletion-of-accounts-and-data-gogogate2\/","url":"https:\/\/ismartgate.com\/request-deletion-of-accounts-and-data-gogogate2\/","name":"Beg\u00e4ran om radering av konton och data Gogogate2 - ismartgate","isPartOf":{"@id":"https:\/\/ismartgate.com\/#website"},"datePublished":"2023-10-30T10:51:07+00:00","dateModified":"2024-05-06T05:15:02+00:00","description":"Din information lagras alltid lokalt. Gogogate2 fungerar som sin egen server. Uppt\u00e4ck hur du tar bort dina konton och data h\u00e4r!","breadcrumb":{"@id":"https:\/\/ismartgate.com\/request-deletion-of-accounts-and-data-gogogate2\/#breadcrumb"},"inLanguage":"sv-SE","potentialAction":[{"@type":"ReadAction","target":["https:\/\/ismartgate.com\/request-deletion-of-accounts-and-data-gogogate2\/"]}]},{"@type":"BreadcrumbList","@id":"https:\/\/ismartgate.com\/request-deletion-of-accounts-and-data-gogogate2\/#breadcrumb","itemListElement":[{"@type":"ListItem","position":1,"name":"Home","item":"https:\/\/ismartgate.com\/"},{"@type":"ListItem","position":2,"name":"Request deletion of accounts and data Gogogate2"}]},{"@type":"WebSite","@id":"https:\/\/ismartgate.com\/#website","url":"https:\/\/ismartgate.com\/","name":"ismartgate","description":"Den b\u00e4sta smarta garage\u00f6ppnaren som \u00e4r kompatibel med Apple HomeKit","publisher":{"@id":"https:\/\/ismartgate.com\/#organization"},"inLanguage":"sv-SE"},{"@type":"Organization","@id":"https:\/\/ismartgate.com\/#organization","name":"ismartgate","url":"https:\/\/ismartgate.com\/","logo":{"@type":"ImageObject","inLanguage":"sv-SE","@id":"https:\/\/ismartgate.com\/#\/schema\/logo\/image\/","url":"https:\/\/ismartgate.com\/wp-content\/uploads\/2018\/07\/ismartgate_header_logo_2x.gif","contentUrl":"https:\/\/ismartgate.com\/wp-content\/uploads\/2018\/07\/ismartgate_header_logo_2x.gif","width":378,"height":56,"caption":"ismartgate"},"image":{"@id":"https:\/\/ismartgate.com\/#\/schema\/logo\/image\/"},"sameAs":["https:\/\/www.facebook.com\/ismartgateofficial\/","https:\/\/x.com\/ismartgate_ww","https:\/\/www.youtube.com\/channel\/UCY7edN3zimmxIXJ3tnFMp8A"]}]}},"_links":{"self":[{"href":"https:\/\/ismartgate.com\/sv\/wp-json\/wp\/v2\/pages\/38697","targetHints":{"allow":["GET"]}}],"collection":[{"href":"https:\/\/ismartgate.com\/sv\/wp-json\/wp\/v2\/pages"}],"about":[{"href":"https:\/\/ismartgate.com\/sv\/wp-json\/wp\/v2\/types\/page"}],"author":[{"embeddable":true,"href":"https:\/\/ismartgate.com\/sv\/wp-json\/wp\/v2\/users\/5"}],"replies":[{"embeddable":true,"href":"https:\/\/ismartgate.com\/sv\/wp-json\/wp\/v2\/comments?post=38697"}],"version-history":[{"count":6,"href":"https:\/\/ismartgate.com\/sv\/wp-json\/wp\/v2\/pages\/38697\/revisions"}],"predecessor-version":[{"id":44447,"href":"https:\/\/ismartgate.com\/sv\/wp-json\/wp\/v2\/pages\/38697\/revisions\/44447"}],"wp:attachment":[{"href":"https:\/\/ismartgate.com\/sv\/wp-json\/wp\/v2\/media?parent=38697"}],"curies":[{"name":"wp","href":"https:\/\/api.w.org\/{rel}","templated":true}]}}