{"id":751,"date":"2019-02-18T13:16:47","date_gmt":"2019-02-18T13:16:47","guid":{"rendered":"https:\/\/ismartgate.com\/cookie-policy\/"},"modified":"2022-08-08T07:33:42","modified_gmt":"2022-08-08T06:33:42","slug":"politica-de-cookies","status":"publish","type":"page","link":"https:\/\/ismartgate.com\/pt\/cookie-policy\/","title":{"rendered":"Pol\u00edtica de cookies"},"content":{"rendered":"<div class=\"fusion-fullwidth fullwidth-box fusion-builder-row-1 nonhundred-percent-fullwidth non-hundred-percent-height-scrolling fusion-equal-height-columns\" style=\"--awb-border-radius-top-left:0px;--awb-border-radius-top-right:0px;--awb-border-radius-bottom-right:0px;--awb-border-radius-bottom-left:0px;--awb-padding-top:20px;--awb-padding-bottom:20px;--awb-flex-wrap:wrap;\" ><div class=\"fusion-builder-row fusion-row\"><div class=\"fusion-layout-column fusion_builder_column fusion-builder-column-0 fusion_builder_column_1_1 1_1 fusion-one-full fusion-column-first fusion-column-last\" style=\"--awb-bg-size:cover;\"><div class=\"fusion-column-wrapper fusion-flex-column-wrapper-legacy\"><div class=\"fusion-column-content-centered\"><div class=\"fusion-column-content\"><div class=\"fusion-text fusion-text-1\"><h1 data-fontsize=\"30\" data-lineheight=\"45\">Declara\u00e7\u00e3o de cookies<\/h1>\n<\/div><div class=\"fusion-sep-clear\"><\/div><div class=\"fusion-separator fusion-full-width-sep\" style=\"margin-left: auto;margin-right: auto;margin-top:5px;margin-bottom:5px;width:100%;\"><\/div><div class=\"fusion-sep-clear\"><\/div><div class=\"fusion-text fusion-text-2\"><p><strong>\u00daltima modifica\u00e7\u00e3o:<\/strong>\u00a0 22 de maio<sup>nd<\/sup>\u00a0, 2018<\/p>\n<p>Esta Declara\u00e7\u00e3o de Cookies explica como a Gogogate INC. (\"Gogogate INC.\", \"n\u00f3s\", \"nos\" ou \"nosso\") utiliza os cookies nos nossos s\u00edtios Web, aplica\u00e7\u00f5es e servi\u00e7os online, bem como as op\u00e7\u00f5es que o utilizador tem.<\/p>\n<p><strong>DEFINI\u00c7\u00c3O DE \"COOKIES\"<\/strong><\/p>\n<p>Os cookies s\u00e3o pequenos peda\u00e7os de texto utilizados para armazenar informa\u00e7\u00f5es nos navegadores Web.  Os cookies s\u00e3o amplamente utilizados para armazenar e receber identificadores e outras informa\u00e7\u00f5es em computadores, telem\u00f3veis e outros dispositivos.  Tamb\u00e9m utilizamos outras tecnologias, incluindo dados que armazenamos no seu browser ou dispositivo, identificadores associados ao seu dispositivo e outro software, incluindo web beacons e pixel tags, para fins semelhantes.  Na presente Declara\u00e7\u00e3o de Cookies, referimo-nos a todas estas tecnologias como \"cookies\".<\/p>\n<p><strong>TIPOS DE COOKIES<\/strong><\/p>\n<p>Utilizamos cookies para fornecer, proteger e melhorar os nossos produtos e servi\u00e7os, por exemplo, personalizando conte\u00fados, oferecendo e medindo an\u00fancios, compreendendo o comportamento do utilizador e proporcionando uma experi\u00eancia mais segura.  Descrevemos abaixo os v\u00e1rios tipos de cookies que utilizamos e as finalidades que desempenham.  Tenha em aten\u00e7\u00e3o que os cookies espec\u00edficos que podemos utilizar variam consoante os s\u00edtios Web e servi\u00e7os espec\u00edficos que utiliza.<\/p>\n<ul>\n<li><strong>Biscoitos essenciais<\/strong>:  Estes cookies s\u00e3o estritamente necess\u00e1rios para lhe fornecer os nossos s\u00edtios Web e servi\u00e7os e para ativar carater\u00edsticas essenciais, como a funcionalidade do carrinho de compras ou da aplica\u00e7\u00e3o do produto.  Se desativar estes cookies, n\u00e3o poderemos satisfazer os seus pedidos.<\/li>\n<li><strong>Cookies de desempenho e funcionalidade<\/strong>:  Estes cookies recolhem informa\u00e7\u00f5es sobre a forma como utiliza os nossos s\u00edtios Web e servi\u00e7os e permitem-nos recordar as escolhas que faz durante a navega\u00e7\u00e3o.  As informa\u00e7\u00f5es recolhidas por estes cookies permitem-nos otimizar os nossos s\u00edtios Web e facilitar a sua utiliza\u00e7\u00e3o, n\u00e3o o identificando pessoalmente.  Se o utilizador desativar ou optar por n\u00e3o utilizar estes cookies, poder\u00e1 n\u00e3o conseguir utilizar determinadas funcionalidades dos nossos s\u00edtios Web, aplica\u00e7\u00f5es e servi\u00e7os e poder\u00e1 reduzir o apoio ou as informa\u00e7\u00f5es que lhe podemos fornecer.<\/li>\n<li><strong>Cookies anal\u00edticos e de personaliza\u00e7\u00e3o<\/strong>:  Estes cookies recolhem informa\u00e7\u00f5es que utilizamos de forma agregada para nos ajudar a compreender a forma como os nossos s\u00edtios Web, aplica\u00e7\u00f5es e servi\u00e7os est\u00e3o a ser utilizados e a efic\u00e1cia das nossas campanhas de marketing, bem como para nos ajudar a personalizar os nossos s\u00edtios Web.  Se o utilizador desativar ou optar por n\u00e3o utilizar estes cookies, poder\u00e1 n\u00e3o conseguir utilizar determinadas funcionalidades dos nossos s\u00edtios Web, aplica\u00e7\u00f5es e servi\u00e7os e poder\u00e1 reduzir o apoio ou as informa\u00e7\u00f5es que lhe podemos fornecer.<\/li>\n<li><strong>Cookies de publicidade<\/strong>:  Estes cookies recolhem informa\u00e7\u00f5es sobre o seu hist\u00f3rico de navega\u00e7\u00e3o ou de compras e s\u00e3o utilizados para tornar as mensagens publicit\u00e1rias mais relevantes para si.  Desempenham fun\u00e7\u00f5es como impedir que o mesmo an\u00fancio reapare\u00e7a continuamente, garantir que os an\u00fancios s\u00e3o apresentados corretamente e, em alguns casos, selecionar an\u00fancios com base nos seus interesses.  Podemos partilhar estas informa\u00e7\u00f5es com terceiros para ajudar a criar e fornecer publicidade personalizada ao utilizador e aos seus interesses.  Se o utilizador desativar ou optar por n\u00e3o utilizar estes cookies, poder\u00e1 n\u00e3o conseguir utilizar determinadas funcionalidades dos nossos s\u00edtios Web, aplica\u00e7\u00f5es e servi\u00e7os e poder\u00e1 reduzir o apoio ou as informa\u00e7\u00f5es que lhe podemos fornecer.<\/li>\n<li><strong>Cookies de redes sociais<\/strong>:  Estes cookies s\u00e3o utilizados para lhe permitir partilhar p\u00e1ginas e conte\u00fados dos nossos s\u00edtios Web e servi\u00e7os atrav\u00e9s de redes sociais de terceiros e de outros s\u00edtios Web.  Estes cookies podem tamb\u00e9m ser utilizados para fins publicit\u00e1rios.<\/li>\n<\/ul>\n<p><strong>COOKIES COLOCADOS POR TERCEIROS<\/strong><\/p>\n<p>Tamb\u00e9m pode encontrar cookies nos nossos s\u00edtios Web, aplica\u00e7\u00f5es e servi\u00e7os que s\u00e3o colocados por terceiros.  Por exemplo, quando o utilizador compra os nossos produtos online, o nosso fornecedor de com\u00e9rcio eletr\u00f3nico pode utilizar cookies e outras tecnologias.  Tamb\u00e9m podemos permitir que terceiros coloquem cookies nos nossos s\u00edtios Web para rastrear informa\u00e7\u00f5es sobre as suas actividades online e\/ou em s\u00edtios de terceiros ou servi\u00e7os online, incluindo para lhe enviar an\u00fancios direcionados com base nessas informa\u00e7\u00f5es, o que pode incluir o remarketing dos nossos produtos e servi\u00e7os que visualizou nos nossos s\u00edtios Web e em s\u00edtios Web de terceiros.<\/p>\n<p>Esta Declara\u00e7\u00e3o de Cookies n\u00e3o se aplica aos cookies, aplica\u00e7\u00f5es, tecnologias ou s\u00edtios Web que sejam propriedade e\/ou operados por terceiros, nem \u00e0s pr\u00e1ticas desses terceiros, mesmo que utilizem ou acedam \u00e0 nossa tecnologia para armazenar ou recolher informa\u00e7\u00f5es.  Para compreender a forma como terceiros utilizam os cookies, consulte as respectivas pol\u00edticas de privacidade e de cookies.<\/p>\n<p><strong>CONTROLO E EXCLUS\u00c3O DE COOKIES<\/strong><\/p>\n<p>O seu browser ou dispositivo pode oferecer defini\u00e7\u00f5es que lhe permitem escolher se os cookies do browser s\u00e3o definidos e elimin\u00e1-los.  Para mais informa\u00e7\u00f5es sobre estes controlos e para exercer as suas prefer\u00eancias de cookies, visite o material de ajuda do seu browser ou dispositivo.  Se o utilizador optar por rejeitar os cookies, como referido acima, poder\u00e1 n\u00e3o conseguir utilizar determinadas funcionalidades dos nossos s\u00edtios Web e servi\u00e7os.<\/p>\n<p><strong>N\u00c3O RASTREAR<\/strong><\/p>\n<p>Alguns navegadores incluem a capacidade de transmitir sinais de \"N\u00e3o rastrear\".  N\u00e3o processamos nem respondemos a sinais de \"N\u00e3o rastrear\".  Em vez disso, seguimos as normas descritas na nossa Pol\u00edtica de Privacidade e na presente Declara\u00e7\u00e3o de Cookies.<\/p>\n<\/div><\/div><\/div><div class=\"fusion-clearfix\"><\/div><\/div><\/div><\/div><\/div>","protected":false},"excerpt":{"rendered":"","protected":false},"author":5,"featured_media":0,"parent":0,"menu_order":0,"comment_status":"closed","ping_status":"closed","template":"","meta":{"footnotes":""},"class_list":["post-751","page","type-page","status-publish","hentry"],"yoast_head":"<!-- This site is optimized with the Yoast SEO Premium plugin v27.3 (Yoast SEO v27.3) - https:\/\/yoast.com\/product\/yoast-seo-premium-wordpress\/ -->\n<title>Cookie Policy - ismartgate<\/title>\n<meta name=\"description\" content=\"Here you&#039;ll find our cookie policy information.\" \/>\n<meta name=\"robots\" content=\"index, follow, max-snippet:-1, max-image-preview:large, max-video-preview:-1\" \/>\n<link rel=\"canonical\" href=\"https:\/\/ismartgate.com\/pt\/politica-de-cookies\/\" \/>\n<meta property=\"og:locale\" content=\"pt_PT\" \/>\n<meta property=\"og:type\" content=\"article\" \/>\n<meta property=\"og:title\" content=\"Cookie Policy\" \/>\n<meta property=\"og:description\" content=\"Here you&#039;ll find our cookie policy information.\" \/>\n<meta property=\"og:url\" content=\"https:\/\/ismartgate.com\/pt\/politica-de-cookies\/\" \/>\n<meta property=\"og:site_name\" content=\"ismartgate\" \/>\n<meta property=\"article:publisher\" content=\"https:\/\/www.facebook.com\/ismartgateofficial\/\" \/>\n<meta property=\"article:modified_time\" content=\"2022-08-08T06:33:42+00:00\" \/>\n<meta name=\"twitter:card\" content=\"summary_large_image\" \/>\n<meta name=\"twitter:site\" content=\"@ismartgate_ww\" \/>\n<meta name=\"twitter:label1\" content=\"Tempo estimado de leitura\" \/>\n\t<meta name=\"twitter:data1\" content=\"5 minutos\" \/>\n<script type=\"application\/ld+json\" class=\"yoast-schema-graph\">{\"@context\":\"https:\\\/\\\/schema.org\",\"@graph\":[{\"@type\":\"WebPage\",\"@id\":\"https:\\\/\\\/ismartgate.com\\\/cookie-policy\\\/\",\"url\":\"https:\\\/\\\/ismartgate.com\\\/cookie-policy\\\/\",\"name\":\"Cookie Policy - ismartgate\",\"isPartOf\":{\"@id\":\"https:\\\/\\\/ismartgate.com\\\/#website\"},\"datePublished\":\"2019-02-18T13:16:47+00:00\",\"dateModified\":\"2022-08-08T06:33:42+00:00\",\"description\":\"Here you'll find our cookie policy information.\",\"breadcrumb\":{\"@id\":\"https:\\\/\\\/ismartgate.com\\\/cookie-policy\\\/#breadcrumb\"},\"inLanguage\":\"pt-PT\",\"potentialAction\":[{\"@type\":\"ReadAction\",\"target\":[\"https:\\\/\\\/ismartgate.com\\\/cookie-policy\\\/\"]}]},{\"@type\":\"BreadcrumbList\",\"@id\":\"https:\\\/\\\/ismartgate.com\\\/cookie-policy\\\/#breadcrumb\",\"itemListElement\":[{\"@type\":\"ListItem\",\"position\":1,\"name\":\"Home\",\"item\":\"https:\\\/\\\/ismartgate.com\\\/\"},{\"@type\":\"ListItem\",\"position\":2,\"name\":\"Cookie Policy\"}]},{\"@type\":\"WebSite\",\"@id\":\"https:\\\/\\\/ismartgate.com\\\/#website\",\"url\":\"https:\\\/\\\/ismartgate.com\\\/\",\"name\":\"ismartgate\",\"description\":\"The best Smart Garage Door Opener compatible with Apple HomeKit\",\"publisher\":{\"@id\":\"https:\\\/\\\/ismartgate.com\\\/#organization\"},\"inLanguage\":\"pt-PT\"},{\"@type\":\"Organization\",\"@id\":\"https:\\\/\\\/ismartgate.com\\\/#organization\",\"name\":\"ismartgate\",\"url\":\"https:\\\/\\\/ismartgate.com\\\/\",\"logo\":{\"@type\":\"ImageObject\",\"inLanguage\":\"pt-PT\",\"@id\":\"https:\\\/\\\/ismartgate.com\\\/#\\\/schema\\\/logo\\\/image\\\/\",\"url\":\"https:\\\/\\\/ismartgate.com\\\/wp-content\\\/uploads\\\/2018\\\/07\\\/ismartgate_header_logo_2x.gif\",\"contentUrl\":\"https:\\\/\\\/ismartgate.com\\\/wp-content\\\/uploads\\\/2018\\\/07\\\/ismartgate_header_logo_2x.gif\",\"width\":378,\"height\":56,\"caption\":\"ismartgate\"},\"image\":{\"@id\":\"https:\\\/\\\/ismartgate.com\\\/#\\\/schema\\\/logo\\\/image\\\/\"},\"sameAs\":[\"https:\\\/\\\/www.facebook.com\\\/ismartgateofficial\\\/\",\"https:\\\/\\\/x.com\\\/ismartgate_ww\",\"https:\\\/\\\/www.youtube.com\\\/channel\\\/UCY7edN3zimmxIXJ3tnFMp8A\"]}]}<\/script>\n<!-- \/ Yoast SEO Premium plugin. -->","yoast_head_json":{"title":"Pol\u00edtica de cookies - ismartgate","description":"Aqui encontra informa\u00e7\u00f5es sobre a nossa pol\u00edtica de cookies.","robots":{"index":"index","follow":"follow","max-snippet":"max-snippet:-1","max-image-preview":"max-image-preview:large","max-video-preview":"max-video-preview:-1"},"canonical":"https:\/\/ismartgate.com\/pt\/politica-de-cookies\/","og_locale":"pt_PT","og_type":"article","og_title":"Cookie Policy","og_description":"Here you'll find our cookie policy information.","og_url":"https:\/\/ismartgate.com\/pt\/politica-de-cookies\/","og_site_name":"ismartgate","article_publisher":"https:\/\/www.facebook.com\/ismartgateofficial\/","article_modified_time":"2022-08-08T06:33:42+00:00","twitter_card":"summary_large_image","twitter_site":"@ismartgate_ww","twitter_misc":{"Tempo estimado de leitura":"5 minutos"},"schema":{"@context":"https:\/\/schema.org","@graph":[{"@type":"WebPage","@id":"https:\/\/ismartgate.com\/cookie-policy\/","url":"https:\/\/ismartgate.com\/cookie-policy\/","name":"Pol\u00edtica de cookies - ismartgate","isPartOf":{"@id":"https:\/\/ismartgate.com\/#website"},"datePublished":"2019-02-18T13:16:47+00:00","dateModified":"2022-08-08T06:33:42+00:00","description":"Aqui encontra informa\u00e7\u00f5es sobre a nossa pol\u00edtica de cookies.","breadcrumb":{"@id":"https:\/\/ismartgate.com\/cookie-policy\/#breadcrumb"},"inLanguage":"pt-PT","potentialAction":[{"@type":"ReadAction","target":["https:\/\/ismartgate.com\/cookie-policy\/"]}]},{"@type":"BreadcrumbList","@id":"https:\/\/ismartgate.com\/cookie-policy\/#breadcrumb","itemListElement":[{"@type":"ListItem","position":1,"name":"Home","item":"https:\/\/ismartgate.com\/"},{"@type":"ListItem","position":2,"name":"Cookie Policy"}]},{"@type":"WebSite","@id":"https:\/\/ismartgate.com\/#website","url":"https:\/\/ismartgate.com\/","name":"ismartgate","description":"O melhor sistema inteligente de abertura de portas de garagem compat\u00edvel com o Apple HomeKit","publisher":{"@id":"https:\/\/ismartgate.com\/#organization"},"inLanguage":"pt-PT"},{"@type":"Organization","@id":"https:\/\/ismartgate.com\/#organization","name":"ismartgate","url":"https:\/\/ismartgate.com\/","logo":{"@type":"ImageObject","inLanguage":"pt-PT","@id":"https:\/\/ismartgate.com\/#\/schema\/logo\/image\/","url":"https:\/\/ismartgate.com\/wp-content\/uploads\/2018\/07\/ismartgate_header_logo_2x.gif","contentUrl":"https:\/\/ismartgate.com\/wp-content\/uploads\/2018\/07\/ismartgate_header_logo_2x.gif","width":378,"height":56,"caption":"ismartgate"},"image":{"@id":"https:\/\/ismartgate.com\/#\/schema\/logo\/image\/"},"sameAs":["https:\/\/www.facebook.com\/ismartgateofficial\/","https:\/\/x.com\/ismartgate_ww","https:\/\/www.youtube.com\/channel\/UCY7edN3zimmxIXJ3tnFMp8A"]}]}},"_links":{"self":[{"href":"https:\/\/ismartgate.com\/pt\/wp-json\/wp\/v2\/pages\/751","targetHints":{"allow":["GET"]}}],"collection":[{"href":"https:\/\/ismartgate.com\/pt\/wp-json\/wp\/v2\/pages"}],"about":[{"href":"https:\/\/ismartgate.com\/pt\/wp-json\/wp\/v2\/types\/page"}],"author":[{"embeddable":true,"href":"https:\/\/ismartgate.com\/pt\/wp-json\/wp\/v2\/users\/5"}],"replies":[{"embeddable":true,"href":"https:\/\/ismartgate.com\/pt\/wp-json\/wp\/v2\/comments?post=751"}],"version-history":[{"count":4,"href":"https:\/\/ismartgate.com\/pt\/wp-json\/wp\/v2\/pages\/751\/revisions"}],"predecessor-version":[{"id":31564,"href":"https:\/\/ismartgate.com\/pt\/wp-json\/wp\/v2\/pages\/751\/revisions\/31564"}],"wp:attachment":[{"href":"https:\/\/ismartgate.com\/pt\/wp-json\/wp\/v2\/media?parent=751"}],"curies":[{"name":"wp","href":"https:\/\/api.w.org\/{rel}","templated":true}]}}