{"id":751,"date":"2019-02-18T13:16:47","date_gmt":"2019-02-18T13:16:47","guid":{"rendered":"https:\/\/ismartgate.com\/cookie-policy\/"},"modified":"2022-08-08T07:33:42","modified_gmt":"2022-08-08T06:33:42","slug":"polityka-cookies","status":"publish","type":"page","link":"https:\/\/ismartgate.com\/pl\/cookie-policy\/","title":{"rendered":"Polityka dotycz\u0105ca plik\u00f3w cookie"},"content":{"rendered":"<div class=\"fusion-fullwidth fullwidth-box fusion-builder-row-1 nonhundred-percent-fullwidth non-hundred-percent-height-scrolling fusion-equal-height-columns\" style=\"--awb-border-radius-top-left:0px;--awb-border-radius-top-right:0px;--awb-border-radius-bottom-right:0px;--awb-border-radius-bottom-left:0px;--awb-padding-top:20px;--awb-padding-bottom:20px;--awb-flex-wrap:wrap;\" ><div class=\"fusion-builder-row fusion-row\"><div class=\"fusion-layout-column fusion_builder_column fusion-builder-column-0 fusion_builder_column_1_1 1_1 fusion-one-full fusion-column-first fusion-column-last\" style=\"--awb-bg-size:cover;\"><div class=\"fusion-column-wrapper fusion-flex-column-wrapper-legacy\"><div class=\"fusion-column-content-centered\"><div class=\"fusion-column-content\"><div class=\"fusion-text fusion-text-1\"><h1 data-fontsize=\"30\" data-lineheight=\"45\">O\u015bwiadczenie dotycz\u0105ce plik\u00f3w cookie<\/h1>\n<\/div><div class=\"fusion-sep-clear\"><\/div><div class=\"fusion-separator fusion-full-width-sep\" style=\"margin-left: auto;margin-right: auto;margin-top:5px;margin-bottom:5px;width:100%;\"><\/div><div class=\"fusion-sep-clear\"><\/div><div class=\"fusion-text fusion-text-2\"><p><strong>Ostatnia modyfikacja:<\/strong>\u00a0 22 maja<sup>i<\/sup>\u00a0, 2018<\/p>\n<p>Niniejsze O\u015bwiadczenie o plikach cookie wyja\u015bnia, w jaki spos\u00f3b firma Gogogate INC. (\"Gogogate INC.\", \"my\", \"nas\" lub \"nasz\") wykorzystuje pliki cookie w swoich witrynach internetowych, aplikacjach i us\u0142ugach online oraz jakie mo\u017cliwo\u015bci wyboru ma u\u017cytkownik.<\/p>\n<p><strong>DEFINICJA \"PLIK\u00d3W COOKIE\"<\/strong><\/p>\n<p>Pliki cookie to ma\u0142e fragmenty tekstu u\u017cywane do przechowywania informacji w przegl\u0105darkach internetowych.  Pliki cookie s\u0105 powszechnie u\u017cywane do przechowywania i odbierania identyfikator\u00f3w i innych informacji na komputerach, telefonach i innych urz\u0105dzeniach.  W podobnych celach wykorzystujemy r\u00f3wnie\u017c inne technologie, w tym dane przechowywane w przegl\u0105darce internetowej lub urz\u0105dzeniu u\u017cytkownika, identyfikatory powi\u0105zane z urz\u0105dzeniem u\u017cytkownika oraz inne oprogramowanie, w tym sygnalizatory WWW i znaczniki pikselowe.  W niniejszym O\u015bwiadczeniu dotycz\u0105cym plik\u00f3w cookie wszystkie te technologie okre\u015blamy jako \"pliki cookie\".<\/p>\n<p><strong>RODZAJE PLIK\u00d3W COOKIE<\/strong><\/p>\n<p>U\u017cywamy plik\u00f3w cookie w celu dostarczania, ochrony i ulepszania naszych produkt\u00f3w i us\u0142ug, na przyk\u0142ad poprzez personalizowanie tre\u015bci, oferowanie i mierzenie reklam, zrozumienie zachowa\u0144 u\u017cytkownik\u00f3w i zapewnienie bezpieczniejszego u\u017cytkowania.  Poni\u017cej opisujemy r\u00f3\u017cne rodzaje u\u017cywanych przez nas plik\u00f3w cookie i cele, do kt\u00f3rych s\u0142u\u017c\u0105.  Nale\u017cy pami\u0119ta\u0107, \u017ce konkretne pliki cookie, kt\u00f3rych mo\u017cemy u\u017cywa\u0107, r\u00f3\u017cni\u0105 si\u0119 w zale\u017cno\u015bci od konkretnych witryn internetowych i us\u0142ug, z kt\u00f3rych korzysta u\u017cytkownik.<\/p>\n<ul>\n<li><strong>Niezb\u0119dne pliki cookie<\/strong>:  Te pliki cookie s\u0105 absolutnie niezb\u0119dne do zapewnienia u\u017cytkownikowi dost\u0119pu do naszych witryn internetowych i us\u0142ug oraz umo\u017cliwienia korzystania z podstawowych funkcji, takich jak udost\u0119pnianie funkcji koszyka na zakupy lub aplikacji produktu.  Je\u015bli u\u017cytkownik wy\u0142\u0105czy te pliki cookie, nie b\u0119dziemy w stanie spe\u0142ni\u0107 jego \u017c\u0105da\u0144.<\/li>\n<li><strong>Pliki cookie dotycz\u0105ce wydajno\u015bci i funkcjonalno\u015bci<\/strong>:  Te pliki cookie gromadz\u0105 informacje o sposobie korzystania z naszych witryn internetowych i us\u0142ug oraz umo\u017cliwiaj\u0105 nam zapami\u0119tywanie wybor\u00f3w dokonywanych podczas przegl\u0105dania.  Informacje gromadzone przez te pliki cookie pozwalaj\u0105 nam optymalizowa\u0107 nasze witryny internetowe i u\u0142atwia\u0107 korzystanie z nich, a nie identyfikowa\u0107 u\u017cytkownika.  Je\u015bli u\u017cytkownik wy\u0142\u0105czy lub zrezygnuje z tych plik\u00f3w cookie, mo\u017ce nie by\u0107 w stanie korzysta\u0107 z niekt\u00f3rych funkcji naszych witryn internetowych, aplikacji i us\u0142ug, a tak\u017ce mo\u017ce to ograniczy\u0107 wsparcie lub informacje, kt\u00f3re mo\u017cemy mu zapewni\u0107.<\/li>\n<li><strong>Analityczne i personalizacyjne pliki cookie<\/strong>:  Te pliki cookie gromadz\u0105 informacje, kt\u00f3rych u\u017cywamy w formie zbiorczej, aby pom\u00f3c nam zrozumie\u0107, w jaki spos\u00f3b nasze witryny internetowe, aplikacje i us\u0142ugi s\u0105 u\u017cywane i jak skuteczne s\u0105 nasze kampanie marketingowe, a tak\u017ce aby pom\u00f3c nam dostosowa\u0107 nasze witryny internetowe.  Je\u015bli u\u017cytkownik wy\u0142\u0105czy lub zrezygnuje z tych plik\u00f3w cookie, mo\u017ce nie by\u0107 w stanie korzysta\u0107 z niekt\u00f3rych funkcji naszych witryn internetowych, aplikacji i us\u0142ug, a tak\u017ce mo\u017ce to ograniczy\u0107 wsparcie lub informacje, kt\u00f3re mo\u017cemy mu zapewni\u0107.<\/li>\n<li><strong>Reklamowe pliki cookie<\/strong>:  Te pliki cookie gromadz\u0105 informacje o historii przegl\u0105dania lub zakup\u00f3w u\u017cytkownika i s\u0105 u\u017cywane w celu lepszego dopasowania komunikat\u00f3w reklamowych do u\u017cytkownika.  Pe\u0142ni\u0105 one takie funkcje, jak zapobieganie ci\u0105g\u0142emu ponownemu wy\u015bwietlaniu tej samej reklamy, zapewnianie prawid\u0142owego wy\u015bwietlania reklam, a w niekt\u00f3rych przypadkach wybieranie reklam opartych na zainteresowaniach u\u017cytkownika.  Mo\u017cemy udost\u0119pnia\u0107 te informacje stronom trzecim, aby pom\u00f3c w tworzeniu i dostarczaniu reklam spersonalizowanych pod k\u0105tem u\u017cytkownika i jego zainteresowa\u0144.  Je\u015bli u\u017cytkownik wy\u0142\u0105czy lub zrezygnuje z tych plik\u00f3w cookie, mo\u017ce nie by\u0107 w stanie korzysta\u0107 z niekt\u00f3rych funkcji naszych witryn internetowych, aplikacji i us\u0142ug, a tak\u017ce mo\u017ce to ograniczy\u0107 wsparcie lub informacje, kt\u00f3re mo\u017cemy mu zapewni\u0107.<\/li>\n<li><strong>Pliki cookie sieci spo\u0142eczno\u015bciowych<\/strong>:  Te pliki cookie s\u0105 u\u017cywane w celu umo\u017cliwienia u\u017cytkownikowi udost\u0119pniania stron i tre\u015bci w naszych witrynach internetowych i us\u0142ugach za po\u015brednictwem zewn\u0119trznych sieci spo\u0142eczno\u015bciowych i innych witryn internetowych.  Te pliki cookie mog\u0105 by\u0107 r\u00f3wnie\u017c wykorzystywane do cel\u00f3w reklamowych.<\/li>\n<\/ul>\n<p><strong>PLIKI COOKIE UMIESZCZANE PRZEZ STRONY TRZECIE<\/strong><\/p>\n<p>U\u017cytkownik mo\u017ce r\u00f3wnie\u017c napotka\u0107 pliki cookie w naszych witrynach internetowych, aplikacjach i us\u0142ugach, kt\u00f3re s\u0105 umieszczane przez strony trzecie.  Na przyk\u0142ad, gdy u\u017cytkownik kupuje nasze produkty online, nasz sprzedawca e-commerce mo\u017ce u\u017cywa\u0107 plik\u00f3w cookie i innych technologii.  Mo\u017cemy r\u00f3wnie\u017c zezwoli\u0107 stronom trzecim na umieszczanie plik\u00f3w cookie w naszych witrynach internetowych w celu \u015bledzenia informacji o dzia\u0142aniach u\u017cytkownika online i\/lub w witrynach stron trzecich lub us\u0142ugach online, w tym w celu wysy\u0142ania ukierunkowanych reklam opartych na tych informacjach, co mo\u017ce obejmowa\u0107 remarketing naszych produkt\u00f3w i us\u0142ug, kt\u00f3re u\u017cytkownik przegl\u0105da\u0142 w naszych witrynach internetowych i witrynach stron trzecich.<\/p>\n<p>Niniejsze O\u015bwiadczenie dotycz\u0105ce plik\u00f3w cookie nie ma zastosowania do plik\u00f3w cookie, aplikacji, technologii ani witryn internetowych b\u0119d\u0105cych w\u0142asno\u015bci\u0105 i\/lub obs\u0142ugiwanych przez strony trzecie, ani do praktyk takich stron trzecich, nawet je\u015bli korzystaj\u0105 one z naszej technologii lub uzyskuj\u0105 do niej dost\u0119p w celu przechowywania lub gromadzenia informacji.  Aby zrozumie\u0107, w jaki spos\u00f3b strony trzecie wykorzystuj\u0105 pliki cookie, nale\u017cy zapozna\u0107 si\u0119 z ich polityk\u0105 prywatno\u015bci i plik\u00f3w cookie.<\/p>\n<p><strong>KONTROLA I REZYGNACJA Z PLIK\u00d3W COOKIE<\/strong><\/p>\n<p>Przegl\u0105darka lub urz\u0105dzenie u\u017cytkownika mo\u017ce oferowa\u0107 ustawienia, kt\u00f3re pozwalaj\u0105 u\u017cytkownikowi wybra\u0107, czy pliki cookie przegl\u0105darki maj\u0105 by\u0107 ustawiane i czy maj\u0105 by\u0107 usuwane.  Aby uzyska\u0107 wi\u0119cej informacji na temat tych kontroli i skorzysta\u0107 z preferencji dotycz\u0105cych plik\u00f3w cookie, nale\u017cy odwiedzi\u0107 materia\u0142y pomocy przegl\u0105darki lub urz\u0105dzenia.  Je\u015bli u\u017cytkownik zdecyduje si\u0119 odrzuci\u0107 pliki cookie, jak wspomniano powy\u017cej, mo\u017ce nie by\u0107 w stanie korzysta\u0107 z niekt\u00f3rych funkcji naszych witryn internetowych i us\u0142ug.<\/p>\n<p><strong>NIE \u015aLED\u0179<\/strong><\/p>\n<p>Niekt\u00f3re przegl\u0105darki umo\u017cliwiaj\u0105 przesy\u0142anie sygna\u0142\u00f3w \"Do Not Track\".  Nie przetwarzamy sygna\u0142\u00f3w \"Do Not Track\" ani na nie nie reagujemy.  Zamiast tego przestrzegamy standard\u00f3w opisanych w naszej Polityce prywatno\u015bci i niniejszym O\u015bwiadczeniu dotycz\u0105cym plik\u00f3w cookie.<\/p>\n<\/div><\/div><\/div><div class=\"fusion-clearfix\"><\/div><\/div><\/div><\/div><\/div>","protected":false},"excerpt":{"rendered":"","protected":false},"author":5,"featured_media":0,"parent":0,"menu_order":0,"comment_status":"closed","ping_status":"closed","template":"","meta":{"footnotes":""},"class_list":["post-751","page","type-page","status-publish","hentry"],"yoast_head":"<!-- This site is optimized with the Yoast SEO Premium plugin v27.3 (Yoast SEO v27.3) - https:\/\/yoast.com\/product\/yoast-seo-premium-wordpress\/ -->\n<title>Cookie Policy - ismartgate<\/title>\n<meta name=\"description\" content=\"Here you&#039;ll find our cookie policy information.\" \/>\n<meta name=\"robots\" content=\"index, follow, max-snippet:-1, max-image-preview:large, max-video-preview:-1\" \/>\n<link rel=\"canonical\" href=\"https:\/\/ismartgate.com\/pl\/polityka-cookies\/\" \/>\n<meta property=\"og:locale\" content=\"pl_PL\" \/>\n<meta property=\"og:type\" content=\"article\" \/>\n<meta property=\"og:title\" content=\"Cookie Policy\" \/>\n<meta property=\"og:description\" content=\"Here you&#039;ll find our cookie policy information.\" \/>\n<meta property=\"og:url\" content=\"https:\/\/ismartgate.com\/pl\/polityka-cookies\/\" \/>\n<meta property=\"og:site_name\" content=\"ismartgate\" \/>\n<meta property=\"article:publisher\" content=\"https:\/\/www.facebook.com\/ismartgateofficial\/\" \/>\n<meta property=\"article:modified_time\" content=\"2022-08-08T06:33:42+00:00\" \/>\n<meta name=\"twitter:card\" content=\"summary_large_image\" \/>\n<meta name=\"twitter:site\" content=\"@ismartgate_ww\" \/>\n<meta name=\"twitter:label1\" content=\"Szacowany czas czytania\" \/>\n\t<meta name=\"twitter:data1\" content=\"5 minut\" \/>\n<script type=\"application\/ld+json\" class=\"yoast-schema-graph\">{\"@context\":\"https:\\\/\\\/schema.org\",\"@graph\":[{\"@type\":\"WebPage\",\"@id\":\"https:\\\/\\\/ismartgate.com\\\/cookie-policy\\\/\",\"url\":\"https:\\\/\\\/ismartgate.com\\\/cookie-policy\\\/\",\"name\":\"Cookie Policy - ismartgate\",\"isPartOf\":{\"@id\":\"https:\\\/\\\/ismartgate.com\\\/#website\"},\"datePublished\":\"2019-02-18T13:16:47+00:00\",\"dateModified\":\"2022-08-08T06:33:42+00:00\",\"description\":\"Here you'll find our cookie policy information.\",\"breadcrumb\":{\"@id\":\"https:\\\/\\\/ismartgate.com\\\/cookie-policy\\\/#breadcrumb\"},\"inLanguage\":\"pl-PL\",\"potentialAction\":[{\"@type\":\"ReadAction\",\"target\":[\"https:\\\/\\\/ismartgate.com\\\/cookie-policy\\\/\"]}]},{\"@type\":\"BreadcrumbList\",\"@id\":\"https:\\\/\\\/ismartgate.com\\\/cookie-policy\\\/#breadcrumb\",\"itemListElement\":[{\"@type\":\"ListItem\",\"position\":1,\"name\":\"Home\",\"item\":\"https:\\\/\\\/ismartgate.com\\\/\"},{\"@type\":\"ListItem\",\"position\":2,\"name\":\"Cookie Policy\"}]},{\"@type\":\"WebSite\",\"@id\":\"https:\\\/\\\/ismartgate.com\\\/#website\",\"url\":\"https:\\\/\\\/ismartgate.com\\\/\",\"name\":\"ismartgate\",\"description\":\"The best Smart Garage Door Opener compatible with Apple HomeKit\",\"publisher\":{\"@id\":\"https:\\\/\\\/ismartgate.com\\\/#organization\"},\"inLanguage\":\"pl-PL\"},{\"@type\":\"Organization\",\"@id\":\"https:\\\/\\\/ismartgate.com\\\/#organization\",\"name\":\"ismartgate\",\"url\":\"https:\\\/\\\/ismartgate.com\\\/\",\"logo\":{\"@type\":\"ImageObject\",\"inLanguage\":\"pl-PL\",\"@id\":\"https:\\\/\\\/ismartgate.com\\\/#\\\/schema\\\/logo\\\/image\\\/\",\"url\":\"https:\\\/\\\/ismartgate.com\\\/wp-content\\\/uploads\\\/2018\\\/07\\\/ismartgate_header_logo_2x.gif\",\"contentUrl\":\"https:\\\/\\\/ismartgate.com\\\/wp-content\\\/uploads\\\/2018\\\/07\\\/ismartgate_header_logo_2x.gif\",\"width\":378,\"height\":56,\"caption\":\"ismartgate\"},\"image\":{\"@id\":\"https:\\\/\\\/ismartgate.com\\\/#\\\/schema\\\/logo\\\/image\\\/\"},\"sameAs\":[\"https:\\\/\\\/www.facebook.com\\\/ismartgateofficial\\\/\",\"https:\\\/\\\/x.com\\\/ismartgate_ww\",\"https:\\\/\\\/www.youtube.com\\\/channel\\\/UCY7edN3zimmxIXJ3tnFMp8A\"]}]}<\/script>\n<!-- \/ Yoast SEO Premium plugin. -->","yoast_head_json":{"title":"Polityka plik\u00f3w cookie - ismartgate","description":"Tutaj znajdziesz informacje o naszej polityce dotycz\u0105cej plik\u00f3w cookie.","robots":{"index":"index","follow":"follow","max-snippet":"max-snippet:-1","max-image-preview":"max-image-preview:large","max-video-preview":"max-video-preview:-1"},"canonical":"https:\/\/ismartgate.com\/pl\/polityka-cookies\/","og_locale":"pl_PL","og_type":"article","og_title":"Cookie Policy","og_description":"Here you'll find our cookie policy information.","og_url":"https:\/\/ismartgate.com\/pl\/polityka-cookies\/","og_site_name":"ismartgate","article_publisher":"https:\/\/www.facebook.com\/ismartgateofficial\/","article_modified_time":"2022-08-08T06:33:42+00:00","twitter_card":"summary_large_image","twitter_site":"@ismartgate_ww","twitter_misc":{"Szacowany czas czytania":"5 minut"},"schema":{"@context":"https:\/\/schema.org","@graph":[{"@type":"WebPage","@id":"https:\/\/ismartgate.com\/cookie-policy\/","url":"https:\/\/ismartgate.com\/cookie-policy\/","name":"Polityka plik\u00f3w cookie - ismartgate","isPartOf":{"@id":"https:\/\/ismartgate.com\/#website"},"datePublished":"2019-02-18T13:16:47+00:00","dateModified":"2022-08-08T06:33:42+00:00","description":"Tutaj znajdziesz informacje o naszej polityce dotycz\u0105cej plik\u00f3w cookie.","breadcrumb":{"@id":"https:\/\/ismartgate.com\/cookie-policy\/#breadcrumb"},"inLanguage":"pl-PL","potentialAction":[{"@type":"ReadAction","target":["https:\/\/ismartgate.com\/cookie-policy\/"]}]},{"@type":"BreadcrumbList","@id":"https:\/\/ismartgate.com\/cookie-policy\/#breadcrumb","itemListElement":[{"@type":"ListItem","position":1,"name":"Home","item":"https:\/\/ismartgate.com\/"},{"@type":"ListItem","position":2,"name":"Cookie Policy"}]},{"@type":"WebSite","@id":"https:\/\/ismartgate.com\/#website","url":"https:\/\/ismartgate.com\/","name":"ismartgate","description":"Najlepszy inteligentny mechanizm otwierania drzwi gara\u017cowych kompatybilny z Apple HomeKit","publisher":{"@id":"https:\/\/ismartgate.com\/#organization"},"inLanguage":"pl-PL"},{"@type":"Organization","@id":"https:\/\/ismartgate.com\/#organization","name":"ismartgate","url":"https:\/\/ismartgate.com\/","logo":{"@type":"ImageObject","inLanguage":"pl-PL","@id":"https:\/\/ismartgate.com\/#\/schema\/logo\/image\/","url":"https:\/\/ismartgate.com\/wp-content\/uploads\/2018\/07\/ismartgate_header_logo_2x.gif","contentUrl":"https:\/\/ismartgate.com\/wp-content\/uploads\/2018\/07\/ismartgate_header_logo_2x.gif","width":378,"height":56,"caption":"ismartgate"},"image":{"@id":"https:\/\/ismartgate.com\/#\/schema\/logo\/image\/"},"sameAs":["https:\/\/www.facebook.com\/ismartgateofficial\/","https:\/\/x.com\/ismartgate_ww","https:\/\/www.youtube.com\/channel\/UCY7edN3zimmxIXJ3tnFMp8A"]}]}},"_links":{"self":[{"href":"https:\/\/ismartgate.com\/pl\/wp-json\/wp\/v2\/pages\/751","targetHints":{"allow":["GET"]}}],"collection":[{"href":"https:\/\/ismartgate.com\/pl\/wp-json\/wp\/v2\/pages"}],"about":[{"href":"https:\/\/ismartgate.com\/pl\/wp-json\/wp\/v2\/types\/page"}],"author":[{"embeddable":true,"href":"https:\/\/ismartgate.com\/pl\/wp-json\/wp\/v2\/users\/5"}],"replies":[{"embeddable":true,"href":"https:\/\/ismartgate.com\/pl\/wp-json\/wp\/v2\/comments?post=751"}],"version-history":[{"count":4,"href":"https:\/\/ismartgate.com\/pl\/wp-json\/wp\/v2\/pages\/751\/revisions"}],"predecessor-version":[{"id":31564,"href":"https:\/\/ismartgate.com\/pl\/wp-json\/wp\/v2\/pages\/751\/revisions\/31564"}],"wp:attachment":[{"href":"https:\/\/ismartgate.com\/pl\/wp-json\/wp\/v2\/media?parent=751"}],"curies":[{"name":"wp","href":"https:\/\/api.w.org\/{rel}","templated":true}]}}