{"id":41007,"date":"2024-04-26T10:42:05","date_gmt":"2024-04-26T09:42:05","guid":{"rendered":"https:\/\/ismartgate.com\/?page_id=41007"},"modified":"2024-05-16T14:20:24","modified_gmt":"2024-05-16T13:20:24","slug":"bramy-garazowe-tematy-ogolne","status":"publish","type":"page","link":"https:\/\/ismartgate.com\/pl\/garage-doors-and-gates-general-topics\/","title":{"rendered":"Bramy i drzwi gara\u017cowe - tematy og\u00f3lne"},"content":{"rendered":"<div class=\"fusion-fullwidth fullwidth-box fusion-builder-row-1 nonhundred-percent-fullwidth non-hundred-percent-height-scrolling fusion-equal-height-columns\" style=\"--awb-border-radius-top-left:0px;--awb-border-radius-top-right:0px;--awb-border-radius-bottom-right:0px;--awb-border-radius-bottom-left:0px;--awb-padding-top:20px;--awb-padding-bottom:20px;--awb-flex-wrap:wrap;\" ><div class=\"fusion-builder-row fusion-row\"><div class=\"fusion-layout-column fusion_builder_column fusion-builder-column-0 fusion_builder_column_1_1 1_1 fusion-one-full fusion-column-first fusion-column-last\" style=\"--awb-bg-size:cover;\"><div class=\"fusion-column-wrapper fusion-flex-column-wrapper-legacy\"><div class=\"fusion-column-content-centered\"><div class=\"fusion-column-content\"><div class=\"fusion-text fusion-text-1\" style=\"--awb-text-transform:none;\"><h1 style=\"text-align: center;\">Bramy i drzwi gara\u017cowe - tematy og\u00f3lne<\/h1>\n<\/div><div class=\"fusion-sep-clear\"><\/div><div class=\"fusion-separator fusion-full-width-sep\" style=\"margin-left: auto;margin-right: auto;margin-top:5px;margin-bottom:5px;width:100%;\"><\/div><div class=\"fusion-sep-clear\"><\/div><div class=\"fusion-text fusion-text-2\" style=\"--awb-text-transform:none;\"><p style=\"text-align: center; line-height: 2;\"><strong><a href=\"https:\/\/ismartgate.com\/pl\/jak-wymienic-baterie-w-3-przyciskowym-pilocie-genie\/\">- Jak wymieni\u0107 bateri\u0119 w pilocie 3-przyciskowym genie?<\/a><br \/>\n<a href=\"https:\/\/ismartgate.com\/pl\/konfiguracja-otwieracza-drzwi-garazowych-homekit-przy-uzyciu-ismartgate\/\">- Konfiguracja otwieracza drzwi gara\u017cowych HomeKit przy u\u017cyciu ismartgate<\/a><br \/>\n<a href=\"https:\/\/ismartgate.com\/pl\/jak-sprawic-by-brama-garazowa-byla-inteligentna\/\">- Jak uczyni\u0107 bram\u0119 gara\u017cow\u0105 inteligentn\u0105<\/a><br \/>\n<a href=\"https:\/\/ismartgate.com\/pl\/ismargate-jak-zrobic-inteligentny-mechanizm-otwierania-drzwi-garazowych\/\">- Jak uczyni\u0107 bram\u0119 gara\u017cow\u0105 inteligentn\u0105<\/a><br \/>\n<a href=\"\/pl\/jak-zainstalowac-inteligentny-mechanizm-otwierania-drzwi-garazowych-chamberlain\/\">- Jak zainstalowa\u0107 inteligentny mechanizm otwierania drzwi gara\u017cowych Chamberlain?<\/a><\/strong><strong><br \/>\n<a href=\"\/pl\/czy-inteligentne-otwieracze-do-bram-garazowych-sa-bezpieczne\/\">- Czy inteligentne mechanizmy otwierania gara\u017cu s\u0105 bezpieczne?<\/a><br \/>\n<a href=\"\/pl\/czy-moge-sprawic-by-moj-otwieracz-drzwi-garazowych-byl-inteligentny\/\">- Czy mog\u0119 sprawi\u0107, by m\u00f3j mechanizm otwierania drzwi gara\u017cowych by\u0142 inteligentny?<\/a><br \/>\n<a href=\"\/pl\/inteligentny-mechanizm-otwierania-drzwi-garazowych-z-apple-homekit\/\">- Inteligentny mechanizm otwierania drzwi gara\u017cowych z Apple HomeKit<\/a><br \/>\n<a href=\"\/pl\/inteligentny-mechanizm-otwierania-drzwi-garazowych-z-google-home\/\">- Inteligentny mechanizm otwierania drzwi gara\u017cowych z Google Home<\/a><br \/>\n<a href=\"\/pl\/inteligentny-mechanizm-otwierania-drzwi-garazowych-z-amazon-alexa\/\">- Inteligentny mechanizm otwierania drzwi gara\u017cowych z Amazon Alexa<\/a><br \/>\n<a href=\"https:\/\/ismartgate.com\/pl\/inteligentny-mechanizm-otwierania-drzwi-garazowych-z-samsung-smartthings\/\">- Inteligentny mechanizm otwierania drzwi gara\u017cowych z Samsung SmartThings<\/a><br \/>\n<a href=\"https:\/\/ismartgate.com\/pl\/inteligentny-otwieracz-drzwi-garazowych-z-ifttt\/\">- Inteligentny mechanizm otwierania drzwi gara\u017cowych z IFTTT<\/a><br \/>\n<a href=\"https:\/\/ismartgate.com\/pl\/czy-moge-dodac-wifi-do-mojego-mechanizmu-otwierania-drzwi-garazowych\/\">- Czy mog\u0119 doda\u0107 Wi-Fi do mechanizmu otwierania drzwi gara\u017cowych?<\/a><br \/>\n<a href=\"https:\/\/ismartgate.com\/pl\/jak-wymienic-baterie-w-modelu-chamberlain-953ev\/\">- Jak wymieni\u0107 bateri\u0119 w modelu Chamberlain 953EV<\/a><br \/>\n<a href=\"https:\/\/ismartgate.com\/pl\/jak-wymienic-baterie-w-modelu-chamberlain-953ev-p2\/\">- Jak wymieni\u0107 bateri\u0119 w modelu Chamberlain 953EV-P2<\/a><br \/>\n<a href=\"https:\/\/ismartgate.com\/pl\/jak-wymienic-baterie-w-modelu-chamberlain-953evc\/\">- Jak wymieni\u0107 bateri\u0119 w modelu Chamberlain 953EVC<\/a><br \/>\n<a href=\"https:\/\/ismartgate.com\/pl\/jak-wymienic-baterie-w-modelu-chamberlain-953evc-p2\/\">- Jak wymieni\u0107 bateri\u0119 w modelu Chamberlain 953EVC-P2<\/a><br \/>\n<a href=\"https:\/\/ismartgate.com\/pl\/jak-wymienic-baterie-w-modelu-chamberlain-956ev\/\">- Jak wymieni\u0107 bateri\u0119 w modelu Chamberlain 956EV<\/a><br \/>\n<a href=\"https:\/\/ismartgate.com\/pl\/jak-wymienic-baterie-w-modelu-chamberlain-956ev-p2\/\">- Jak wymieni\u0107 bateri\u0119 w modelu Chamberlain 956EV-P2<\/a><br \/>\n<a href=\"https:\/\/ismartgate.com\/pl\/jak-wymienic-baterie-w-modelu-chamberlain-956evc\/\">- Jak wymieni\u0107 bateri\u0119 w modelu Chamberlain 956EVC<\/a><br \/>\n<a href=\"https:\/\/ismartgate.com\/pl\/jak-wymienic-baterie-w-modelu-chamberlain-956evc-p2\/\">- Jak wymieni\u0107 bateri\u0119 w modelu Chamberlain 956EVC-p2<\/a><br \/>\n<a href=\"https:\/\/ismartgate.com\/pl\/inteligentny-otwieracz-drzwi-garazowych-myq-alternatywa\/\">- Inteligentny otwieracz drzwi gara\u017cowych myQ - alternatywa<\/a><br \/>\n<\/strong><\/p>\n<\/div><\/div><\/div><div class=\"fusion-clearfix\"><\/div><\/div><\/div><\/div><\/div>","protected":false},"excerpt":{"rendered":"","protected":false},"author":5,"featured_media":0,"parent":0,"menu_order":0,"comment_status":"closed","ping_status":"open","template":"100-width.php","meta":{"footnotes":""},"class_list":["post-41007","page","type-page","status-publish","hentry"],"yoast_head":"<!-- This site is optimized with the Yoast SEO Premium plugin v27.3 (Yoast SEO v27.3) - https:\/\/yoast.com\/product\/yoast-seo-premium-wordpress\/ -->\n<title>Garage doors and gates general topics - ismartgate<\/title>\n<meta name=\"description\" content=\"Discover all general topics required regarding smart garage door openers to select the perfect ismartgate your householde.\" \/>\n<meta name=\"robots\" content=\"index, follow, max-snippet:-1, max-image-preview:large, max-video-preview:-1\" \/>\n<link rel=\"canonical\" href=\"https:\/\/ismartgate.com\/pl\/bramy-garazowe-tematy-ogolne\/\" \/>\n<meta property=\"og:locale\" content=\"pl_PL\" \/>\n<meta property=\"og:type\" content=\"article\" \/>\n<meta property=\"og:title\" content=\"Garage doors and gates general topics\" \/>\n<meta property=\"og:description\" content=\"Discover all general topics required regarding smart garage door openers to select the perfect ismartgate your householde.\" \/>\n<meta property=\"og:url\" content=\"https:\/\/ismartgate.com\/pl\/bramy-garazowe-tematy-ogolne\/\" \/>\n<meta property=\"og:site_name\" content=\"ismartgate\" \/>\n<meta property=\"article:publisher\" content=\"https:\/\/www.facebook.com\/ismartgateofficial\/\" \/>\n<meta property=\"article:modified_time\" content=\"2024-05-16T13:20:24+00:00\" \/>\n<meta name=\"twitter:card\" content=\"summary_large_image\" \/>\n<meta name=\"twitter:site\" content=\"@ismartgate_ww\" \/>\n<meta name=\"twitter:label1\" content=\"Szacowany czas czytania\" \/>\n\t<meta name=\"twitter:data1\" content=\"1 minuta\" \/>\n<script type=\"application\/ld+json\" class=\"yoast-schema-graph\">{\"@context\":\"https:\\\/\\\/schema.org\",\"@graph\":[{\"@type\":\"WebPage\",\"@id\":\"https:\\\/\\\/ismartgate.com\\\/garage-doors-and-gates-general-topics\\\/\",\"url\":\"https:\\\/\\\/ismartgate.com\\\/garage-doors-and-gates-general-topics\\\/\",\"name\":\"Garage doors and gates general topics - ismartgate\",\"isPartOf\":{\"@id\":\"https:\\\/\\\/ismartgate.com\\\/#website\"},\"datePublished\":\"2024-04-26T09:42:05+00:00\",\"dateModified\":\"2024-05-16T13:20:24+00:00\",\"description\":\"Discover all general topics required regarding smart garage door openers to select the perfect ismartgate your householde.\",\"breadcrumb\":{\"@id\":\"https:\\\/\\\/ismartgate.com\\\/garage-doors-and-gates-general-topics\\\/#breadcrumb\"},\"inLanguage\":\"pl-PL\",\"potentialAction\":[{\"@type\":\"ReadAction\",\"target\":[\"https:\\\/\\\/ismartgate.com\\\/garage-doors-and-gates-general-topics\\\/\"]}]},{\"@type\":\"BreadcrumbList\",\"@id\":\"https:\\\/\\\/ismartgate.com\\\/garage-doors-and-gates-general-topics\\\/#breadcrumb\",\"itemListElement\":[{\"@type\":\"ListItem\",\"position\":1,\"name\":\"Home\",\"item\":\"https:\\\/\\\/ismartgate.com\\\/\"},{\"@type\":\"ListItem\",\"position\":2,\"name\":\"Garage doors and gates general topics\"}]},{\"@type\":\"WebSite\",\"@id\":\"https:\\\/\\\/ismartgate.com\\\/#website\",\"url\":\"https:\\\/\\\/ismartgate.com\\\/\",\"name\":\"ismartgate\",\"description\":\"The best Smart Garage Door Opener compatible with Apple HomeKit\",\"publisher\":{\"@id\":\"https:\\\/\\\/ismartgate.com\\\/#organization\"},\"inLanguage\":\"pl-PL\"},{\"@type\":\"Organization\",\"@id\":\"https:\\\/\\\/ismartgate.com\\\/#organization\",\"name\":\"ismartgate\",\"url\":\"https:\\\/\\\/ismartgate.com\\\/\",\"logo\":{\"@type\":\"ImageObject\",\"inLanguage\":\"pl-PL\",\"@id\":\"https:\\\/\\\/ismartgate.com\\\/#\\\/schema\\\/logo\\\/image\\\/\",\"url\":\"https:\\\/\\\/ismartgate.com\\\/wp-content\\\/uploads\\\/2018\\\/07\\\/ismartgate_header_logo_2x.gif\",\"contentUrl\":\"https:\\\/\\\/ismartgate.com\\\/wp-content\\\/uploads\\\/2018\\\/07\\\/ismartgate_header_logo_2x.gif\",\"width\":378,\"height\":56,\"caption\":\"ismartgate\"},\"image\":{\"@id\":\"https:\\\/\\\/ismartgate.com\\\/#\\\/schema\\\/logo\\\/image\\\/\"},\"sameAs\":[\"https:\\\/\\\/www.facebook.com\\\/ismartgateofficial\\\/\",\"https:\\\/\\\/x.com\\\/ismartgate_ww\",\"https:\\\/\\\/www.youtube.com\\\/channel\\\/UCY7edN3zimmxIXJ3tnFMp8A\"]}]}<\/script>\n<!-- \/ Yoast SEO Premium plugin. -->","yoast_head_json":{"title":"Og\u00f3lne tematy dotycz\u0105ce bram gara\u017cowych - ismartgate","description":"Odkryj wszystkie og\u00f3lne tematy dotycz\u0105ce inteligentnych otwieraczy do bram gara\u017cowych, aby wybra\u0107 idealny ismartgate do swojego domu.","robots":{"index":"index","follow":"follow","max-snippet":"max-snippet:-1","max-image-preview":"max-image-preview:large","max-video-preview":"max-video-preview:-1"},"canonical":"https:\/\/ismartgate.com\/pl\/bramy-garazowe-tematy-ogolne\/","og_locale":"pl_PL","og_type":"article","og_title":"Garage doors and gates general topics","og_description":"Discover all general topics required regarding smart garage door openers to select the perfect ismartgate your householde.","og_url":"https:\/\/ismartgate.com\/pl\/bramy-garazowe-tematy-ogolne\/","og_site_name":"ismartgate","article_publisher":"https:\/\/www.facebook.com\/ismartgateofficial\/","article_modified_time":"2024-05-16T13:20:24+00:00","twitter_card":"summary_large_image","twitter_site":"@ismartgate_ww","twitter_misc":{"Szacowany czas czytania":"1 minuta"},"schema":{"@context":"https:\/\/schema.org","@graph":[{"@type":"WebPage","@id":"https:\/\/ismartgate.com\/garage-doors-and-gates-general-topics\/","url":"https:\/\/ismartgate.com\/garage-doors-and-gates-general-topics\/","name":"Og\u00f3lne tematy dotycz\u0105ce bram gara\u017cowych - ismartgate","isPartOf":{"@id":"https:\/\/ismartgate.com\/#website"},"datePublished":"2024-04-26T09:42:05+00:00","dateModified":"2024-05-16T13:20:24+00:00","description":"Odkryj wszystkie og\u00f3lne tematy dotycz\u0105ce inteligentnych otwieraczy do bram gara\u017cowych, aby wybra\u0107 idealny ismartgate do swojego domu.","breadcrumb":{"@id":"https:\/\/ismartgate.com\/garage-doors-and-gates-general-topics\/#breadcrumb"},"inLanguage":"pl-PL","potentialAction":[{"@type":"ReadAction","target":["https:\/\/ismartgate.com\/garage-doors-and-gates-general-topics\/"]}]},{"@type":"BreadcrumbList","@id":"https:\/\/ismartgate.com\/garage-doors-and-gates-general-topics\/#breadcrumb","itemListElement":[{"@type":"ListItem","position":1,"name":"Home","item":"https:\/\/ismartgate.com\/"},{"@type":"ListItem","position":2,"name":"Garage doors and gates general topics"}]},{"@type":"WebSite","@id":"https:\/\/ismartgate.com\/#website","url":"https:\/\/ismartgate.com\/","name":"ismartgate","description":"Najlepszy inteligentny mechanizm otwierania drzwi gara\u017cowych kompatybilny z Apple HomeKit","publisher":{"@id":"https:\/\/ismartgate.com\/#organization"},"inLanguage":"pl-PL"},{"@type":"Organization","@id":"https:\/\/ismartgate.com\/#organization","name":"ismartgate","url":"https:\/\/ismartgate.com\/","logo":{"@type":"ImageObject","inLanguage":"pl-PL","@id":"https:\/\/ismartgate.com\/#\/schema\/logo\/image\/","url":"https:\/\/ismartgate.com\/wp-content\/uploads\/2018\/07\/ismartgate_header_logo_2x.gif","contentUrl":"https:\/\/ismartgate.com\/wp-content\/uploads\/2018\/07\/ismartgate_header_logo_2x.gif","width":378,"height":56,"caption":"ismartgate"},"image":{"@id":"https:\/\/ismartgate.com\/#\/schema\/logo\/image\/"},"sameAs":["https:\/\/www.facebook.com\/ismartgateofficial\/","https:\/\/x.com\/ismartgate_ww","https:\/\/www.youtube.com\/channel\/UCY7edN3zimmxIXJ3tnFMp8A"]}]}},"_links":{"self":[{"href":"https:\/\/ismartgate.com\/pl\/wp-json\/wp\/v2\/pages\/41007","targetHints":{"allow":["GET"]}}],"collection":[{"href":"https:\/\/ismartgate.com\/pl\/wp-json\/wp\/v2\/pages"}],"about":[{"href":"https:\/\/ismartgate.com\/pl\/wp-json\/wp\/v2\/types\/page"}],"author":[{"embeddable":true,"href":"https:\/\/ismartgate.com\/pl\/wp-json\/wp\/v2\/users\/5"}],"replies":[{"embeddable":true,"href":"https:\/\/ismartgate.com\/pl\/wp-json\/wp\/v2\/comments?post=41007"}],"version-history":[{"count":32,"href":"https:\/\/ismartgate.com\/pl\/wp-json\/wp\/v2\/pages\/41007\/revisions"}],"predecessor-version":[{"id":47181,"href":"https:\/\/ismartgate.com\/pl\/wp-json\/wp\/v2\/pages\/41007\/revisions\/47181"}],"wp:attachment":[{"href":"https:\/\/ismartgate.com\/pl\/wp-json\/wp\/v2\/media?parent=41007"}],"curies":[{"name":"wp","href":"https:\/\/api.w.org\/{rel}","templated":true}]}}