{"id":3954,"date":"2021-01-11T11:29:12","date_gmt":"2021-01-11T11:29:12","guid":{"rendered":"https:\/\/ismartgate.com\/?page_id=3954"},"modified":"2023-11-13T06:24:44","modified_gmt":"2023-11-13T06:24:44","slug":"888lm","status":"publish","type":"page","link":"https:\/\/ismartgate.com\/pl\/888lm\/","title":{"rendered":"888LM"},"content":{"rendered":"<p><div class=\"fusion-fullwidth fullwidth-box fusion-builder-row-1 nonhundred-percent-fullwidth non-hundred-percent-height-scrolling\" style=\"--awb-border-radius-top-left:0px;--awb-border-radius-top-right:0px;--awb-border-radius-bottom-right:0px;--awb-border-radius-bottom-left:0px;--awb-flex-wrap:wrap;\" ><div class=\"fusion-builder-row fusion-row\"><div class=\"fusion-layout-column fusion_builder_column fusion-builder-column-0 fusion_builder_column_1_1 1_1 fusion-one-full fusion-column-first fusion-column-last\" style=\"--awb-bg-size:cover;\"><div class=\"fusion-column-wrapper fusion-flex-column-wrapper-legacy\"><div class=\"fusion-text fusion-text-1\"><h1 style=\"text-align: center;\">Adapter prze\u0142\u0105cznika<\/h1>\n<\/div><div class=\"fusion-text fusion-text-2\"><h4 style=\"text-align: center;\"><span style=\"color: #000000;\">LIFTMASTER 888LM<\/span><\/h4>\n<\/div><div class=\"fusion-clearfix\"><\/div><\/div><\/div><div class=\"fusion-layout-column fusion_builder_column fusion-builder-column-1 fusion_builder_column_1_1 1_1 fusion-one-full fusion-column-first fusion-column-last\" style=\"--awb-bg-size:cover;\"><div class=\"fusion-column-wrapper fusion-flex-column-wrapper-legacy\"><div class=\"fusion-video fusion-youtube fusion-aligncenter\" style=\"--awb-max-width:640px;--awb-max-height:360px;--awb-width:100%;\"><div class=\"video-shortcode\"><div class=\"fluid-width-video-wrapper\" style=\"padding-top:56.25%;\" ><iframe title=\"Odtwarzacz wideo YouTube 1\" src=\"https:\/\/www.youtube.com\/embed\/HQBLEDIsRk8?wmode=transparent&autoplay=0\" width=\"640\" height=\"360\" allowfullscreen allow=\"autoplay; clipboard-write; encrypted-media; gyroscope; picture-in-picture;\"><\/iframe><\/div><\/div><\/div><div class=\"fusion-clearfix\"><\/div><\/div><\/div><\/div><\/div><div class=\"fusion-fullwidth fullwidth-box fusion-builder-row-2 nonhundred-percent-fullwidth non-hundred-percent-height-scrolling\" style=\"--awb-border-radius-top-left:0px;--awb-border-radius-top-right:0px;--awb-border-radius-bottom-right:0px;--awb-border-radius-bottom-left:0px;--awb-flex-wrap:wrap;\" ><div class=\"fusion-builder-row fusion-row\"><div class=\"fusion-layout-column fusion_builder_column fusion-builder-column-2 fusion_builder_column_1_1 1_1 fusion-one-full fusion-column-first fusion-column-last\" style=\"--awb-bg-size:cover;\"><div class=\"fusion-column-wrapper fusion-flex-column-wrapper-legacy\"><div class=\"fusion-aligncenter\"><a class=\"fusion-button button-flat fusion-button-default-size button-default fusion-button-default button-1 fusion-button-default-span fusion-button-default-type\" target=\"_self\" href=\"https:\/\/ismartgate.com\/pl\/ismartgatekompatybilny-z-liftmaster-chamberlain-i-craftsman\/\"><span class=\"fusion-button-text awb-button__text awb-button__text--default\">&lt; BACK <\/span><\/a><\/div><div class=\"fusion-clearfix\"><\/div><\/div><\/div><\/div><\/div><\/p>","protected":false},"excerpt":{"rendered":"","protected":false},"author":5,"featured_media":0,"parent":0,"menu_order":0,"comment_status":"closed","ping_status":"closed","template":"","meta":{"footnotes":""},"class_list":["post-3954","page","type-page","status-publish","hentry"],"yoast_head":"<!-- This site is optimized with the Yoast SEO Premium plugin v27.3 (Yoast SEO v27.3) - https:\/\/yoast.com\/product\/yoast-seo-premium-wordpress\/ -->\n<title>LIFTMASTER 888LM installation video guide - ismartgate<\/title>\n<meta name=\"description\" content=\"LIFTMASTER 88LM switch adaptor video installation guide. Check the video guide now!\" \/>\n<meta name=\"robots\" content=\"index, follow, max-snippet:-1, max-image-preview:large, max-video-preview:-1\" \/>\n<link rel=\"canonical\" href=\"https:\/\/ismartgate.com\/pl\/888lm\/\" \/>\n<meta property=\"og:locale\" content=\"pl_PL\" \/>\n<meta property=\"og:type\" content=\"article\" \/>\n<meta property=\"og:title\" content=\"888LM\" \/>\n<meta property=\"og:description\" content=\"LIFTMASTER 88LM switch adaptor video installation guide. Check the video guide now!\" \/>\n<meta property=\"og:url\" content=\"https:\/\/ismartgate.com\/pl\/888lm\/\" \/>\n<meta property=\"og:site_name\" content=\"ismartgate\" \/>\n<meta property=\"article:publisher\" content=\"https:\/\/www.facebook.com\/ismartgateofficial\/\" \/>\n<meta property=\"article:modified_time\" content=\"2023-11-13T06:24:44+00:00\" \/>\n<meta name=\"twitter:card\" content=\"summary_large_image\" \/>\n<meta name=\"twitter:site\" content=\"@ismartgate_ww\" \/>\n<meta name=\"twitter:label1\" content=\"Szacowany czas czytania\" \/>\n\t<meta name=\"twitter:data1\" content=\"4 minuty\" \/>\n<script type=\"application\/ld+json\" class=\"yoast-schema-graph\">{\"@context\":\"https:\\\/\\\/schema.org\",\"@graph\":[{\"@type\":\"WebPage\",\"@id\":\"https:\\\/\\\/ismartgate.com\\\/888lm\\\/\",\"url\":\"https:\\\/\\\/ismartgate.com\\\/888lm\\\/\",\"name\":\"LIFTMASTER 888LM installation video guide - ismartgate\",\"isPartOf\":{\"@id\":\"https:\\\/\\\/ismartgate.com\\\/#website\"},\"datePublished\":\"2021-01-11T11:29:12+00:00\",\"dateModified\":\"2023-11-13T06:24:44+00:00\",\"description\":\"LIFTMASTER 88LM switch adaptor video installation guide. Check the video guide now!\",\"breadcrumb\":{\"@id\":\"https:\\\/\\\/ismartgate.com\\\/888lm\\\/#breadcrumb\"},\"inLanguage\":\"pl-PL\",\"potentialAction\":[{\"@type\":\"ReadAction\",\"target\":[\"https:\\\/\\\/ismartgate.com\\\/888lm\\\/\"]}]},{\"@type\":\"BreadcrumbList\",\"@id\":\"https:\\\/\\\/ismartgate.com\\\/888lm\\\/#breadcrumb\",\"itemListElement\":[{\"@type\":\"ListItem\",\"position\":1,\"name\":\"Home\",\"item\":\"https:\\\/\\\/ismartgate.com\\\/\"},{\"@type\":\"ListItem\",\"position\":2,\"name\":\"888LM\"}]},{\"@type\":\"WebSite\",\"@id\":\"https:\\\/\\\/ismartgate.com\\\/#website\",\"url\":\"https:\\\/\\\/ismartgate.com\\\/\",\"name\":\"ismartgate\",\"description\":\"The best Smart Garage Door Opener compatible with Apple HomeKit\",\"publisher\":{\"@id\":\"https:\\\/\\\/ismartgate.com\\\/#organization\"},\"inLanguage\":\"pl-PL\"},{\"@type\":\"Organization\",\"@id\":\"https:\\\/\\\/ismartgate.com\\\/#organization\",\"name\":\"ismartgate\",\"url\":\"https:\\\/\\\/ismartgate.com\\\/\",\"logo\":{\"@type\":\"ImageObject\",\"inLanguage\":\"pl-PL\",\"@id\":\"https:\\\/\\\/ismartgate.com\\\/#\\\/schema\\\/logo\\\/image\\\/\",\"url\":\"https:\\\/\\\/ismartgate.com\\\/wp-content\\\/uploads\\\/2018\\\/07\\\/ismartgate_header_logo_2x.gif\",\"contentUrl\":\"https:\\\/\\\/ismartgate.com\\\/wp-content\\\/uploads\\\/2018\\\/07\\\/ismartgate_header_logo_2x.gif\",\"width\":378,\"height\":56,\"caption\":\"ismartgate\"},\"image\":{\"@id\":\"https:\\\/\\\/ismartgate.com\\\/#\\\/schema\\\/logo\\\/image\\\/\"},\"sameAs\":[\"https:\\\/\\\/www.facebook.com\\\/ismartgateofficial\\\/\",\"https:\\\/\\\/x.com\\\/ismartgate_ww\",\"https:\\\/\\\/www.youtube.com\\\/channel\\\/UCY7edN3zimmxIXJ3tnFMp8A\"]}]}<\/script>\n<!-- \/ Yoast SEO Premium plugin. -->","yoast_head_json":{"title":"Instrukcja wideo instalacji LIFTMASTER 888LM - ismartgate","description":"Instrukcja instalacji wideo adaptera prze\u0142\u0105cznika LIFTMASTER 88LM. Sprawd\u017a przewodnik wideo ju\u017c teraz!","robots":{"index":"index","follow":"follow","max-snippet":"max-snippet:-1","max-image-preview":"max-image-preview:large","max-video-preview":"max-video-preview:-1"},"canonical":"https:\/\/ismartgate.com\/pl\/888lm\/","og_locale":"pl_PL","og_type":"article","og_title":"888LM","og_description":"LIFTMASTER 88LM switch adaptor video installation guide. Check the video guide now!","og_url":"https:\/\/ismartgate.com\/pl\/888lm\/","og_site_name":"ismartgate","article_publisher":"https:\/\/www.facebook.com\/ismartgateofficial\/","article_modified_time":"2023-11-13T06:24:44+00:00","twitter_card":"summary_large_image","twitter_site":"@ismartgate_ww","twitter_misc":{"Szacowany czas czytania":"4 minuty"},"schema":{"@context":"https:\/\/schema.org","@graph":[{"@type":"WebPage","@id":"https:\/\/ismartgate.com\/888lm\/","url":"https:\/\/ismartgate.com\/888lm\/","name":"Instrukcja wideo instalacji LIFTMASTER 888LM - ismartgate","isPartOf":{"@id":"https:\/\/ismartgate.com\/#website"},"datePublished":"2021-01-11T11:29:12+00:00","dateModified":"2023-11-13T06:24:44+00:00","description":"Instrukcja instalacji wideo adaptera prze\u0142\u0105cznika LIFTMASTER 88LM. Sprawd\u017a przewodnik wideo ju\u017c teraz!","breadcrumb":{"@id":"https:\/\/ismartgate.com\/888lm\/#breadcrumb"},"inLanguage":"pl-PL","potentialAction":[{"@type":"ReadAction","target":["https:\/\/ismartgate.com\/888lm\/"]}]},{"@type":"BreadcrumbList","@id":"https:\/\/ismartgate.com\/888lm\/#breadcrumb","itemListElement":[{"@type":"ListItem","position":1,"name":"Home","item":"https:\/\/ismartgate.com\/"},{"@type":"ListItem","position":2,"name":"888LM"}]},{"@type":"WebSite","@id":"https:\/\/ismartgate.com\/#website","url":"https:\/\/ismartgate.com\/","name":"ismartgate","description":"Najlepszy inteligentny mechanizm otwierania drzwi gara\u017cowych kompatybilny z Apple HomeKit","publisher":{"@id":"https:\/\/ismartgate.com\/#organization"},"inLanguage":"pl-PL"},{"@type":"Organization","@id":"https:\/\/ismartgate.com\/#organization","name":"ismartgate","url":"https:\/\/ismartgate.com\/","logo":{"@type":"ImageObject","inLanguage":"pl-PL","@id":"https:\/\/ismartgate.com\/#\/schema\/logo\/image\/","url":"https:\/\/ismartgate.com\/wp-content\/uploads\/2018\/07\/ismartgate_header_logo_2x.gif","contentUrl":"https:\/\/ismartgate.com\/wp-content\/uploads\/2018\/07\/ismartgate_header_logo_2x.gif","width":378,"height":56,"caption":"ismartgate"},"image":{"@id":"https:\/\/ismartgate.com\/#\/schema\/logo\/image\/"},"sameAs":["https:\/\/www.facebook.com\/ismartgateofficial\/","https:\/\/x.com\/ismartgate_ww","https:\/\/www.youtube.com\/channel\/UCY7edN3zimmxIXJ3tnFMp8A"]}]}},"_links":{"self":[{"href":"https:\/\/ismartgate.com\/pl\/wp-json\/wp\/v2\/pages\/3954","targetHints":{"allow":["GET"]}}],"collection":[{"href":"https:\/\/ismartgate.com\/pl\/wp-json\/wp\/v2\/pages"}],"about":[{"href":"https:\/\/ismartgate.com\/pl\/wp-json\/wp\/v2\/types\/page"}],"author":[{"embeddable":true,"href":"https:\/\/ismartgate.com\/pl\/wp-json\/wp\/v2\/users\/5"}],"replies":[{"embeddable":true,"href":"https:\/\/ismartgate.com\/pl\/wp-json\/wp\/v2\/comments?post=3954"}],"version-history":[{"count":11,"href":"https:\/\/ismartgate.com\/pl\/wp-json\/wp\/v2\/pages\/3954\/revisions"}],"predecessor-version":[{"id":38751,"href":"https:\/\/ismartgate.com\/pl\/wp-json\/wp\/v2\/pages\/3954\/revisions\/38751"}],"wp:attachment":[{"href":"https:\/\/ismartgate.com\/pl\/wp-json\/wp\/v2\/media?parent=3954"}],"curies":[{"name":"wp","href":"https:\/\/api.w.org\/{rel}","templated":true}]}}