{"id":687,"date":"2019-02-18T11:55:55","date_gmt":"2019-02-18T11:55:55","guid":{"rendered":"https:\/\/ismartgate.com\/?page_id=687"},"modified":"2022-08-08T07:47:09","modified_gmt":"2022-08-08T06:47:09","slug":"garanti","status":"publish","type":"page","link":"https:\/\/ismartgate.com\/nb\/warranty\/","title":{"rendered":"Garanti"},"content":{"rendered":"<div class=\"fusion-fullwidth fullwidth-box fusion-builder-row-1 nonhundred-percent-fullwidth non-hundred-percent-height-scrolling fusion-equal-height-columns\" style=\"--awb-border-radius-top-left:0px;--awb-border-radius-top-right:0px;--awb-border-radius-bottom-right:0px;--awb-border-radius-bottom-left:0px;--awb-padding-top:20px;--awb-padding-bottom:20px;--awb-flex-wrap:wrap;\" ><div class=\"fusion-builder-row fusion-row\"><div class=\"fusion-layout-column fusion_builder_column fusion-builder-column-0 fusion_builder_column_1_1 1_1 fusion-one-full fusion-column-first fusion-column-last\" style=\"--awb-bg-size:cover;\"><div class=\"fusion-column-wrapper fusion-flex-column-wrapper-legacy\"><div class=\"fusion-column-content-centered\"><div class=\"fusion-column-content\"><div class=\"fusion-text fusion-text-1\"><h1 data-fontsize=\"30\" data-lineheight=\"45\">Produktgaranti og retningslinjer for retur<\/h1>\n<\/div><div class=\"fusion-sep-clear\"><\/div><div class=\"fusion-separator fusion-full-width-sep\" style=\"margin-left: auto;margin-right: auto;margin-top:5px;margin-bottom:5px;width:100%;\"><\/div><div class=\"fusion-sep-clear\"><\/div><div class=\"fusion-text fusion-text-2\"><p id=\"u28687-5\" class=\"Explicacion\">Vennligst les dette dokumentet n\u00f8ye, da det omhandler dine rettigheter i forbindelse med dette produktet, samt eventuelle begrensninger som kan gjelde.<\/p>\n<p id=\"u28687-8\" class=\"Explicacion\"><strong>Retningslinjer for begrenset garanti:<\/strong> ismartgate-produktene og alle andre produkter p\u00e5 dette nettstedet (med mindre annet er spesifisert) leveres med ett (1) \u00e5rs garanti mot mekaniske og elektriske defekter, forutsatt at produktene har blitt brukt i samsvar med den medf\u00f8lgende dokumentasjonen. Garantiperioden p\u00e5 1 \u00e5r begynner \u00e5 l\u00f8pe fra og med kj\u00f8psdatoen til brukeren av enheten. Hvis kunden ikke har originalt kj\u00f8psbevis, vil Gogogate INC. avgj\u00f8re om garantien gjelder via produksjonsdatoen.<\/p>\n<p id=\"u28687-13\" class=\"Explicacion\">Hvis produktet v\u00e5rt svikter, vil vi enten 1) erstatte eller reparere produktet ditt eller 2) bestemme oss for \u00e5 refundere kj\u00f8pesummen du har betalt for produktet, og det foreg\u00e5ende vil v\u00e6re kundens eneste rettsmiddel ved brudd p\u00e5 denne garantien. Produkter kan erstattes av renoverte enheter eller av andre modeller med lignende funksjonalitet. Du forst\u00e5r ogs\u00e5 at ovennevnte alternativer vil bli implementert etter Gogogate INC. eller GOGOGATE INC. sitt eget skj\u00f8nn.<\/p>\n<p id=\"u28687-17\" class=\"Explicacion\">V\u00e5r begrensede garanti kan overf\u00f8res fra den opprinnelige kunden til en senere eier, men garantiperioden vil ikke bli forlenget i varighet eller dekning som en konsekvens av denne eierskapsoverf\u00f8ringen.<\/p>\n<p id=\"u28687-19\" class=\"Explicacion\">Gogogate INC. p\u00e5tar seg ingen garantiforpliktelser med hensyn til a) normal slitasje, b) produkter uten utf\u00f8relses- eller produktfeil, c) feil bruk, misbruk, uaktsomhet, ulykker, svindel, c) bruk av feil spenning (dette er en lavspenningsenhet), d) naturkatastrofer, e) ikke-autorisert eller ikke tiltenkt bruk av produktet, f) forbruksdeler som batterier.<\/p>\n<p id=\"u28687-22\" class=\"Explicacion\">MED UNNTAK AV DET SOM ER ANGITT OVENFOR I DENNE BEGRENSEDE GARANTIEN, LEVERES V\u00c5RE PRODUKTER OG TJENESTER \"SOM DE ER\", OG I DEN GRAD DET ER TILLATT I HENHOLD TIL GJELDENDE LOV, FRASKRIVER GOGOGATE INC. FRASKRIVER SEG ALLE UTTRYKKELIGE, UNDERFORST\u00c5TTE OG LOVBESTEMTE GARANTIER OG BETINGELSER MED HENSYN TIL PRODUKTENE OG TJENESTENE, OG BEGRENSER ALLE UNDERFORST\u00c5TTE GARANTIER MED HENSYN TIL PRODUKTENE OG TJENESTENE TIL GARANTIPERIODEN. GOGOGATE INC. GARANTERER IKKE AT DRIFTEN AV PRODUKTENE OG TJENESTENE VIL V\u00c6RE FEILFRI ELLER UAVBRUTT. GOGOGATE INC. VIL IKKE V\u00c6RE ANSVARLIG FOR EVENTUELLE ARBEIDSKOSTNADER (INKLUDERT INSTALLASJONSKOSTNADER) FORBUNDET MED SINE PRODUKTER OG TJENESTER ELLER REPARASJONS-, ERSTATNINGS- ELLER SKADEKOSTNADER KNYTTET TIL ANDRE PRODUKTER OG TJENESTER SOM IKKE SELGES AV GOGOGATE INC. EUROPE S.L.<\/p>\n<p id=\"u28687-25\" class=\"Explicacion\">Gogogate INC. vil under ingen omstendigheter v\u00e6re ansvarlig for f\u00f8lgeskader eller tilfeldige skader som f\u00f8lge av v\u00e5re produkter eller programvare som er lastet ned til telefonen din eller annen enhet, og du samtykker i \u00e5 holde Gogogate INC. skadesl\u00f8s fra alt ansvar, tap, skader og krav som f\u00f8lge av all bruk av v\u00e5re produkter og programvare.<\/p>\n<p id=\"u28687-30\" class=\"Explicacion\"><strong>Retningslinjer for retur:<br \/>\n<\/strong>Din rett til \u00e5 returnere og retningslinjer for retur<\/p>\n<p id=\"u28687-40\" class=\"Explicacion\"><span id=\"u28687-37\">Du kan returnere kj\u00f8pte produkter for full refusjon av den faktiske kj\u00f8pesummen for produktet innen 30 virkedager etter datoen du mottar produktene,<br \/>\nmed forbehold om overholdelse av f\u00f8lgende:<\/span><\/p>\n<p id=\"u28687-43\" class=\"Explicacion\">\u00a0- Du m\u00e5 skaffe deg et Gogogate INC. returreferansenummer (RMA). Dette nummeret kan du f\u00e5 fra Gogogate INC. ved \u00e5 ringe oss p\u00e5 (855) 473 6765 eller ved \u00e5 be om nummeret via e-post p\u00e5: <a href=\"mailto:servicerma@ismartgate.com\">servicerma@ismartgate.com<\/a> <span id=\"u28687-42\">.<\/span><\/p>\n<p id=\"u28687-48\" class=\"Explicacion\">\u00a0- Gogogate INC. returreferansenummeret m\u00e5 vises tydelig p\u00e5 utsiden av pakken som produktene returneres i.<\/p>\n<p id=\"u28687-50\" class=\"Explicacion\">\u00a0- Fakturaen fra Gogogate INC. m\u00e5 legges ved de returnerte produktene. Produkter m\u00e5 returneres i originalemballasjen, i \"som ny\" tilstand, og med alle komponentprodukter, deler, tilbeh\u00f8r, garantikort, manualer og andre dokumenter og gjenstander. Kunden forventes \u00e5 pakke produktet riktig for \u00e5 unng\u00e5 skade under transport og \u00e5 sende produktet til Gogogate INC. p\u00e5 Kundens egen bekostning.<\/p>\n<p id=\"u28687-53\" class=\"Explicacion\">Hvis du returnerer produkter (1) som har blitt skadet eller brukt, (2) etter returperioden p\u00e5 30 virkedager (eller annen lengre periode spesifisert av gjeldende lov), (3) deler av disse, inkludert komponenter, inkluderte produkter, tilbeh\u00f8r, emballasje, esker, dokumenter og\/eller andre gjenstander er skadet eller mangler, eller (4) uten forh\u00e5ndsbetalt levering, forbeholder Gogogate INC. seg retten til enten \u00e5 nekte \u00e5 refundere produktets kj\u00f8pesum (underlagt gjeldende lokal lovgivning), eller \u00e5 belaste deg reparasjons-, restlager- eller relaterte gebyrer og leveringskostnader. Gogogate INC. kan i s\u00e5 fall trekke disse gebyrene og kostnadene fra eventuelle betalinger som skal refunderes til deg.<\/p>\n<p id=\"u28687-56\" class=\"Explicacion\">Ved retur av produkter vil Gogogate INC., med forbehold om begrensningene ovenfor, tilbakebetale det faktiske bel\u00f8pet som er betalt til Gogogate INC. , minus eventuelle gebyrer og avgifter som skal betales til Gogogate INC. (i henhold til ovenst\u00e5ende), ved \u00e5 kreditere ditt relevante kredittkort eller bankkonto (eller p\u00e5 annen m\u00e5te).<\/p>\n<p id=\"u28687-61\" class=\"Explicacion\">Utstedelse av et returreferansenummer fra Gogogate INC. skal ikke utgj\u00f8re en aksept eller anerkjennelse av noen rett til \u00e5 returnere produkter, bortsett fra i den grad disse vilk\u00e5rene eller obligatoriske gjeldende lover gir en slik rett.<\/p>\n<p id=\"u28687-64\" class=\"Explicacion\"><strong>15. Unntak fra retten til retur<br \/>\n<\/strong>Returretten gjelder ikke dersom du ikke kj\u00f8per produkter eller tjenester som forbruker. Retten til retur og refusjon gjelder ikke for programvare som selges sammen med Gogogate INC. produkter, eller som et separat produkt, dersom lisensforseglingen er brutt og\/eller krympeemballasjen er \u00e5pnet. Du kan heller ikke returnere et Produkt og kreve refusjon hvis det aktuelle Produktet er et personalisert Produkt, for eksempel en gravering eller annen form for individuell personalisering som er laget i samsvar med dine spesifikasjoner.<\/p>\n<p id=\"u28687-69\" class=\"Explicacion\">Alle produkter som returneres til Gogogate INC. vil bli analysert for \u00e5 avgj\u00f8re om de er berettiget til garanti i henhold til de begrensede garantireglene som er beskrevet ovenfor. Hvis produktet er berettiget til garanti, vil Gogogate INC. b\u00e6re alle forsendelseskostnader tilbake til kunden. Hvis produktet ikke er berettiget til garanti i henhold til garantireglene beskrevet ovenfor, har Gogogate INC. ikke noe ansvar for \u00e5 reparere produktet, og produktet vil bli returnert til kunden p\u00e5 egen bekostning.<\/p>\n<\/div><\/div><\/div><div class=\"fusion-clearfix\"><\/div><\/div><\/div><\/div><\/div>","protected":false},"excerpt":{"rendered":"","protected":false},"author":5,"featured_media":0,"parent":0,"menu_order":0,"comment_status":"closed","ping_status":"open","template":"100-width.php","meta":{"footnotes":""},"class_list":["post-687","page","type-page","status-publish","hentry"],"yoast_head":"<!-- This site is optimized with the Yoast SEO Premium plugin v27.4 (Yoast SEO v27.4) - https:\/\/yoast.com\/product\/yoast-seo-premium-wordpress\/ -->\n<title>Warranty - ismartgate<\/title>\n<meta name=\"description\" content=\"iSmartgate Warranty information. Read more here.\" \/>\n<meta name=\"robots\" content=\"index, follow, max-snippet:-1, max-image-preview:large, max-video-preview:-1\" \/>\n<link rel=\"canonical\" href=\"https:\/\/ismartgate.com\/nb\/garanti\/\" \/>\n<meta property=\"og:locale\" content=\"nb_NO\" \/>\n<meta property=\"og:type\" content=\"article\" \/>\n<meta property=\"og:title\" content=\"Warranty\" \/>\n<meta property=\"og:description\" content=\"iSmartgate Warranty information. Read more here.\" \/>\n<meta property=\"og:url\" content=\"https:\/\/ismartgate.com\/nb\/garanti\/\" \/>\n<meta property=\"og:site_name\" content=\"ismartgate\" \/>\n<meta property=\"article:publisher\" content=\"https:\/\/www.facebook.com\/ismartgateofficial\/\" \/>\n<meta property=\"article:modified_time\" content=\"2022-08-08T06:47:09+00:00\" \/>\n<meta name=\"twitter:card\" content=\"summary_large_image\" \/>\n<meta name=\"twitter:site\" content=\"@ismartgate_ww\" \/>\n<meta name=\"twitter:label1\" content=\"Ansl. lesetid\" \/>\n\t<meta name=\"twitter:data1\" content=\"6 minutter\" \/>\n<script type=\"application\/ld+json\" class=\"yoast-schema-graph\">{\"@context\":\"https:\\\/\\\/schema.org\",\"@graph\":[{\"@type\":\"WebPage\",\"@id\":\"https:\\\/\\\/ismartgate.com\\\/warranty\\\/\",\"url\":\"https:\\\/\\\/ismartgate.com\\\/warranty\\\/\",\"name\":\"Warranty - ismartgate\",\"isPartOf\":{\"@id\":\"https:\\\/\\\/ismartgate.com\\\/#website\"},\"datePublished\":\"2019-02-18T11:55:55+00:00\",\"dateModified\":\"2022-08-08T06:47:09+00:00\",\"description\":\"iSmartgate Warranty information. Read more here.\",\"breadcrumb\":{\"@id\":\"https:\\\/\\\/ismartgate.com\\\/warranty\\\/#breadcrumb\"},\"inLanguage\":\"nb-NO\",\"potentialAction\":[{\"@type\":\"ReadAction\",\"target\":[\"https:\\\/\\\/ismartgate.com\\\/warranty\\\/\"]}]},{\"@type\":\"BreadcrumbList\",\"@id\":\"https:\\\/\\\/ismartgate.com\\\/warranty\\\/#breadcrumb\",\"itemListElement\":[{\"@type\":\"ListItem\",\"position\":1,\"name\":\"Home\",\"item\":\"https:\\\/\\\/ismartgate.com\\\/\"},{\"@type\":\"ListItem\",\"position\":2,\"name\":\"Warranty\"}]},{\"@type\":\"WebSite\",\"@id\":\"https:\\\/\\\/ismartgate.com\\\/#website\",\"url\":\"https:\\\/\\\/ismartgate.com\\\/\",\"name\":\"ismartgate\",\"description\":\"The best Smart Garage Door Opener compatible with Apple HomeKit\",\"publisher\":{\"@id\":\"https:\\\/\\\/ismartgate.com\\\/#organization\"},\"inLanguage\":\"nb-NO\"},{\"@type\":\"Organization\",\"@id\":\"https:\\\/\\\/ismartgate.com\\\/#organization\",\"name\":\"ismartgate\",\"url\":\"https:\\\/\\\/ismartgate.com\\\/\",\"logo\":{\"@type\":\"ImageObject\",\"inLanguage\":\"nb-NO\",\"@id\":\"https:\\\/\\\/ismartgate.com\\\/#\\\/schema\\\/logo\\\/image\\\/\",\"url\":\"https:\\\/\\\/ismartgate.com\\\/wp-content\\\/uploads\\\/2018\\\/07\\\/ismartgate_header_logo_2x.gif\",\"contentUrl\":\"https:\\\/\\\/ismartgate.com\\\/wp-content\\\/uploads\\\/2018\\\/07\\\/ismartgate_header_logo_2x.gif\",\"width\":378,\"height\":56,\"caption\":\"ismartgate\"},\"image\":{\"@id\":\"https:\\\/\\\/ismartgate.com\\\/#\\\/schema\\\/logo\\\/image\\\/\"},\"sameAs\":[\"https:\\\/\\\/www.facebook.com\\\/ismartgateofficial\\\/\",\"https:\\\/\\\/x.com\\\/ismartgate_ww\",\"https:\\\/\\\/www.youtube.com\\\/channel\\\/UCY7edN3zimmxIXJ3tnFMp8A\"]}]}<\/script>\n<!-- \/ Yoast SEO Premium plugin. -->","yoast_head_json":{"title":"Garanti - ismartgate","description":"iSmartgate Garantiinformasjon. Les mer her.","robots":{"index":"index","follow":"follow","max-snippet":"max-snippet:-1","max-image-preview":"max-image-preview:large","max-video-preview":"max-video-preview:-1"},"canonical":"https:\/\/ismartgate.com\/nb\/garanti\/","og_locale":"nb_NO","og_type":"article","og_title":"Warranty","og_description":"iSmartgate Warranty information. Read more here.","og_url":"https:\/\/ismartgate.com\/nb\/garanti\/","og_site_name":"ismartgate","article_publisher":"https:\/\/www.facebook.com\/ismartgateofficial\/","article_modified_time":"2022-08-08T06:47:09+00:00","twitter_card":"summary_large_image","twitter_site":"@ismartgate_ww","twitter_misc":{"Ansl. lesetid":"6 minutter"},"schema":{"@context":"https:\/\/schema.org","@graph":[{"@type":"WebPage","@id":"https:\/\/ismartgate.com\/warranty\/","url":"https:\/\/ismartgate.com\/warranty\/","name":"Garanti - ismartgate","isPartOf":{"@id":"https:\/\/ismartgate.com\/#website"},"datePublished":"2019-02-18T11:55:55+00:00","dateModified":"2022-08-08T06:47:09+00:00","description":"iSmartgate Garantiinformasjon. Les mer her.","breadcrumb":{"@id":"https:\/\/ismartgate.com\/warranty\/#breadcrumb"},"inLanguage":"nb-NO","potentialAction":[{"@type":"ReadAction","target":["https:\/\/ismartgate.com\/warranty\/"]}]},{"@type":"BreadcrumbList","@id":"https:\/\/ismartgate.com\/warranty\/#breadcrumb","itemListElement":[{"@type":"ListItem","position":1,"name":"Home","item":"https:\/\/ismartgate.com\/"},{"@type":"ListItem","position":2,"name":"Warranty"}]},{"@type":"WebSite","@id":"https:\/\/ismartgate.com\/#website","url":"https:\/\/ismartgate.com\/","name":"ismartgate","description":"Den beste smarte garasjeport\u00e5pneren som er kompatibel med Apple HomeKit","publisher":{"@id":"https:\/\/ismartgate.com\/#organization"},"inLanguage":"nb-NO"},{"@type":"Organization","@id":"https:\/\/ismartgate.com\/#organization","name":"ismartgate","url":"https:\/\/ismartgate.com\/","logo":{"@type":"ImageObject","inLanguage":"nb-NO","@id":"https:\/\/ismartgate.com\/#\/schema\/logo\/image\/","url":"https:\/\/ismartgate.com\/wp-content\/uploads\/2018\/07\/ismartgate_header_logo_2x.gif","contentUrl":"https:\/\/ismartgate.com\/wp-content\/uploads\/2018\/07\/ismartgate_header_logo_2x.gif","width":378,"height":56,"caption":"ismartgate"},"image":{"@id":"https:\/\/ismartgate.com\/#\/schema\/logo\/image\/"},"sameAs":["https:\/\/www.facebook.com\/ismartgateofficial\/","https:\/\/x.com\/ismartgate_ww","https:\/\/www.youtube.com\/channel\/UCY7edN3zimmxIXJ3tnFMp8A"]}]}},"_links":{"self":[{"href":"https:\/\/ismartgate.com\/nb\/wp-json\/wp\/v2\/pages\/687","targetHints":{"allow":["GET"]}}],"collection":[{"href":"https:\/\/ismartgate.com\/nb\/wp-json\/wp\/v2\/pages"}],"about":[{"href":"https:\/\/ismartgate.com\/nb\/wp-json\/wp\/v2\/types\/page"}],"author":[{"embeddable":true,"href":"https:\/\/ismartgate.com\/nb\/wp-json\/wp\/v2\/users\/5"}],"replies":[{"embeddable":true,"href":"https:\/\/ismartgate.com\/nb\/wp-json\/wp\/v2\/comments?post=687"}],"version-history":[{"count":7,"href":"https:\/\/ismartgate.com\/nb\/wp-json\/wp\/v2\/pages\/687\/revisions"}],"predecessor-version":[{"id":31578,"href":"https:\/\/ismartgate.com\/nb\/wp-json\/wp\/v2\/pages\/687\/revisions\/31578"}],"wp:attachment":[{"href":"https:\/\/ismartgate.com\/nb\/wp-json\/wp\/v2\/media?parent=687"}],"curies":[{"name":"wp","href":"https:\/\/api.w.org\/{rel}","templated":true}]}}