{"id":44430,"date":"2024-05-03T12:22:38","date_gmt":"2024-05-03T11:22:38","guid":{"rendered":"https:\/\/ismartgate.com\/?page_id=44430"},"modified":"2024-05-03T12:22:38","modified_gmt":"2024-05-03T11:22:38","slug":"hvordan-skifte-batteri-i-chamberlain-956evc-p2-modellen","status":"publish","type":"page","link":"https:\/\/ismartgate.com\/nb\/how-to-replace-the-battery-in-chamberlain-956evc-p2-model\/","title":{"rendered":"ismargate - Hvordan bytte batteri i Chamberlain 956EVC-P2-modellen"},"content":{"rendered":"<div class=\"fusion-fullwidth fullwidth-box fusion-builder-row-1 fusion-flex-container nonhundred-percent-fullwidth non-hundred-percent-height-scrolling\" style=\"--awb-border-radius-top-left:0px;--awb-border-radius-top-right:0px;--awb-border-radius-bottom-right:0px;--awb-border-radius-bottom-left:0px;--awb-flex-wrap:wrap;\" ><div class=\"fusion-builder-row fusion-row fusion-flex-align-items-flex-start fusion-flex-content-wrap\" style=\"max-width:1331.2px;margin-left: calc(-4% \/ 2 );margin-right: calc(-4% \/ 2 );\"><div class=\"fusion-layout-column fusion_builder_column fusion-builder-column-0 fusion_builder_column_1_1 1_1 fusion-flex-column\" style=\"--awb-bg-size:cover;--awb-width-large:100%;--awb-margin-top-large:0px;--awb-spacing-right-large:1.92%;--awb-margin-bottom-large:20px;--awb-spacing-left-large:1.92%;--awb-width-medium:100%;--awb-order-medium:0;--awb-spacing-right-medium:1.92%;--awb-spacing-left-medium:1.92%;--awb-width-small:100%;--awb-order-small:0;--awb-spacing-right-small:1.92%;--awb-spacing-left-small:1.92%;\"><div class=\"fusion-column-wrapper fusion-column-has-shadow fusion-flex-justify-content-flex-start fusion-content-layout-column\"><div style=\"text-align:center;\"><a class=\"fusion-button button-flat button-small button-default fusion-button-default button-1 fusion-button-default-span fusion-button-default-type\" style=\"--button_text_transform:capitalize;\" target=\"_self\" href=\"https:\/\/ismartgate.com\/nb\/garasjeporter-og-porter-generelle-emner\/\"><span class=\"fusion-button-text awb-button__text awb-button__text--default\">&lt; Tilbake til listen<\/span><\/a><\/div><\/div><\/div><div class=\"fusion-layout-column fusion_builder_column fusion-builder-column-1 fusion_builder_column_1_1 1_1 fusion-flex-column\" style=\"--awb-bg-size:cover;--awb-width-large:100%;--awb-margin-top-large:0px;--awb-spacing-right-large:1.92%;--awb-margin-bottom-large:20px;--awb-spacing-left-large:1.92%;--awb-width-medium:100%;--awb-order-medium:0;--awb-spacing-right-medium:1.92%;--awb-spacing-left-medium:1.92%;--awb-width-small:100%;--awb-order-small:0;--awb-spacing-right-small:1.92%;--awb-spacing-left-small:1.92%;\"><div class=\"fusion-column-wrapper fusion-column-has-shadow fusion-flex-justify-content-flex-start fusion-content-layout-column\"><div class=\"fusion-text fusion-text-1\" style=\"--awb-text-transform:none;\"><h1 style=\"text-align: center;\">Slik bytter du batteri i Chamberlain 956EVC-P2-modellen<\/h1>\n<\/div><div class=\"fusion-text fusion-text-2\" style=\"--awb-text-transform:none;\"><h2 style=\"text-align: center;\">For \u00e5 bytte ut batteriet i Chamberlain 953EV-fjernkontrollen trenger du en 3V <strong>CR2032 knippcellebatteri<\/strong>.<\/h2>\n<\/div><div class=\"fusion-image-element\" style=\"text-align:center;--awb-caption-title-font-family:var(--h2_typography-font-family);--awb-caption-title-font-weight:var(--h2_typography-font-weight);--awb-caption-title-font-style:var(--h2_typography-font-style);--awb-caption-title-size:var(--h2_typography-font-size);--awb-caption-title-transform:var(--h2_typography-text-transform);--awb-caption-title-line-height:var(--h2_typography-line-height);--awb-caption-title-letter-spacing:var(--h2_typography-letter-spacing);\"><span class=\"fusion-imageframe imageframe-none imageframe-1 hover-type-none\"><img decoding=\"async\" width=\"240\" height=\"240\" title=\"01\" src=\"https:\/\/ismartgate.com\/wp-content\/uploads\/2024\/04\/01.png\" data-orig-src=\"https:\/\/ismartgate.com\/wp-content\/uploads\/2024\/04\/01.png\" alt class=\"lazyload img-responsive wp-image-40948\" srcset=\"data:image\/svg+xml,%3Csvg%20xmlns%3D%27http%3A%2F%2Fwww.w3.org%2F2000%2Fsvg%27%20width%3D%27240%27%20height%3D%27240%27%20viewBox%3D%270%200%20240%20240%27%3E%3Crect%20width%3D%27240%27%20height%3D%27240%27%20fill-opacity%3D%220%22%2F%3E%3C%2Fsvg%3E\" data-srcset=\"https:\/\/ismartgate.com\/wp-content\/uploads\/2024\/04\/01-200x200.png 200w, https:\/\/ismartgate.com\/wp-content\/uploads\/2024\/04\/01.png 240w\" data-sizes=\"auto\" data-orig-sizes=\"(max-width: 1024px) 100vw, (max-width: 640px) 100vw, 240px\" \/><\/span><\/div><div class=\"fusion-separator fusion-full-width-sep\" style=\"align-self: center;margin-left: auto;margin-right: auto;margin-top:15px;margin-bottom:15px;width:100%;\"><div class=\"fusion-separator-border sep-double\" style=\"--awb-height:20px;--awb-amount:20px;border-color:#e0dede;border-top-width:0px;border-bottom-width:0px;\"><\/div><\/div><div class=\"fusion-text fusion-text-3\" style=\"--awb-text-transform:none;\"><h2 style=\"text-align: center;\">Her er en trinnvis veiledning:<\/h2>\n<\/div><\/div><\/div><div class=\"fusion-layout-column fusion_builder_column fusion-builder-column-2 fusion_builder_column_1_1 1_1 fusion-flex-column\" style=\"--awb-bg-size:cover;--awb-width-large:100%;--awb-margin-top-large:0px;--awb-spacing-right-large:1.92%;--awb-margin-bottom-large:20px;--awb-spacing-left-large:1.92%;--awb-width-medium:100%;--awb-order-medium:0;--awb-spacing-right-medium:1.92%;--awb-spacing-left-medium:1.92%;--awb-width-small:100%;--awb-order-small:0;--awb-spacing-right-small:1.92%;--awb-spacing-left-small:1.92%;\"><div class=\"fusion-column-wrapper fusion-column-has-shadow fusion-flex-justify-content-flex-start fusion-content-layout-column\"><div class=\"fusion-text fusion-text-4\" style=\"--awb-text-transform:none;\"><p style=\"text-align: center;\"><span style=\"color: #333399;\"><strong>TRINN 1<\/strong><\/span><br \/>\nPr\u00f8v \u00e5 \u00e5pne saken med et skrutrekkerblad.<\/p>\n<\/div><div class=\"fusion-image-element\" style=\"text-align:center;--awb-caption-title-font-family:var(--h2_typography-font-family);--awb-caption-title-font-weight:var(--h2_typography-font-weight);--awb-caption-title-font-style:var(--h2_typography-font-style);--awb-caption-title-size:var(--h2_typography-font-size);--awb-caption-title-transform:var(--h2_typography-text-transform);--awb-caption-title-line-height:var(--h2_typography-line-height);--awb-caption-title-letter-spacing:var(--h2_typography-letter-spacing);\"><span class=\"fusion-imageframe imageframe-none imageframe-2 hover-type-none\"><img decoding=\"async\" width=\"258\" height=\"281\" title=\"v2_01\" src=\"https:\/\/ismartgate.com\/wp-content\/uploads\/2024\/05\/v2_01.jpg\" data-orig-src=\"https:\/\/ismartgate.com\/wp-content\/uploads\/2024\/05\/v2_01.jpg\" alt class=\"lazyload img-responsive wp-image-44420\" srcset=\"data:image\/svg+xml,%3Csvg%20xmlns%3D%27http%3A%2F%2Fwww.w3.org%2F2000%2Fsvg%27%20width%3D%27258%27%20height%3D%27281%27%20viewBox%3D%270%200%20258%20281%27%3E%3Crect%20width%3D%27258%27%20height%3D%27281%27%20fill-opacity%3D%220%22%2F%3E%3C%2Fsvg%3E\" data-srcset=\"https:\/\/ismartgate.com\/wp-content\/uploads\/2024\/05\/v2_01-200x218.jpg 200w, https:\/\/ismartgate.com\/wp-content\/uploads\/2024\/05\/v2_01.jpg 258w\" data-sizes=\"auto\" data-orig-sizes=\"(max-width: 1024px) 100vw, (max-width: 640px) 100vw, 258px\" \/><\/span><\/div><\/div><\/div><div class=\"fusion-layout-column fusion_builder_column fusion-builder-column-3 fusion_builder_column_1_1 1_1 fusion-flex-column\" style=\"--awb-bg-size:cover;--awb-width-large:100%;--awb-margin-top-large:0px;--awb-spacing-right-large:1.92%;--awb-margin-bottom-large:20px;--awb-spacing-left-large:1.92%;--awb-width-medium:100%;--awb-order-medium:0;--awb-spacing-right-medium:1.92%;--awb-spacing-left-medium:1.92%;--awb-width-small:100%;--awb-order-small:0;--awb-spacing-right-small:1.92%;--awb-spacing-left-small:1.92%;\"><div class=\"fusion-column-wrapper fusion-column-has-shadow fusion-flex-justify-content-flex-start fusion-content-layout-column\"><div class=\"fusion-text fusion-text-5\" style=\"--awb-text-transform:none;\"><p style=\"text-align: center;\"><span style=\"color: #333399;\"><strong>TRINN 2<br \/>\n<\/strong><\/span>Ta deretter ut det gamle batteriet og sett inn det nye, og pass p\u00e5 at batteriets polaritet stemmer overens med symbolene p\u00e5 innsiden av batterihuset.<\/p>\n<\/div><div class=\"fusion-image-element\" style=\"text-align:center;--awb-caption-title-font-family:var(--h2_typography-font-family);--awb-caption-title-font-weight:var(--h2_typography-font-weight);--awb-caption-title-font-style:var(--h2_typography-font-style);--awb-caption-title-size:var(--h2_typography-font-size);--awb-caption-title-transform:var(--h2_typography-text-transform);--awb-caption-title-line-height:var(--h2_typography-line-height);--awb-caption-title-letter-spacing:var(--h2_typography-letter-spacing);\"><span class=\"fusion-imageframe imageframe-none imageframe-3 hover-type-none\"><img decoding=\"async\" width=\"263\" height=\"238\" title=\"v2_02\" src=\"https:\/\/ismartgate.com\/wp-content\/uploads\/2024\/05\/v2_02.jpg\" data-orig-src=\"https:\/\/ismartgate.com\/wp-content\/uploads\/2024\/05\/v2_02.jpg\" alt class=\"lazyload img-responsive wp-image-44421\" srcset=\"data:image\/svg+xml,%3Csvg%20xmlns%3D%27http%3A%2F%2Fwww.w3.org%2F2000%2Fsvg%27%20width%3D%27263%27%20height%3D%27238%27%20viewBox%3D%270%200%20263%20238%27%3E%3Crect%20width%3D%27263%27%20height%3D%27238%27%20fill-opacity%3D%220%22%2F%3E%3C%2Fsvg%3E\" data-srcset=\"https:\/\/ismartgate.com\/wp-content\/uploads\/2024\/05\/v2_02-200x181.jpg 200w, https:\/\/ismartgate.com\/wp-content\/uploads\/2024\/05\/v2_02.jpg 263w\" data-sizes=\"auto\" data-orig-sizes=\"(max-width: 1024px) 100vw, (max-width: 640px) 100vw, 263px\" \/><\/span><\/div><\/div><\/div><div class=\"fusion-layout-column fusion_builder_column fusion-builder-column-4 fusion_builder_column_1_1 1_1 fusion-flex-column\" style=\"--awb-bg-size:cover;--awb-width-large:100%;--awb-margin-top-large:0px;--awb-spacing-right-large:1.92%;--awb-margin-bottom-large:20px;--awb-spacing-left-large:1.92%;--awb-width-medium:100%;--awb-order-medium:0;--awb-spacing-right-medium:1.92%;--awb-spacing-left-medium:1.92%;--awb-width-small:100%;--awb-order-small:0;--awb-spacing-right-small:1.92%;--awb-spacing-left-small:1.92%;\"><div class=\"fusion-column-wrapper fusion-column-has-shadow fusion-flex-justify-content-flex-start fusion-content-layout-column\"><div class=\"fusion-text fusion-text-6\" style=\"--awb-text-transform:none;\"><p style=\"text-align: center;\"><span style=\"color: #333399;\"><strong>TRINN 3<br \/>\n<\/strong><\/span>Til slutt retter du inn komponentene p\u00e5 riktig m\u00e5te og klikker igjen kabinettet.<\/p>\n<\/div><div class=\"fusion-text fusion-text-7\" style=\"--awb-text-transform:none;\"><p style=\"text-align: center;\"><strong>For mer detaljerte instruksjoner, se bruksanvisningen for Chamberlain 956EVC-P2-fjernkontrollen, som du f\u00e5r tilgang til ved \u00e5 <a href=\"https:\/\/ismartgate.com\/wp-content\/uploads\/2024\/05\/114A5043.pdf\">Du kan laste den ned her.<\/a><\/strong><\/p>\n<\/div><\/div><\/div><div class=\"fusion-layout-column fusion_builder_column fusion-builder-column-5 fusion_builder_column_1_1 1_1 fusion-flex-column\" style=\"--awb-bg-size:cover;--awb-width-large:100%;--awb-margin-top-large:0px;--awb-spacing-right-large:1.92%;--awb-margin-bottom-large:20px;--awb-spacing-left-large:1.92%;--awb-width-medium:100%;--awb-order-medium:0;--awb-spacing-right-medium:1.92%;--awb-spacing-left-medium:1.92%;--awb-width-small:100%;--awb-order-small:0;--awb-spacing-right-small:1.92%;--awb-spacing-left-small:1.92%;\"><div class=\"fusion-column-wrapper fusion-column-has-shadow fusion-flex-justify-content-flex-start fusion-content-layout-column\"><div class=\"fusion-text fusion-text-8\" style=\"--awb-text-transform:none;\"><h1 style=\"text-align: center;\">Er du interessert i \u00e5 integrere smarttelefonfunksjonalitet i port- eller garasjeportstyringen din?<\/h1>\n<\/div><div class=\"fusion-text fusion-text-9\" style=\"--awb-text-transform:none;\"><p style=\"text-align: center;\">Du kan vurdere <strong>ismartgate<\/strong>, en l\u00f8sning som gj\u00f8r at du kan styre elektriske porter og garasjeporter direkte fra smarttelefonen din, samt kompatible smarthus-hubber som <strong>Apple Homekit, Amazon Alexa, Google Home, Samsung SmartThings og IFTTT (1. oktober 2025 vil iSmartGate-integrasjonen med IFTTT bli avviklet. iSmartGate-tjenesten p\u00e5 IFTTT vil ikke lenger v\u00e6re tilgjengelig etter denne datoen. Vi beklager ulempene dette kan medf\u00f8re).<\/strong><\/p>\n<\/div><div class=\"fusion-image-element\" style=\"text-align:center;--awb-max-width:400px;--awb-caption-title-font-family:var(--h2_typography-font-family);--awb-caption-title-font-weight:var(--h2_typography-font-weight);--awb-caption-title-font-style:var(--h2_typography-font-style);--awb-caption-title-size:var(--h2_typography-font-size);--awb-caption-title-transform:var(--h2_typography-text-transform);--awb-caption-title-line-height:var(--h2_typography-line-height);--awb-caption-title-letter-spacing:var(--h2_typography-letter-spacing);\"><span class=\"fusion-imageframe imageframe-none imageframe-4 hover-type-none\"><img decoding=\"async\" width=\"1000\" height=\"1000\" alt=\"Automatisk \u00e5pning\/lukking\" src=\"https:\/\/ismartgate.com\/wp-content\/uploads\/2023\/05\/07-automatic-open-close.png\" data-orig-src=\"https:\/\/ismartgate.com\/wp-content\/uploads\/2023\/05\/07-automatic-open-close.png\" class=\"lazyload img-responsive wp-image-37540\" srcset=\"data:image\/svg+xml,%3Csvg%20xmlns%3D%27http%3A%2F%2Fwww.w3.org%2F2000%2Fsvg%27%20width%3D%271000%27%20height%3D%271000%27%20viewBox%3D%270%200%201000%201000%27%3E%3Crect%20width%3D%271000%27%20height%3D%271000%27%20fill-opacity%3D%220%22%2F%3E%3C%2Fsvg%3E\" data-srcset=\"https:\/\/ismartgate.com\/wp-content\/uploads\/2023\/05\/07-automatic-open-close-200x200.png 200w, https:\/\/ismartgate.com\/wp-content\/uploads\/2023\/05\/07-automatic-open-close-400x400.png 400w, https:\/\/ismartgate.com\/wp-content\/uploads\/2023\/05\/07-automatic-open-close-600x600.png 600w, https:\/\/ismartgate.com\/wp-content\/uploads\/2023\/05\/07-automatic-open-close-800x800.png 800w, https:\/\/ismartgate.com\/wp-content\/uploads\/2023\/05\/07-automatic-open-close.png 1000w\" data-sizes=\"auto\" data-orig-sizes=\"(max-width: 1024px) 100vw, (max-width: 640px) 100vw, 1000px\" \/><\/span><\/div><div class=\"fusion-text fusion-text-10\" style=\"--awb-text-transform:none;\"><h2 style=\"text-align: center;\">Fordeler med en smart port-\/garasjeport\u00e5pner i forhold til en vanlig fjernkontroll:<\/h2>\n<\/div><div class=\"fusion-text fusion-text-11\" style=\"--awb-text-transform:none;\"><ul>\n<li style=\"text-align: left;\">ismartgate gj\u00f8r det mulig \u00e5 styre elektriske porter og garasjeporter via smarttelefonen.<\/li>\n<li style=\"text-align: left;\">Kompatibel med popul\u00e6re smarthus-huber, inkludert Apple HomeKit, Amazon Alexa, Google Home og Samsung SmartThings.<\/li>\n<li style=\"text-align: left;\">Gir ekstern tilgang og kontroll fra hvor som helst med Internett-tilkobling.<\/li>\n<li style=\"text-align: left;\">Tilbyr sanntidsoverv\u00e5king av portens\/garasjed\u00f8rens status.<\/li>\n<li style=\"text-align: left;\">St\u00f8tter planlegging og automatisering for praktisk drift.<\/li>\n<li style=\"text-align: left;\">Gj\u00f8r det mulig \u00e5 dele tilgang med familiemedlemmer eller betrodde personer.<\/li>\n<li style=\"text-align: left;\">Kompatibel med iOS- og Android-enheter for s\u00f8ml\u00f8s integrering i ulike brukeroppsett.<\/li>\n<li style=\"text-align: left;\">Sikkert system: Dataene dine deles ikke med noen. Med andre ord er det bare du som har tilgang til dem.<\/li>\n<\/ul>\n<\/div><div style=\"text-align:center;\"><a class=\"fusion-button button-flat button-medium button-default fusion-button-default button-2 fusion-button-default-span fusion-button-default-type\" style=\"--button_text_transform:capitalize;\" target=\"_self\" href=\"https:\/\/ismartgate.com\/nb\/kjop-smart-garasje\/\"><span class=\"fusion-button-text awb-button__text awb-button__text--default\">Finn din ismatgate<\/span><\/a><\/div><\/div><\/div><\/div><\/div>","protected":false},"excerpt":{"rendered":"","protected":false},"author":5,"featured_media":0,"parent":0,"menu_order":0,"comment_status":"closed","ping_status":"open","template":"100-width.php","meta":{"footnotes":""},"class_list":["post-44430","page","type-page","status-publish","hentry"],"yoast_head":"<!-- This site is optimized with the Yoast SEO Premium plugin v27.3 (Yoast SEO v27.3) - https:\/\/yoast.com\/product\/yoast-seo-premium-wordpress\/ -->\n<title>ismargate - How to replace the battery in Chamberlain 956EVC-P2 model - ismartgate<\/title>\n<meta name=\"description\" content=\"Discover how to replace the battery in the Chamberlain 956EVC-P2 model. Follow the steps and make your remote work again.\" \/>\n<meta name=\"robots\" content=\"index, follow, max-snippet:-1, max-image-preview:large, max-video-preview:-1\" \/>\n<link rel=\"canonical\" href=\"https:\/\/ismartgate.com\/nb\/hvordan-skifte-batteri-i-chamberlain-956evc-p2-modellen\/\" \/>\n<meta property=\"og:locale\" content=\"nb_NO\" \/>\n<meta property=\"og:type\" content=\"article\" \/>\n<meta property=\"og:title\" content=\"ismargate - How to replace the battery in Chamberlain 956EVC-P2 model\" \/>\n<meta property=\"og:description\" content=\"Discover how to replace the battery in the Chamberlain 956EVC-P2 model. Follow the steps and make your remote work again.\" \/>\n<meta property=\"og:url\" content=\"https:\/\/ismartgate.com\/nb\/hvordan-skifte-batteri-i-chamberlain-956evc-p2-modellen\/\" \/>\n<meta property=\"og:site_name\" content=\"ismartgate\" \/>\n<meta property=\"article:publisher\" content=\"https:\/\/www.facebook.com\/ismartgateofficial\/\" \/>\n<meta name=\"twitter:card\" content=\"summary_large_image\" \/>\n<meta name=\"twitter:site\" content=\"@ismartgate_ww\" \/>\n<meta name=\"twitter:label1\" content=\"Ansl. lesetid\" \/>\n\t<meta name=\"twitter:data1\" content=\"8 minutter\" \/>\n<script type=\"application\/ld+json\" class=\"yoast-schema-graph\">{\"@context\":\"https:\\\/\\\/schema.org\",\"@graph\":[{\"@type\":\"WebPage\",\"@id\":\"https:\\\/\\\/ismartgate.com\\\/how-to-replace-the-battery-in-chamberlain-956evc-p2-model\\\/\",\"url\":\"https:\\\/\\\/ismartgate.com\\\/how-to-replace-the-battery-in-chamberlain-956evc-p2-model\\\/\",\"name\":\"ismargate - How to replace the battery in Chamberlain 956EVC-P2 model - ismartgate\",\"isPartOf\":{\"@id\":\"https:\\\/\\\/ismartgate.com\\\/#website\"},\"datePublished\":\"2024-05-03T11:22:38+00:00\",\"description\":\"Discover how to replace the battery in the Chamberlain 956EVC-P2 model. Follow the steps and make your remote work again.\",\"breadcrumb\":{\"@id\":\"https:\\\/\\\/ismartgate.com\\\/how-to-replace-the-battery-in-chamberlain-956evc-p2-model\\\/#breadcrumb\"},\"inLanguage\":\"nb-NO\",\"potentialAction\":[{\"@type\":\"ReadAction\",\"target\":[\"https:\\\/\\\/ismartgate.com\\\/how-to-replace-the-battery-in-chamberlain-956evc-p2-model\\\/\"]}]},{\"@type\":\"BreadcrumbList\",\"@id\":\"https:\\\/\\\/ismartgate.com\\\/how-to-replace-the-battery-in-chamberlain-956evc-p2-model\\\/#breadcrumb\",\"itemListElement\":[{\"@type\":\"ListItem\",\"position\":1,\"name\":\"Home\",\"item\":\"https:\\\/\\\/ismartgate.com\\\/\"},{\"@type\":\"ListItem\",\"position\":2,\"name\":\"ismargate - How to replace the battery in Chamberlain 956EVC-P2 model\"}]},{\"@type\":\"WebSite\",\"@id\":\"https:\\\/\\\/ismartgate.com\\\/#website\",\"url\":\"https:\\\/\\\/ismartgate.com\\\/\",\"name\":\"ismartgate\",\"description\":\"The best Smart Garage Door Opener compatible with Apple HomeKit\",\"publisher\":{\"@id\":\"https:\\\/\\\/ismartgate.com\\\/#organization\"},\"inLanguage\":\"nb-NO\"},{\"@type\":\"Organization\",\"@id\":\"https:\\\/\\\/ismartgate.com\\\/#organization\",\"name\":\"ismartgate\",\"url\":\"https:\\\/\\\/ismartgate.com\\\/\",\"logo\":{\"@type\":\"ImageObject\",\"inLanguage\":\"nb-NO\",\"@id\":\"https:\\\/\\\/ismartgate.com\\\/#\\\/schema\\\/logo\\\/image\\\/\",\"url\":\"https:\\\/\\\/ismartgate.com\\\/wp-content\\\/uploads\\\/2018\\\/07\\\/ismartgate_header_logo_2x.gif\",\"contentUrl\":\"https:\\\/\\\/ismartgate.com\\\/wp-content\\\/uploads\\\/2018\\\/07\\\/ismartgate_header_logo_2x.gif\",\"width\":378,\"height\":56,\"caption\":\"ismartgate\"},\"image\":{\"@id\":\"https:\\\/\\\/ismartgate.com\\\/#\\\/schema\\\/logo\\\/image\\\/\"},\"sameAs\":[\"https:\\\/\\\/www.facebook.com\\\/ismartgateofficial\\\/\",\"https:\\\/\\\/x.com\\\/ismartgate_ww\",\"https:\\\/\\\/www.youtube.com\\\/channel\\\/UCY7edN3zimmxIXJ3tnFMp8A\"]}]}<\/script>\n<!-- \/ Yoast SEO Premium plugin. -->","yoast_head_json":{"title":"ismargate - Hvordan skifte batteri i Chamberlain 956EVC-P2-modellen - ismartgate","description":"Finn ut hvordan du bytter batteri i Chamberlain 956EVC-P2-modellen. F\u00f8lg trinnene og f\u00e5 fjernkontrollen til \u00e5 fungere igjen.","robots":{"index":"index","follow":"follow","max-snippet":"max-snippet:-1","max-image-preview":"max-image-preview:large","max-video-preview":"max-video-preview:-1"},"canonical":"https:\/\/ismartgate.com\/nb\/hvordan-skifte-batteri-i-chamberlain-956evc-p2-modellen\/","og_locale":"nb_NO","og_type":"article","og_title":"ismargate - How to replace the battery in Chamberlain 956EVC-P2 model","og_description":"Discover how to replace the battery in the Chamberlain 956EVC-P2 model. Follow the steps and make your remote work again.","og_url":"https:\/\/ismartgate.com\/nb\/hvordan-skifte-batteri-i-chamberlain-956evc-p2-modellen\/","og_site_name":"ismartgate","article_publisher":"https:\/\/www.facebook.com\/ismartgateofficial\/","twitter_card":"summary_large_image","twitter_site":"@ismartgate_ww","twitter_misc":{"Ansl. lesetid":"8 minutter"},"schema":{"@context":"https:\/\/schema.org","@graph":[{"@type":"WebPage","@id":"https:\/\/ismartgate.com\/how-to-replace-the-battery-in-chamberlain-956evc-p2-model\/","url":"https:\/\/ismartgate.com\/how-to-replace-the-battery-in-chamberlain-956evc-p2-model\/","name":"ismargate - Hvordan skifte batteri i Chamberlain 956EVC-P2-modellen - ismartgate","isPartOf":{"@id":"https:\/\/ismartgate.com\/#website"},"datePublished":"2024-05-03T11:22:38+00:00","description":"Finn ut hvordan du bytter batteri i Chamberlain 956EVC-P2-modellen. F\u00f8lg trinnene og f\u00e5 fjernkontrollen til \u00e5 fungere igjen.","breadcrumb":{"@id":"https:\/\/ismartgate.com\/how-to-replace-the-battery-in-chamberlain-956evc-p2-model\/#breadcrumb"},"inLanguage":"nb-NO","potentialAction":[{"@type":"ReadAction","target":["https:\/\/ismartgate.com\/how-to-replace-the-battery-in-chamberlain-956evc-p2-model\/"]}]},{"@type":"BreadcrumbList","@id":"https:\/\/ismartgate.com\/how-to-replace-the-battery-in-chamberlain-956evc-p2-model\/#breadcrumb","itemListElement":[{"@type":"ListItem","position":1,"name":"Home","item":"https:\/\/ismartgate.com\/"},{"@type":"ListItem","position":2,"name":"ismargate - How to replace the battery in Chamberlain 956EVC-P2 model"}]},{"@type":"WebSite","@id":"https:\/\/ismartgate.com\/#website","url":"https:\/\/ismartgate.com\/","name":"ismartgate","description":"Den beste smarte garasjeport\u00e5pneren som er kompatibel med Apple HomeKit","publisher":{"@id":"https:\/\/ismartgate.com\/#organization"},"inLanguage":"nb-NO"},{"@type":"Organization","@id":"https:\/\/ismartgate.com\/#organization","name":"ismartgate","url":"https:\/\/ismartgate.com\/","logo":{"@type":"ImageObject","inLanguage":"nb-NO","@id":"https:\/\/ismartgate.com\/#\/schema\/logo\/image\/","url":"https:\/\/ismartgate.com\/wp-content\/uploads\/2018\/07\/ismartgate_header_logo_2x.gif","contentUrl":"https:\/\/ismartgate.com\/wp-content\/uploads\/2018\/07\/ismartgate_header_logo_2x.gif","width":378,"height":56,"caption":"ismartgate"},"image":{"@id":"https:\/\/ismartgate.com\/#\/schema\/logo\/image\/"},"sameAs":["https:\/\/www.facebook.com\/ismartgateofficial\/","https:\/\/x.com\/ismartgate_ww","https:\/\/www.youtube.com\/channel\/UCY7edN3zimmxIXJ3tnFMp8A"]}]}},"_links":{"self":[{"href":"https:\/\/ismartgate.com\/nb\/wp-json\/wp\/v2\/pages\/44430","targetHints":{"allow":["GET"]}}],"collection":[{"href":"https:\/\/ismartgate.com\/nb\/wp-json\/wp\/v2\/pages"}],"about":[{"href":"https:\/\/ismartgate.com\/nb\/wp-json\/wp\/v2\/types\/page"}],"author":[{"embeddable":true,"href":"https:\/\/ismartgate.com\/nb\/wp-json\/wp\/v2\/users\/5"}],"replies":[{"embeddable":true,"href":"https:\/\/ismartgate.com\/nb\/wp-json\/wp\/v2\/comments?post=44430"}],"version-history":[{"count":1,"href":"https:\/\/ismartgate.com\/nb\/wp-json\/wp\/v2\/pages\/44430\/revisions"}],"predecessor-version":[{"id":44431,"href":"https:\/\/ismartgate.com\/nb\/wp-json\/wp\/v2\/pages\/44430\/revisions\/44431"}],"wp:attachment":[{"href":"https:\/\/ismartgate.com\/nb\/wp-json\/wp\/v2\/media?parent=44430"}],"curies":[{"name":"wp","href":"https:\/\/api.w.org\/{rel}","templated":true}]}}