{"id":687,"date":"2019-02-18T11:55:55","date_gmt":"2019-02-18T11:55:55","guid":{"rendered":"https:\/\/ismartgate.com\/?page_id=687"},"modified":"2022-08-08T07:47:09","modified_gmt":"2022-08-08T06:47:09","slug":"garantija","status":"publish","type":"page","link":"https:\/\/ismartgate.com\/lv\/warranty\/","title":{"rendered":"Garantija"},"content":{"rendered":"<div class=\"fusion-fullwidth fullwidth-box fusion-builder-row-1 nonhundred-percent-fullwidth non-hundred-percent-height-scrolling fusion-equal-height-columns\" style=\"--awb-border-radius-top-left:0px;--awb-border-radius-top-right:0px;--awb-border-radius-bottom-right:0px;--awb-border-radius-bottom-left:0px;--awb-padding-top:20px;--awb-padding-bottom:20px;--awb-flex-wrap:wrap;\" ><div class=\"fusion-builder-row fusion-row\"><div class=\"fusion-layout-column fusion_builder_column fusion-builder-column-0 fusion_builder_column_1_1 1_1 fusion-one-full fusion-column-first fusion-column-last\" style=\"--awb-bg-size:cover;\"><div class=\"fusion-column-wrapper fusion-flex-column-wrapper-legacy\"><div class=\"fusion-column-content-centered\"><div class=\"fusion-column-content\"><div class=\"fusion-text fusion-text-1\"><h1 data-fontsize=\"30\" data-lineheight=\"45\">Produkta garantija un atgrie\u0161anas politika<\/h1>\n<\/div><div class=\"fusion-sep-clear\"><\/div><div class=\"fusion-separator fusion-full-width-sep\" style=\"margin-left: auto;margin-right: auto;margin-top:5px;margin-bottom:5px;width:100%;\"><\/div><div class=\"fusion-sep-clear\"><\/div><div class=\"fusion-text fusion-text-2\"><p id=\"u28687-5\" class=\"Explicacion\">L\u016bdzu, uzman\u012bgi izlasiet \u0161o dokumentu, jo tas attiecas uz j\u016bsu ties\u012bb\u0101m attiec\u012bb\u0101 uz \u0161o produktu, k\u0101 ar\u012b iesp\u0113jamiem ierobe\u017eojumiem.<\/p>\n<p id=\"u28687-8\" class=\"Explicacion\"><strong>Ierobe\u017eotas garantijas politika:<\/strong> ismartgate izstr\u0101d\u0101jumiem un visiem p\u0101r\u0113jiem \u0161aj\u0101 t\u012bmek\u013ca vietn\u0113 min\u0113tajiem izstr\u0101d\u0101jumiem (ja vien nav nor\u0101d\u012bts cit\u0101di) ir viena (1) gada garantija pret meh\u0101niskiem un elektriskiem defektiem, ja izstr\u0101d\u0101jumi ir izmantoti saska\u0146\u0101 ar pievienoto dokument\u0101ciju. Viena gada garantijas termi\u0146\u0161 s\u0101kas no dienas, kad ier\u012bces lietot\u0101js to ieg\u0101d\u0101jies. Ja klientam nav pirkumu apliecino\u0161a ori\u0123in\u0101la, Gogogate INC. noteiks, vai ier\u012bcei ir garantija, pamatojoties uz t\u0101s izgatavo\u0161anas datumu.<\/p>\n<p id=\"u28687-13\" class=\"Explicacion\">Ja m\u016bsu produkts nedarbojas, m\u0113s 1) nomain\u012bsim vai salabosim j\u016bsu produktu vai 2) nolemsim atmaks\u0101t jums par produktu samaks\u0101to pirkuma cenu, un iepriek\u0161 min\u0113tais b\u016bs vien\u012bgais klienta tiesisk\u0101s aizsardz\u012bbas l\u012bdzeklis \u0161\u012bs garantijas p\u0101rk\u0101puma gad\u012bjum\u0101. Izstr\u0101d\u0101jumus var aizst\u0101t ar atjaunot\u0101m vien\u012bb\u0101m vai citiem l\u012bdz\u012bgas funkcionalit\u0101tes mode\u013ciem. J\u016bs ar\u012b saprotat, ka iepriek\u0161 min\u0113t\u0101s iesp\u0113jas tiks \u012bstenotas p\u0113c Gogogate INC. vai GOGOGATE INC. ieskatiem.<\/p>\n<p id=\"u28687-17\" class=\"Explicacion\">M\u016bsu ierobe\u017eot\u0101 garantija ir nododama no s\u0101kotn\u0113j\u0101 klienta n\u0101kamajam \u012bpa\u0161niekam, ta\u010du garantijas termi\u0146\u0161 netiks pagarin\u0101ts, jo \u012bpa\u0161umties\u012bbu nodo\u0161anas rezult\u0101t\u0101 netiks pagarin\u0101ts garantijas termi\u0146\u0161 vai segums.<\/p>\n<p id=\"u28687-19\" class=\"Explicacion\">Gogogate INC. neuz\u0146emas garantijas saist\u012bbas attiec\u012bb\u0101 uz a) norm\u0101lu nolietojumu, b) izstr\u0101d\u0101jumiem bez izgatavo\u0161anas vai produkta defektiem, c) nepareizu lieto\u0161anu, \u013caunpr\u0101t\u012bgu izmanto\u0161anu, neuzman\u012bbu, negad\u012bjumiem, kr\u0101p\u0161anu, c) nepareiza sprieguma lieto\u0161anu (\u0161\u012b ir zemsprieguma ier\u012bce), d) nep\u0101rvaramas varas apst\u0101k\u013ciem, e) neat\u013cautu vai neparedz\u0113tu produkta lieto\u0161anu, f) pat\u0113r\u0113jam\u0101m da\u013c\u0101m, piem\u0113ram, baterij\u0101m.<\/p>\n<p id=\"u28687-22\" class=\"Explicacion\">IZ\u0145EMOT IEPRIEK\u0160 \u0160AJ\u0100 IEROBE\u017dOTAJ\u0100 GARANTIJ\u0100 NOTEIKTO, M\u016aSU PRODUKTI UN PAKALPOJUMI TIEK SNIEGTI \"T\u0100DI, K\u0100DI TIE IR\", UN, CIKT\u0100L TO PIE\u013bAUJ PIEM\u0112ROJAMIE TIES\u012aBU AKTI, GOGOGATE INC. ATSAK\u0100S NO VIS\u0100M TIE\u0160AJ\u0100M, NETIE\u0160AJ\u0100M UN LIKUM\u0100 NOTEIKTAJ\u0100M GARANTIJ\u0100M UN NOSAC\u012aJUMIEM ATTIEC\u012aB\u0100 UZ PRODUKTIEM UN PAKALPOJUMIEM, K\u0100 AR\u012a IEROBE\u017dO VISAS NETIE\u0160\u0100S GARANTIJAS ATTIEC\u012aB\u0100 UZ PRODUKTIEM UN PAKALPOJUMIEM L\u012aDZ GARANTIJAS TERMI\u0145AM. GOGOGATE INC. NEGARANT\u0112, KA PRODUKTU UN PAKALPOJUMU DARB\u012aBA B\u016aS BEZ K\u013b\u016aD\u0100M VAI NEP\u0100RTRAUKTA. GOGOGATE INC. NAV ATBILD\u012aGS PAR JEBK\u0100D\u0100M DARBASP\u0112KA IZMAKS\u0100M (TOSTARP UZST\u0100D\u012a\u0160ANAS IZMAKS\u0100M), KAS SAIST\u012aTAS AR T\u0100 PRODUKTIEM UN PAKALPOJUMIEM, VAI REMONTA, NOMAI\u0145AS VAI BOJ\u0100JUMU IZMAKS\u0100M, KAS SAIST\u012aTAS AR CITIEM PRODUKTIEM UN PAKALPOJUMIEM, KURUS NEP\u0100RDOD GOGOGATE INC. EUROPE S.L.<\/p>\n<p id=\"u28687-25\" class=\"Explicacion\">Uz\u0146\u0113mums Gogogate INC. nek\u0101d\u0101 gad\u012bjum\u0101 neb\u016bs atbild\u012bgs par izrieto\u0161iem vai nejau\u0161iem zaud\u0113jumiem, kas radu\u0161ies m\u016bsu produktu vai programmat\u016bras, kas lejupiel\u0101d\u0113ta j\u016bsu t\u0101lrun\u012b vai jebkur\u0101 cit\u0101 ier\u012bc\u0113, rezult\u0101t\u0101, un j\u016bs piekr\u012btat atbr\u012bvot uz\u0146\u0113mumu Gogogogate INC. no jebk\u0101das atbild\u012bbas, zaud\u0113jumiem, zaud\u0113jumiem un pras\u012bb\u0101m, kas radu\u0161\u0101s m\u016bsu produktu un programmat\u016bras izmanto\u0161anas rezult\u0101t\u0101.<\/p>\n<p id=\"u28687-30\" class=\"Explicacion\"><strong>Atgrie\u0161anas noteikumi:<br \/>\n<\/strong>J\u016bsu ties\u012bbas uz atgrie\u0161anu un atgrie\u0161anas noteikumi<\/p>\n<p id=\"u28687-40\" class=\"Explicacion\"><span id=\"u28687-37\">J\u016bs varat atgriezt ieg\u0101d\u0101tos Produktus, sa\u0146emot atpaka\u013c visu faktiski samaks\u0101to Pre\u010du pirkuma cenu 30 darba dienu laik\u0101 no Pre\u010du sa\u0146em\u0161anas dienas,<br \/>\nja tiek iev\u0113rotas \u0161\u0101das pras\u012bbas:<\/span><\/p>\n<p id=\"u28687-43\" class=\"Explicacion\">\u00a0- Jums ir j\u0101sa\u0146em Gogogate INC. atgrie\u0161anas atsauces numurs (RMA). \u0160o numuru var sa\u0146emt no Gogogate INC., zvanot mums pa t\u0101lruni (855) 473 6765 vai pieprasot numuru pa e-pastu: <a href=\"mailto:servicerma@ismartgate.com\">servicerma@ismartgate.com<\/a> <span id=\"u28687-42\">.<\/span><\/p>\n<p id=\"u28687-48\" class=\"Explicacion\">\u00a0- Gogogate INC. atgrie\u0161anas atsauces numuram j\u0101b\u016bt redzam\u0101 viet\u0101 uz s\u016bt\u012bjuma, kur\u0101 tiek atgriezti Produkti, \u0101rpuses.<\/p>\n<p id=\"u28687-50\" class=\"Explicacion\">\u00a0- Atgrieztajiem Produktiem j\u0101pievieno Gogogate INC. r\u0113\u0137ins. Izstr\u0101d\u0101jumi ir j\u0101atgrie\u017e ori\u0123in\u0101laj\u0101 iepakojum\u0101, \"k\u0101 jauni\", kop\u0101 ar vis\u0101m sast\u0101vda\u013c\u0101m, deta\u013c\u0101m, piederumiem, garantijas kart\u0113m, rokasgr\u0101mat\u0101m un citiem dokumentiem un priek\u0161metiem. Klientam ir pien\u0101c\u012bgi j\u0101p\u0101rpako ra\u017eojums, lai izvair\u012btos no boj\u0101jumiem transport\u0113\u0161anas laik\u0101, un j\u0101nos\u016bta ra\u017eojums uz\u0146\u0113mumam Gogogate INC. uz sava r\u0113\u0137ina.<\/p>\n<p id=\"u28687-53\" class=\"Explicacion\">Ja atgrie\u017eat Produktus, (1) kas ir boj\u0101ti vai izmantoti, (2) p\u0113c 30 darba dienu atgrie\u0161anas termi\u0146a (vai cita ilg\u0101ka termi\u0146a, kas noteikts piem\u0113rojamos ties\u012bbu aktos), (3) kuru da\u013cas, tostarp sast\u0101vda\u013cas, iek\u013cautie produkti, piederumi, iepakojums, kastes, dokumenti un\/vai citi priek\u0161meti ir boj\u0101ti vai to nav, vai (4) bez iepriek\u0161 apmaks\u0101tas pieg\u0101des, Gogogogate INC. patur ties\u012bbas atteikties atmaks\u0101t Produkta pirkuma cenu (saska\u0146\u0101 ar piem\u0113rojamiem viet\u0113jiem ties\u012bbu aktiem) vai iekas\u0113t no jums remonta, kompens\u0101cijas vai saist\u012bt\u0101s maksas un pieg\u0101des izmaksas. \u0160\u0101d\u0101 gad\u012bjum\u0101 Gogogate INC. var ietur\u0113t \u0161\u012bs nodevas un maks\u0101jumus no jebk\u0101diem maks\u0101jumiem, kas jums tiks atmaks\u0101ti.<\/p>\n<p id=\"u28687-56\" class=\"Explicacion\">P\u0113c Produktu atgrie\u0161anas Gogogate INC., iev\u0113rojot iepriek\u0161 min\u0113tos ierobe\u017eojumus, atmaks\u0101s Gogogate INC. samaks\u0101to faktisko summu. atskaitot visas Gogogate INC. pien\u0101ko\u0161\u0101s nodevas un maks\u0101jumus (saska\u0146\u0101 ar iepriek\u0161 min\u0113to), kredit\u0113jot j\u016bsu attiec\u012bgo kred\u012btkarti vai bankas kontu (vai izmantojot citus l\u012bdzek\u013cus).<\/p>\n<p id=\"u28687-61\" class=\"Explicacion\">Tas, ka Gogogate INC. izsniedz atgrie\u0161anas atsauces numuru, nenoz\u012bm\u0113, ka tiek pie\u0146emtas vai atz\u012btas jebk\u0101das ties\u012bbas atgriezt Produktus, iz\u0146emot gad\u012bjumus, kad \u0161ie Noteikumi vai oblig\u0101ti piem\u0113rojamie ties\u012bbu akti pie\u0161\u0137ir \u0161\u0101das ties\u012bbas.<\/p>\n<p id=\"u28687-64\" class=\"Explicacion\"><strong>15. Iz\u0146\u0113mumi attiec\u012bb\u0101 uz atgrie\u0161anas ties\u012bb\u0101m<br \/>\n<\/strong>Atteikuma ties\u012bbas neattiecas uz atgrie\u0161anas ties\u012bb\u0101m, ja j\u016bs nep\u0113rkat Produktus vai Pakalpojumus k\u0101 pat\u0113r\u0113t\u0101js. Atgrie\u0161anas un kompens\u0101cijas ties\u012bbas neattiecas uz programmat\u016bru, kas tiek p\u0101rdota kop\u0101 ar Gogogate INC. produktiem vai k\u0101 atsevi\u0161\u0137s produkts, ja licences z\u012bmogs ir boj\u0101ts un\/vai ir atv\u0113rts saraucamais iepakojums. Turkl\u0101t j\u016bs nevarat atgriezt Produktu un piepras\u012bt atmaks\u0101t naudu, ja attiec\u012bgais Produkts ir personaliz\u0113ts Produkts, piem\u0113ram, iegrav\u0113ts vai cit\u0101di individu\u0101li personaliz\u0113ts saska\u0146\u0101 ar j\u016bsu specifik\u0101cij\u0101m.<\/p>\n<p id=\"u28687-69\" class=\"Explicacion\">Visi Gogogate INC. atdotie produkti tiks analiz\u0113ti, lai noteiktu, vai tiem ir ties\u012bbas uz garantiju saska\u0146\u0101 ar iepriek\u0161 aprakst\u012bto ierobe\u017eot\u0101s garantijas politiku. Ja tiks noteikts, ka uz produktu attiecas garantija, Gogogate INC. segs visus s\u016bt\u012bjuma izdevumus atpaka\u013c klientam. Ja saska\u0146\u0101 ar iepriek\u0161 aprakst\u012bto garantijas politiku tiks konstat\u0113ts, ka ra\u017eojums neatbilst garantijai, Gogogate INC. neuz\u0146emas atbild\u012bbu par ra\u017eojuma labo\u0161anu, un ra\u017eojums tiks nos\u016bt\u012bts atpaka\u013c klientam uz vi\u0146a pa\u0161a r\u0113\u0137ina.<\/p>\n<\/div><\/div><\/div><div class=\"fusion-clearfix\"><\/div><\/div><\/div><\/div><\/div>","protected":false},"excerpt":{"rendered":"","protected":false},"author":5,"featured_media":0,"parent":0,"menu_order":0,"comment_status":"closed","ping_status":"open","template":"100-width.php","meta":{"footnotes":""},"class_list":["post-687","page","type-page","status-publish","hentry"],"yoast_head":"<!-- This site is optimized with the Yoast SEO Premium plugin v27.3 (Yoast SEO v27.3) - https:\/\/yoast.com\/product\/yoast-seo-premium-wordpress\/ -->\n<title>Warranty - ismartgate<\/title>\n<meta name=\"description\" content=\"iSmartgate Warranty information. Read more here.\" \/>\n<meta name=\"robots\" content=\"index, follow, max-snippet:-1, max-image-preview:large, max-video-preview:-1\" \/>\n<link rel=\"canonical\" href=\"https:\/\/ismartgate.com\/lv\/garantija\/\" \/>\n<meta property=\"og:locale\" content=\"lv_LV\" \/>\n<meta property=\"og:type\" content=\"article\" \/>\n<meta property=\"og:title\" content=\"Warranty\" \/>\n<meta property=\"og:description\" content=\"iSmartgate Warranty information. Read more here.\" \/>\n<meta property=\"og:url\" content=\"https:\/\/ismartgate.com\/lv\/garantija\/\" \/>\n<meta property=\"og:site_name\" content=\"ismartgate\" \/>\n<meta property=\"article:publisher\" content=\"https:\/\/www.facebook.com\/ismartgateofficial\/\" \/>\n<meta property=\"article:modified_time\" content=\"2022-08-08T06:47:09+00:00\" \/>\n<meta name=\"twitter:card\" content=\"summary_large_image\" \/>\n<meta name=\"twitter:site\" content=\"@ismartgate_ww\" \/>\n<meta name=\"twitter:label1\" content=\"Est. reading time\" \/>\n\t<meta name=\"twitter:data1\" content=\"6 min\u016btes\" \/>\n<script type=\"application\/ld+json\" class=\"yoast-schema-graph\">{\"@context\":\"https:\\\/\\\/schema.org\",\"@graph\":[{\"@type\":\"WebPage\",\"@id\":\"https:\\\/\\\/ismartgate.com\\\/warranty\\\/\",\"url\":\"https:\\\/\\\/ismartgate.com\\\/warranty\\\/\",\"name\":\"Warranty - ismartgate\",\"isPartOf\":{\"@id\":\"https:\\\/\\\/ismartgate.com\\\/#website\"},\"datePublished\":\"2019-02-18T11:55:55+00:00\",\"dateModified\":\"2022-08-08T06:47:09+00:00\",\"description\":\"iSmartgate Warranty information. Read more here.\",\"breadcrumb\":{\"@id\":\"https:\\\/\\\/ismartgate.com\\\/warranty\\\/#breadcrumb\"},\"inLanguage\":\"lv-LV\",\"potentialAction\":[{\"@type\":\"ReadAction\",\"target\":[\"https:\\\/\\\/ismartgate.com\\\/warranty\\\/\"]}]},{\"@type\":\"BreadcrumbList\",\"@id\":\"https:\\\/\\\/ismartgate.com\\\/warranty\\\/#breadcrumb\",\"itemListElement\":[{\"@type\":\"ListItem\",\"position\":1,\"name\":\"Home\",\"item\":\"https:\\\/\\\/ismartgate.com\\\/\"},{\"@type\":\"ListItem\",\"position\":2,\"name\":\"Warranty\"}]},{\"@type\":\"WebSite\",\"@id\":\"https:\\\/\\\/ismartgate.com\\\/#website\",\"url\":\"https:\\\/\\\/ismartgate.com\\\/\",\"name\":\"ismartgate\",\"description\":\"The best Smart Garage Door Opener compatible with Apple HomeKit\",\"publisher\":{\"@id\":\"https:\\\/\\\/ismartgate.com\\\/#organization\"},\"inLanguage\":\"lv-LV\"},{\"@type\":\"Organization\",\"@id\":\"https:\\\/\\\/ismartgate.com\\\/#organization\",\"name\":\"ismartgate\",\"url\":\"https:\\\/\\\/ismartgate.com\\\/\",\"logo\":{\"@type\":\"ImageObject\",\"inLanguage\":\"lv-LV\",\"@id\":\"https:\\\/\\\/ismartgate.com\\\/#\\\/schema\\\/logo\\\/image\\\/\",\"url\":\"https:\\\/\\\/ismartgate.com\\\/wp-content\\\/uploads\\\/2018\\\/07\\\/ismartgate_header_logo_2x.gif\",\"contentUrl\":\"https:\\\/\\\/ismartgate.com\\\/wp-content\\\/uploads\\\/2018\\\/07\\\/ismartgate_header_logo_2x.gif\",\"width\":378,\"height\":56,\"caption\":\"ismartgate\"},\"image\":{\"@id\":\"https:\\\/\\\/ismartgate.com\\\/#\\\/schema\\\/logo\\\/image\\\/\"},\"sameAs\":[\"https:\\\/\\\/www.facebook.com\\\/ismartgateofficial\\\/\",\"https:\\\/\\\/x.com\\\/ismartgate_ww\",\"https:\\\/\\\/www.youtube.com\\\/channel\\\/UCY7edN3zimmxIXJ3tnFMp8A\"]}]}<\/script>\n<!-- \/ Yoast SEO Premium plugin. -->","yoast_head_json":{"title":"Garantija - ismartgate","description":"iSmartgate Garantijas inform\u0101cija. Vair\u0101k lasiet \u0161eit.","robots":{"index":"index","follow":"follow","max-snippet":"max-snippet:-1","max-image-preview":"max-image-preview:large","max-video-preview":"max-video-preview:-1"},"canonical":"https:\/\/ismartgate.com\/lv\/garantija\/","og_locale":"lv_LV","og_type":"article","og_title":"Warranty","og_description":"iSmartgate Warranty information. Read more here.","og_url":"https:\/\/ismartgate.com\/lv\/garantija\/","og_site_name":"ismartgate","article_publisher":"https:\/\/www.facebook.com\/ismartgateofficial\/","article_modified_time":"2022-08-08T06:47:09+00:00","twitter_card":"summary_large_image","twitter_site":"@ismartgate_ww","twitter_misc":{"Est. reading time":"6 min\u016btes"},"schema":{"@context":"https:\/\/schema.org","@graph":[{"@type":"WebPage","@id":"https:\/\/ismartgate.com\/warranty\/","url":"https:\/\/ismartgate.com\/warranty\/","name":"Garantija - ismartgate","isPartOf":{"@id":"https:\/\/ismartgate.com\/#website"},"datePublished":"2019-02-18T11:55:55+00:00","dateModified":"2022-08-08T06:47:09+00:00","description":"iSmartgate Garantijas inform\u0101cija. Vair\u0101k lasiet \u0161eit.","breadcrumb":{"@id":"https:\/\/ismartgate.com\/warranty\/#breadcrumb"},"inLanguage":"lv-LV","potentialAction":[{"@type":"ReadAction","target":["https:\/\/ismartgate.com\/warranty\/"]}]},{"@type":"BreadcrumbList","@id":"https:\/\/ismartgate.com\/warranty\/#breadcrumb","itemListElement":[{"@type":"ListItem","position":1,"name":"Home","item":"https:\/\/ismartgate.com\/"},{"@type":"ListItem","position":2,"name":"Warranty"}]},{"@type":"WebSite","@id":"https:\/\/ismartgate.com\/#website","url":"https:\/\/ismartgate.com\/","name":"ismartgate","description":"Lab\u0101kais ar Apple HomeKit sader\u012bgais viedais gar\u0101\u017eas durvju atv\u0113r\u0113js","publisher":{"@id":"https:\/\/ismartgate.com\/#organization"},"inLanguage":"lv-LV"},{"@type":"Organization","@id":"https:\/\/ismartgate.com\/#organization","name":"ismartgate","url":"https:\/\/ismartgate.com\/","logo":{"@type":"ImageObject","inLanguage":"lv-LV","@id":"https:\/\/ismartgate.com\/#\/schema\/logo\/image\/","url":"https:\/\/ismartgate.com\/wp-content\/uploads\/2018\/07\/ismartgate_header_logo_2x.gif","contentUrl":"https:\/\/ismartgate.com\/wp-content\/uploads\/2018\/07\/ismartgate_header_logo_2x.gif","width":378,"height":56,"caption":"ismartgate"},"image":{"@id":"https:\/\/ismartgate.com\/#\/schema\/logo\/image\/"},"sameAs":["https:\/\/www.facebook.com\/ismartgateofficial\/","https:\/\/x.com\/ismartgate_ww","https:\/\/www.youtube.com\/channel\/UCY7edN3zimmxIXJ3tnFMp8A"]}]}},"_links":{"self":[{"href":"https:\/\/ismartgate.com\/lv\/wp-json\/wp\/v2\/pages\/687","targetHints":{"allow":["GET"]}}],"collection":[{"href":"https:\/\/ismartgate.com\/lv\/wp-json\/wp\/v2\/pages"}],"about":[{"href":"https:\/\/ismartgate.com\/lv\/wp-json\/wp\/v2\/types\/page"}],"author":[{"embeddable":true,"href":"https:\/\/ismartgate.com\/lv\/wp-json\/wp\/v2\/users\/5"}],"replies":[{"embeddable":true,"href":"https:\/\/ismartgate.com\/lv\/wp-json\/wp\/v2\/comments?post=687"}],"version-history":[{"count":7,"href":"https:\/\/ismartgate.com\/lv\/wp-json\/wp\/v2\/pages\/687\/revisions"}],"predecessor-version":[{"id":31578,"href":"https:\/\/ismartgate.com\/lv\/wp-json\/wp\/v2\/pages\/687\/revisions\/31578"}],"wp:attachment":[{"href":"https:\/\/ismartgate.com\/lv\/wp-json\/wp\/v2\/media?parent=687"}],"curies":[{"name":"wp","href":"https:\/\/api.w.org\/{rel}","templated":true}]}}