{"id":41007,"date":"2024-04-26T10:42:05","date_gmt":"2024-04-26T09:42:05","guid":{"rendered":"https:\/\/ismartgate.com\/?page_id=41007"},"modified":"2024-05-16T14:20:24","modified_gmt":"2024-05-16T13:20:24","slug":"garazas-varti-un-varti-visparigas-temas","status":"publish","type":"page","link":"https:\/\/ismartgate.com\/lv\/garage-doors-and-gates-general-topics\/","title":{"rendered":"Gar\u0101\u017eas v\u0101rti un v\u0101rti visp\u0101r\u012bgas t\u0113mas"},"content":{"rendered":"<div class=\"fusion-fullwidth fullwidth-box fusion-builder-row-1 nonhundred-percent-fullwidth non-hundred-percent-height-scrolling fusion-equal-height-columns\" style=\"--awb-border-radius-top-left:0px;--awb-border-radius-top-right:0px;--awb-border-radius-bottom-right:0px;--awb-border-radius-bottom-left:0px;--awb-padding-top:20px;--awb-padding-bottom:20px;--awb-flex-wrap:wrap;\" ><div class=\"fusion-builder-row fusion-row\"><div class=\"fusion-layout-column fusion_builder_column fusion-builder-column-0 fusion_builder_column_1_1 1_1 fusion-one-full fusion-column-first fusion-column-last\" style=\"--awb-bg-size:cover;\"><div class=\"fusion-column-wrapper fusion-flex-column-wrapper-legacy\"><div class=\"fusion-column-content-centered\"><div class=\"fusion-column-content\"><div class=\"fusion-text fusion-text-1\" style=\"--awb-text-transform:none;\"><h1 style=\"text-align: center;\">Gar\u0101\u017eas v\u0101rti un v\u0101rti visp\u0101r\u012bgas t\u0113mas<\/h1>\n<\/div><div class=\"fusion-sep-clear\"><\/div><div class=\"fusion-separator fusion-full-width-sep\" style=\"margin-left: auto;margin-right: auto;margin-top:5px;margin-bottom:5px;width:100%;\"><\/div><div class=\"fusion-sep-clear\"><\/div><div class=\"fusion-text fusion-text-2\" style=\"--awb-text-transform:none;\"><p style=\"text-align: center; line-height: 2;\"><strong><a href=\"https:\/\/ismartgate.com\/lv\/ka-nomainit-bateriju-genie-3-pogu-talvadibas-pulti\/\">- K\u0101 nomain\u012bt bateriju genie 3 pogu t\u0101lvad\u012bbas pult\u012b<\/a><br \/>\n<a href=\"https:\/\/ismartgate.com\/lv\/homekit-garazas-durvju-sledza-iestatisana-izmantojot-ismartgate\/\">- HomeKit gar\u0101\u017eas durvju sl\u0113d\u017ea iestat\u012b\u0161ana, izmantojot ismartgate<\/a><br \/>\n<a href=\"https:\/\/ismartgate.com\/lv\/ka-padarit-garazas-durvis-gudras\/\">- K\u0101 padar\u012bt gar\u0101\u017eas durvis gudras<\/a><br \/>\n<a href=\"https:\/\/ismartgate.com\/lv\/ismargate-ka-padarit-manu-garazas-durvju-atveri-gudru\/\">- K\u0101 padar\u012bt gar\u0101\u017eas durvis gudras<\/a><br \/>\n<a href=\"\/lv\/ka-uzstadit-chamberlain-viedo-garazas-durvju-atveri\/\">- K\u0101 uzst\u0101d\u012bt Chamberlain viedo gar\u0101\u017eas durvju atveri<\/a><\/strong><strong><br \/>\n<a href=\"\/lv\/vai-viedie-garazas-durvju-atvereji-ir-drosi\/\">- Vai viedie gar\u0101\u017eas atv\u0113r\u0113ji ir dro\u0161i<\/a><br \/>\n<a href=\"\/lv\/vai-es-varu-padarit-savu-garazas-durvju-vertni-gudru\/\">- Vai es varu savu gar\u0101\u017eas durvju v\u0113rtni padar\u012bt gudru?<\/a><br \/>\n<a href=\"\/lv\/gudrais-garazas-durvju-atverejs-ar-apple-homekit\/\">- Viedais gar\u0101\u017eas durvju atv\u0113r\u0113js ar Apple HomeKit<\/a><br \/>\n<a href=\"\/lv\/smart-garage-door-opener-with-google-home\/\">- Vieds gar\u0101\u017eas durvju atv\u0113r\u0113js ar Google Home<\/a><br \/>\n<a href=\"\/lv\/gudrais-garazas-durvju-atverejs-ar-amazon-alexa\/\">- Vieds gar\u0101\u017eas durvju atv\u0113r\u0113js ar Amazon Alexa<\/a><br \/>\n<a href=\"https:\/\/ismartgate.com\/lv\/vieds-garazas-durvju-atverejs-ar-samsung-smartthings\/\">- Vieds gar\u0101\u017eas durvju atv\u0113r\u0113js ar Samsung SmartThings<\/a><br \/>\n<a href=\"https:\/\/ismartgate.com\/lv\/gudrs-garazas-durvju-atverejs-ar-ifttt\/\">- Vieds gar\u0101\u017eas durvju atv\u0113r\u0113js ar IFTTT<\/a><br \/>\n<a href=\"https:\/\/ismartgate.com\/lv\/vai-es-varu-pievienot-wifi-savam-garazas-durvju-atverim\/\">- Vai es varu pievienot wifi savam gar\u0101\u017eas durvju atverim<\/a><br \/>\n<a href=\"https:\/\/ismartgate.com\/lv\/ka-nomainit-akumulatoru-chamberlain-953ev-modeli\/\">- K\u0101 nomain\u012bt akumulatoru Chamberlain 953EV model\u012b<\/a><br \/>\n<a href=\"https:\/\/ismartgate.com\/lv\/ka-nomainit-chamberlain-953ev-p2-modela-akumulatoru\/\">- K\u0101 nomain\u012bt akumulatoru Chamberlain 953EV-P2 model\u012b<\/a><br \/>\n<a href=\"https:\/\/ismartgate.com\/lv\/ka-nomainit-akumulatoru-chamberlain-953evc-modeli\/\">- K\u0101 nomain\u012bt akumulatoru Chamberlain 953EVC model\u012b<\/a><br \/>\n<a href=\"https:\/\/ismartgate.com\/lv\/ka-nomainit-chamberlain-953evc-p2-modela-akumulatoru\/\">- K\u0101 nomain\u012bt akumulatoru Chamberlain 953EVC-P2 model\u012b<\/a><br \/>\n<a href=\"https:\/\/ismartgate.com\/lv\/ka-nomainit-akumulatoru-chamberlain-956ev-modeli\/\">- K\u0101 nomain\u012bt akumulatoru Chamberlain 956EV model\u012b<\/a><br \/>\n<a href=\"https:\/\/ismartgate.com\/lv\/ka-nomainit-chamberlain-956ev-p2-modela-akumulatoru\/\">- K\u0101 nomain\u012bt akumulatoru Chamberlain 956EV-P2 model\u012b<\/a><br \/>\n<a href=\"https:\/\/ismartgate.com\/lv\/ka-nomainit-akumulatoru-chamberlain-956evc-modeli\/\">- K\u0101 nomain\u012bt akumulatoru Chamberlain 956EVC model\u012b<\/a><br \/>\n<a href=\"https:\/\/ismartgate.com\/lv\/ka-nomainit-akumulatoru-chamberlain-956evc-p2-modeli\/\">- K\u0101 nomain\u012bt akumulatoru Chamberlain 956EVC-p2-modelis<\/a><br \/>\n<a href=\"https:\/\/ismartgate.com\/lv\/vieda-garazas-durvju-atvereja-myq-alternativa\/\">- Vied\u0101 gar\u0101\u017eas durvju atv\u0113r\u0113ja myQ alternat\u012bva<\/a><br \/>\n<\/strong><\/p>\n<\/div><\/div><\/div><div class=\"fusion-clearfix\"><\/div><\/div><\/div><\/div><\/div>","protected":false},"excerpt":{"rendered":"","protected":false},"author":5,"featured_media":0,"parent":0,"menu_order":0,"comment_status":"closed","ping_status":"open","template":"100-width.php","meta":{"footnotes":""},"class_list":["post-41007","page","type-page","status-publish","hentry"],"yoast_head":"<!-- This site is optimized with the Yoast SEO Premium plugin v27.3 (Yoast SEO v27.3) - https:\/\/yoast.com\/product\/yoast-seo-premium-wordpress\/ -->\n<title>Garage doors and gates general topics - ismartgate<\/title>\n<meta name=\"description\" content=\"Discover all general topics required regarding smart garage door openers to select the perfect ismartgate your householde.\" \/>\n<meta name=\"robots\" content=\"index, follow, max-snippet:-1, max-image-preview:large, max-video-preview:-1\" \/>\n<link rel=\"canonical\" href=\"https:\/\/ismartgate.com\/lv\/garazas-varti-un-varti-visparigas-temas\/\" \/>\n<meta property=\"og:locale\" content=\"lv_LV\" \/>\n<meta property=\"og:type\" content=\"article\" \/>\n<meta property=\"og:title\" content=\"Garage doors and gates general topics\" \/>\n<meta property=\"og:description\" content=\"Discover all general topics required regarding smart garage door openers to select the perfect ismartgate your householde.\" \/>\n<meta property=\"og:url\" content=\"https:\/\/ismartgate.com\/lv\/garazas-varti-un-varti-visparigas-temas\/\" \/>\n<meta property=\"og:site_name\" content=\"ismartgate\" \/>\n<meta property=\"article:publisher\" content=\"https:\/\/www.facebook.com\/ismartgateofficial\/\" \/>\n<meta property=\"article:modified_time\" content=\"2024-05-16T13:20:24+00:00\" \/>\n<meta name=\"twitter:card\" content=\"summary_large_image\" \/>\n<meta name=\"twitter:site\" content=\"@ismartgate_ww\" \/>\n<meta name=\"twitter:label1\" content=\"Est. reading time\" \/>\n\t<meta name=\"twitter:data1\" content=\"1 min\u016bte\" \/>\n<script type=\"application\/ld+json\" class=\"yoast-schema-graph\">{\"@context\":\"https:\\\/\\\/schema.org\",\"@graph\":[{\"@type\":\"WebPage\",\"@id\":\"https:\\\/\\\/ismartgate.com\\\/garage-doors-and-gates-general-topics\\\/\",\"url\":\"https:\\\/\\\/ismartgate.com\\\/garage-doors-and-gates-general-topics\\\/\",\"name\":\"Garage doors and gates general topics - ismartgate\",\"isPartOf\":{\"@id\":\"https:\\\/\\\/ismartgate.com\\\/#website\"},\"datePublished\":\"2024-04-26T09:42:05+00:00\",\"dateModified\":\"2024-05-16T13:20:24+00:00\",\"description\":\"Discover all general topics required regarding smart garage door openers to select the perfect ismartgate your householde.\",\"breadcrumb\":{\"@id\":\"https:\\\/\\\/ismartgate.com\\\/garage-doors-and-gates-general-topics\\\/#breadcrumb\"},\"inLanguage\":\"lv-LV\",\"potentialAction\":[{\"@type\":\"ReadAction\",\"target\":[\"https:\\\/\\\/ismartgate.com\\\/garage-doors-and-gates-general-topics\\\/\"]}]},{\"@type\":\"BreadcrumbList\",\"@id\":\"https:\\\/\\\/ismartgate.com\\\/garage-doors-and-gates-general-topics\\\/#breadcrumb\",\"itemListElement\":[{\"@type\":\"ListItem\",\"position\":1,\"name\":\"Home\",\"item\":\"https:\\\/\\\/ismartgate.com\\\/\"},{\"@type\":\"ListItem\",\"position\":2,\"name\":\"Garage doors and gates general topics\"}]},{\"@type\":\"WebSite\",\"@id\":\"https:\\\/\\\/ismartgate.com\\\/#website\",\"url\":\"https:\\\/\\\/ismartgate.com\\\/\",\"name\":\"ismartgate\",\"description\":\"The best Smart Garage Door Opener compatible with Apple HomeKit\",\"publisher\":{\"@id\":\"https:\\\/\\\/ismartgate.com\\\/#organization\"},\"inLanguage\":\"lv-LV\"},{\"@type\":\"Organization\",\"@id\":\"https:\\\/\\\/ismartgate.com\\\/#organization\",\"name\":\"ismartgate\",\"url\":\"https:\\\/\\\/ismartgate.com\\\/\",\"logo\":{\"@type\":\"ImageObject\",\"inLanguage\":\"lv-LV\",\"@id\":\"https:\\\/\\\/ismartgate.com\\\/#\\\/schema\\\/logo\\\/image\\\/\",\"url\":\"https:\\\/\\\/ismartgate.com\\\/wp-content\\\/uploads\\\/2018\\\/07\\\/ismartgate_header_logo_2x.gif\",\"contentUrl\":\"https:\\\/\\\/ismartgate.com\\\/wp-content\\\/uploads\\\/2018\\\/07\\\/ismartgate_header_logo_2x.gif\",\"width\":378,\"height\":56,\"caption\":\"ismartgate\"},\"image\":{\"@id\":\"https:\\\/\\\/ismartgate.com\\\/#\\\/schema\\\/logo\\\/image\\\/\"},\"sameAs\":[\"https:\\\/\\\/www.facebook.com\\\/ismartgateofficial\\\/\",\"https:\\\/\\\/x.com\\\/ismartgate_ww\",\"https:\\\/\\\/www.youtube.com\\\/channel\\\/UCY7edN3zimmxIXJ3tnFMp8A\"]}]}<\/script>\n<!-- \/ Yoast SEO Premium plugin. -->","yoast_head_json":{"title":"Gar\u0101\u017eas v\u0101rti un v\u0101rti visp\u0101r\u012bgas t\u0113mas - ismartgate","description":"Atkl\u0101jiet visas visp\u0101r\u012bg\u0101s t\u0113mas, kas nepiecie\u0161amas attiec\u012bb\u0101 uz viedajiem gar\u0101\u017eas durvju atveriem, lai izv\u0113l\u0113tos ide\u0101lo ismartgate j\u016bsu m\u0101joklim.","robots":{"index":"index","follow":"follow","max-snippet":"max-snippet:-1","max-image-preview":"max-image-preview:large","max-video-preview":"max-video-preview:-1"},"canonical":"https:\/\/ismartgate.com\/lv\/garazas-varti-un-varti-visparigas-temas\/","og_locale":"lv_LV","og_type":"article","og_title":"Garage doors and gates general topics","og_description":"Discover all general topics required regarding smart garage door openers to select the perfect ismartgate your householde.","og_url":"https:\/\/ismartgate.com\/lv\/garazas-varti-un-varti-visparigas-temas\/","og_site_name":"ismartgate","article_publisher":"https:\/\/www.facebook.com\/ismartgateofficial\/","article_modified_time":"2024-05-16T13:20:24+00:00","twitter_card":"summary_large_image","twitter_site":"@ismartgate_ww","twitter_misc":{"Est. reading time":"1 min\u016bte"},"schema":{"@context":"https:\/\/schema.org","@graph":[{"@type":"WebPage","@id":"https:\/\/ismartgate.com\/garage-doors-and-gates-general-topics\/","url":"https:\/\/ismartgate.com\/garage-doors-and-gates-general-topics\/","name":"Gar\u0101\u017eas v\u0101rti un v\u0101rti visp\u0101r\u012bgas t\u0113mas - ismartgate","isPartOf":{"@id":"https:\/\/ismartgate.com\/#website"},"datePublished":"2024-04-26T09:42:05+00:00","dateModified":"2024-05-16T13:20:24+00:00","description":"Atkl\u0101jiet visas visp\u0101r\u012bg\u0101s t\u0113mas, kas nepiecie\u0161amas attiec\u012bb\u0101 uz viedajiem gar\u0101\u017eas durvju atveriem, lai izv\u0113l\u0113tos ide\u0101lo ismartgate j\u016bsu m\u0101joklim.","breadcrumb":{"@id":"https:\/\/ismartgate.com\/garage-doors-and-gates-general-topics\/#breadcrumb"},"inLanguage":"lv-LV","potentialAction":[{"@type":"ReadAction","target":["https:\/\/ismartgate.com\/garage-doors-and-gates-general-topics\/"]}]},{"@type":"BreadcrumbList","@id":"https:\/\/ismartgate.com\/garage-doors-and-gates-general-topics\/#breadcrumb","itemListElement":[{"@type":"ListItem","position":1,"name":"Home","item":"https:\/\/ismartgate.com\/"},{"@type":"ListItem","position":2,"name":"Garage doors and gates general topics"}]},{"@type":"WebSite","@id":"https:\/\/ismartgate.com\/#website","url":"https:\/\/ismartgate.com\/","name":"ismartgate","description":"Lab\u0101kais ar Apple HomeKit sader\u012bgais viedais gar\u0101\u017eas durvju atv\u0113r\u0113js","publisher":{"@id":"https:\/\/ismartgate.com\/#organization"},"inLanguage":"lv-LV"},{"@type":"Organization","@id":"https:\/\/ismartgate.com\/#organization","name":"ismartgate","url":"https:\/\/ismartgate.com\/","logo":{"@type":"ImageObject","inLanguage":"lv-LV","@id":"https:\/\/ismartgate.com\/#\/schema\/logo\/image\/","url":"https:\/\/ismartgate.com\/wp-content\/uploads\/2018\/07\/ismartgate_header_logo_2x.gif","contentUrl":"https:\/\/ismartgate.com\/wp-content\/uploads\/2018\/07\/ismartgate_header_logo_2x.gif","width":378,"height":56,"caption":"ismartgate"},"image":{"@id":"https:\/\/ismartgate.com\/#\/schema\/logo\/image\/"},"sameAs":["https:\/\/www.facebook.com\/ismartgateofficial\/","https:\/\/x.com\/ismartgate_ww","https:\/\/www.youtube.com\/channel\/UCY7edN3zimmxIXJ3tnFMp8A"]}]}},"_links":{"self":[{"href":"https:\/\/ismartgate.com\/lv\/wp-json\/wp\/v2\/pages\/41007","targetHints":{"allow":["GET"]}}],"collection":[{"href":"https:\/\/ismartgate.com\/lv\/wp-json\/wp\/v2\/pages"}],"about":[{"href":"https:\/\/ismartgate.com\/lv\/wp-json\/wp\/v2\/types\/page"}],"author":[{"embeddable":true,"href":"https:\/\/ismartgate.com\/lv\/wp-json\/wp\/v2\/users\/5"}],"replies":[{"embeddable":true,"href":"https:\/\/ismartgate.com\/lv\/wp-json\/wp\/v2\/comments?post=41007"}],"version-history":[{"count":32,"href":"https:\/\/ismartgate.com\/lv\/wp-json\/wp\/v2\/pages\/41007\/revisions"}],"predecessor-version":[{"id":47181,"href":"https:\/\/ismartgate.com\/lv\/wp-json\/wp\/v2\/pages\/41007\/revisions\/47181"}],"wp:attachment":[{"href":"https:\/\/ismartgate.com\/lv\/wp-json\/wp\/v2\/media?parent=41007"}],"curies":[{"name":"wp","href":"https:\/\/api.w.org\/{rel}","templated":true}]}}