{"id":2875,"date":"2020-03-26T09:43:54","date_gmt":"2020-03-26T09:43:54","guid":{"rendered":"https:\/\/ismartgate.com\/?page_id=2875"},"modified":"2022-08-08T08:43:40","modified_gmt":"2022-08-08T07:43:40","slug":"covid-19","status":"publish","type":"page","link":"https:\/\/ismartgate.com\/lv\/covid-19\/","title":{"rendered":"COVID-19"},"content":{"rendered":"<p><div class=\"fusion-fullwidth fullwidth-box fusion-builder-row-1 nonhundred-percent-fullwidth non-hundred-percent-height-scrolling fusion-equal-height-columns\" style=\"--awb-border-radius-top-left:0px;--awb-border-radius-top-right:0px;--awb-border-radius-bottom-right:0px;--awb-border-radius-bottom-left:0px;--awb-margin-top:0px;--awb-margin-bottom:0px;--awb-flex-wrap:wrap;\" ><div class=\"fusion-builder-row fusion-row\"><div class=\"fusion-layout-column fusion_builder_column fusion-builder-column-0 fusion_builder_column_1_1 1_1 fusion-one-full fusion-column-first fusion-column-last\" style=\"--awb-bg-size:cover;\"><div class=\"fusion-column-wrapper fusion-flex-column-wrapper-legacy\"><div class=\"fusion-column-content-centered\"><div class=\"fusion-column-content\"><div class=\"fusion-text fusion-text-1\"><h1 class=\"no-gradient\" style=\"font-size: 50px !important; text-align: left;\">Pieg\u0101des kav\u0113jumi<\/h1>\n<\/div><\/div><\/div><div class=\"fusion-clearfix\"><\/div><\/div><\/div><\/div><\/div><div class=\"fusion-fullwidth fullwidth-box fusion-builder-row-2 nonhundred-percent-fullwidth non-hundred-percent-height-scrolling fusion-equal-height-columns\" style=\"--awb-border-radius-top-left:0px;--awb-border-radius-top-right:0px;--awb-border-radius-bottom-right:0px;--awb-border-radius-bottom-left:0px;--awb-margin-top:0px;--awb-margin-bottom:0px;--awb-flex-wrap:wrap;\" ><div class=\"fusion-builder-row fusion-row\"><div class=\"fusion-layout-column fusion_builder_column fusion-builder-column-1 fusion_builder_column_1_1 1_1 fusion-one-full fusion-column-first fusion-column-last\" style=\"--awb-bg-size:cover;\"><div class=\"fusion-column-wrapper fusion-flex-column-wrapper-legacy\"><div class=\"fusion-column-content-centered\"><div class=\"fusion-column-content\"><div class=\"fusion-text fusion-text-2\"><h2 style=\"text-align: left;\"><span style=\"color: #178dcf;\">Sniegt m\u016bsu lab\u0101ko <\/span><\/h2>\n<\/div><div class=\"fusion-sep-clear\"><\/div><div class=\"fusion-separator fusion-full-width-sep\" style=\"margin-left: auto;margin-right: auto;margin-top:5px;margin-bottom:5px;width:100%;\"><\/div><div class=\"fusion-sep-clear\"><\/div><div class=\"fusion-text fusion-text-3\"><div id=\"main\" class=\"clearfix width-100\" role=\"main\">\n<div class=\"fusion-row\">\n<div id=\"content\" class=\"full-width\">\n<div id=\"post-934\" class=\"post-934 page type-page status-publish hentry\">\n<div class=\"post-content\">\n<div class=\"fusion-fullwidth fullwidth-box nonhundred-percent-fullwidth\">\n<div class=\"fusion-builder-row fusion-row\">\n<div class=\"fusion-layout-column fusion_builder_column fusion_builder_column_1_1 fusion-one-full fusion-column-first fusion-column-last 1_1\">\n<div class=\"fusion-column-wrapper\" data-bg-url=\"\">\n<p>Sakar\u0101 ar \u0101rk\u0101rtas un delik\u0101to situ\u0101ciju, ko izrais\u012bja glob\u0101l\u0101 koronav\u012brusa pand\u0113mija (Covid-19), visi \u0161aj\u0101 interneta veikal\u0101 veiktie pas\u016bt\u012bjumi* tiks aizkav\u0113ti, jo visos m\u016bsu Zieme\u013camerikas un Eiropas izplat\u012b\u0161anas centros tiks piem\u0113roti pieg\u0101des ierobe\u017eojumi. Sagaidiet pieg\u0101des kav\u0113\u0161anos**.<\/p>\n<\/div>\n<\/div>\n<\/div>\n<\/div>\n<\/div>\n<\/div>\n<\/div>\n<\/div>\n<\/div>\n<\/div><div class=\"fusion-text fusion-text-4\"><div id=\"main\" class=\"clearfix width-100\" role=\"main\">\n<div class=\"fusion-row\">\n<div id=\"content\" class=\"full-width\">\n<div id=\"post-934\" class=\"post-934 page type-page status-publish hentry\">\n<div class=\"post-content\">\n<div class=\"fusion-fullwidth fullwidth-box nonhundred-percent-fullwidth\">\n<div class=\"fusion-builder-row fusion-row\">\n<div class=\"fusion-layout-column fusion_builder_column fusion_builder_column_1_1 fusion-one-full fusion-column-first fusion-column-last 1_1\">\n<div class=\"fusion-column-wrapper\" data-bg-url=\"\">\n<h6>* Video un lietot\u0101ja spraud\u0146i joproj\u0101m tiks pieg\u0101d\u0101ti pa e-pastu. Nav kav\u0113\u0161an\u0101s attiec\u012bb\u0101 uz \u0161\u0101da veida produktiem.<br \/>\n** Visi pas\u016bt\u012bjumi tiks pieg\u0101d\u0101ti hronolo\u0123isk\u0101 sec\u012bb\u0101. Neraugoties uz iepriek\u0161 min\u0113to kav\u0113\u0161anos, ir pieejams pietiekams kr\u0101jumu daudzums, lai izpild\u012btu visus ien\u0101ko\u0161os pas\u016bt\u012bjumus.<\/h6>\n<\/div>\n<\/div>\n<\/div>\n<\/div>\n<\/div>\n<\/div>\n<\/div>\n<\/div>\n<\/div>\n<\/div><\/div><\/div><div class=\"fusion-clearfix\"><\/div><\/div><\/div><\/div><\/div><\/p>","protected":false},"excerpt":{"rendered":"","protected":false},"author":5,"featured_media":0,"parent":0,"menu_order":0,"comment_status":"closed","ping_status":"open","template":"100-width.php","meta":{"footnotes":""},"class_list":["post-2875","page","type-page","status-publish","hentry"],"yoast_head":"<!-- This site is optimized with the Yoast SEO Premium plugin v27.3 (Yoast SEO v27.3) - https:\/\/yoast.com\/product\/yoast-seo-premium-wordpress\/ -->\n<title>COVID-19 - ismartgate<\/title>\n<meta name=\"description\" content=\"COVID 19. Shipping Delays. Contact to our support team to fix issues or problems at support@ismartgate.com.\" \/>\n<meta name=\"robots\" content=\"index, follow, max-snippet:-1, max-image-preview:large, max-video-preview:-1\" \/>\n<link rel=\"canonical\" href=\"https:\/\/ismartgate.com\/lv\/covid-19\/\" \/>\n<meta property=\"og:locale\" content=\"lv_LV\" \/>\n<meta property=\"og:type\" content=\"article\" \/>\n<meta property=\"og:title\" content=\"COVID-19\" \/>\n<meta property=\"og:description\" content=\"COVID 19. Shipping Delays. Contact to our support team to fix issues or problems at support@ismartgate.com.\" \/>\n<meta property=\"og:url\" content=\"https:\/\/ismartgate.com\/lv\/covid-19\/\" \/>\n<meta property=\"og:site_name\" content=\"ismartgate\" \/>\n<meta property=\"article:publisher\" content=\"https:\/\/www.facebook.com\/ismartgateofficial\/\" \/>\n<meta property=\"article:modified_time\" content=\"2022-08-08T07:43:40+00:00\" \/>\n<meta name=\"twitter:card\" content=\"summary_large_image\" \/>\n<meta name=\"twitter:site\" content=\"@ismartgate_ww\" \/>\n<meta name=\"twitter:label1\" content=\"Est. reading time\" \/>\n\t<meta name=\"twitter:data1\" content=\"3 min\u016btes\" \/>\n<script type=\"application\/ld+json\" class=\"yoast-schema-graph\">{\"@context\":\"https:\\\/\\\/schema.org\",\"@graph\":[{\"@type\":\"WebPage\",\"@id\":\"https:\\\/\\\/ismartgate.com\\\/covid-19\\\/\",\"url\":\"https:\\\/\\\/ismartgate.com\\\/covid-19\\\/\",\"name\":\"COVID-19 - ismartgate\",\"isPartOf\":{\"@id\":\"https:\\\/\\\/ismartgate.com\\\/#website\"},\"datePublished\":\"2020-03-26T09:43:54+00:00\",\"dateModified\":\"2022-08-08T07:43:40+00:00\",\"description\":\"COVID 19. Shipping Delays. Contact to our support team to fix issues or problems at support@ismartgate.com.\",\"breadcrumb\":{\"@id\":\"https:\\\/\\\/ismartgate.com\\\/covid-19\\\/#breadcrumb\"},\"inLanguage\":\"lv-LV\",\"potentialAction\":[{\"@type\":\"ReadAction\",\"target\":[\"https:\\\/\\\/ismartgate.com\\\/covid-19\\\/\"]}]},{\"@type\":\"BreadcrumbList\",\"@id\":\"https:\\\/\\\/ismartgate.com\\\/covid-19\\\/#breadcrumb\",\"itemListElement\":[{\"@type\":\"ListItem\",\"position\":1,\"name\":\"Home\",\"item\":\"https:\\\/\\\/ismartgate.com\\\/\"},{\"@type\":\"ListItem\",\"position\":2,\"name\":\"COVID-19\"}]},{\"@type\":\"WebSite\",\"@id\":\"https:\\\/\\\/ismartgate.com\\\/#website\",\"url\":\"https:\\\/\\\/ismartgate.com\\\/\",\"name\":\"ismartgate\",\"description\":\"The best Smart Garage Door Opener compatible with Apple HomeKit\",\"publisher\":{\"@id\":\"https:\\\/\\\/ismartgate.com\\\/#organization\"},\"inLanguage\":\"lv-LV\"},{\"@type\":\"Organization\",\"@id\":\"https:\\\/\\\/ismartgate.com\\\/#organization\",\"name\":\"ismartgate\",\"url\":\"https:\\\/\\\/ismartgate.com\\\/\",\"logo\":{\"@type\":\"ImageObject\",\"inLanguage\":\"lv-LV\",\"@id\":\"https:\\\/\\\/ismartgate.com\\\/#\\\/schema\\\/logo\\\/image\\\/\",\"url\":\"https:\\\/\\\/ismartgate.com\\\/wp-content\\\/uploads\\\/2018\\\/07\\\/ismartgate_header_logo_2x.gif\",\"contentUrl\":\"https:\\\/\\\/ismartgate.com\\\/wp-content\\\/uploads\\\/2018\\\/07\\\/ismartgate_header_logo_2x.gif\",\"width\":378,\"height\":56,\"caption\":\"ismartgate\"},\"image\":{\"@id\":\"https:\\\/\\\/ismartgate.com\\\/#\\\/schema\\\/logo\\\/image\\\/\"},\"sameAs\":[\"https:\\\/\\\/www.facebook.com\\\/ismartgateofficial\\\/\",\"https:\\\/\\\/x.com\\\/ismartgate_ww\",\"https:\\\/\\\/www.youtube.com\\\/channel\\\/UCY7edN3zimmxIXJ3tnFMp8A\"]}]}<\/script>\n<!-- \/ Yoast SEO Premium plugin. -->","yoast_head_json":{"title":"COVID-19 - ismartgate","description":"COVID 19. Pieg\u0101des aizkav\u0113\u0161an\u0101s. Sazinieties ar m\u016bsu atbalsta komandu, lai atrisin\u0101tu jaut\u0101jumus vai nov\u0113rstu probl\u0113mas support@ismartgate.com.","robots":{"index":"index","follow":"follow","max-snippet":"max-snippet:-1","max-image-preview":"max-image-preview:large","max-video-preview":"max-video-preview:-1"},"canonical":"https:\/\/ismartgate.com\/lv\/covid-19\/","og_locale":"lv_LV","og_type":"article","og_title":"COVID-19","og_description":"COVID 19. Shipping Delays. Contact to our support team to fix issues or problems at support@ismartgate.com.","og_url":"https:\/\/ismartgate.com\/lv\/covid-19\/","og_site_name":"ismartgate","article_publisher":"https:\/\/www.facebook.com\/ismartgateofficial\/","article_modified_time":"2022-08-08T07:43:40+00:00","twitter_card":"summary_large_image","twitter_site":"@ismartgate_ww","twitter_misc":{"Est. reading time":"3 min\u016btes"},"schema":{"@context":"https:\/\/schema.org","@graph":[{"@type":"WebPage","@id":"https:\/\/ismartgate.com\/covid-19\/","url":"https:\/\/ismartgate.com\/covid-19\/","name":"COVID-19 - ismartgate","isPartOf":{"@id":"https:\/\/ismartgate.com\/#website"},"datePublished":"2020-03-26T09:43:54+00:00","dateModified":"2022-08-08T07:43:40+00:00","description":"COVID 19. Pieg\u0101des aizkav\u0113\u0161an\u0101s. Sazinieties ar m\u016bsu atbalsta komandu, lai atrisin\u0101tu jaut\u0101jumus vai nov\u0113rstu probl\u0113mas support@ismartgate.com.","breadcrumb":{"@id":"https:\/\/ismartgate.com\/covid-19\/#breadcrumb"},"inLanguage":"lv-LV","potentialAction":[{"@type":"ReadAction","target":["https:\/\/ismartgate.com\/covid-19\/"]}]},{"@type":"BreadcrumbList","@id":"https:\/\/ismartgate.com\/covid-19\/#breadcrumb","itemListElement":[{"@type":"ListItem","position":1,"name":"Home","item":"https:\/\/ismartgate.com\/"},{"@type":"ListItem","position":2,"name":"COVID-19"}]},{"@type":"WebSite","@id":"https:\/\/ismartgate.com\/#website","url":"https:\/\/ismartgate.com\/","name":"ismartgate","description":"Lab\u0101kais ar Apple HomeKit sader\u012bgais viedais gar\u0101\u017eas durvju atv\u0113r\u0113js","publisher":{"@id":"https:\/\/ismartgate.com\/#organization"},"inLanguage":"lv-LV"},{"@type":"Organization","@id":"https:\/\/ismartgate.com\/#organization","name":"ismartgate","url":"https:\/\/ismartgate.com\/","logo":{"@type":"ImageObject","inLanguage":"lv-LV","@id":"https:\/\/ismartgate.com\/#\/schema\/logo\/image\/","url":"https:\/\/ismartgate.com\/wp-content\/uploads\/2018\/07\/ismartgate_header_logo_2x.gif","contentUrl":"https:\/\/ismartgate.com\/wp-content\/uploads\/2018\/07\/ismartgate_header_logo_2x.gif","width":378,"height":56,"caption":"ismartgate"},"image":{"@id":"https:\/\/ismartgate.com\/#\/schema\/logo\/image\/"},"sameAs":["https:\/\/www.facebook.com\/ismartgateofficial\/","https:\/\/x.com\/ismartgate_ww","https:\/\/www.youtube.com\/channel\/UCY7edN3zimmxIXJ3tnFMp8A"]}]}},"_links":{"self":[{"href":"https:\/\/ismartgate.com\/lv\/wp-json\/wp\/v2\/pages\/2875","targetHints":{"allow":["GET"]}}],"collection":[{"href":"https:\/\/ismartgate.com\/lv\/wp-json\/wp\/v2\/pages"}],"about":[{"href":"https:\/\/ismartgate.com\/lv\/wp-json\/wp\/v2\/types\/page"}],"author":[{"embeddable":true,"href":"https:\/\/ismartgate.com\/lv\/wp-json\/wp\/v2\/users\/5"}],"replies":[{"embeddable":true,"href":"https:\/\/ismartgate.com\/lv\/wp-json\/wp\/v2\/comments?post=2875"}],"version-history":[{"count":10,"href":"https:\/\/ismartgate.com\/lv\/wp-json\/wp\/v2\/pages\/2875\/revisions"}],"predecessor-version":[{"id":31590,"href":"https:\/\/ismartgate.com\/lv\/wp-json\/wp\/v2\/pages\/2875\/revisions\/31590"}],"wp:attachment":[{"href":"https:\/\/ismartgate.com\/lv\/wp-json\/wp\/v2\/media?parent=2875"}],"curies":[{"name":"wp","href":"https:\/\/api.w.org\/{rel}","templated":true}]}}