{"id":10018,"date":"2021-09-17T10:58:18","date_gmt":"2021-09-17T09:58:18","guid":{"rendered":"https:\/\/ismartgate.com\/?page_id=10018"},"modified":"2024-05-06T06:08:32","modified_gmt":"2024-05-06T05:08:32","slug":"salidzinat-ismartgate-uzraudzibas-produktus","status":"publish","type":"page","link":"https:\/\/ismartgate.com\/lv\/compare-ismartgate-surveillance-products\/","title":{"rendered":"ismartgate Uzraudz\u012bbas produktu sal\u012bdzin\u0101jums"},"content":{"rendered":"<p><div class=\"fusion-fullwidth fullwidth-box fusion-builder-row-1 nonhundred-percent-fullwidth non-hundred-percent-height-scrolling\" style=\"--awb-border-radius-top-left:0px;--awb-border-radius-top-right:0px;--awb-border-radius-bottom-right:0px;--awb-border-radius-bottom-left:0px;--awb-padding-top:30px;--awb-background-color:#f9f9f9;--awb-flex-wrap:wrap;\" ><div class=\"fusion-builder-row fusion-row\"><div class=\"fusion-layout-column fusion_builder_column fusion-builder-column-0 fusion_builder_column_1_1 1_1 fusion-one-full fusion-column-first fusion-column-last\" style=\"--awb-bg-size:cover;\"><div class=\"fusion-column-wrapper fusion-flex-column-wrapper-legacy\"><div class=\"fusion-menu-anchor\" id=\"comparision\"><\/div><div class=\"fusion-text fusion-text-1\" style=\"--awb-text-transform:none;\"><h2>ismartgate Uzraudz\u012bbas produktu sal\u012bdzin\u0101jums<\/h2>\n<\/div><div class=\"fusion-clearfix\"><\/div><\/div><\/div><div class=\"fusion-layout-column fusion_builder_column fusion-builder-column-1 fusion_builder_column_1_1 1_1 fusion-one-full fusion-column-first fusion-column-last\" style=\"--awb-bg-size:cover;\"><div class=\"fusion-column-wrapper fusion-flex-column-wrapper-legacy\">\n<table id=\"tablepress-21\" class=\"tablepress tablepress-id-21\">\n<tbody>\n<tr class=\"row-1\">\n\t<td class=\"column-1\"><\/td><td class=\"column-2\"><img decoding=\"async\" src=\"data:image\/svg+xml,%3Csvg%20xmlns%3D%27http%3A%2F%2Fwww.w3.org%2F2000%2Fsvg%27%20width%3D%2770%27%20height%3D%2734%27%20viewBox%3D%270%200%2070%2034%27%3E%3Crect%20width%3D%2770%27%20height%3D%2734%27%20fill-opacity%3D%220%22%2F%3E%3C%2Fsvg%3E\" data-orig-src=\"https:\/\/ismartgate.com\/wp-content\/uploads\/2021\/09\/Indoor.png\" alt=\"\" width=\"70\" height=\"34\" class=\"lazyload aligncenter size-full wp-image-17\" \/><\/td><td class=\"column-3\"><img decoding=\"async\" src=\"data:image\/svg+xml,%3Csvg%20xmlns%3D%27http%3A%2F%2Fwww.w3.org%2F2000%2Fsvg%27%20width%3D%2770%27%20height%3D%2734%27%20viewBox%3D%270%200%2070%2034%27%3E%3Crect%20width%3D%2770%27%20height%3D%2734%27%20fill-opacity%3D%220%22%2F%3E%3C%2Fsvg%3E\" data-orig-src=\"https:\/\/ismartgate.com\/wp-content\/uploads\/2021\/09\/Outdoor.png\" alt=\"\" width=\"70\" height=\"34\" class=\"lazyload aligncenter size-full wp-image-17\" \/><\/td>\n<\/tr>\n<tr class=\"row-2\">\n\t<td class=\"column-1\">Att\u0113lu kvalit\u0101te<\/td><td class=\"column-2\">2 MP<\/td><td class=\"column-3\">2 MP<\/td>\n<\/tr>\n<tr class=\"row-3\">\n\t<td class=\"column-1\">Bezmaksas t\u0101lvad\u012bbas video<br \/>\n<\/td><td class=\"column-2\"><img decoding=\"async\" src=\"data:image\/svg+xml,%3Csvg%20xmlns%3D%27http%3A%2F%2Fwww.w3.org%2F2000%2Fsvg%27%20width%3D%2720%27%20height%3D%2716%27%20viewBox%3D%270%200%2020%2016%27%3E%3Crect%20width%3D%2720%27%20height%3D%2716%27%20fill-opacity%3D%220%22%2F%3E%3C%2Fsvg%3E\" data-orig-src=\"https:\/\/ismartgate.com\/wp-content\/uploads\/2018\/07\/ok.png\" alt=\"\" width=\"20\" height=\"16\" class=\"lazyload aligncenter size-full wp-image-160\" \/><\/td><td class=\"column-3\"><img decoding=\"async\" src=\"data:image\/svg+xml,%3Csvg%20xmlns%3D%27http%3A%2F%2Fwww.w3.org%2F2000%2Fsvg%27%20width%3D%2720%27%20height%3D%2716%27%20viewBox%3D%270%200%2020%2016%27%3E%3Crect%20width%3D%2720%27%20height%3D%2716%27%20fill-opacity%3D%220%22%2F%3E%3C%2Fsvg%3E\" data-orig-src=\"https:\/\/ismartgate.com\/wp-content\/uploads\/2018\/07\/ok.png\" alt=\"\" width=\"20\" height=\"16\" class=\"lazyload aligncenter size-full wp-image-160\" \/><\/td>\n<\/tr>\n<tr class=\"row-4\">\n\t<td class=\"column-1\">Kust\u012bbas noteik\u0161ana<\/td><td class=\"column-2\"><img decoding=\"async\" src=\"data:image\/svg+xml,%3Csvg%20xmlns%3D%27http%3A%2F%2Fwww.w3.org%2F2000%2Fsvg%27%20width%3D%2720%27%20height%3D%2716%27%20viewBox%3D%270%200%2020%2016%27%3E%3Crect%20width%3D%2720%27%20height%3D%2716%27%20fill-opacity%3D%220%22%2F%3E%3C%2Fsvg%3E\" data-orig-src=\"https:\/\/ismartgate.com\/wp-content\/uploads\/2018\/07\/ok.png\" alt=\"\" width=\"20\" height=\"16\" class=\"lazyload aligncenter size-full wp-image-160\" \/><\/td><td class=\"column-3\"><img decoding=\"async\" src=\"data:image\/svg+xml,%3Csvg%20xmlns%3D%27http%3A%2F%2Fwww.w3.org%2F2000%2Fsvg%27%20width%3D%2720%27%20height%3D%2716%27%20viewBox%3D%270%200%2020%2016%27%3E%3Crect%20width%3D%2720%27%20height%3D%2716%27%20fill-opacity%3D%220%22%2F%3E%3C%2Fsvg%3E\" data-orig-src=\"https:\/\/ismartgate.com\/wp-content\/uploads\/2018\/07\/ok.png\" alt=\"\" width=\"20\" height=\"16\" class=\"lazyload aligncenter size-full wp-image-160\" \/><\/td>\n<\/tr>\n<tr class=\"row-5\">\n\t<td class=\"column-1\">Ska\u0146as noteik\u0161ana<\/td><td class=\"column-2\"><img decoding=\"async\" src=\"data:image\/svg+xml,%3Csvg%20xmlns%3D%27http%3A%2F%2Fwww.w3.org%2F2000%2Fsvg%27%20width%3D%2720%27%20height%3D%2716%27%20viewBox%3D%270%200%2020%2016%27%3E%3Crect%20width%3D%2720%27%20height%3D%2716%27%20fill-opacity%3D%220%22%2F%3E%3C%2Fsvg%3E\" data-orig-src=\"https:\/\/ismartgate.com\/wp-content\/uploads\/2018\/07\/ok.png\" alt=\"\" width=\"20\" height=\"16\" class=\"lazyload aligncenter size-full wp-image-160\" \/><\/td><td class=\"column-3\"><img decoding=\"async\" src=\"data:image\/svg+xml,%3Csvg%20xmlns%3D%27http%3A%2F%2Fwww.w3.org%2F2000%2Fsvg%27%20width%3D%2717%27%20height%3D%2716%27%20viewBox%3D%270%200%2017%2016%27%3E%3Crect%20width%3D%2717%27%20height%3D%2716%27%20fill-opacity%3D%220%22%2F%3E%3C%2Fsvg%3E\" data-orig-src=\"https:\/\/ismartgate.com\/wp-content\/uploads\/2018\/07\/no.png\" alt=\"\" width=\"17\" height=\"16\" class=\"lazyload aligncenter size-full wp-image-159\" \/><\/td>\n<\/tr>\n<tr class=\"row-6\">\n\t<td class=\"column-1\">Sejas noteik\u0161ana<\/td><td class=\"column-2\"><img decoding=\"async\" src=\"data:image\/svg+xml,%3Csvg%20xmlns%3D%27http%3A%2F%2Fwww.w3.org%2F2000%2Fsvg%27%20width%3D%2717%27%20height%3D%2716%27%20viewBox%3D%270%200%2017%2016%27%3E%3Crect%20width%3D%2717%27%20height%3D%2716%27%20fill-opacity%3D%220%22%2F%3E%3C%2Fsvg%3E\" data-orig-src=\"https:\/\/ismartgate.com\/wp-content\/uploads\/2018\/07\/no.png\" alt=\"\" width=\"17\" height=\"16\" class=\"lazyload aligncenter size-full wp-image-159\" \/><\/td><td class=\"column-3\"><img decoding=\"async\" src=\"data:image\/svg+xml,%3Csvg%20xmlns%3D%27http%3A%2F%2Fwww.w3.org%2F2000%2Fsvg%27%20width%3D%2717%27%20height%3D%2716%27%20viewBox%3D%270%200%2017%2016%27%3E%3Crect%20width%3D%2717%27%20height%3D%2716%27%20fill-opacity%3D%220%22%2F%3E%3C%2Fsvg%3E\" data-orig-src=\"https:\/\/ismartgate.com\/wp-content\/uploads\/2018\/07\/no.png\" alt=\"\" width=\"17\" height=\"16\" class=\"lazyload aligncenter size-full wp-image-159\" \/><\/td>\n<\/tr>\n<tr class=\"row-7\">\n\t<td class=\"column-1\">Divvirzienu audio<\/td><td class=\"column-2\"><img decoding=\"async\" src=\"data:image\/svg+xml,%3Csvg%20xmlns%3D%27http%3A%2F%2Fwww.w3.org%2F2000%2Fsvg%27%20width%3D%2720%27%20height%3D%2716%27%20viewBox%3D%270%200%2020%2016%27%3E%3Crect%20width%3D%2720%27%20height%3D%2716%27%20fill-opacity%3D%220%22%2F%3E%3C%2Fsvg%3E\" data-orig-src=\"https:\/\/ismartgate.com\/wp-content\/uploads\/2018\/07\/ok.png\" alt=\"\" width=\"20\" height=\"16\" class=\"lazyload aligncenter size-full wp-image-160\" \/><\/td><td class=\"column-3\"><img decoding=\"async\" src=\"data:image\/svg+xml,%3Csvg%20xmlns%3D%27http%3A%2F%2Fwww.w3.org%2F2000%2Fsvg%27%20width%3D%2717%27%20height%3D%2716%27%20viewBox%3D%270%200%2017%2016%27%3E%3Crect%20width%3D%2717%27%20height%3D%2716%27%20fill-opacity%3D%220%22%2F%3E%3C%2Fsvg%3E\" data-orig-src=\"https:\/\/ismartgate.com\/wp-content\/uploads\/2018\/07\/no.png\" alt=\"\" width=\"17\" height=\"16\" class=\"lazyload aligncenter size-full wp-image-159\" \/><\/td>\n<\/tr>\n<tr class=\"row-8\">\n\t<td class=\"column-1\">Divjoslu Wi-Fi<\/td><td class=\"column-2\"><img decoding=\"async\" src=\"data:image\/svg+xml,%3Csvg%20xmlns%3D%27http%3A%2F%2Fwww.w3.org%2F2000%2Fsvg%27%20width%3D%2720%27%20height%3D%2716%27%20viewBox%3D%270%200%2020%2016%27%3E%3Crect%20width%3D%2720%27%20height%3D%2716%27%20fill-opacity%3D%220%22%2F%3E%3C%2Fsvg%3E\" data-orig-src=\"https:\/\/ismartgate.com\/wp-content\/uploads\/2018\/07\/ok.png\" alt=\"\" width=\"20\" height=\"16\" class=\"lazyload aligncenter size-full wp-image-160\" \/><\/td><td class=\"column-3\"><img decoding=\"async\" src=\"data:image\/svg+xml,%3Csvg%20xmlns%3D%27http%3A%2F%2Fwww.w3.org%2F2000%2Fsvg%27%20width%3D%2717%27%20height%3D%2716%27%20viewBox%3D%270%200%2017%2016%27%3E%3Crect%20width%3D%2717%27%20height%3D%2716%27%20fill-opacity%3D%220%22%2F%3E%3C%2Fsvg%3E\" data-orig-src=\"https:\/\/ismartgate.com\/wp-content\/uploads\/2018\/07\/no.png\" alt=\"\" width=\"17\" height=\"16\" class=\"lazyload aligncenter size-full wp-image-159\" \/><\/td>\n<\/tr>\n<tr class=\"row-9\">\n\t<td class=\"column-1\">Ethernet<\/td><td class=\"column-2\"><img decoding=\"async\" src=\"data:image\/svg+xml,%3Csvg%20xmlns%3D%27http%3A%2F%2Fwww.w3.org%2F2000%2Fsvg%27%20width%3D%2720%27%20height%3D%2716%27%20viewBox%3D%270%200%2020%2016%27%3E%3Crect%20width%3D%2720%27%20height%3D%2716%27%20fill-opacity%3D%220%22%2F%3E%3C%2Fsvg%3E\" data-orig-src=\"https:\/\/ismartgate.com\/wp-content\/uploads\/2018\/07\/ok.png\" alt=\"\" width=\"20\" height=\"16\" class=\"lazyload aligncenter size-full wp-image-160\" \/><\/td><td class=\"column-3\"><img decoding=\"async\" src=\"data:image\/svg+xml,%3Csvg%20xmlns%3D%27http%3A%2F%2Fwww.w3.org%2F2000%2Fsvg%27%20width%3D%2720%27%20height%3D%2716%27%20viewBox%3D%270%200%2020%2016%27%3E%3Crect%20width%3D%2720%27%20height%3D%2716%27%20fill-opacity%3D%220%22%2F%3E%3C%2Fsvg%3E\" data-orig-src=\"https:\/\/ismartgate.com\/wp-content\/uploads\/2018\/07\/ok.png\" alt=\"\" width=\"20\" height=\"16\" class=\"lazyload aligncenter size-full wp-image-160\" \/><\/td>\n<\/tr>\n<tr class=\"row-10\">\n\t<td class=\"column-1\">HDR<\/td><td class=\"column-2\"><img decoding=\"async\" src=\"data:image\/svg+xml,%3Csvg%20xmlns%3D%27http%3A%2F%2Fwww.w3.org%2F2000%2Fsvg%27%20width%3D%2717%27%20height%3D%2716%27%20viewBox%3D%270%200%2017%2016%27%3E%3Crect%20width%3D%2717%27%20height%3D%2716%27%20fill-opacity%3D%220%22%2F%3E%3C%2Fsvg%3E\" data-orig-src=\"https:\/\/ismartgate.com\/wp-content\/uploads\/2018\/07\/no.png\" alt=\"\" width=\"17\" height=\"16\" class=\"lazyload aligncenter size-full wp-image-159\" \/><\/td><td class=\"column-3\"><img decoding=\"async\" src=\"data:image\/svg+xml,%3Csvg%20xmlns%3D%27http%3A%2F%2Fwww.w3.org%2F2000%2Fsvg%27%20width%3D%2717%27%20height%3D%2716%27%20viewBox%3D%270%200%2017%2016%27%3E%3Crect%20width%3D%2717%27%20height%3D%2716%27%20fill-opacity%3D%220%22%2F%3E%3C%2Fsvg%3E\" data-orig-src=\"https:\/\/ismartgate.com\/wp-content\/uploads\/2018\/07\/no.png\" alt=\"\" width=\"17\" height=\"16\" class=\"lazyload aligncenter size-full wp-image-159\" \/><\/td>\n<\/tr>\n<tr class=\"row-11\">\n\t<td class=\"column-1\">Wateproof<\/td><td class=\"column-2\"><img decoding=\"async\" src=\"data:image\/svg+xml,%3Csvg%20xmlns%3D%27http%3A%2F%2Fwww.w3.org%2F2000%2Fsvg%27%20width%3D%2717%27%20height%3D%2716%27%20viewBox%3D%270%200%2017%2016%27%3E%3Crect%20width%3D%2717%27%20height%3D%2716%27%20fill-opacity%3D%220%22%2F%3E%3C%2Fsvg%3E\" data-orig-src=\"https:\/\/ismartgate.com\/wp-content\/uploads\/2018\/07\/no.png\" alt=\"\" width=\"17\" height=\"16\" class=\"lazyload aligncenter size-full wp-image-159\" \/><\/td><td class=\"column-3\"><img decoding=\"async\" src=\"data:image\/svg+xml,%3Csvg%20xmlns%3D%27http%3A%2F%2Fwww.w3.org%2F2000%2Fsvg%27%20width%3D%2720%27%20height%3D%2716%27%20viewBox%3D%270%200%2020%2016%27%3E%3Crect%20width%3D%2720%27%20height%3D%2716%27%20fill-opacity%3D%220%22%2F%3E%3C%2Fsvg%3E\" data-orig-src=\"https:\/\/ismartgate.com\/wp-content\/uploads\/2018\/07\/ok.png\" alt=\"\" width=\"20\" height=\"16\" class=\"lazyload aligncenter size-full wp-image-160\" \/><\/td>\n<\/tr>\n<tr class=\"row-12\">\n\t<td class=\"column-1\">Viet\u0113j\u0101 uzglab\u0101\u0161ana<\/td><td class=\"column-2\"><img decoding=\"async\" src=\"data:image\/svg+xml,%3Csvg%20xmlns%3D%27http%3A%2F%2Fwww.w3.org%2F2000%2Fsvg%27%20width%3D%2720%27%20height%3D%2716%27%20viewBox%3D%270%200%2020%2016%27%3E%3Crect%20width%3D%2720%27%20height%3D%2716%27%20fill-opacity%3D%220%22%2F%3E%3C%2Fsvg%3E\" data-orig-src=\"https:\/\/ismartgate.com\/wp-content\/uploads\/2018\/07\/ok.png\" alt=\"\" width=\"20\" height=\"16\" class=\"lazyload aligncenter size-full wp-image-160\" \/><\/td><td class=\"column-3\"><img decoding=\"async\" src=\"data:image\/svg+xml,%3Csvg%20xmlns%3D%27http%3A%2F%2Fwww.w3.org%2F2000%2Fsvg%27%20width%3D%2720%27%20height%3D%2716%27%20viewBox%3D%270%200%2020%2016%27%3E%3Crect%20width%3D%2720%27%20height%3D%2716%27%20fill-opacity%3D%220%22%2F%3E%3C%2Fsvg%3E\" data-orig-src=\"https:\/\/ismartgate.com\/wp-content\/uploads\/2018\/07\/ok.png\" alt=\"\" width=\"20\" height=\"16\" class=\"lazyload aligncenter size-full wp-image-160\" \/><\/td>\n<\/tr>\n<\/tbody>\n<\/table>\n<!-- #tablepress-21 from cache --><div class=\"fusion-clearfix\"><\/div><\/div><\/div><\/div><\/div>\n<div class=\"fusion-fullwidth fullwidth-box fusion-builder-row-2 fusion-flex-container nonhundred-percent-fullwidth non-hundred-percent-height-scrolling\" style=\"--awb-border-radius-top-left:0px;--awb-border-radius-top-right:0px;--awb-border-radius-bottom-right:0px;--awb-border-radius-bottom-left:0px;--awb-padding-top:20px;--awb-flex-wrap:wrap;\" ><div class=\"fusion-builder-row fusion-row fusion-flex-align-items-flex-start fusion-flex-content-wrap\" style=\"max-width:1331.2px;margin-left: calc(-4% \/ 2 );margin-right: calc(-4% \/ 2 );\"><div class=\"fusion-layout-column fusion_builder_column fusion-builder-column-2 fusion_builder_column_1_1 1_1 fusion-flex-column\" style=\"--awb-bg-size:cover;--awb-width-large:100%;--awb-margin-top-large:0px;--awb-spacing-right-large:1.92%;--awb-margin-bottom-large:20px;--awb-spacing-left-large:1.92%;--awb-width-medium:100%;--awb-order-medium:0;--awb-spacing-right-medium:1.92%;--awb-spacing-left-medium:1.92%;--awb-width-small:100%;--awb-order-small:0;--awb-spacing-right-small:1.92%;--awb-spacing-left-small:1.92%;\"><div class=\"fusion-column-wrapper fusion-column-has-shadow fusion-flex-justify-content-flex-start fusion-content-layout-column\"><div class=\"fusion-image-element\" style=\"text-align:center;--awb-caption-title-font-family:var(--h2_typography-font-family);--awb-caption-title-font-weight:var(--h2_typography-font-weight);--awb-caption-title-font-style:var(--h2_typography-font-style);--awb-caption-title-size:var(--h2_typography-font-size);--awb-caption-title-transform:var(--h2_typography-text-transform);--awb-caption-title-line-height:var(--h2_typography-line-height);--awb-caption-title-letter-spacing:var(--h2_typography-letter-spacing);\"><span class=\"fusion-imageframe imageframe-none imageframe-1 hover-type-none\"><img decoding=\"async\" width=\"735\" height=\"460\" title=\"secure_smart_gar\u0101\u017eas_durvju_videokameras_integr\u0101cijaVideo\" src=\"https:\/\/ismartgate.com\/wp-content\/uploads\/2022\/03\/secure_smart_garage_door_video_camera_integrationVideo.jpg\" data-orig-src=\"https:\/\/ismartgate.com\/wp-content\/uploads\/2022\/03\/secure_smart_garage_door_video_camera_integrationVideo.jpg\" alt class=\"lazyload img-responsive wp-image-10725\" srcset=\"data:image\/svg+xml,%3Csvg%20xmlns%3D%27http%3A%2F%2Fwww.w3.org%2F2000%2Fsvg%27%20width%3D%27735%27%20height%3D%27460%27%20viewBox%3D%270%200%20735%20460%27%3E%3Crect%20width%3D%27735%27%20height%3D%27460%27%20fill-opacity%3D%220%22%2F%3E%3C%2Fsvg%3E\" data-srcset=\"https:\/\/ismartgate.com\/wp-content\/uploads\/2022\/03\/secure_smart_garage_door_video_camera_integrationVideo-200x125.jpg 200w, https:\/\/ismartgate.com\/wp-content\/uploads\/2022\/03\/secure_smart_garage_door_video_camera_integrationVideo-400x250.jpg 400w, https:\/\/ismartgate.com\/wp-content\/uploads\/2022\/03\/secure_smart_garage_door_video_camera_integrationVideo-600x376.jpg 600w, https:\/\/ismartgate.com\/wp-content\/uploads\/2022\/03\/secure_smart_garage_door_video_camera_integrationVideo.jpg 735w\" data-sizes=\"auto\" data-orig-sizes=\"(max-width: 1024px) 100vw, (max-width: 640px) 100vw, 735px\" \/><\/span><\/div><div class=\"fusion-separator fusion-full-width-sep\" style=\"align-self: center;margin-left: auto;margin-right: auto;margin-top:20px;margin-bottom:20px;width:100%;\"><\/div><div style=\"text-align:center;\"><a class=\"fusion-button button-flat button-small button-default fusion-button-default button-1 fusion-button-default-span fusion-button-default-type\" style=\"--button_text_transform:capitalize;\" target=\"_self\" href=\"\/lv\/piekluve-garazai-reallaika-video\/\"><span class=\"fusion-button-text awb-button__text awb-button__text--default\">Atkl\u0101jiet ismargate video funkcijas &gt;<\/span><\/a><\/div><\/div><\/div><\/div><\/div><\/p>","protected":false},"excerpt":{"rendered":"","protected":false},"author":5,"featured_media":0,"parent":0,"menu_order":0,"comment_status":"closed","ping_status":"closed","template":"100-width.php","meta":{"footnotes":""},"class_list":["post-10018","page","type-page","status-publish","hentry"],"yoast_head":"<!-- This site is optimized with the Yoast SEO Premium plugin v27.3 (Yoast SEO v27.3) - https:\/\/yoast.com\/product\/yoast-seo-premium-wordpress\/ -->\n<title>Compare ismartgate Surveillance products - ismartgate<\/title>\n<meta name=\"description\" content=\"Discover the ismartgate home surveillance products and compare them to find the best camera for your smart home.\" \/>\n<meta name=\"robots\" content=\"index, nofollow, max-snippet:-1, max-image-preview:large, max-video-preview:-1\" \/>\n<link rel=\"canonical\" href=\"https:\/\/ismartgate.com\/lv\/salidzinat-ismartgate-uzraudzibas-produktus\/\" \/>\n<meta property=\"og:locale\" content=\"lv_LV\" \/>\n<meta property=\"og:type\" content=\"article\" \/>\n<meta property=\"og:title\" content=\"Compare ismartgate Surveillance products\" \/>\n<meta property=\"og:description\" content=\"Discover the ismartgate home surveillance products and compare them to find the best camera for your smart home.\" \/>\n<meta property=\"og:url\" content=\"https:\/\/ismartgate.com\/lv\/salidzinat-ismartgate-uzraudzibas-produktus\/\" \/>\n<meta property=\"og:site_name\" content=\"ismartgate\" \/>\n<meta property=\"article:publisher\" content=\"https:\/\/www.facebook.com\/ismartgateofficial\/\" \/>\n<meta property=\"article:modified_time\" content=\"2024-05-06T05:08:32+00:00\" \/>\n<meta property=\"og:image\" content=\"https:\/\/ismartgate.com\/wp-content\/uploads\/2020\/03\/Best_apple_homekit_smart_garage_opener.jpg\" \/>\n\t<meta property=\"og:image:width\" content=\"2405\" \/>\n\t<meta property=\"og:image:height\" content=\"1102\" \/>\n\t<meta property=\"og:image:type\" content=\"image\/jpeg\" \/>\n<meta name=\"twitter:card\" content=\"summary_large_image\" \/>\n<meta name=\"twitter:site\" content=\"@ismartgate_ww\" \/>\n<meta name=\"twitter:label1\" content=\"Est. reading time\" \/>\n\t<meta name=\"twitter:data1\" content=\"3 min\u016btes\" \/>\n<script type=\"application\/ld+json\" class=\"yoast-schema-graph\">{\"@context\":\"https:\\\/\\\/schema.org\",\"@graph\":[{\"@type\":\"WebPage\",\"@id\":\"https:\\\/\\\/ismartgate.com\\\/compare-ismartgate-surveillance-products\\\/\",\"url\":\"https:\\\/\\\/ismartgate.com\\\/compare-ismartgate-surveillance-products\\\/\",\"name\":\"Compare ismartgate Surveillance products - ismartgate\",\"isPartOf\":{\"@id\":\"https:\\\/\\\/ismartgate.com\\\/#website\"},\"datePublished\":\"2021-09-17T09:58:18+00:00\",\"dateModified\":\"2024-05-06T05:08:32+00:00\",\"description\":\"Discover the ismartgate home surveillance products and compare them to find the best camera for your smart home.\",\"breadcrumb\":{\"@id\":\"https:\\\/\\\/ismartgate.com\\\/compare-ismartgate-surveillance-products\\\/#breadcrumb\"},\"inLanguage\":\"lv-LV\",\"potentialAction\":[{\"@type\":\"ReadAction\",\"target\":[\"https:\\\/\\\/ismartgate.com\\\/compare-ismartgate-surveillance-products\\\/\"]}]},{\"@type\":\"BreadcrumbList\",\"@id\":\"https:\\\/\\\/ismartgate.com\\\/compare-ismartgate-surveillance-products\\\/#breadcrumb\",\"itemListElement\":[{\"@type\":\"ListItem\",\"position\":1,\"name\":\"Home\",\"item\":\"https:\\\/\\\/ismartgate.com\\\/\"},{\"@type\":\"ListItem\",\"position\":2,\"name\":\"Compare ismartgate Surveillance products\"}]},{\"@type\":\"WebSite\",\"@id\":\"https:\\\/\\\/ismartgate.com\\\/#website\",\"url\":\"https:\\\/\\\/ismartgate.com\\\/\",\"name\":\"ismartgate\",\"description\":\"The best Smart Garage Door Opener compatible with Apple HomeKit\",\"publisher\":{\"@id\":\"https:\\\/\\\/ismartgate.com\\\/#organization\"},\"inLanguage\":\"lv-LV\"},{\"@type\":\"Organization\",\"@id\":\"https:\\\/\\\/ismartgate.com\\\/#organization\",\"name\":\"ismartgate\",\"url\":\"https:\\\/\\\/ismartgate.com\\\/\",\"logo\":{\"@type\":\"ImageObject\",\"inLanguage\":\"lv-LV\",\"@id\":\"https:\\\/\\\/ismartgate.com\\\/#\\\/schema\\\/logo\\\/image\\\/\",\"url\":\"https:\\\/\\\/ismartgate.com\\\/wp-content\\\/uploads\\\/2018\\\/07\\\/ismartgate_header_logo_2x.gif\",\"contentUrl\":\"https:\\\/\\\/ismartgate.com\\\/wp-content\\\/uploads\\\/2018\\\/07\\\/ismartgate_header_logo_2x.gif\",\"width\":378,\"height\":56,\"caption\":\"ismartgate\"},\"image\":{\"@id\":\"https:\\\/\\\/ismartgate.com\\\/#\\\/schema\\\/logo\\\/image\\\/\"},\"sameAs\":[\"https:\\\/\\\/www.facebook.com\\\/ismartgateofficial\\\/\",\"https:\\\/\\\/x.com\\\/ismartgate_ww\",\"https:\\\/\\\/www.youtube.com\\\/channel\\\/UCY7edN3zimmxIXJ3tnFMp8A\"]}]}<\/script>\n<!-- \/ Yoast SEO Premium plugin. -->","yoast_head_json":{"title":"ismartgate Uzraudz\u012bbas produkti - ismartgate","description":"Atkl\u0101jiet ismartgate m\u0101jas nov\u0113ro\u0161anas produktus un sal\u012bdziniet tos, lai atrastu lab\u0101ko kameru savai viedajai m\u0101jai.","robots":{"index":"index","follow":"nofollow","max-snippet":"max-snippet:-1","max-image-preview":"max-image-preview:large","max-video-preview":"max-video-preview:-1"},"canonical":"https:\/\/ismartgate.com\/lv\/salidzinat-ismartgate-uzraudzibas-produktus\/","og_locale":"lv_LV","og_type":"article","og_title":"Compare ismartgate Surveillance products","og_description":"Discover the ismartgate home surveillance products and compare them to find the best camera for your smart home.","og_url":"https:\/\/ismartgate.com\/lv\/salidzinat-ismartgate-uzraudzibas-produktus\/","og_site_name":"ismartgate","article_publisher":"https:\/\/www.facebook.com\/ismartgateofficial\/","article_modified_time":"2024-05-06T05:08:32+00:00","og_image":[{"width":2405,"height":1102,"url":"https:\/\/ismartgate.com\/wp-content\/uploads\/2020\/03\/Best_apple_homekit_smart_garage_opener.jpg","type":"image\/jpeg"}],"twitter_card":"summary_large_image","twitter_site":"@ismartgate_ww","twitter_misc":{"Est. reading time":"3 min\u016btes"},"schema":{"@context":"https:\/\/schema.org","@graph":[{"@type":"WebPage","@id":"https:\/\/ismartgate.com\/compare-ismartgate-surveillance-products\/","url":"https:\/\/ismartgate.com\/compare-ismartgate-surveillance-products\/","name":"ismartgate Uzraudz\u012bbas produkti - ismartgate","isPartOf":{"@id":"https:\/\/ismartgate.com\/#website"},"datePublished":"2021-09-17T09:58:18+00:00","dateModified":"2024-05-06T05:08:32+00:00","description":"Atkl\u0101jiet ismartgate m\u0101jas nov\u0113ro\u0161anas produktus un sal\u012bdziniet tos, lai atrastu lab\u0101ko kameru savai viedajai m\u0101jai.","breadcrumb":{"@id":"https:\/\/ismartgate.com\/compare-ismartgate-surveillance-products\/#breadcrumb"},"inLanguage":"lv-LV","potentialAction":[{"@type":"ReadAction","target":["https:\/\/ismartgate.com\/compare-ismartgate-surveillance-products\/"]}]},{"@type":"BreadcrumbList","@id":"https:\/\/ismartgate.com\/compare-ismartgate-surveillance-products\/#breadcrumb","itemListElement":[{"@type":"ListItem","position":1,"name":"Home","item":"https:\/\/ismartgate.com\/"},{"@type":"ListItem","position":2,"name":"Compare ismartgate Surveillance products"}]},{"@type":"WebSite","@id":"https:\/\/ismartgate.com\/#website","url":"https:\/\/ismartgate.com\/","name":"ismartgate","description":"Lab\u0101kais ar Apple HomeKit sader\u012bgais viedais gar\u0101\u017eas durvju atv\u0113r\u0113js","publisher":{"@id":"https:\/\/ismartgate.com\/#organization"},"inLanguage":"lv-LV"},{"@type":"Organization","@id":"https:\/\/ismartgate.com\/#organization","name":"ismartgate","url":"https:\/\/ismartgate.com\/","logo":{"@type":"ImageObject","inLanguage":"lv-LV","@id":"https:\/\/ismartgate.com\/#\/schema\/logo\/image\/","url":"https:\/\/ismartgate.com\/wp-content\/uploads\/2018\/07\/ismartgate_header_logo_2x.gif","contentUrl":"https:\/\/ismartgate.com\/wp-content\/uploads\/2018\/07\/ismartgate_header_logo_2x.gif","width":378,"height":56,"caption":"ismartgate"},"image":{"@id":"https:\/\/ismartgate.com\/#\/schema\/logo\/image\/"},"sameAs":["https:\/\/www.facebook.com\/ismartgateofficial\/","https:\/\/x.com\/ismartgate_ww","https:\/\/www.youtube.com\/channel\/UCY7edN3zimmxIXJ3tnFMp8A"]}]}},"_links":{"self":[{"href":"https:\/\/ismartgate.com\/lv\/wp-json\/wp\/v2\/pages\/10018","targetHints":{"allow":["GET"]}}],"collection":[{"href":"https:\/\/ismartgate.com\/lv\/wp-json\/wp\/v2\/pages"}],"about":[{"href":"https:\/\/ismartgate.com\/lv\/wp-json\/wp\/v2\/types\/page"}],"author":[{"embeddable":true,"href":"https:\/\/ismartgate.com\/lv\/wp-json\/wp\/v2\/users\/5"}],"replies":[{"embeddable":true,"href":"https:\/\/ismartgate.com\/lv\/wp-json\/wp\/v2\/comments?post=10018"}],"version-history":[{"count":7,"href":"https:\/\/ismartgate.com\/lv\/wp-json\/wp\/v2\/pages\/10018\/revisions"}],"predecessor-version":[{"id":44443,"href":"https:\/\/ismartgate.com\/lv\/wp-json\/wp\/v2\/pages\/10018\/revisions\/44443"}],"wp:attachment":[{"href":"https:\/\/ismartgate.com\/lv\/wp-json\/wp\/v2\/media?parent=10018"}],"curies":[{"name":"wp","href":"https:\/\/api.w.org\/{rel}","templated":true}]}}