{"id":44427,"date":"2024-05-03T12:20:48","date_gmt":"2024-05-03T11:20:48","guid":{"rendered":"https:\/\/ismartgate.com\/?page_id=44427"},"modified":"2024-05-03T12:20:48","modified_gmt":"2024-05-03T11:20:48","slug":"come-sostituire-la-batteria-del-modello-chamberlain-956evc","status":"publish","type":"page","link":"https:\/\/ismartgate.com\/it\/how-to-replace-the-battery-in-chamberlain-956evc-model\/","title":{"rendered":"ismargine - Come sostituire la batteria del modello Chamberlain 956EVC"},"content":{"rendered":"<div class=\"fusion-fullwidth fullwidth-box fusion-builder-row-1 fusion-flex-container nonhundred-percent-fullwidth non-hundred-percent-height-scrolling\" style=\"--awb-border-radius-top-left:0px;--awb-border-radius-top-right:0px;--awb-border-radius-bottom-right:0px;--awb-border-radius-bottom-left:0px;--awb-flex-wrap:wrap;\" ><div class=\"fusion-builder-row fusion-row fusion-flex-align-items-flex-start fusion-flex-content-wrap\" style=\"max-width:1331.2px;margin-left: calc(-4% \/ 2 );margin-right: calc(-4% \/ 2 );\"><div class=\"fusion-layout-column fusion_builder_column fusion-builder-column-0 fusion_builder_column_1_1 1_1 fusion-flex-column\" style=\"--awb-bg-size:cover;--awb-width-large:100%;--awb-margin-top-large:0px;--awb-spacing-right-large:1.92%;--awb-margin-bottom-large:20px;--awb-spacing-left-large:1.92%;--awb-width-medium:100%;--awb-order-medium:0;--awb-spacing-right-medium:1.92%;--awb-spacing-left-medium:1.92%;--awb-width-small:100%;--awb-order-small:0;--awb-spacing-right-small:1.92%;--awb-spacing-left-small:1.92%;\"><div class=\"fusion-column-wrapper fusion-column-has-shadow fusion-flex-justify-content-flex-start fusion-content-layout-column\"><div style=\"text-align:center;\"><a class=\"fusion-button button-flat button-small button-default fusion-button-default button-1 fusion-button-default-span fusion-button-default-type\" style=\"--button_text_transform:capitalize;\" target=\"_self\" href=\"https:\/\/ismartgate.com\/it\/porte-e-cancelli-da-garage-argomenti-generali\/\"><span class=\"fusion-button-text awb-button__text awb-button__text--default\">&lt; Torna all&#039;elenco<\/span><\/a><\/div><\/div><\/div><div class=\"fusion-layout-column fusion_builder_column fusion-builder-column-1 fusion_builder_column_1_1 1_1 fusion-flex-column\" style=\"--awb-bg-size:cover;--awb-width-large:100%;--awb-margin-top-large:0px;--awb-spacing-right-large:1.92%;--awb-margin-bottom-large:20px;--awb-spacing-left-large:1.92%;--awb-width-medium:100%;--awb-order-medium:0;--awb-spacing-right-medium:1.92%;--awb-spacing-left-medium:1.92%;--awb-width-small:100%;--awb-order-small:0;--awb-spacing-right-small:1.92%;--awb-spacing-left-small:1.92%;\"><div class=\"fusion-column-wrapper fusion-column-has-shadow fusion-flex-justify-content-flex-start fusion-content-layout-column\"><div class=\"fusion-text fusion-text-1\" style=\"--awb-text-transform:none;\"><h1 style=\"text-align: center;\">Come sostituire la batteria del modello Chamberlain 956EVC<\/h1>\n<\/div><div class=\"fusion-text fusion-text-2\" style=\"--awb-text-transform:none;\"><h2 style=\"text-align: center;\">Per sostituire la batteria del telecomando Chamberlain 953EV \u00e8 necessaria una batteria da 3V. <strong>Batteria a bottone CR2032<\/strong>.<\/h2>\n<\/div><div class=\"fusion-image-element\" style=\"text-align:center;--awb-caption-title-font-family:var(--h2_typography-font-family);--awb-caption-title-font-weight:var(--h2_typography-font-weight);--awb-caption-title-font-style:var(--h2_typography-font-style);--awb-caption-title-size:var(--h2_typography-font-size);--awb-caption-title-transform:var(--h2_typography-text-transform);--awb-caption-title-line-height:var(--h2_typography-line-height);--awb-caption-title-letter-spacing:var(--h2_typography-letter-spacing);\"><span class=\"fusion-imageframe imageframe-none imageframe-1 hover-type-none\"><img decoding=\"async\" width=\"240\" height=\"240\" title=\"01\" src=\"https:\/\/ismartgate.com\/wp-content\/uploads\/2024\/04\/01.png\" data-orig-src=\"https:\/\/ismartgate.com\/wp-content\/uploads\/2024\/04\/01.png\" alt class=\"lazyload img-responsive wp-image-40948\" srcset=\"data:image\/svg+xml,%3Csvg%20xmlns%3D%27http%3A%2F%2Fwww.w3.org%2F2000%2Fsvg%27%20width%3D%27240%27%20height%3D%27240%27%20viewBox%3D%270%200%20240%20240%27%3E%3Crect%20width%3D%27240%27%20height%3D%27240%27%20fill-opacity%3D%220%22%2F%3E%3C%2Fsvg%3E\" data-srcset=\"https:\/\/ismartgate.com\/wp-content\/uploads\/2024\/04\/01-200x200.png 200w, https:\/\/ismartgate.com\/wp-content\/uploads\/2024\/04\/01.png 240w\" data-sizes=\"auto\" data-orig-sizes=\"(max-width: 1024px) 100vw, (max-width: 640px) 100vw, 240px\" \/><\/span><\/div><div class=\"fusion-separator fusion-full-width-sep\" style=\"align-self: center;margin-left: auto;margin-right: auto;margin-top:15px;margin-bottom:15px;width:100%;\"><div class=\"fusion-separator-border sep-double\" style=\"--awb-height:20px;--awb-amount:20px;border-color:#e0dede;border-top-width:0px;border-bottom-width:0px;\"><\/div><\/div><div class=\"fusion-text fusion-text-3\" style=\"--awb-text-transform:none;\"><h2 style=\"text-align: center;\">Per iniziare, ecco una guida passo passo:<\/h2>\n<\/div><\/div><\/div><div class=\"fusion-layout-column fusion_builder_column fusion-builder-column-2 fusion_builder_column_1_1 1_1 fusion-flex-column\" style=\"--awb-bg-size:cover;--awb-width-large:100%;--awb-margin-top-large:0px;--awb-spacing-right-large:1.92%;--awb-margin-bottom-large:20px;--awb-spacing-left-large:1.92%;--awb-width-medium:100%;--awb-order-medium:0;--awb-spacing-right-medium:1.92%;--awb-spacing-left-medium:1.92%;--awb-width-small:100%;--awb-order-small:0;--awb-spacing-right-small:1.92%;--awb-spacing-left-small:1.92%;\"><div class=\"fusion-column-wrapper fusion-column-has-shadow fusion-flex-justify-content-flex-start fusion-content-layout-column\"><div class=\"fusion-text fusion-text-4\" style=\"--awb-text-transform:none;\"><p style=\"text-align: center;\"><span style=\"color: #333399;\"><strong>FASE 1<\/strong><\/span><br \/>\nProvare ad aprire la custodia con la lama di un cacciavite.<\/p>\n<\/div><div class=\"fusion-image-element\" style=\"text-align:center;--awb-caption-title-font-family:var(--h2_typography-font-family);--awb-caption-title-font-weight:var(--h2_typography-font-weight);--awb-caption-title-font-style:var(--h2_typography-font-style);--awb-caption-title-size:var(--h2_typography-font-size);--awb-caption-title-transform:var(--h2_typography-text-transform);--awb-caption-title-line-height:var(--h2_typography-line-height);--awb-caption-title-letter-spacing:var(--h2_typography-letter-spacing);\"><span class=\"fusion-imageframe imageframe-none imageframe-2 hover-type-none\"><img decoding=\"async\" width=\"258\" height=\"281\" title=\"v2_01\" src=\"https:\/\/ismartgate.com\/wp-content\/uploads\/2024\/05\/v2_01.jpg\" data-orig-src=\"https:\/\/ismartgate.com\/wp-content\/uploads\/2024\/05\/v2_01.jpg\" alt class=\"lazyload img-responsive wp-image-44420\" srcset=\"data:image\/svg+xml,%3Csvg%20xmlns%3D%27http%3A%2F%2Fwww.w3.org%2F2000%2Fsvg%27%20width%3D%27258%27%20height%3D%27281%27%20viewBox%3D%270%200%20258%20281%27%3E%3Crect%20width%3D%27258%27%20height%3D%27281%27%20fill-opacity%3D%220%22%2F%3E%3C%2Fsvg%3E\" data-srcset=\"https:\/\/ismartgate.com\/wp-content\/uploads\/2024\/05\/v2_01-200x218.jpg 200w, https:\/\/ismartgate.com\/wp-content\/uploads\/2024\/05\/v2_01.jpg 258w\" data-sizes=\"auto\" data-orig-sizes=\"(max-width: 1024px) 100vw, (max-width: 640px) 100vw, 258px\" \/><\/span><\/div><\/div><\/div><div class=\"fusion-layout-column fusion_builder_column fusion-builder-column-3 fusion_builder_column_1_1 1_1 fusion-flex-column\" style=\"--awb-bg-size:cover;--awb-width-large:100%;--awb-margin-top-large:0px;--awb-spacing-right-large:1.92%;--awb-margin-bottom-large:20px;--awb-spacing-left-large:1.92%;--awb-width-medium:100%;--awb-order-medium:0;--awb-spacing-right-medium:1.92%;--awb-spacing-left-medium:1.92%;--awb-width-small:100%;--awb-order-small:0;--awb-spacing-right-small:1.92%;--awb-spacing-left-small:1.92%;\"><div class=\"fusion-column-wrapper fusion-column-has-shadow fusion-flex-justify-content-flex-start fusion-content-layout-column\"><div class=\"fusion-text fusion-text-5\" style=\"--awb-text-transform:none;\"><p style=\"text-align: center;\"><span style=\"color: #333399;\"><strong>FASE 2<br \/>\n<\/strong><\/span>Quindi, rimuovere la vecchia batteria e inserire quella nuova, facendo attenzione a far coincidere la polarit\u00e0 della batteria con i simboli all'interno dell'alloggiamento.<\/p>\n<\/div><div class=\"fusion-image-element\" style=\"text-align:center;--awb-caption-title-font-family:var(--h2_typography-font-family);--awb-caption-title-font-weight:var(--h2_typography-font-weight);--awb-caption-title-font-style:var(--h2_typography-font-style);--awb-caption-title-size:var(--h2_typography-font-size);--awb-caption-title-transform:var(--h2_typography-text-transform);--awb-caption-title-line-height:var(--h2_typography-line-height);--awb-caption-title-letter-spacing:var(--h2_typography-letter-spacing);\"><span class=\"fusion-imageframe imageframe-none imageframe-3 hover-type-none\"><img decoding=\"async\" width=\"263\" height=\"238\" title=\"v2_02\" src=\"https:\/\/ismartgate.com\/wp-content\/uploads\/2024\/05\/v2_02.jpg\" data-orig-src=\"https:\/\/ismartgate.com\/wp-content\/uploads\/2024\/05\/v2_02.jpg\" alt class=\"lazyload img-responsive wp-image-44421\" srcset=\"data:image\/svg+xml,%3Csvg%20xmlns%3D%27http%3A%2F%2Fwww.w3.org%2F2000%2Fsvg%27%20width%3D%27263%27%20height%3D%27238%27%20viewBox%3D%270%200%20263%20238%27%3E%3Crect%20width%3D%27263%27%20height%3D%27238%27%20fill-opacity%3D%220%22%2F%3E%3C%2Fsvg%3E\" data-srcset=\"https:\/\/ismartgate.com\/wp-content\/uploads\/2024\/05\/v2_02-200x181.jpg 200w, https:\/\/ismartgate.com\/wp-content\/uploads\/2024\/05\/v2_02.jpg 263w\" data-sizes=\"auto\" data-orig-sizes=\"(max-width: 1024px) 100vw, (max-width: 640px) 100vw, 263px\" \/><\/span><\/div><\/div><\/div><div class=\"fusion-layout-column fusion_builder_column fusion-builder-column-4 fusion_builder_column_1_1 1_1 fusion-flex-column\" style=\"--awb-bg-size:cover;--awb-width-large:100%;--awb-margin-top-large:0px;--awb-spacing-right-large:1.92%;--awb-margin-bottom-large:20px;--awb-spacing-left-large:1.92%;--awb-width-medium:100%;--awb-order-medium:0;--awb-spacing-right-medium:1.92%;--awb-spacing-left-medium:1.92%;--awb-width-small:100%;--awb-order-small:0;--awb-spacing-right-small:1.92%;--awb-spacing-left-small:1.92%;\"><div class=\"fusion-column-wrapper fusion-column-has-shadow fusion-flex-justify-content-flex-start fusion-content-layout-column\"><div class=\"fusion-text fusion-text-6\" style=\"--awb-text-transform:none;\"><p style=\"text-align: center;\"><span style=\"color: #333399;\"><strong>FASE 3<br \/>\n<\/strong><\/span>Infine, riallineare correttamente i componenti e chiudere a scatto la custodia.<\/p>\n<\/div><div class=\"fusion-text fusion-text-7\" style=\"--awb-text-transform:none;\"><p style=\"text-align: center;\"><strong>Per istruzioni pi\u00f9 dettagliate, consultare il manuale del telecomando Chamberlain 956EVC, a cui \u00e8 possibile accedere da <a href=\"https:\/\/ismartgate.com\/wp-content\/uploads\/2024\/05\/114A5043.pdf\">scaricandolo qui.<\/a><\/strong><\/p>\n<\/div><\/div><\/div><div class=\"fusion-layout-column fusion_builder_column fusion-builder-column-5 fusion_builder_column_1_1 1_1 fusion-flex-column\" style=\"--awb-bg-size:cover;--awb-width-large:100%;--awb-margin-top-large:0px;--awb-spacing-right-large:1.92%;--awb-margin-bottom-large:20px;--awb-spacing-left-large:1.92%;--awb-width-medium:100%;--awb-order-medium:0;--awb-spacing-right-medium:1.92%;--awb-spacing-left-medium:1.92%;--awb-width-small:100%;--awb-order-small:0;--awb-spacing-right-small:1.92%;--awb-spacing-left-small:1.92%;\"><div class=\"fusion-column-wrapper fusion-column-has-shadow fusion-flex-justify-content-flex-start fusion-content-layout-column\"><div class=\"fusion-text fusion-text-8\" style=\"--awb-text-transform:none;\"><h1 style=\"text-align: center;\">Siete interessati a integrare la funzionalit\u00e0 dello smartphone nel controllo del vostro cancello o della porta del garage?<\/h1>\n<\/div><div class=\"fusion-text fusion-text-9\" style=\"--awb-text-transform:none;\"><p style=\"text-align: center;\">Si potrebbe prendere in considerazione <strong>ismartgate<\/strong>, una soluzione che consente di gestire cancelli elettrici e porte di garage direttamente dallo smartphone, oltre che da hub smart home compatibili come <strong>Apple Homekit, Amazon Alexa, Google Home, Samsung SmartThings e IFTTT (Il 1\u00b0 ottobre 2025 l'integrazione di iSmartGate con IFTTT sar\u00e0 interrotta. Il servizio iSmartGate su IFTTT non sar\u00e0 pi\u00f9 disponibile dopo questa data. Ci scusiamo per gli eventuali disagi che ci\u00f2 potrebbe causare).<\/strong><\/p>\n<\/div><div class=\"fusion-image-element\" style=\"text-align:center;--awb-max-width:400px;--awb-caption-title-font-family:var(--h2_typography-font-family);--awb-caption-title-font-weight:var(--h2_typography-font-weight);--awb-caption-title-font-style:var(--h2_typography-font-style);--awb-caption-title-size:var(--h2_typography-font-size);--awb-caption-title-transform:var(--h2_typography-text-transform);--awb-caption-title-line-height:var(--h2_typography-line-height);--awb-caption-title-letter-spacing:var(--h2_typography-letter-spacing);\"><span class=\"fusion-imageframe imageframe-none imageframe-4 hover-type-none\"><img decoding=\"async\" width=\"1000\" height=\"1000\" alt=\"Apertura\/chiusura automatica\" src=\"https:\/\/ismartgate.com\/wp-content\/uploads\/2023\/05\/07-automatic-open-close.png\" data-orig-src=\"https:\/\/ismartgate.com\/wp-content\/uploads\/2023\/05\/07-automatic-open-close.png\" class=\"lazyload img-responsive wp-image-37540\" srcset=\"data:image\/svg+xml,%3Csvg%20xmlns%3D%27http%3A%2F%2Fwww.w3.org%2F2000%2Fsvg%27%20width%3D%271000%27%20height%3D%271000%27%20viewBox%3D%270%200%201000%201000%27%3E%3Crect%20width%3D%271000%27%20height%3D%271000%27%20fill-opacity%3D%220%22%2F%3E%3C%2Fsvg%3E\" data-srcset=\"https:\/\/ismartgate.com\/wp-content\/uploads\/2023\/05\/07-automatic-open-close-200x200.png 200w, https:\/\/ismartgate.com\/wp-content\/uploads\/2023\/05\/07-automatic-open-close-400x400.png 400w, https:\/\/ismartgate.com\/wp-content\/uploads\/2023\/05\/07-automatic-open-close-600x600.png 600w, https:\/\/ismartgate.com\/wp-content\/uploads\/2023\/05\/07-automatic-open-close-800x800.png 800w, https:\/\/ismartgate.com\/wp-content\/uploads\/2023\/05\/07-automatic-open-close.png 1000w\" data-sizes=\"auto\" data-orig-sizes=\"(max-width: 1024px) 100vw, (max-width: 640px) 100vw, 1000px\" \/><\/span><\/div><div class=\"fusion-text fusion-text-10\" style=\"--awb-text-transform:none;\"><h2 style=\"text-align: center;\">Vantaggi di un apricancello\/garage intelligente rispetto a un telecomando tradizionale:<\/h2>\n<\/div><div class=\"fusion-text fusion-text-11\" style=\"--awb-text-transform:none;\"><ul>\n<li style=\"text-align: left;\">ismartgate consente di controllare cancelli elettrici e porte di garage tramite smartphone.<\/li>\n<li style=\"text-align: left;\">Compatibile con i pi\u00f9 diffusi hub per la casa intelligente, tra cui Apple HomeKit, Amazon Alexa, Google Home e Samsung SmartThings.<\/li>\n<li style=\"text-align: left;\">Fornisce accesso e controllo in remoto da qualsiasi luogo dotato di connettivit\u00e0 Internet.<\/li>\n<li style=\"text-align: left;\">Offre il monitoraggio in tempo reale dello stato del cancello\/portone del garage.<\/li>\n<li style=\"text-align: left;\">Supporta la programmazione e l'automazione per un funzionamento comodo.<\/li>\n<li style=\"text-align: left;\">Consente di condividere l'accesso con i membri della famiglia o con persone fidate.<\/li>\n<li style=\"text-align: left;\">Compatibile con i dispositivi iOS e Android per una perfetta integrazione nelle varie configurazioni degli utenti.<\/li>\n<li style=\"text-align: left;\">Sistema sicuro: I vostri dati non vengono condivisi con nessuno. In altre parole, sono accessibili solo da voi.<\/li>\n<\/ul>\n<\/div><div style=\"text-align:center;\"><a class=\"fusion-button button-flat button-medium button-default fusion-button-default button-2 fusion-button-default-span fusion-button-default-type\" style=\"--button_text_transform:capitalize;\" target=\"_self\" href=\"https:\/\/ismartgate.com\/it\/acquistare-un-garage-intelligente\/\"><span class=\"fusion-button-text awb-button__text awb-button__text--default\">Trova il tuo ismatgate<\/span><\/a><\/div><\/div><\/div><\/div><\/div>","protected":false},"excerpt":{"rendered":"","protected":false},"author":5,"featured_media":0,"parent":0,"menu_order":0,"comment_status":"closed","ping_status":"open","template":"100-width.php","meta":{"footnotes":""},"class_list":["post-44427","page","type-page","status-publish","hentry"],"yoast_head":"<!-- This site is optimized with the Yoast SEO Premium plugin v27.3 (Yoast SEO v27.3) - https:\/\/yoast.com\/product\/yoast-seo-premium-wordpress\/ -->\n<title>ismargate - How to replace the battery in Chamberlain 956EVC model - ismartgate<\/title>\n<meta name=\"description\" content=\"Discover how to replace the battery in the Chamberlain 956EVC model. Follow the steps and make your remote work again.\" \/>\n<meta name=\"robots\" content=\"index, follow, max-snippet:-1, max-image-preview:large, max-video-preview:-1\" \/>\n<link rel=\"canonical\" href=\"https:\/\/ismartgate.com\/it\/come-sostituire-la-batteria-del-modello-chamberlain-956evc\/\" \/>\n<meta property=\"og:locale\" content=\"it_IT\" \/>\n<meta property=\"og:type\" content=\"article\" \/>\n<meta property=\"og:title\" content=\"ismargate - How to replace the battery in Chamberlain 956EVC model\" \/>\n<meta property=\"og:description\" content=\"Discover how to replace the battery in the Chamberlain 956EVC model. Follow the steps and make your remote work again.\" \/>\n<meta property=\"og:url\" content=\"https:\/\/ismartgate.com\/it\/come-sostituire-la-batteria-del-modello-chamberlain-956evc\/\" \/>\n<meta property=\"og:site_name\" content=\"ismartgate\" \/>\n<meta property=\"article:publisher\" content=\"https:\/\/www.facebook.com\/ismartgateofficial\/\" \/>\n<meta name=\"twitter:card\" content=\"summary_large_image\" \/>\n<meta name=\"twitter:site\" content=\"@ismartgate_ww\" \/>\n<meta name=\"twitter:label1\" content=\"Tempo di lettura stimato\" \/>\n\t<meta name=\"twitter:data1\" content=\"8 minuti\" \/>\n<script type=\"application\/ld+json\" class=\"yoast-schema-graph\">{\"@context\":\"https:\\\/\\\/schema.org\",\"@graph\":[{\"@type\":\"WebPage\",\"@id\":\"https:\\\/\\\/ismartgate.com\\\/how-to-replace-the-battery-in-chamberlain-956evc-model\\\/\",\"url\":\"https:\\\/\\\/ismartgate.com\\\/how-to-replace-the-battery-in-chamberlain-956evc-model\\\/\",\"name\":\"ismargate - How to replace the battery in Chamberlain 956EVC model - ismartgate\",\"isPartOf\":{\"@id\":\"https:\\\/\\\/ismartgate.com\\\/#website\"},\"datePublished\":\"2024-05-03T11:20:48+00:00\",\"description\":\"Discover how to replace the battery in the Chamberlain 956EVC model. Follow the steps and make your remote work again.\",\"breadcrumb\":{\"@id\":\"https:\\\/\\\/ismartgate.com\\\/how-to-replace-the-battery-in-chamberlain-956evc-model\\\/#breadcrumb\"},\"inLanguage\":\"it-IT\",\"potentialAction\":[{\"@type\":\"ReadAction\",\"target\":[\"https:\\\/\\\/ismartgate.com\\\/how-to-replace-the-battery-in-chamberlain-956evc-model\\\/\"]}]},{\"@type\":\"BreadcrumbList\",\"@id\":\"https:\\\/\\\/ismartgate.com\\\/how-to-replace-the-battery-in-chamberlain-956evc-model\\\/#breadcrumb\",\"itemListElement\":[{\"@type\":\"ListItem\",\"position\":1,\"name\":\"Home\",\"item\":\"https:\\\/\\\/ismartgate.com\\\/\"},{\"@type\":\"ListItem\",\"position\":2,\"name\":\"ismargate - How to replace the battery in Chamberlain 956EVC model\"}]},{\"@type\":\"WebSite\",\"@id\":\"https:\\\/\\\/ismartgate.com\\\/#website\",\"url\":\"https:\\\/\\\/ismartgate.com\\\/\",\"name\":\"ismartgate\",\"description\":\"The best Smart Garage Door Opener compatible with Apple HomeKit\",\"publisher\":{\"@id\":\"https:\\\/\\\/ismartgate.com\\\/#organization\"},\"inLanguage\":\"it-IT\"},{\"@type\":\"Organization\",\"@id\":\"https:\\\/\\\/ismartgate.com\\\/#organization\",\"name\":\"ismartgate\",\"url\":\"https:\\\/\\\/ismartgate.com\\\/\",\"logo\":{\"@type\":\"ImageObject\",\"inLanguage\":\"it-IT\",\"@id\":\"https:\\\/\\\/ismartgate.com\\\/#\\\/schema\\\/logo\\\/image\\\/\",\"url\":\"https:\\\/\\\/ismartgate.com\\\/wp-content\\\/uploads\\\/2018\\\/07\\\/ismartgate_header_logo_2x.gif\",\"contentUrl\":\"https:\\\/\\\/ismartgate.com\\\/wp-content\\\/uploads\\\/2018\\\/07\\\/ismartgate_header_logo_2x.gif\",\"width\":378,\"height\":56,\"caption\":\"ismartgate\"},\"image\":{\"@id\":\"https:\\\/\\\/ismartgate.com\\\/#\\\/schema\\\/logo\\\/image\\\/\"},\"sameAs\":[\"https:\\\/\\\/www.facebook.com\\\/ismartgateofficial\\\/\",\"https:\\\/\\\/x.com\\\/ismartgate_ww\",\"https:\\\/\\\/www.youtube.com\\\/channel\\\/UCY7edN3zimmxIXJ3tnFMp8A\"]}]}<\/script>\n<!-- \/ Yoast SEO Premium plugin. -->","yoast_head_json":{"title":"ismargine - Come sostituire la batteria del modello Chamberlain 956EVC - ismartgate","description":"Scoprite come sostituire la batteria del modello Chamberlain 956EVC. Seguite i passaggi e fate funzionare di nuovo il vostro telecomando.","robots":{"index":"index","follow":"follow","max-snippet":"max-snippet:-1","max-image-preview":"max-image-preview:large","max-video-preview":"max-video-preview:-1"},"canonical":"https:\/\/ismartgate.com\/it\/come-sostituire-la-batteria-del-modello-chamberlain-956evc\/","og_locale":"it_IT","og_type":"article","og_title":"ismargate - How to replace the battery in Chamberlain 956EVC model","og_description":"Discover how to replace the battery in the Chamberlain 956EVC model. Follow the steps and make your remote work again.","og_url":"https:\/\/ismartgate.com\/it\/come-sostituire-la-batteria-del-modello-chamberlain-956evc\/","og_site_name":"ismartgate","article_publisher":"https:\/\/www.facebook.com\/ismartgateofficial\/","twitter_card":"summary_large_image","twitter_site":"@ismartgate_ww","twitter_misc":{"Tempo di lettura stimato":"8 minuti"},"schema":{"@context":"https:\/\/schema.org","@graph":[{"@type":"WebPage","@id":"https:\/\/ismartgate.com\/how-to-replace-the-battery-in-chamberlain-956evc-model\/","url":"https:\/\/ismartgate.com\/how-to-replace-the-battery-in-chamberlain-956evc-model\/","name":"ismargine - Come sostituire la batteria del modello Chamberlain 956EVC - ismartgate","isPartOf":{"@id":"https:\/\/ismartgate.com\/#website"},"datePublished":"2024-05-03T11:20:48+00:00","description":"Scoprite come sostituire la batteria del modello Chamberlain 956EVC. Seguite i passaggi e fate funzionare di nuovo il vostro telecomando.","breadcrumb":{"@id":"https:\/\/ismartgate.com\/how-to-replace-the-battery-in-chamberlain-956evc-model\/#breadcrumb"},"inLanguage":"it-IT","potentialAction":[{"@type":"ReadAction","target":["https:\/\/ismartgate.com\/how-to-replace-the-battery-in-chamberlain-956evc-model\/"]}]},{"@type":"BreadcrumbList","@id":"https:\/\/ismartgate.com\/how-to-replace-the-battery-in-chamberlain-956evc-model\/#breadcrumb","itemListElement":[{"@type":"ListItem","position":1,"name":"Home","item":"https:\/\/ismartgate.com\/"},{"@type":"ListItem","position":2,"name":"ismargate - How to replace the battery in Chamberlain 956EVC model"}]},{"@type":"WebSite","@id":"https:\/\/ismartgate.com\/#website","url":"https:\/\/ismartgate.com\/","name":"ismartgate","description":"Il miglior apriporta per garage intelligente compatibile con Apple HomeKit","publisher":{"@id":"https:\/\/ismartgate.com\/#organization"},"inLanguage":"it-IT"},{"@type":"Organization","@id":"https:\/\/ismartgate.com\/#organization","name":"ismartgate","url":"https:\/\/ismartgate.com\/","logo":{"@type":"ImageObject","inLanguage":"it-IT","@id":"https:\/\/ismartgate.com\/#\/schema\/logo\/image\/","url":"https:\/\/ismartgate.com\/wp-content\/uploads\/2018\/07\/ismartgate_header_logo_2x.gif","contentUrl":"https:\/\/ismartgate.com\/wp-content\/uploads\/2018\/07\/ismartgate_header_logo_2x.gif","width":378,"height":56,"caption":"ismartgate"},"image":{"@id":"https:\/\/ismartgate.com\/#\/schema\/logo\/image\/"},"sameAs":["https:\/\/www.facebook.com\/ismartgateofficial\/","https:\/\/x.com\/ismartgate_ww","https:\/\/www.youtube.com\/channel\/UCY7edN3zimmxIXJ3tnFMp8A"]}]}},"_links":{"self":[{"href":"https:\/\/ismartgate.com\/it\/wp-json\/wp\/v2\/pages\/44427","targetHints":{"allow":["GET"]}}],"collection":[{"href":"https:\/\/ismartgate.com\/it\/wp-json\/wp\/v2\/pages"}],"about":[{"href":"https:\/\/ismartgate.com\/it\/wp-json\/wp\/v2\/types\/page"}],"author":[{"embeddable":true,"href":"https:\/\/ismartgate.com\/it\/wp-json\/wp\/v2\/users\/5"}],"replies":[{"embeddable":true,"href":"https:\/\/ismartgate.com\/it\/wp-json\/wp\/v2\/comments?post=44427"}],"version-history":[{"count":1,"href":"https:\/\/ismartgate.com\/it\/wp-json\/wp\/v2\/pages\/44427\/revisions"}],"predecessor-version":[{"id":44428,"href":"https:\/\/ismartgate.com\/it\/wp-json\/wp\/v2\/pages\/44427\/revisions\/44428"}],"wp:attachment":[{"href":"https:\/\/ismartgate.com\/it\/wp-json\/wp\/v2\/media?parent=44427"}],"curies":[{"name":"wp","href":"https:\/\/api.w.org\/{rel}","templated":true}]}}