{"id":678,"date":"2019-02-18T11:50:23","date_gmt":"2019-02-18T11:50:23","guid":{"rendered":"https:\/\/ismartgate.com\/?page_id=678"},"modified":"2024-05-06T06:10:14","modified_gmt":"2024-05-06T05:10:14","slug":"feltetelek-es-kikotesek","status":"publish","type":"page","link":"https:\/\/ismartgate.com\/hu\/terms-and-conditions\/","title":{"rendered":"jogi"},"content":{"rendered":"<div class=\"fusion-fullwidth fullwidth-box fusion-builder-row-1 nonhundred-percent-fullwidth non-hundred-percent-height-scrolling fusion-equal-height-columns\" style=\"--awb-border-radius-top-left:0px;--awb-border-radius-top-right:0px;--awb-border-radius-bottom-right:0px;--awb-border-radius-bottom-left:0px;--awb-padding-top:20px;--awb-padding-bottom:20px;--awb-flex-wrap:wrap;\" ><div class=\"fusion-builder-row fusion-row\"><div class=\"fusion-layout-column fusion_builder_column fusion-builder-column-0 fusion_builder_column_1_1 1_1 fusion-one-full fusion-column-first fusion-column-last\" style=\"--awb-bg-size:cover;\"><div class=\"fusion-column-wrapper fusion-flex-column-wrapper-legacy\"><div class=\"fusion-column-content-centered\"><div class=\"fusion-column-content\"><div class=\"fusion-text fusion-text-1\" style=\"--awb-text-transform:none;\"><h1 style=\"text-align: left;\">Felt\u00e9telek \u00e9s felt\u00e9telek<\/h1>\n<\/div><div class=\"fusion-sep-clear\"><\/div><div class=\"fusion-separator fusion-full-width-sep\" style=\"margin-left: auto;margin-right: auto;margin-top:5px;margin-bottom:5px;width:100%;\"><\/div><div class=\"fusion-sep-clear\"><\/div><div class=\"fusion-text fusion-text-2\"><p id=\"u28680-5\">Ezek a felt\u00e9telek a Gogogate INC. \u00e9s le\u00e1nyv\u00e1llalatai \u00e1ltal \u00fczemeltetett ismartgate \u00e9s Gogogogate weboldalak vil\u00e1gm\u00e9ret\u0171 haszn\u00e1lat\u00e1ra vonatkoznak. A jelen \u00c1SZF-ek el\u0151zetes \u00e9rtes\u00edt\u00e9s n\u00e9lk\u00fcl v\u00e1ltozhatnak.<\/p>\n<p id=\"u28680-7\">\u00a0Tulajdonosi jogok.<\/p>\n<p id=\"u28680-12\"><strong><span id=\"u28680-9\">Szerz\u0151i jogok\/v\u00e9djegy.<\/span><\/strong><br \/>\nEz az oldal, bele\u00e9rtve, de nem kiz\u00e1r\u00f3lagosan a designt, sz\u00f6veget, szoftvert, rajzokat, konfigur\u00e1ci\u00f3kat, grafik\u00e1kat \u00e9s egy\u00e9b anyagokat (a \"Tartalom\") szerz\u0151i jogv\u00e9delem alatt \u00e1ll. A Tartalom nem m\u00f3dos\u00edthat\u00f3, m\u00e1solhat\u00f3, terjeszthet\u0151, terjeszthet\u0151, keretezhet\u0151, reproduk\u00e1lhat\u00f3, \u00fajra k\u00f6zz\u00e9tehet\u0151, let\u00f6lthet\u0151, megjelen\u00edthet\u0151, k\u00f6zz\u00e9tehet\u0151, tov\u00e1bb\u00edthat\u00f3 vagy \u00e9rt\u00e9kes\u00edthet\u0151 semmilyen form\u00e1ban vagy eszk\u00f6zzel, sem r\u00e9szben, sem eg\u00e9szben, a Gogogate INC. n\u00e9lk\u00fcl. el\u0151zetes \u00edr\u00e1sbeli enged\u00e9lye n\u00e9lk\u00fcl, kiv\u00e9ve, hogy \u00d6n let\u00f6ltheti \u00e9s kinyomtathatja a Tartalmat olyan felhaszn\u00e1l\u00e1s c\u00e9lj\u00e1b\u00f3l, amely nem versenyez a Gogogogate INC. \u00e9s annak kapcsolt v\u00e1llalkoz\u00e1sai vagy szolg\u00e1ltat\u00f3i sz\u00e1m\u00e1ra, illetve nem s\u00e9rti azokat. \u00d6n beleegyezik, hogy minden szerz\u0151i jogi vagy egy\u00e9b tulajdonjoggal v\u00e9dett anyagot \u00e9rintetlen\u00fcl hagy, \u00e9s hogy semmilyen Tartalmat nem ad \u00e1t m\u00e1s szem\u00e9lynek, kiv\u00e9ve, ha t\u00e1j\u00e9koztatja \u0151t a jelen Felhaszn\u00e1l\u00e1si felt\u00e9telekb\u0151l ered\u0151 k\u00f6telezetts\u00e9gekr\u0151l, \u00e9s \u0151 beleegyezik azok elfogad\u00e1s\u00e1ba. A Tartalom b\u00e1rmilyen m\u00e1s m\u00f3don t\u00f6rt\u00e9n\u0151 felhaszn\u00e1l\u00e1sa szigor\u00faan tilos. A Webhelyen megjelen\u0151 egy\u00e9b v\u00e9djegyek, bejegyzett v\u00e9djegyek, term\u00e9knevek vagy log\u00f3k, valamint c\u00e9gnevek vagy log\u00f3k a megfelel\u0151 tulajdonosok tulajdon\u00e1t k\u00e9pezik.<\/p>\n<p id=\"u28680-17\"><strong><span id=\"u28680-14\">Szoftver.<\/span><\/strong><br \/>\nAz ismartgate term\u00e9khez kapcsol\u00f3d\u00f3 b\u00e1rmely szoftver vagy Alkalmaz\u00e1s, bele\u00e9rtve a szoftver \u00e1ltal gener\u00e1lt f\u00e1jlokat, k\u00e9peket, a szoftverhez tartoz\u00f3 k\u00f3dot \u00e9s adatokat (egy\u00fcttesen \"Szoftver\"), amelyet a Webhelyen kereszt\u00fcl haszn\u00e1l, vagy amely a Webhelyen kereszt\u00fcl el\u00e9rhet\u0151, \u00d6n kiz\u00e1r\u00f3lag a Webhelyhez val\u00f3 hozz\u00e1f\u00e9r\u00e9s \u00e9s a Webhely haszn\u00e1lata c\u00e9lj\u00e1b\u00f3l, a Webhelyen kifejezetten megjel\u00f6lt c\u00e9lokra haszn\u00e1lhat\u00f3, felt\u00e9ve, hogy az ilyen felhaszn\u00e1l\u00e1sok nem \u00e1llnak versenyben az ismartgate term\u00e9kkel. A Gogogate INC. , annak kapcsolt v\u00e1llalkoz\u00e1sai, szolg\u00e1ltat\u00f3i \u00e9s \u00fczleti partnerei fenntartj\u00e1k a Szoftverrel kapcsolatos valamennyi szellemi tulajdonjog teljes \u00e9s teljes tulajdonjog\u00e1t. \u00d6n beleegyezik, hogy nem m\u00e1solja, nem terjeszti, nem adja el, nem m\u00f3dos\u00edtja, nem dekompil\u00e1lja, nem ford\u00edtja vissza, nem szedi sz\u00e9t, \u00e9s nem k\u00e9sz\u00edt sz\u00e1rmaz\u00e9kos m\u0171veket a Szoftverb\u0151l.<\/p>\n<p id=\"u28680-21\"><strong><span id=\"u28680-19\">Harmadik f\u00e9l felel\u0151ss\u00e9g\u00e9nek korl\u00e1toz\u00e1sa (pl. forgalmaz\u00f3k\/szerel\u0151k).<\/span><\/strong> A Webhely id\u0151r\u0151l id\u0151re tartalmazhat harmadik felek \u00e1ltal biztos\u00edtott, k\u00f6zz\u00e9tett vagy felk\u00edn\u00e1lt anyagokat, adatokat vagy inform\u00e1ci\u00f3kat. \u00d6n elfogadja, hogy sem a Gogogate INC. sem a kapcsolt v\u00e1llalkoz\u00e1sai, szolg\u00e1ltat\u00f3i vagy \u00fczleti partnerei nem v\u00e1llalnak semmilyen felel\u0151ss\u00e9get \u00d6nnel szemben a harmadik f\u00e9lt\u0151l sz\u00e1rmaz\u00f3 ilyen anyagok, adatok vagy inform\u00e1ci\u00f3k miatt. Azt is meg\u00e9rti, hogy a Gogogate INC. nem felel\u0151s a harmadik felek \u00e1ltal \u00e9rt\u00e9kes\u00edtett szolg\u00e1ltat\u00e1sok\u00e9rt vagy term\u00e9kek\u00e9rt, m\u00e9g akkor sem, ha inform\u00e1ci\u00f3kat vagy linkeket biztos\u00edtunk \u00d6nnek a Gogogate INC. term\u00e9keit \u00e9rt\u00e9kes\u00edt\u0151 harmadik felek weboldalaira. A harmadik felek k\u00f6z\u00e9 tartozik az App Store, az Android Market Place, a keresked\u0151k, telep\u00edt\u0151k vagy forgalmaz\u00f3k. \u00d6n ezennel felmenti a Gogogate INC.-t \u00e9s annak kapcsolt v\u00e1llalkoz\u00e1sait minden m\u00faltbeli, jelenlegi \u00e9s j\u00f6v\u0151beli, ismert vagy ismeretlen k\u00f6vetel\u00e9s, felel\u0151ss\u00e9g \u00e9s k\u00e1r al\u00f3l, amely a weboldalainkon megjel\u00f6lt b\u00e1rmely harmadik f\u00e9l \u00e1ltal ny\u00fajtott szolg\u00e1ltat\u00e1sokb\u00f3l vagy term\u00e9kekb\u0151l ered, vagy azokkal kapcsolatban \u00e1ll.<\/p>\n<p id=\"u28680-24\"><strong>Felel\u0151ss\u00e9gi nyilatkozat:<\/strong>Az ezen az oldalon el\u00e9rhet\u0151v\u00e9 tett anyagok, bele\u00e9rtve az ezen az oldalon k\u00f6zvetlen\u00fcl vagy k\u00f6zvetve el\u00e9rhet\u0151, linkelt oldalakon tal\u00e1lhat\u00f3 anyagokat is, \"\u00fagy, ahogy van\", b\u00e1rmilyen kifejezett vagy hallgat\u00f3lagos garancia n\u00e9lk\u00fcl, bele\u00e9rtve, de nem kiz\u00e1r\u00f3lagosan, az eladhat\u00f3s\u00e1g, a meghat\u00e1rozott c\u00e9lra val\u00f3 alkalmass\u00e1g, a jogc\u00edm vagy a jogs\u00e9rt\u00e9smentess\u00e9g minden hallgat\u00f3lagos garanci\u00e1j\u00e1t. Nem garant\u00e1ljuk, hogy az anyagok hib\u00e1tlanok, v\u00edrusokt\u00f3l, r\u00e1galmaz\u00f3, s\u00e9rt\u0151 vagy egy\u00e9b k\u00e1ros anyagokt\u00f3l mentesek. Ez az oldal technikai pontatlans\u00e1gokat vagy tipogr\u00e1fiai hib\u00e1kat tartalmaz\u00f3 kiadv\u00e1nyokat is tartalmazhat. Ezen t\u00falmen\u0151en a Gogogate INC. vagy annak megfelel\u0151 besz\u00e1ll\u00edt\u00f3i id\u0151r\u0151l id\u0151re v\u00e1ltoztat\u00e1sokat \u00e9s\/vagy fejleszt\u00e9seket hajthatnak v\u00e9gre a ny\u00fajtott term\u00e9kekben \u00e9s szolg\u00e1ltat\u00e1sokban. A Gogogate INC. nem v\u00e1llal felel\u0151ss\u00e9get a weboldalak vagy az azokon tal\u00e1lhat\u00f3 tartalmak friss\u00edt\u00e9s\u00e9\u00e9rt, \u00e9s nem tehet\u0151 felel\u0151ss\u00e9 ennek elmulaszt\u00e1s\u00e1\u00e9rt.<\/p>\n<p id=\"u28680-30\"><strong>Felel\u0151ss\u00e9g:\u00a0<\/strong>Semmilyen k\u00f6r\u00fclm\u00e9nyek k\u00f6z\u00f6tt sem mi, sem kapcsolt v\u00e1llalkoz\u00e1saink, munkat\u00e1rsaink, \u00fcgyn\u00f6keink vagy besz\u00e1ll\u00edt\u00f3ink nem v\u00e1llalunk felel\u0151ss\u00e9get semmilyen k\u00e1r\u00e9rt, bele\u00e9rtve korl\u00e1toz\u00e1s n\u00e9lk\u00fcl a k\u00f6zvetlen, k\u00f6zvetett, v\u00e9letlenszer\u0171, k\u00fcl\u00f6nleges, b\u00fcntet\u0151, k\u00f6vetkezm\u00e9nyes vagy egy\u00e9b k\u00e1rokat (bele\u00e9rtve korl\u00e1toz\u00e1s n\u00e9lk\u00fcl az elmaradt nyeres\u00e9get, bev\u00e9telkies\u00e9st vagy hasonl\u00f3 gazdas\u00e1gi vesztes\u00e9get), ak\u00e1r szerz\u0151d\u00e9ses, k\u00e1rt\u00e9r\u00edt\u00e9si vagy egy\u00e9b okb\u00f3l, amelyek a jelen webhelyen vagy b\u00e1rmely kapcsol\u00f3d\u00f3 webhelyen el\u00e9rhet\u0151 anyagok, az ismartgate term\u00e9k vagy a kapcsol\u00f3d\u00f3 alkalmaz\u00e1s \u00e9s szoftver haszn\u00e1lat\u00e1b\u00f3l vagy haszn\u00e1lat\u00e1nak lehetetlens\u00e9g\u00e9b\u0151l erednek, m\u00e9g akkor sem, ha ezek lehet\u0151s\u00e9g\u00e9r\u0151l t\u00e1j\u00e9koztattak minket, sem harmadik f\u00e9l b\u00e1rmely k\u00f6vetel\u00e9se miatt.<\/p>\n<p id=\"u28680-34\">Sz\u00e1ll\u00edt\u00e1s Hacsak a szerz\u0151d\u00e9sben m\u00e1sk\u00e9nt nem \u00e1llapodtak meg, a Gogogate INC. saj\u00e1t bel\u00e1t\u00e1sa szerint j\u00f3 h\u00edr\u0171 sz\u00e1ll\u00edt\u00f3t \u00e9s megfelel\u0151 sz\u00e1ll\u00edt\u00e1si m\u00f3dot haszn\u00e1l. A Gogogate INC. a term\u00e9keket r\u00e9szsz\u00e1ll\u00edtm\u00e1nyokban is sz\u00e1ll\u00edthatja, felt\u00e9ve, hogy ez el\u0151re egyeztetett \u00e9s a vev\u0151 sz\u00e1m\u00e1ra elfogadhat\u00f3. Amennyiben a term\u00e9keket r\u00e9szsz\u00e1ll\u00edtm\u00e1nyokban sz\u00e1ll\u00edtj\u00e1k, minden egyes r\u00e9szsz\u00e1ll\u00edtm\u00e1nyt k\u00fcl\u00f6n szerz\u0151d\u00e9s t\u00e1rgy\u00e1nak kell tekinteni. A Gogogate INC. egy vagy t\u00f6bb r\u00e9szsz\u00e1ll\u00edt\u00e1ssal kapcsolatos mulaszt\u00e1sa vagy nemteljes\u00edt\u00e9se nem \u00e9rinti a szerz\u0151d\u00e9st a kor\u00e1bban lesz\u00e1ll\u00edtott vagy le nem sz\u00e1ll\u00edtott term\u00e9kek tekintet\u00e9ben.<\/p>\n<p id=\"u28680-36\">A Gogogate INC. c\u00e9lja a gyors sz\u00e1ll\u00edt\u00e1s. Azonban el\u0151fordulhat, hogy a Gogogate INC. hogy a Gogogate INC. nem tud a kit\u0171z\u00f6tt id\u0151pontokban sz\u00e1ll\u00edtani (ezek t\u00f6bbs\u00e9ge a Gogogate INC. ellen\u0151rz\u00e9si k\u00f6r\u00e9n k\u00edv\u00fcl esik). Ennek megfelel\u0151en a Gogogate INC. \u00e1ltal a term\u00e9kek sz\u00e1ll\u00edt\u00e1s\u00e1ra vagy a szolg\u00e1ltat\u00e1sok ny\u00fajt\u00e1s\u00e1ra megadott id\u0151pontok csak becsl\u00e9sek, \u00e9s a Gogogate INC. nem tudja \u00e9s nem v\u00e1llalja, hogy a sz\u00e1ll\u00edt\u00e1s b\u00e1rmely megadott id\u0151pontban megt\u00f6rt\u00e9nik, kiv\u00e9ve abban az esetben, ha a Gogogate INC. az ilyen sz\u00e1ll\u00edt\u00e1si id\u0151pontokat kifejezetten k\u00f6telez\u0151nek er\u0151s\u00edtette meg.<\/p>\n<p id=\"u28680-38\">Ha a Term\u00e9kek nem sz\u00e1ll\u00edthat\u00f3k vagy a Szolg\u00e1ltat\u00e1sok nem ny\u00fajthat\u00f3k a Gogogogate INC. \u00e1ltal megadott becs\u00fclt vagy c\u00e9ld\u00e1tumokon bel\u00fcl. a Gogogate INC. d\u00f6nthet \u00fagy, hogy t\u00f6rli a megrendel\u00e9st \u00e9s visszat\u00e9r\u00edti a Vev\u0151 \u00e1ltal kifizetett \u00f6sszeget.<\/p>\n<\/div><\/div><\/div><div class=\"fusion-clearfix\"><\/div><\/div><\/div><\/div><\/div>","protected":false},"excerpt":{"rendered":"","protected":false},"author":5,"featured_media":0,"parent":0,"menu_order":0,"comment_status":"closed","ping_status":"open","template":"100-width.php","meta":{"footnotes":""},"class_list":["post-678","page","type-page","status-publish","hentry"],"yoast_head":"<!-- This site is optimized with the Yoast SEO Premium plugin v27.3 (Yoast SEO v27.3) - https:\/\/yoast.com\/product\/yoast-seo-premium-wordpress\/ -->\n<title>legal - ismartgate<\/title>\n<meta name=\"description\" content=\"Find the terms and conditions for the ismartgate samrt garage door products. Fin the best garage opener for your home.\" \/>\n<meta name=\"robots\" content=\"index, follow, max-snippet:-1, max-image-preview:large, max-video-preview:-1\" \/>\n<link rel=\"canonical\" href=\"https:\/\/ismartgate.com\/hu\/feltetelek-es-kikotesek\/\" \/>\n<meta property=\"og:locale\" content=\"hu_HU\" \/>\n<meta property=\"og:type\" content=\"article\" \/>\n<meta property=\"og:title\" content=\"legal\" \/>\n<meta property=\"og:description\" content=\"Find the terms and conditions for the ismartgate samrt garage door products. Fin the best garage opener for your home.\" \/>\n<meta property=\"og:url\" content=\"https:\/\/ismartgate.com\/hu\/feltetelek-es-kikotesek\/\" \/>\n<meta property=\"og:site_name\" content=\"ismartgate\" \/>\n<meta property=\"article:publisher\" content=\"https:\/\/www.facebook.com\/ismartgateofficial\/\" \/>\n<meta property=\"article:modified_time\" content=\"2024-05-06T05:10:14+00:00\" \/>\n<meta name=\"twitter:card\" content=\"summary_large_image\" \/>\n<meta name=\"twitter:site\" content=\"@ismartgate_ww\" \/>\n<meta name=\"twitter:label1\" content=\"Becs\u00fclt olvas\u00e1si id\u0151\" \/>\n\t<meta name=\"twitter:data1\" content=\"6 perc\" \/>\n<script type=\"application\/ld+json\" class=\"yoast-schema-graph\">{\"@context\":\"https:\\\/\\\/schema.org\",\"@graph\":[{\"@type\":\"WebPage\",\"@id\":\"https:\\\/\\\/ismartgate.com\\\/terms-and-conditions\\\/\",\"url\":\"https:\\\/\\\/ismartgate.com\\\/terms-and-conditions\\\/\",\"name\":\"legal - ismartgate\",\"isPartOf\":{\"@id\":\"https:\\\/\\\/ismartgate.com\\\/#website\"},\"datePublished\":\"2019-02-18T11:50:23+00:00\",\"dateModified\":\"2024-05-06T05:10:14+00:00\",\"description\":\"Find the terms and conditions for the ismartgate samrt garage door products. Fin the best garage opener for your home.\",\"breadcrumb\":{\"@id\":\"https:\\\/\\\/ismartgate.com\\\/terms-and-conditions\\\/#breadcrumb\"},\"inLanguage\":\"hu\",\"potentialAction\":[{\"@type\":\"ReadAction\",\"target\":[\"https:\\\/\\\/ismartgate.com\\\/terms-and-conditions\\\/\"]}]},{\"@type\":\"BreadcrumbList\",\"@id\":\"https:\\\/\\\/ismartgate.com\\\/terms-and-conditions\\\/#breadcrumb\",\"itemListElement\":[{\"@type\":\"ListItem\",\"position\":1,\"name\":\"Home\",\"item\":\"https:\\\/\\\/ismartgate.com\\\/\"},{\"@type\":\"ListItem\",\"position\":2,\"name\":\"legal\"}]},{\"@type\":\"WebSite\",\"@id\":\"https:\\\/\\\/ismartgate.com\\\/#website\",\"url\":\"https:\\\/\\\/ismartgate.com\\\/\",\"name\":\"ismartgate\",\"description\":\"The best Smart Garage Door Opener compatible with Apple HomeKit\",\"publisher\":{\"@id\":\"https:\\\/\\\/ismartgate.com\\\/#organization\"},\"inLanguage\":\"hu\"},{\"@type\":\"Organization\",\"@id\":\"https:\\\/\\\/ismartgate.com\\\/#organization\",\"name\":\"ismartgate\",\"url\":\"https:\\\/\\\/ismartgate.com\\\/\",\"logo\":{\"@type\":\"ImageObject\",\"inLanguage\":\"hu\",\"@id\":\"https:\\\/\\\/ismartgate.com\\\/#\\\/schema\\\/logo\\\/image\\\/\",\"url\":\"https:\\\/\\\/ismartgate.com\\\/wp-content\\\/uploads\\\/2018\\\/07\\\/ismartgate_header_logo_2x.gif\",\"contentUrl\":\"https:\\\/\\\/ismartgate.com\\\/wp-content\\\/uploads\\\/2018\\\/07\\\/ismartgate_header_logo_2x.gif\",\"width\":378,\"height\":56,\"caption\":\"ismartgate\"},\"image\":{\"@id\":\"https:\\\/\\\/ismartgate.com\\\/#\\\/schema\\\/logo\\\/image\\\/\"},\"sameAs\":[\"https:\\\/\\\/www.facebook.com\\\/ismartgateofficial\\\/\",\"https:\\\/\\\/x.com\\\/ismartgate_ww\",\"https:\\\/\\\/www.youtube.com\\\/channel\\\/UCY7edN3zimmxIXJ3tnFMp8A\"]}]}<\/script>\n<!-- \/ Yoast SEO Premium plugin. -->","yoast_head_json":{"title":"jogi - ismartgate","description":"Itt tal\u00e1lja az ismartgate samrt gar\u00e1zskapu term\u00e9kekre vonatkoz\u00f3 felt\u00e9teleket. Fin a legjobb gar\u00e1zsnyit\u00f3 az \u00d6n otthon\u00e1hoz.","robots":{"index":"index","follow":"follow","max-snippet":"max-snippet:-1","max-image-preview":"max-image-preview:large","max-video-preview":"max-video-preview:-1"},"canonical":"https:\/\/ismartgate.com\/hu\/feltetelek-es-kikotesek\/","og_locale":"hu_HU","og_type":"article","og_title":"legal","og_description":"Find the terms and conditions for the ismartgate samrt garage door products. Fin the best garage opener for your home.","og_url":"https:\/\/ismartgate.com\/hu\/feltetelek-es-kikotesek\/","og_site_name":"ismartgate","article_publisher":"https:\/\/www.facebook.com\/ismartgateofficial\/","article_modified_time":"2024-05-06T05:10:14+00:00","twitter_card":"summary_large_image","twitter_site":"@ismartgate_ww","twitter_misc":{"Becs\u00fclt olvas\u00e1si id\u0151":"6 perc"},"schema":{"@context":"https:\/\/schema.org","@graph":[{"@type":"WebPage","@id":"https:\/\/ismartgate.com\/terms-and-conditions\/","url":"https:\/\/ismartgate.com\/terms-and-conditions\/","name":"jogi - ismartgate","isPartOf":{"@id":"https:\/\/ismartgate.com\/#website"},"datePublished":"2019-02-18T11:50:23+00:00","dateModified":"2024-05-06T05:10:14+00:00","description":"Itt tal\u00e1lja az ismartgate samrt gar\u00e1zskapu term\u00e9kekre vonatkoz\u00f3 felt\u00e9teleket. Fin a legjobb gar\u00e1zsnyit\u00f3 az \u00d6n otthon\u00e1hoz.","breadcrumb":{"@id":"https:\/\/ismartgate.com\/terms-and-conditions\/#breadcrumb"},"inLanguage":"hu","potentialAction":[{"@type":"ReadAction","target":["https:\/\/ismartgate.com\/terms-and-conditions\/"]}]},{"@type":"BreadcrumbList","@id":"https:\/\/ismartgate.com\/terms-and-conditions\/#breadcrumb","itemListElement":[{"@type":"ListItem","position":1,"name":"Home","item":"https:\/\/ismartgate.com\/"},{"@type":"ListItem","position":2,"name":"legal"}]},{"@type":"WebSite","@id":"https:\/\/ismartgate.com\/#website","url":"https:\/\/ismartgate.com\/","name":"ismartgate","description":"A legjobb Apple HomeKit-tel kompatibilis intelligens gar\u00e1zskapu nyit\u00f3","publisher":{"@id":"https:\/\/ismartgate.com\/#organization"},"inLanguage":"hu"},{"@type":"Organization","@id":"https:\/\/ismartgate.com\/#organization","name":"ismartgate","url":"https:\/\/ismartgate.com\/","logo":{"@type":"ImageObject","inLanguage":"hu","@id":"https:\/\/ismartgate.com\/#\/schema\/logo\/image\/","url":"https:\/\/ismartgate.com\/wp-content\/uploads\/2018\/07\/ismartgate_header_logo_2x.gif","contentUrl":"https:\/\/ismartgate.com\/wp-content\/uploads\/2018\/07\/ismartgate_header_logo_2x.gif","width":378,"height":56,"caption":"ismartgate"},"image":{"@id":"https:\/\/ismartgate.com\/#\/schema\/logo\/image\/"},"sameAs":["https:\/\/www.facebook.com\/ismartgateofficial\/","https:\/\/x.com\/ismartgate_ww","https:\/\/www.youtube.com\/channel\/UCY7edN3zimmxIXJ3tnFMp8A"]}]}},"_links":{"self":[{"href":"https:\/\/ismartgate.com\/hu\/wp-json\/wp\/v2\/pages\/678","targetHints":{"allow":["GET"]}}],"collection":[{"href":"https:\/\/ismartgate.com\/hu\/wp-json\/wp\/v2\/pages"}],"about":[{"href":"https:\/\/ismartgate.com\/hu\/wp-json\/wp\/v2\/types\/page"}],"author":[{"embeddable":true,"href":"https:\/\/ismartgate.com\/hu\/wp-json\/wp\/v2\/users\/5"}],"replies":[{"embeddable":true,"href":"https:\/\/ismartgate.com\/hu\/wp-json\/wp\/v2\/comments?post=678"}],"version-history":[{"count":9,"href":"https:\/\/ismartgate.com\/hu\/wp-json\/wp\/v2\/pages\/678\/revisions"}],"predecessor-version":[{"id":44444,"href":"https:\/\/ismartgate.com\/hu\/wp-json\/wp\/v2\/pages\/678\/revisions\/44444"}],"wp:attachment":[{"href":"https:\/\/ismartgate.com\/hu\/wp-json\/wp\/v2\/media?parent=678"}],"curies":[{"name":"wp","href":"https:\/\/api.w.org\/{rel}","templated":true}]}}