{"id":44400,"date":"2024-05-03T11:24:17","date_gmt":"2024-05-03T10:24:17","guid":{"rendered":"https:\/\/ismartgate.com\/?page_id=44400"},"modified":"2024-05-03T11:47:05","modified_gmt":"2024-05-03T10:47:05","slug":"hogyan-kell-kicserelni-az-akkumulatort-a-chamberlain-953ev-modellben","status":"publish","type":"page","link":"https:\/\/ismartgate.com\/hu\/how-to-replace-the-battery-in-chamberlain-953ev-model\/","title":{"rendered":"ismargate - Hogyan cser\u00e9lje ki az akkumul\u00e1tort a Chamberlain 953EV modellben?"},"content":{"rendered":"<div class=\"fusion-fullwidth fullwidth-box fusion-builder-row-1 fusion-flex-container nonhundred-percent-fullwidth non-hundred-percent-height-scrolling\" style=\"--awb-border-radius-top-left:0px;--awb-border-radius-top-right:0px;--awb-border-radius-bottom-right:0px;--awb-border-radius-bottom-left:0px;--awb-flex-wrap:wrap;\" ><div class=\"fusion-builder-row fusion-row fusion-flex-align-items-flex-start fusion-flex-content-wrap\" style=\"max-width:1331.2px;margin-left: calc(-4% \/ 2 );margin-right: calc(-4% \/ 2 );\"><div class=\"fusion-layout-column fusion_builder_column fusion-builder-column-0 fusion_builder_column_1_1 1_1 fusion-flex-column\" style=\"--awb-bg-size:cover;--awb-width-large:100%;--awb-margin-top-large:0px;--awb-spacing-right-large:1.92%;--awb-margin-bottom-large:20px;--awb-spacing-left-large:1.92%;--awb-width-medium:100%;--awb-order-medium:0;--awb-spacing-right-medium:1.92%;--awb-spacing-left-medium:1.92%;--awb-width-small:100%;--awb-order-small:0;--awb-spacing-right-small:1.92%;--awb-spacing-left-small:1.92%;\"><div class=\"fusion-column-wrapper fusion-column-has-shadow fusion-flex-justify-content-flex-start fusion-content-layout-column\"><div style=\"text-align:center;\"><a class=\"fusion-button button-flat button-small button-default fusion-button-default button-1 fusion-button-default-span fusion-button-default-type\" style=\"--button_text_transform:capitalize;\" target=\"_self\" href=\"https:\/\/ismartgate.com\/hu\/garazskapuk-es-kapuk-altalanos-temak\/\"><span class=\"fusion-button-text awb-button__text awb-button__text--default\">&lt; Vissza a list\u00e1hoz<\/span><\/a><\/div><\/div><\/div><div class=\"fusion-layout-column fusion_builder_column fusion-builder-column-1 fusion_builder_column_1_1 1_1 fusion-flex-column\" style=\"--awb-bg-size:cover;--awb-width-large:100%;--awb-margin-top-large:0px;--awb-spacing-right-large:1.92%;--awb-margin-bottom-large:20px;--awb-spacing-left-large:1.92%;--awb-width-medium:100%;--awb-order-medium:0;--awb-spacing-right-medium:1.92%;--awb-spacing-left-medium:1.92%;--awb-width-small:100%;--awb-order-small:0;--awb-spacing-right-small:1.92%;--awb-spacing-left-small:1.92%;\"><div class=\"fusion-column-wrapper fusion-column-has-shadow fusion-flex-justify-content-flex-start fusion-content-layout-column\"><div class=\"fusion-text fusion-text-1\" style=\"--awb-text-transform:none;\"><h1 style=\"text-align: center;\">Hogyan cser\u00e9lje ki az akkumul\u00e1tort a Chamberlain 953EV modellben?<\/h1>\n<\/div><div class=\"fusion-text fusion-text-2\" style=\"--awb-text-transform:none;\"><h2 style=\"text-align: center;\">A Chamberlain 953EV t\u00e1vir\u00e1ny\u00edt\u00f3ban l\u00e9v\u0151 akkumul\u00e1tor cser\u00e9j\u00e9hez egy 3 V-os t\u00e1vir\u00e1ny\u00edt\u00f3ra van sz\u00fcks\u00e9ge. <strong>CR2032 \u00e9rmecella elem<\/strong>.<\/h2>\n<\/div><div class=\"fusion-image-element\" style=\"text-align:center;--awb-caption-title-font-family:var(--h2_typography-font-family);--awb-caption-title-font-weight:var(--h2_typography-font-weight);--awb-caption-title-font-style:var(--h2_typography-font-style);--awb-caption-title-size:var(--h2_typography-font-size);--awb-caption-title-transform:var(--h2_typography-text-transform);--awb-caption-title-line-height:var(--h2_typography-line-height);--awb-caption-title-letter-spacing:var(--h2_typography-letter-spacing);\"><span class=\"fusion-imageframe imageframe-none imageframe-1 hover-type-none\"><img decoding=\"async\" width=\"240\" height=\"240\" title=\"01\" src=\"https:\/\/ismartgate.com\/wp-content\/uploads\/2024\/04\/01.png\" data-orig-src=\"https:\/\/ismartgate.com\/wp-content\/uploads\/2024\/04\/01.png\" alt class=\"lazyload img-responsive wp-image-40948\" srcset=\"data:image\/svg+xml,%3Csvg%20xmlns%3D%27http%3A%2F%2Fwww.w3.org%2F2000%2Fsvg%27%20width%3D%27240%27%20height%3D%27240%27%20viewBox%3D%270%200%20240%20240%27%3E%3Crect%20width%3D%27240%27%20height%3D%27240%27%20fill-opacity%3D%220%22%2F%3E%3C%2Fsvg%3E\" data-srcset=\"https:\/\/ismartgate.com\/wp-content\/uploads\/2024\/04\/01-200x200.png 200w, https:\/\/ismartgate.com\/wp-content\/uploads\/2024\/04\/01.png 240w\" data-sizes=\"auto\" data-orig-sizes=\"(max-width: 1024px) 100vw, (max-width: 640px) 100vw, 240px\" \/><\/span><\/div><div class=\"fusion-separator fusion-full-width-sep\" style=\"align-self: center;margin-left: auto;margin-right: auto;margin-top:15px;margin-bottom:15px;width:100%;\"><div class=\"fusion-separator-border sep-double\" style=\"--awb-height:20px;--awb-amount:20px;border-color:#e0dede;border-top-width:0px;border-bottom-width:0px;\"><\/div><\/div><div class=\"fusion-text fusion-text-3\" style=\"--awb-text-transform:none;\"><h2 style=\"text-align: center;\">A kezd\u00e9shez \u00edme egy l\u00e9p\u00e9sr\u0151l l\u00e9p\u00e9sre k\u00f6vethet\u0151 \u00fatmutat\u00f3:<\/h2>\n<\/div><\/div><\/div><div class=\"fusion-layout-column fusion_builder_column fusion-builder-column-2 fusion_builder_column_1_1 1_1 fusion-flex-column\" style=\"--awb-bg-size:cover;--awb-width-large:100%;--awb-margin-top-large:0px;--awb-spacing-right-large:1.92%;--awb-margin-bottom-large:20px;--awb-spacing-left-large:1.92%;--awb-width-medium:100%;--awb-order-medium:0;--awb-spacing-right-medium:1.92%;--awb-spacing-left-medium:1.92%;--awb-width-small:100%;--awb-order-small:0;--awb-spacing-right-small:1.92%;--awb-spacing-left-small:1.92%;\"><div class=\"fusion-column-wrapper fusion-column-has-shadow fusion-flex-justify-content-flex-start fusion-content-layout-column\"><div class=\"fusion-text fusion-text-4\" style=\"--awb-text-transform:none;\"><p style=\"text-align: center;\"><span style=\"color: #333399;\"><strong>1. L\u00c9P\u00c9S<\/strong><\/span><br \/>\nPr\u00f3b\u00e1lja meg el\u0151sz\u00f6r k\u00f6z\u00e9pen, majd mindk\u00e9t oldalon egy-egy vizorcsipesszel kinyitni a tokot.<\/p>\n<\/div><div class=\"fusion-image-element\" style=\"text-align:center;--awb-caption-title-font-family:var(--h2_typography-font-family);--awb-caption-title-font-weight:var(--h2_typography-font-weight);--awb-caption-title-font-style:var(--h2_typography-font-style);--awb-caption-title-size:var(--h2_typography-font-size);--awb-caption-title-transform:var(--h2_typography-text-transform);--awb-caption-title-line-height:var(--h2_typography-line-height);--awb-caption-title-letter-spacing:var(--h2_typography-letter-spacing);\"><span class=\"fusion-imageframe imageframe-none imageframe-2 hover-type-none\"><img decoding=\"async\" width=\"333\" height=\"205\" title=\"01\" src=\"https:\/\/ismartgate.com\/wp-content\/uploads\/2024\/05\/01.jpg\" data-orig-src=\"https:\/\/ismartgate.com\/wp-content\/uploads\/2024\/05\/01.jpg\" alt class=\"lazyload img-responsive wp-image-44402\" srcset=\"data:image\/svg+xml,%3Csvg%20xmlns%3D%27http%3A%2F%2Fwww.w3.org%2F2000%2Fsvg%27%20width%3D%27333%27%20height%3D%27205%27%20viewBox%3D%270%200%20333%20205%27%3E%3Crect%20width%3D%27333%27%20height%3D%27205%27%20fill-opacity%3D%220%22%2F%3E%3C%2Fsvg%3E\" data-srcset=\"https:\/\/ismartgate.com\/wp-content\/uploads\/2024\/05\/01-200x123.jpg 200w, https:\/\/ismartgate.com\/wp-content\/uploads\/2024\/05\/01.jpg 333w\" data-sizes=\"auto\" data-orig-sizes=\"(max-width: 1024px) 100vw, (max-width: 640px) 100vw, 333px\" \/><\/span><\/div><\/div><\/div><div class=\"fusion-layout-column fusion_builder_column fusion-builder-column-3 fusion_builder_column_1_1 1_1 fusion-flex-column\" style=\"--awb-bg-size:cover;--awb-width-large:100%;--awb-margin-top-large:0px;--awb-spacing-right-large:1.92%;--awb-margin-bottom-large:20px;--awb-spacing-left-large:1.92%;--awb-width-medium:100%;--awb-order-medium:0;--awb-spacing-right-medium:1.92%;--awb-spacing-left-medium:1.92%;--awb-width-small:100%;--awb-order-small:0;--awb-spacing-right-small:1.92%;--awb-spacing-left-small:1.92%;\"><div class=\"fusion-column-wrapper fusion-column-has-shadow fusion-flex-justify-content-flex-start fusion-content-layout-column\"><div class=\"fusion-text fusion-text-5\" style=\"--awb-text-transform:none;\"><p style=\"text-align: center;\"><span style=\"color: #333399;\"><strong>2. L\u00c9P\u00c9S<br \/>\n<\/strong><\/span>Ezut\u00e1n vegye ki a r\u00e9gi akkumul\u00e1tort, \u00e9s helyezze be az \u00fajat, \u00fcgyelve arra, hogy az akkumul\u00e1tor polarit\u00e1sa megegyezzen az akkumul\u00e1torh\u00e1zban tal\u00e1lhat\u00f3 szimb\u00f3lumokkal.<\/p>\n<\/div><div class=\"fusion-image-element\" style=\"text-align:center;--awb-caption-title-font-family:var(--h2_typography-font-family);--awb-caption-title-font-weight:var(--h2_typography-font-weight);--awb-caption-title-font-style:var(--h2_typography-font-style);--awb-caption-title-size:var(--h2_typography-font-size);--awb-caption-title-transform:var(--h2_typography-text-transform);--awb-caption-title-line-height:var(--h2_typography-line-height);--awb-caption-title-letter-spacing:var(--h2_typography-letter-spacing);\"><span class=\"fusion-imageframe imageframe-none imageframe-3 hover-type-none\"><img decoding=\"async\" width=\"333\" height=\"205\" title=\"02\" src=\"https:\/\/ismartgate.com\/wp-content\/uploads\/2024\/05\/02.jpg\" data-orig-src=\"https:\/\/ismartgate.com\/wp-content\/uploads\/2024\/05\/02.jpg\" alt class=\"lazyload img-responsive wp-image-44403\" srcset=\"data:image\/svg+xml,%3Csvg%20xmlns%3D%27http%3A%2F%2Fwww.w3.org%2F2000%2Fsvg%27%20width%3D%27333%27%20height%3D%27205%27%20viewBox%3D%270%200%20333%20205%27%3E%3Crect%20width%3D%27333%27%20height%3D%27205%27%20fill-opacity%3D%220%22%2F%3E%3C%2Fsvg%3E\" data-srcset=\"https:\/\/ismartgate.com\/wp-content\/uploads\/2024\/05\/02-200x123.jpg 200w, https:\/\/ismartgate.com\/wp-content\/uploads\/2024\/05\/02.jpg 333w\" data-sizes=\"auto\" data-orig-sizes=\"(max-width: 1024px) 100vw, (max-width: 640px) 100vw, 333px\" \/><\/span><\/div><\/div><\/div><div class=\"fusion-layout-column fusion_builder_column fusion-builder-column-4 fusion_builder_column_1_1 1_1 fusion-flex-column\" style=\"--awb-bg-size:cover;--awb-width-large:100%;--awb-margin-top-large:0px;--awb-spacing-right-large:1.92%;--awb-margin-bottom-large:20px;--awb-spacing-left-large:1.92%;--awb-width-medium:100%;--awb-order-medium:0;--awb-spacing-right-medium:1.92%;--awb-spacing-left-medium:1.92%;--awb-width-small:100%;--awb-order-small:0;--awb-spacing-right-small:1.92%;--awb-spacing-left-small:1.92%;\"><div class=\"fusion-column-wrapper fusion-column-has-shadow fusion-flex-justify-content-flex-start fusion-content-layout-column\"><div class=\"fusion-text fusion-text-6\" style=\"--awb-text-transform:none;\"><p style=\"text-align: center;\"><span style=\"color: #333399;\"><strong>3. L\u00c9P\u00c9S<br \/>\n<\/strong><\/span>V\u00e9g\u00fcl igaz\u00edtsa \u00fajra megfelel\u0151en az alkatr\u00e9szeket, \u00e9s pattintsa be a tokot.<\/p>\n<\/div><div class=\"fusion-text fusion-text-7\" style=\"--awb-text-transform:none;\"><p style=\"text-align: center;\"><strong>R\u00e9szletesebb utas\u00edt\u00e1sokat a Chamberlain 953EV t\u00e1vir\u00e1ny\u00edt\u00f3 k\u00e9zik\u00f6nyv\u00e9ben tal\u00e1l, amelyet a k\u00f6vetkez\u0151 c\u00edmen \u00e9rhet el <a href=\"https:\/\/ismartgate.com\/wp-content\/uploads\/2024\/05\/114A5043.pdf\">let\u00f6lt\u00e9s itt.<\/a><\/strong><\/p>\n<\/div><\/div><\/div><div class=\"fusion-layout-column fusion_builder_column fusion-builder-column-5 fusion_builder_column_1_1 1_1 fusion-flex-column\" style=\"--awb-bg-size:cover;--awb-width-large:100%;--awb-margin-top-large:0px;--awb-spacing-right-large:1.92%;--awb-margin-bottom-large:20px;--awb-spacing-left-large:1.92%;--awb-width-medium:100%;--awb-order-medium:0;--awb-spacing-right-medium:1.92%;--awb-spacing-left-medium:1.92%;--awb-width-small:100%;--awb-order-small:0;--awb-spacing-right-small:1.92%;--awb-spacing-left-small:1.92%;\"><div class=\"fusion-column-wrapper fusion-column-has-shadow fusion-flex-justify-content-flex-start fusion-content-layout-column\"><div class=\"fusion-text fusion-text-8\" style=\"--awb-text-transform:none;\"><h1 style=\"text-align: center;\">\u00c9rdekli az okostelefon-funkci\u00f3k integr\u00e1l\u00e1sa a kapu- vagy gar\u00e1zskapu vez\u00e9rl\u00e9s\u00e9be?<\/h1>\n<\/div><div class=\"fusion-text fusion-text-9\" style=\"--awb-text-transform:none;\"><p style=\"text-align: center;\">Megfontolhatn\u00e1, hogy <strong>ismartgate<\/strong>, egy olyan megold\u00e1s, amely lehet\u0151v\u00e9 teszi, hogy k\u00f6zvetlen\u00fcl az okostelefonj\u00e1r\u00f3l kezelje elektromos kapuit \u00e9s gar\u00e1zskapuit, valamint a kompatibilis intelligens otthoni k\u00f6zpontokat, mint p\u00e9ld\u00e1ul a <strong>Apple Homekit, Amazon Alexa, Google Home, Samsung SmartThings \u00e9s IFTTT (2025. okt\u00f3ber 1-j\u00e9n megsz\u0171nik az iSmartGate integr\u00e1ci\u00f3ja az IFTTT-vel. Az iSmartGate szolg\u00e1ltat\u00e1s az IFTTT-n ezen id\u0151pont ut\u00e1n m\u00e1r nem lesz el\u00e9rhet\u0151. Eln\u00e9z\u00e9st k\u00e9r\u00fcnk az ezzel j\u00e1r\u00f3 kellemetlens\u00e9gek\u00e9rt).<\/strong><\/p>\n<\/div><div class=\"fusion-image-element\" style=\"text-align:center;--awb-max-width:400px;--awb-caption-title-font-family:var(--h2_typography-font-family);--awb-caption-title-font-weight:var(--h2_typography-font-weight);--awb-caption-title-font-style:var(--h2_typography-font-style);--awb-caption-title-size:var(--h2_typography-font-size);--awb-caption-title-transform:var(--h2_typography-text-transform);--awb-caption-title-line-height:var(--h2_typography-line-height);--awb-caption-title-letter-spacing:var(--h2_typography-letter-spacing);\"><span class=\"fusion-imageframe imageframe-none imageframe-4 hover-type-none\"><img decoding=\"async\" width=\"1000\" height=\"1000\" alt=\"Automatikus nyit\u00e1s\/z\u00e1r\u00e1s\" src=\"https:\/\/ismartgate.com\/wp-content\/uploads\/2023\/05\/07-automatic-open-close.png\" data-orig-src=\"https:\/\/ismartgate.com\/wp-content\/uploads\/2023\/05\/07-automatic-open-close.png\" class=\"lazyload img-responsive wp-image-37540\" srcset=\"data:image\/svg+xml,%3Csvg%20xmlns%3D%27http%3A%2F%2Fwww.w3.org%2F2000%2Fsvg%27%20width%3D%271000%27%20height%3D%271000%27%20viewBox%3D%270%200%201000%201000%27%3E%3Crect%20width%3D%271000%27%20height%3D%271000%27%20fill-opacity%3D%220%22%2F%3E%3C%2Fsvg%3E\" data-srcset=\"https:\/\/ismartgate.com\/wp-content\/uploads\/2023\/05\/07-automatic-open-close-200x200.png 200w, https:\/\/ismartgate.com\/wp-content\/uploads\/2023\/05\/07-automatic-open-close-400x400.png 400w, https:\/\/ismartgate.com\/wp-content\/uploads\/2023\/05\/07-automatic-open-close-600x600.png 600w, https:\/\/ismartgate.com\/wp-content\/uploads\/2023\/05\/07-automatic-open-close-800x800.png 800w, https:\/\/ismartgate.com\/wp-content\/uploads\/2023\/05\/07-automatic-open-close.png 1000w\" data-sizes=\"auto\" data-orig-sizes=\"(max-width: 1024px) 100vw, (max-width: 640px) 100vw, 1000px\" \/><\/span><\/div><div class=\"fusion-text fusion-text-10\" style=\"--awb-text-transform:none;\"><h2 style=\"text-align: center;\">Az intelligens kapu\/gar\u00e1zskapu nyit\u00f3 el\u0151nyei a hagyom\u00e1nyos t\u00e1vir\u00e1ny\u00edt\u00f3val szemben:<\/h2>\n<\/div><div class=\"fusion-text fusion-text-11\" style=\"--awb-text-transform:none;\"><ul>\n<li style=\"text-align: left;\">Az ismartgate lehet\u0151v\u00e9 teszi az elektromos kapuk \u00e9s gar\u00e1zskapuk vez\u00e9rl\u00e9s\u00e9t okostelefonon kereszt\u00fcl.<\/li>\n<li style=\"text-align: left;\">Kompatibilis a n\u00e9pszer\u0171 intelligens otthoni k\u00f6zpontokkal, k\u00f6zt\u00fck az Apple HomeKit Amazon Alexa, Google Home \u00e9s Samsung SmartThings rendszerekkel.<\/li>\n<li style=\"text-align: left;\">T\u00e1voli hozz\u00e1f\u00e9r\u00e9st \u00e9s vez\u00e9rl\u00e9st biztos\u00edt b\u00e1rhonnan, ahol van internetkapcsolat.<\/li>\n<li style=\"text-align: left;\">A kapu\/gar\u00e1zsajt\u00f3 \u00e1llapot\u00e1nak val\u00f3s idej\u0171 fel\u00fcgyelet\u00e9t biztos\u00edtja.<\/li>\n<li style=\"text-align: left;\">T\u00e1mogatja az \u00fctemez\u00e9st \u00e9s az automatiz\u00e1l\u00e1st a k\u00e9nyelmes m\u0171k\u00f6d\u00e9s \u00e9rdek\u00e9ben.<\/li>\n<li style=\"text-align: left;\">Lehet\u0151v\u00e9 teszi a hozz\u00e1f\u00e9r\u00e9s megoszt\u00e1s\u00e1t csal\u00e1dtagokkal vagy megb\u00edzhat\u00f3 szem\u00e9lyekkel.<\/li>\n<li style=\"text-align: left;\">Kompatibilis az iOS \u00e9s Android eszk\u00f6z\u00f6kkel a k\u00fcl\u00f6nb\u00f6z\u0151 felhaszn\u00e1l\u00f3i be\u00e1ll\u00edt\u00e1sokba val\u00f3 z\u00f6kken\u0151mentes integr\u00e1ci\u00f3 \u00e9rdek\u00e9ben.<\/li>\n<li style=\"text-align: left;\">Biztons\u00e1gos rendszer: Az \u00d6n adatai nem ker\u00fclnek megoszt\u00e1sra senkivel. M\u00e1s sz\u00f3val, csak \u00d6n f\u00e9rhet hozz\u00e1.<\/li>\n<\/ul>\n<\/div><div style=\"text-align:center;\"><a class=\"fusion-button button-flat button-medium button-default fusion-button-default button-2 fusion-button-default-span fusion-button-default-type\" style=\"--button_text_transform:capitalize;\" target=\"_self\" href=\"https:\/\/ismartgate.com\/hu\/vasarolni-intelligens-garazs\/\"><span class=\"fusion-button-text awb-button__text awb-button__text--default\">Keresse meg az ismatgate-et<\/span><\/a><\/div><\/div><\/div><\/div><\/div>","protected":false},"excerpt":{"rendered":"","protected":false},"author":5,"featured_media":0,"parent":0,"menu_order":0,"comment_status":"closed","ping_status":"open","template":"100-width.php","meta":{"footnotes":""},"class_list":["post-44400","page","type-page","status-publish","hentry"],"yoast_head":"<!-- This site is optimized with the Yoast SEO Premium plugin v27.3 (Yoast SEO v27.3) - https:\/\/yoast.com\/product\/yoast-seo-premium-wordpress\/ -->\n<title>ismargate - How to replace the battery in Chamberlain 953EV model - ismartgate<\/title>\n<meta name=\"description\" content=\"Discover how to replace the battery in the Chamberlain 953EV model. Follow the steps and make your remote work again.\" \/>\n<meta name=\"robots\" content=\"index, follow, max-snippet:-1, max-image-preview:large, max-video-preview:-1\" \/>\n<link rel=\"canonical\" href=\"https:\/\/ismartgate.com\/hu\/hogyan-kell-kicserelni-az-akkumulatort-a-chamberlain-953ev-modellben\/\" \/>\n<meta property=\"og:locale\" content=\"hu_HU\" \/>\n<meta property=\"og:type\" content=\"article\" \/>\n<meta property=\"og:title\" content=\"ismargate - How to replace the battery in Chamberlain 953EV model\" \/>\n<meta property=\"og:description\" content=\"Discover how to replace the battery in the Chamberlain 953EV model. Follow the steps and make your remote work again.\" \/>\n<meta property=\"og:url\" content=\"https:\/\/ismartgate.com\/hu\/hogyan-kell-kicserelni-az-akkumulatort-a-chamberlain-953ev-modellben\/\" \/>\n<meta property=\"og:site_name\" content=\"ismartgate\" \/>\n<meta property=\"article:publisher\" content=\"https:\/\/www.facebook.com\/ismartgateofficial\/\" \/>\n<meta property=\"article:modified_time\" content=\"2024-05-03T10:47:05+00:00\" \/>\n<meta name=\"twitter:card\" content=\"summary_large_image\" \/>\n<meta name=\"twitter:site\" content=\"@ismartgate_ww\" \/>\n<meta name=\"twitter:label1\" content=\"Becs\u00fclt olvas\u00e1si id\u0151\" \/>\n\t<meta name=\"twitter:data1\" content=\"8 perc\" \/>\n<script type=\"application\/ld+json\" class=\"yoast-schema-graph\">{\"@context\":\"https:\\\/\\\/schema.org\",\"@graph\":[{\"@type\":\"WebPage\",\"@id\":\"https:\\\/\\\/ismartgate.com\\\/how-to-replace-the-battery-in-chamberlain-953ev-model\\\/\",\"url\":\"https:\\\/\\\/ismartgate.com\\\/how-to-replace-the-battery-in-chamberlain-953ev-model\\\/\",\"name\":\"ismargate - How to replace the battery in Chamberlain 953EV model - ismartgate\",\"isPartOf\":{\"@id\":\"https:\\\/\\\/ismartgate.com\\\/#website\"},\"datePublished\":\"2024-05-03T10:24:17+00:00\",\"dateModified\":\"2024-05-03T10:47:05+00:00\",\"description\":\"Discover how to replace the battery in the Chamberlain 953EV model. Follow the steps and make your remote work again.\",\"breadcrumb\":{\"@id\":\"https:\\\/\\\/ismartgate.com\\\/how-to-replace-the-battery-in-chamberlain-953ev-model\\\/#breadcrumb\"},\"inLanguage\":\"hu\",\"potentialAction\":[{\"@type\":\"ReadAction\",\"target\":[\"https:\\\/\\\/ismartgate.com\\\/how-to-replace-the-battery-in-chamberlain-953ev-model\\\/\"]}]},{\"@type\":\"BreadcrumbList\",\"@id\":\"https:\\\/\\\/ismartgate.com\\\/how-to-replace-the-battery-in-chamberlain-953ev-model\\\/#breadcrumb\",\"itemListElement\":[{\"@type\":\"ListItem\",\"position\":1,\"name\":\"Home\",\"item\":\"https:\\\/\\\/ismartgate.com\\\/\"},{\"@type\":\"ListItem\",\"position\":2,\"name\":\"ismargate - How to replace the battery in Chamberlain 953EV model\"}]},{\"@type\":\"WebSite\",\"@id\":\"https:\\\/\\\/ismartgate.com\\\/#website\",\"url\":\"https:\\\/\\\/ismartgate.com\\\/\",\"name\":\"ismartgate\",\"description\":\"The best Smart Garage Door Opener compatible with Apple HomeKit\",\"publisher\":{\"@id\":\"https:\\\/\\\/ismartgate.com\\\/#organization\"},\"inLanguage\":\"hu\"},{\"@type\":\"Organization\",\"@id\":\"https:\\\/\\\/ismartgate.com\\\/#organization\",\"name\":\"ismartgate\",\"url\":\"https:\\\/\\\/ismartgate.com\\\/\",\"logo\":{\"@type\":\"ImageObject\",\"inLanguage\":\"hu\",\"@id\":\"https:\\\/\\\/ismartgate.com\\\/#\\\/schema\\\/logo\\\/image\\\/\",\"url\":\"https:\\\/\\\/ismartgate.com\\\/wp-content\\\/uploads\\\/2018\\\/07\\\/ismartgate_header_logo_2x.gif\",\"contentUrl\":\"https:\\\/\\\/ismartgate.com\\\/wp-content\\\/uploads\\\/2018\\\/07\\\/ismartgate_header_logo_2x.gif\",\"width\":378,\"height\":56,\"caption\":\"ismartgate\"},\"image\":{\"@id\":\"https:\\\/\\\/ismartgate.com\\\/#\\\/schema\\\/logo\\\/image\\\/\"},\"sameAs\":[\"https:\\\/\\\/www.facebook.com\\\/ismartgateofficial\\\/\",\"https:\\\/\\\/x.com\\\/ismartgate_ww\",\"https:\\\/\\\/www.youtube.com\\\/channel\\\/UCY7edN3zimmxIXJ3tnFMp8A\"]}]}<\/script>\n<!-- \/ Yoast SEO Premium plugin. -->","yoast_head_json":{"title":"ismargate - Hogyan cser\u00e9lje ki az akkumul\u00e1tort a Chamberlain 953EV modellben - ismartgate","description":"Fedezze fel, hogyan cser\u00e9lje ki az akkumul\u00e1tort a Chamberlain 953EV modellben. K\u00f6vesse a l\u00e9p\u00e9seket, \u00e9s tegye \u00fajra m\u0171k\u00f6d\u0151k\u00e9pess\u00e9 a t\u00e1vir\u00e1ny\u00edt\u00f3t.","robots":{"index":"index","follow":"follow","max-snippet":"max-snippet:-1","max-image-preview":"max-image-preview:large","max-video-preview":"max-video-preview:-1"},"canonical":"https:\/\/ismartgate.com\/hu\/hogyan-kell-kicserelni-az-akkumulatort-a-chamberlain-953ev-modellben\/","og_locale":"hu_HU","og_type":"article","og_title":"ismargate - How to replace the battery in Chamberlain 953EV model","og_description":"Discover how to replace the battery in the Chamberlain 953EV model. Follow the steps and make your remote work again.","og_url":"https:\/\/ismartgate.com\/hu\/hogyan-kell-kicserelni-az-akkumulatort-a-chamberlain-953ev-modellben\/","og_site_name":"ismartgate","article_publisher":"https:\/\/www.facebook.com\/ismartgateofficial\/","article_modified_time":"2024-05-03T10:47:05+00:00","twitter_card":"summary_large_image","twitter_site":"@ismartgate_ww","twitter_misc":{"Becs\u00fclt olvas\u00e1si id\u0151":"8 perc"},"schema":{"@context":"https:\/\/schema.org","@graph":[{"@type":"WebPage","@id":"https:\/\/ismartgate.com\/how-to-replace-the-battery-in-chamberlain-953ev-model\/","url":"https:\/\/ismartgate.com\/how-to-replace-the-battery-in-chamberlain-953ev-model\/","name":"ismargate - Hogyan cser\u00e9lje ki az akkumul\u00e1tort a Chamberlain 953EV modellben - ismartgate","isPartOf":{"@id":"https:\/\/ismartgate.com\/#website"},"datePublished":"2024-05-03T10:24:17+00:00","dateModified":"2024-05-03T10:47:05+00:00","description":"Fedezze fel, hogyan cser\u00e9lje ki az akkumul\u00e1tort a Chamberlain 953EV modellben. K\u00f6vesse a l\u00e9p\u00e9seket, \u00e9s tegye \u00fajra m\u0171k\u00f6d\u0151k\u00e9pess\u00e9 a t\u00e1vir\u00e1ny\u00edt\u00f3t.","breadcrumb":{"@id":"https:\/\/ismartgate.com\/how-to-replace-the-battery-in-chamberlain-953ev-model\/#breadcrumb"},"inLanguage":"hu","potentialAction":[{"@type":"ReadAction","target":["https:\/\/ismartgate.com\/how-to-replace-the-battery-in-chamberlain-953ev-model\/"]}]},{"@type":"BreadcrumbList","@id":"https:\/\/ismartgate.com\/how-to-replace-the-battery-in-chamberlain-953ev-model\/#breadcrumb","itemListElement":[{"@type":"ListItem","position":1,"name":"Home","item":"https:\/\/ismartgate.com\/"},{"@type":"ListItem","position":2,"name":"ismargate - How to replace the battery in Chamberlain 953EV model"}]},{"@type":"WebSite","@id":"https:\/\/ismartgate.com\/#website","url":"https:\/\/ismartgate.com\/","name":"ismartgate","description":"A legjobb Apple HomeKit-tel kompatibilis intelligens gar\u00e1zskapu nyit\u00f3","publisher":{"@id":"https:\/\/ismartgate.com\/#organization"},"inLanguage":"hu"},{"@type":"Organization","@id":"https:\/\/ismartgate.com\/#organization","name":"ismartgate","url":"https:\/\/ismartgate.com\/","logo":{"@type":"ImageObject","inLanguage":"hu","@id":"https:\/\/ismartgate.com\/#\/schema\/logo\/image\/","url":"https:\/\/ismartgate.com\/wp-content\/uploads\/2018\/07\/ismartgate_header_logo_2x.gif","contentUrl":"https:\/\/ismartgate.com\/wp-content\/uploads\/2018\/07\/ismartgate_header_logo_2x.gif","width":378,"height":56,"caption":"ismartgate"},"image":{"@id":"https:\/\/ismartgate.com\/#\/schema\/logo\/image\/"},"sameAs":["https:\/\/www.facebook.com\/ismartgateofficial\/","https:\/\/x.com\/ismartgate_ww","https:\/\/www.youtube.com\/channel\/UCY7edN3zimmxIXJ3tnFMp8A"]}]}},"_links":{"self":[{"href":"https:\/\/ismartgate.com\/hu\/wp-json\/wp\/v2\/pages\/44400","targetHints":{"allow":["GET"]}}],"collection":[{"href":"https:\/\/ismartgate.com\/hu\/wp-json\/wp\/v2\/pages"}],"about":[{"href":"https:\/\/ismartgate.com\/hu\/wp-json\/wp\/v2\/types\/page"}],"author":[{"embeddable":true,"href":"https:\/\/ismartgate.com\/hu\/wp-json\/wp\/v2\/users\/5"}],"replies":[{"embeddable":true,"href":"https:\/\/ismartgate.com\/hu\/wp-json\/wp\/v2\/comments?post=44400"}],"version-history":[{"count":5,"href":"https:\/\/ismartgate.com\/hu\/wp-json\/wp\/v2\/pages\/44400\/revisions"}],"predecessor-version":[{"id":44408,"href":"https:\/\/ismartgate.com\/hu\/wp-json\/wp\/v2\/pages\/44400\/revisions\/44408"}],"wp:attachment":[{"href":"https:\/\/ismartgate.com\/hu\/wp-json\/wp\/v2\/media?parent=44400"}],"curies":[{"name":"wp","href":"https:\/\/api.w.org\/{rel}","templated":true}]}}