{"id":41007,"date":"2024-04-26T10:42:05","date_gmt":"2024-04-26T09:42:05","guid":{"rendered":"https:\/\/ismartgate.com\/?page_id=41007"},"modified":"2024-05-16T14:20:24","modified_gmt":"2024-05-16T13:20:24","slug":"garaaziuksed-ja-varavad-uldised-teemad","status":"publish","type":"page","link":"https:\/\/ismartgate.com\/et\/garage-doors-and-gates-general-topics\/","title":{"rendered":"Garaa\u017eiuksed ja v\u00e4ravad \u00fcldised teemad"},"content":{"rendered":"<div class=\"fusion-fullwidth fullwidth-box fusion-builder-row-1 nonhundred-percent-fullwidth non-hundred-percent-height-scrolling fusion-equal-height-columns\" style=\"--awb-border-radius-top-left:0px;--awb-border-radius-top-right:0px;--awb-border-radius-bottom-right:0px;--awb-border-radius-bottom-left:0px;--awb-padding-top:20px;--awb-padding-bottom:20px;--awb-flex-wrap:wrap;\" ><div class=\"fusion-builder-row fusion-row\"><div class=\"fusion-layout-column fusion_builder_column fusion-builder-column-0 fusion_builder_column_1_1 1_1 fusion-one-full fusion-column-first fusion-column-last\" style=\"--awb-bg-size:cover;\"><div class=\"fusion-column-wrapper fusion-flex-column-wrapper-legacy\"><div class=\"fusion-column-content-centered\"><div class=\"fusion-column-content\"><div class=\"fusion-text fusion-text-1\" style=\"--awb-text-transform:none;\"><h1 style=\"text-align: center;\">Garaa\u017eiuksed ja v\u00e4ravad \u00fcldised teemad<\/h1>\n<\/div><div class=\"fusion-sep-clear\"><\/div><div class=\"fusion-separator fusion-full-width-sep\" style=\"margin-left: auto;margin-right: auto;margin-top:5px;margin-bottom:5px;width:100%;\"><\/div><div class=\"fusion-sep-clear\"><\/div><div class=\"fusion-text fusion-text-2\" style=\"--awb-text-transform:none;\"><p style=\"text-align: center; line-height: 2;\"><strong><a href=\"https:\/\/ismartgate.com\/et\/kuidas-asendada-patarei-genie-3-nupuga-kaugjuhtimispuldis\/\">- Kuidas asendada patarei Genie 3 nupuga kaugjuhtimispuldis<\/a><br \/>\n<a href=\"https:\/\/ismartgate.com\/et\/homekit-garaaziukse-avaja-seadistamine-ismartgate-abil\/\">- HomeKit garaa\u017eiukse avamisseadme seadistamine ismartgate abil<\/a><br \/>\n<a href=\"https:\/\/ismartgate.com\/et\/kuidas-teha-garaazi-uks-arukaks\/\">- Kuidas muuta oma garaa\u017eiuks nutikaks<\/a><br \/>\n<a href=\"https:\/\/ismartgate.com\/et\/ismargate-kuidas-teha-minu-garaaziukse-avamisseadet-nutikaks\/\">- Kuidas muuta minu garaa\u017eiuks nutikaks<\/a><br \/>\n<a href=\"\/et\/kuidas-paigaldada-chamberlain-nutikaid-garaaziukse-avajat\/\">- Kuidas paigaldada Chamberlaini nutikas garaa\u017eiukse avamisseadet<\/a><\/strong><strong><br \/>\n<a href=\"\/et\/kas-nutikad-garaaziukse-avajad-on-ohutud\/\">- Kas nutikas garaa\u017ei avamisseadmed on ohutud<\/a><br \/>\n<a href=\"\/et\/kas-ma-saan-teha-oma-garaaziukse-avajat-nutikaks\/\">- Kas ma saan oma garaa\u017eiukse avamisseadme muuta nutikaks?<\/a><br \/>\n<a href=\"\/et\/nutikas-garaaziukse-avamine-koos-apple-homekitiga\/\">- Nutikas garaa\u017eiukse avaja koos Apple HomeKitiga<\/a><br \/>\n<a href=\"\/et\/smart-garage-door-opener-with-google-home\/\">- Nutikas garaa\u017eiukse avaja koos Google Home'iga<\/a><br \/>\n<a href=\"\/et\/nutikas-garaaziukse-avamine-koos-amazon-alexaga\/\">- Nutikas garaa\u017eiukse avamine koos Amazon Alexaga<\/a><br \/>\n<a href=\"https:\/\/ismartgate.com\/et\/nutikas-garaaziukse-avamine-koos-samsung-smartthingsiga\/\">- Nutikas garaa\u017eiukse avamine Samsung SmartThingsiga<\/a><br \/>\n<a href=\"https:\/\/ismartgate.com\/et\/nutikas-garaaziukse-avamisseadis-koos-ifttt-ga\/\">- Nutikas garaa\u017eiukse avamisseadme IFTTT abil<\/a><br \/>\n<a href=\"https:\/\/ismartgate.com\/et\/kas-ma-saan-lisada-wifi-oma-garaaziukse-avajale\/\">- Kas ma saan lisada wifi oma garaa\u017eiukse avajale<\/a><br \/>\n<a href=\"https:\/\/ismartgate.com\/et\/kuidas-vahetada-aku-chamberlain-953ev-mudelis-valja\/\">- Kuidas vahetada akut mudelis Chamberlain 953EV<\/a><br \/>\n<a href=\"https:\/\/ismartgate.com\/et\/kuidas-vahetada-aku-chamberlain-953ev-p2-mudelis-valja\/\">- Kuidas vahetada akut mudelis Chamberlain 953EV-P2<\/a><br \/>\n<a href=\"https:\/\/ismartgate.com\/et\/kuidas-vahetada-akut-mudelis-chamberlain-953evc\/\">- Kuidas vahetada akut mudelis Chamberlain 953EVC<\/a><br \/>\n<a href=\"https:\/\/ismartgate.com\/et\/kuidas-vahetada-aku-chamberlain-953evc-p2-mudelis-valja\/\">- Kuidas vahetada akut mudelis Chamberlain 953EVC-P2<\/a><br \/>\n<a href=\"https:\/\/ismartgate.com\/et\/kuidas-vahetada-aku-chamberlain-956ev-mudelis-valja\/\">- Kuidas vahetada akut mudelis Chamberlain 956EV<\/a><br \/>\n<a href=\"https:\/\/ismartgate.com\/et\/kuidas-vahetada-aku-chamberlain-956ev-p2-mudelis-valja\/\">- Kuidas vahetada akut mudelis Chamberlain 956EV-P2<\/a><br \/>\n<a href=\"https:\/\/ismartgate.com\/et\/kuidas-vahetada-aku-chamberlain-956evc-mudelis-valja\/\">- Kuidas vahetada akut mudelis Chamberlain 956EVC<\/a><br \/>\n<a href=\"https:\/\/ismartgate.com\/et\/kuidas-vahetada-aku-chamberlain-956evc-p2-mudelis-valja\/\">- Kuidas vahetada aku Chamberlain 956EVC-p2-mudelis<\/a><br \/>\n<a href=\"https:\/\/ismartgate.com\/et\/nutikas-garaaziukse-avamisseadme-myq-alternatiiv\/\">- Nutikas garaa\u017eiukse avamisseadme myQ alternatiiv<\/a><br \/>\n<\/strong><\/p>\n<\/div><\/div><\/div><div class=\"fusion-clearfix\"><\/div><\/div><\/div><\/div><\/div>","protected":false},"excerpt":{"rendered":"","protected":false},"author":5,"featured_media":0,"parent":0,"menu_order":0,"comment_status":"closed","ping_status":"open","template":"100-width.php","meta":{"footnotes":""},"class_list":["post-41007","page","type-page","status-publish","hentry"],"yoast_head":"<!-- This site is optimized with the Yoast SEO Premium plugin v27.3 (Yoast SEO v27.3) - https:\/\/yoast.com\/product\/yoast-seo-premium-wordpress\/ -->\n<title>Garage doors and gates general topics - ismartgate<\/title>\n<meta name=\"description\" content=\"Discover all general topics required regarding smart garage door openers to select the perfect ismartgate your householde.\" \/>\n<meta name=\"robots\" content=\"index, follow, max-snippet:-1, max-image-preview:large, max-video-preview:-1\" \/>\n<link rel=\"canonical\" href=\"https:\/\/ismartgate.com\/et\/garaaziuksed-ja-varavad-uldised-teemad\/\" \/>\n<meta property=\"og:locale\" content=\"et_EE\" \/>\n<meta property=\"og:type\" content=\"article\" \/>\n<meta property=\"og:title\" content=\"Garage doors and gates general topics\" \/>\n<meta property=\"og:description\" content=\"Discover all general topics required regarding smart garage door openers to select the perfect ismartgate your householde.\" \/>\n<meta property=\"og:url\" content=\"https:\/\/ismartgate.com\/et\/garaaziuksed-ja-varavad-uldised-teemad\/\" \/>\n<meta property=\"og:site_name\" content=\"ismartgate\" \/>\n<meta property=\"article:publisher\" content=\"https:\/\/www.facebook.com\/ismartgateofficial\/\" \/>\n<meta property=\"article:modified_time\" content=\"2024-05-16T13:20:24+00:00\" \/>\n<meta name=\"twitter:card\" content=\"summary_large_image\" \/>\n<meta name=\"twitter:site\" content=\"@ismartgate_ww\" \/>\n<meta name=\"twitter:label1\" content=\"Est. reading time\" \/>\n\t<meta name=\"twitter:data1\" content=\"1 minut\" \/>\n<script type=\"application\/ld+json\" class=\"yoast-schema-graph\">{\"@context\":\"https:\\\/\\\/schema.org\",\"@graph\":[{\"@type\":\"WebPage\",\"@id\":\"https:\\\/\\\/ismartgate.com\\\/garage-doors-and-gates-general-topics\\\/\",\"url\":\"https:\\\/\\\/ismartgate.com\\\/garage-doors-and-gates-general-topics\\\/\",\"name\":\"Garage doors and gates general topics - ismartgate\",\"isPartOf\":{\"@id\":\"https:\\\/\\\/ismartgate.com\\\/#website\"},\"datePublished\":\"2024-04-26T09:42:05+00:00\",\"dateModified\":\"2024-05-16T13:20:24+00:00\",\"description\":\"Discover all general topics required regarding smart garage door openers to select the perfect ismartgate your householde.\",\"breadcrumb\":{\"@id\":\"https:\\\/\\\/ismartgate.com\\\/garage-doors-and-gates-general-topics\\\/#breadcrumb\"},\"inLanguage\":\"et\",\"potentialAction\":[{\"@type\":\"ReadAction\",\"target\":[\"https:\\\/\\\/ismartgate.com\\\/garage-doors-and-gates-general-topics\\\/\"]}]},{\"@type\":\"BreadcrumbList\",\"@id\":\"https:\\\/\\\/ismartgate.com\\\/garage-doors-and-gates-general-topics\\\/#breadcrumb\",\"itemListElement\":[{\"@type\":\"ListItem\",\"position\":1,\"name\":\"Home\",\"item\":\"https:\\\/\\\/ismartgate.com\\\/\"},{\"@type\":\"ListItem\",\"position\":2,\"name\":\"Garage doors and gates general topics\"}]},{\"@type\":\"WebSite\",\"@id\":\"https:\\\/\\\/ismartgate.com\\\/#website\",\"url\":\"https:\\\/\\\/ismartgate.com\\\/\",\"name\":\"ismartgate\",\"description\":\"The best Smart Garage Door Opener compatible with Apple HomeKit\",\"publisher\":{\"@id\":\"https:\\\/\\\/ismartgate.com\\\/#organization\"},\"inLanguage\":\"et\"},{\"@type\":\"Organization\",\"@id\":\"https:\\\/\\\/ismartgate.com\\\/#organization\",\"name\":\"ismartgate\",\"url\":\"https:\\\/\\\/ismartgate.com\\\/\",\"logo\":{\"@type\":\"ImageObject\",\"inLanguage\":\"et\",\"@id\":\"https:\\\/\\\/ismartgate.com\\\/#\\\/schema\\\/logo\\\/image\\\/\",\"url\":\"https:\\\/\\\/ismartgate.com\\\/wp-content\\\/uploads\\\/2018\\\/07\\\/ismartgate_header_logo_2x.gif\",\"contentUrl\":\"https:\\\/\\\/ismartgate.com\\\/wp-content\\\/uploads\\\/2018\\\/07\\\/ismartgate_header_logo_2x.gif\",\"width\":378,\"height\":56,\"caption\":\"ismartgate\"},\"image\":{\"@id\":\"https:\\\/\\\/ismartgate.com\\\/#\\\/schema\\\/logo\\\/image\\\/\"},\"sameAs\":[\"https:\\\/\\\/www.facebook.com\\\/ismartgateofficial\\\/\",\"https:\\\/\\\/x.com\\\/ismartgate_ww\",\"https:\\\/\\\/www.youtube.com\\\/channel\\\/UCY7edN3zimmxIXJ3tnFMp8A\"]}]}<\/script>\n<!-- \/ Yoast SEO Premium plugin. -->","yoast_head_json":{"title":"Garaa\u017eiuksed ja -v\u00e4ravad \u00fcldteemad - ismartgate","description":"Avastage k\u00f5ik \u00fcldised teemad, mis on vajalikud seoses nutikate garaa\u017eiukse avajatega, et valida t\u00e4iuslik ismartgate teie majapidamisele.","robots":{"index":"index","follow":"follow","max-snippet":"max-snippet:-1","max-image-preview":"max-image-preview:large","max-video-preview":"max-video-preview:-1"},"canonical":"https:\/\/ismartgate.com\/et\/garaaziuksed-ja-varavad-uldised-teemad\/","og_locale":"et_EE","og_type":"article","og_title":"Garage doors and gates general topics","og_description":"Discover all general topics required regarding smart garage door openers to select the perfect ismartgate your householde.","og_url":"https:\/\/ismartgate.com\/et\/garaaziuksed-ja-varavad-uldised-teemad\/","og_site_name":"ismartgate","article_publisher":"https:\/\/www.facebook.com\/ismartgateofficial\/","article_modified_time":"2024-05-16T13:20:24+00:00","twitter_card":"summary_large_image","twitter_site":"@ismartgate_ww","twitter_misc":{"Est. reading time":"1 minut"},"schema":{"@context":"https:\/\/schema.org","@graph":[{"@type":"WebPage","@id":"https:\/\/ismartgate.com\/garage-doors-and-gates-general-topics\/","url":"https:\/\/ismartgate.com\/garage-doors-and-gates-general-topics\/","name":"Garaa\u017eiuksed ja -v\u00e4ravad \u00fcldteemad - ismartgate","isPartOf":{"@id":"https:\/\/ismartgate.com\/#website"},"datePublished":"2024-04-26T09:42:05+00:00","dateModified":"2024-05-16T13:20:24+00:00","description":"Avastage k\u00f5ik \u00fcldised teemad, mis on vajalikud seoses nutikate garaa\u017eiukse avajatega, et valida t\u00e4iuslik ismartgate teie majapidamisele.","breadcrumb":{"@id":"https:\/\/ismartgate.com\/garage-doors-and-gates-general-topics\/#breadcrumb"},"inLanguage":"et","potentialAction":[{"@type":"ReadAction","target":["https:\/\/ismartgate.com\/garage-doors-and-gates-general-topics\/"]}]},{"@type":"BreadcrumbList","@id":"https:\/\/ismartgate.com\/garage-doors-and-gates-general-topics\/#breadcrumb","itemListElement":[{"@type":"ListItem","position":1,"name":"Home","item":"https:\/\/ismartgate.com\/"},{"@type":"ListItem","position":2,"name":"Garage doors and gates general topics"}]},{"@type":"WebSite","@id":"https:\/\/ismartgate.com\/#website","url":"https:\/\/ismartgate.com\/","name":"ismartgate","description":"Parim Apple HomeKitiga \u00fchilduv nutikas garaa\u017eiukse avaja","publisher":{"@id":"https:\/\/ismartgate.com\/#organization"},"inLanguage":"et"},{"@type":"Organization","@id":"https:\/\/ismartgate.com\/#organization","name":"ismartgate","url":"https:\/\/ismartgate.com\/","logo":{"@type":"ImageObject","inLanguage":"et","@id":"https:\/\/ismartgate.com\/#\/schema\/logo\/image\/","url":"https:\/\/ismartgate.com\/wp-content\/uploads\/2018\/07\/ismartgate_header_logo_2x.gif","contentUrl":"https:\/\/ismartgate.com\/wp-content\/uploads\/2018\/07\/ismartgate_header_logo_2x.gif","width":378,"height":56,"caption":"ismartgate"},"image":{"@id":"https:\/\/ismartgate.com\/#\/schema\/logo\/image\/"},"sameAs":["https:\/\/www.facebook.com\/ismartgateofficial\/","https:\/\/x.com\/ismartgate_ww","https:\/\/www.youtube.com\/channel\/UCY7edN3zimmxIXJ3tnFMp8A"]}]}},"_links":{"self":[{"href":"https:\/\/ismartgate.com\/et\/wp-json\/wp\/v2\/pages\/41007","targetHints":{"allow":["GET"]}}],"collection":[{"href":"https:\/\/ismartgate.com\/et\/wp-json\/wp\/v2\/pages"}],"about":[{"href":"https:\/\/ismartgate.com\/et\/wp-json\/wp\/v2\/types\/page"}],"author":[{"embeddable":true,"href":"https:\/\/ismartgate.com\/et\/wp-json\/wp\/v2\/users\/5"}],"replies":[{"embeddable":true,"href":"https:\/\/ismartgate.com\/et\/wp-json\/wp\/v2\/comments?post=41007"}],"version-history":[{"count":32,"href":"https:\/\/ismartgate.com\/et\/wp-json\/wp\/v2\/pages\/41007\/revisions"}],"predecessor-version":[{"id":47181,"href":"https:\/\/ismartgate.com\/et\/wp-json\/wp\/v2\/pages\/41007\/revisions\/47181"}],"wp:attachment":[{"href":"https:\/\/ismartgate.com\/et\/wp-json\/wp\/v2\/media?parent=41007"}],"curies":[{"name":"wp","href":"https:\/\/api.w.org\/{rel}","templated":true}]}}