{"id":687,"date":"2019-02-18T11:55:55","date_gmt":"2019-02-18T11:55:55","guid":{"rendered":"https:\/\/ismartgate.com\/?page_id=687"},"modified":"2022-08-08T07:47:09","modified_gmt":"2022-08-08T06:47:09","slug":"garanti","status":"publish","type":"page","link":"https:\/\/ismartgate.com\/da\/warranty\/","title":{"rendered":"Garanti"},"content":{"rendered":"<div class=\"fusion-fullwidth fullwidth-box fusion-builder-row-1 nonhundred-percent-fullwidth non-hundred-percent-height-scrolling fusion-equal-height-columns\" style=\"--awb-border-radius-top-left:0px;--awb-border-radius-top-right:0px;--awb-border-radius-bottom-right:0px;--awb-border-radius-bottom-left:0px;--awb-padding-top:20px;--awb-padding-bottom:20px;--awb-flex-wrap:wrap;\" ><div class=\"fusion-builder-row fusion-row\"><div class=\"fusion-layout-column fusion_builder_column fusion-builder-column-0 fusion_builder_column_1_1 1_1 fusion-one-full fusion-column-first fusion-column-last\" style=\"--awb-bg-size:cover;\"><div class=\"fusion-column-wrapper fusion-flex-column-wrapper-legacy\"><div class=\"fusion-column-content-centered\"><div class=\"fusion-column-content\"><div class=\"fusion-text fusion-text-1\"><h1 data-fontsize=\"30\" data-lineheight=\"45\">Produktgaranti og returpolitik<\/h1>\n<\/div><div class=\"fusion-sep-clear\"><\/div><div class=\"fusion-separator fusion-full-width-sep\" style=\"margin-left: auto;margin-right: auto;margin-top:5px;margin-bottom:5px;width:100%;\"><\/div><div class=\"fusion-sep-clear\"><\/div><div class=\"fusion-text fusion-text-2\"><p id=\"u28687-5\" class=\"Explicacion\">L\u00e6s venligst dette dokument omhyggeligt, da det vedr\u00f8rer dine rettigheder i forbindelse med dette produkt samt eventuelle begr\u00e6nsninger, der m\u00e5tte g\u00e6lde.<\/p>\n<p id=\"u28687-8\" class=\"Explicacion\"><strong>Politik for begr\u00e6nset garanti:<\/strong> ismartgate-produkterne og alle andre produkter p\u00e5 dette websted (medmindre andet er angivet) leveres med et (1) \u00e5rs garanti mod mekaniske og elektriske defekter, forudsat at produkterne er blevet brugt i overensstemmelse med den medf\u00f8lgende dokumentation. Den 1-\u00e5rige garantiperiode begynder p\u00e5 k\u00f8bsdatoen for brugeren af enheden. Hvis kunden ikke har et originalt k\u00f8bsbevis, vil Gogogate INC. afg\u00f8re, om garantien er berettiget via fremstillingsdatoen.<\/p>\n<p id=\"u28687-13\" class=\"Explicacion\">Hvis vores produkt fejler, vil vi enten 1) erstatte eller reparere dit produkt eller 2) beslutte at refundere dig den k\u00f8bspris, du har betalt for produktet, og ovenst\u00e5ende vil v\u00e6re kundens eneste afhj\u00e6lpning for brud p\u00e5 denne garanti. Produkter kan erstattes af renoverede enheder eller af forskellige modeller med lignende funktionalitet. Du forst\u00e5r ogs\u00e5, at ovenst\u00e5ende muligheder vil blive implementeret efter Gogogate INC.s eller GOGOGATE INC.s fulde sk\u00f8n.<\/p>\n<p id=\"u28687-17\" class=\"Explicacion\">Vores begr\u00e6nsede garanti kan overdrages fra den oprindelige kunde til den efterf\u00f8lgende ejer, men garantiperioden vil ikke blive forl\u00e6nget i varighed eller d\u00e6kning som f\u00f8lge af denne overdragelse af ejerskab.<\/p>\n<p id=\"u28687-19\" class=\"Explicacion\">Gogogate INC. p\u00e5tager sig ingen garantiforpligtelse med hensyn til a) normal slitage, b) produkter uden udf\u00f8relses- eller produktfejl, c) forkert brug, misbrug, uagtsomme ulykker, bedrageri, c) brug af forkert sp\u00e6nding (dette er en lavsp\u00e6ndingsenhed), d) naturkatastrofer, e) ikke-autoriseret eller ikke tilsigtet brug af produktet, f) forbrugsdele som f.eks. batterier.<\/p>\n<p id=\"u28687-22\" class=\"Explicacion\">MED UNDTAGELSE AF DET OMFANG, DER ER ANGIVET OVENFOR I DENNE BEGR\u00c6NSEDE GARANTI, LEVERES VORES PRODUKTER OG TJENESTER \"SOM DE ER\", OG I DET MAKSIMALE OMFANG, DER ER TILLADT I HENHOLD TIL G\u00c6LDENDE LOV, FRASKRIVER GOGOGATE INC. SIG ALLE UDTRYKKELIGE, UNDERFORST\u00c5EDE OG LOVBESTEMTE GARANTIER OG BETINGELSER MED HENSYN TIL PRODUKTERNE OG TJENESTERNE. FRASKRIVER SIG ALLE UDTRYKKELIGE, UNDERFORST\u00c5EDE OG LOVBESTEMTE GARANTIER OG BETINGELSER MED HENSYN TIL PRODUKTERNE OG TJENESTERNE OG BEGR\u00c6NSER ALLE UNDERFORST\u00c5EDE GARANTIER MED HENSYN TIL PRODUKTERNE OG TJENESTERNE TIL GARANTIPERIODEN. GOGOGATE INC. GARANTERER IKKE, AT DRIFTEN AF PRODUKTERNE OG TJENESTERNE VIL V\u00c6RE FEJLFRI ELLER UAFBRUDT. GOGOGATE INC. ER IKKE ANSVARLIG FOR EVENTUELLE ARBEJDSOMKOSTNINGER (HERUNDER INSTALLATIONSOMKOSTNINGER) I FORBINDELSE MED SINE PRODUKTER OG TJENESTER ELLER REPARATIONS-, UDSKIFTNINGS- ELLER SKADESOMKOSTNINGER I FORBINDELSE MED ANDRE PRODUKTER OG TJENESTER, DER IKKE S\u00c6LGES AF GOGOGATE INC. EUROPE S.L.<\/p>\n<p id=\"u28687-25\" class=\"Explicacion\">Under ingen omst\u00e6ndigheder vil Gogogate INC. v\u00e6re ansvarlig for f\u00f8lgeskader eller tilf\u00e6ldige skader som f\u00f8lge af vores produkter eller software, der er downloadet til din telefon eller enhver anden enhed, og du accepterer at holde Gogogate INC. skadesl\u00f8s fra alt ansvar, tab, skader og krav som f\u00f8lge af al brug af vores produkter og software.<\/p>\n<p id=\"u28687-30\" class=\"Explicacion\"><strong>Retningslinjer for returnering:<br \/>\n<\/strong>Din ret til at returnere og returpolitik<\/p>\n<p id=\"u28687-40\" class=\"Explicacion\"><span id=\"u28687-37\">Du kan returnere k\u00f8bte produkter mod fuld refusion af den faktisk betalte produktk\u00f8bspris inden for 30 arbejdsdage efter den dato, hvor du modtager produkterne,<br \/>\nmed forbehold for overholdelse af f\u00f8lgende:<\/span><\/p>\n<p id=\"u28687-43\" class=\"Explicacion\">\u00a0- Du skal have et Gogogate INC. returreferencenummer (RMA). Dette nummer kan f\u00e5s fra Gogogate INC. ved at ringe til os p\u00e5 (855) 473 6765 eller ved at anmode om nummeret via e-mail p\u00e5: <a href=\"mailto:servicerma@ismartgate.com\">servicerma@ismartgate.com<\/a> <span id=\"u28687-42\">.<\/span><\/p>\n<p id=\"u28687-48\" class=\"Explicacion\">\u00a0- Gogogate INC.-returnummeret skal vises tydeligt p\u00e5 ydersiden af den pakke, hvor produkterne returneres.<\/p>\n<p id=\"u28687-50\" class=\"Explicacion\">\u00a0- Din Gogogate INC. faktura skal vedl\u00e6gges de returnerede produkter. Produkter skal returneres i den originale emballage, i \"som ny tilstand\" og med alle komponentprodukter, dele, tilbeh\u00f8r, garantikort, manualer og andre dokumenter og genstande. Kunden forventes at ompakke produktet korrekt for at undg\u00e5 skader under transport og at sende produktet til Gogogate INC. for kundens egen regning.<\/p>\n<p id=\"u28687-53\" class=\"Explicacion\">Hvis du returnerer produkter (1), der er beskadiget eller brugt, (2) efter returperioden p\u00e5 30 arbejdsdage (eller anden l\u00e6ngere periode specificeret i g\u00e6ldende lov), (3) hvis dele, inklusive komponenter, inkluderede produkter, tilbeh\u00f8r, emballage, kasser, dokumenter og \/ eller andre genstande er beskadiget eller mangler, eller (4) uden forudbetalt levering, forbeholder Gogogate INC. sig retten til enten at n\u00e6gte at refundere produktets k\u00f8bspris (underlagt g\u00e6ldende lokal lovgivning) eller at opkr\u00e6ve dig reparations-, genopfyldnings- eller relaterede gebyrer og leveringsomkostninger. Gogogate INC. kan i s\u00e5 fald tr\u00e6kke disse gebyrer og gebyrer fra eventuelle betalinger, der skal refunderes til dig.<\/p>\n<p id=\"u28687-56\" class=\"Explicacion\">Ved returnering af produkter vil Gogogate INC. med forbehold af ovenst\u00e5ende begr\u00e6nsninger tilbagebetale det faktiske bel\u00f8b, der er betalt til Gogogate INC. minus eventuelle gebyrer og gebyrer, der skyldes Gogogate INC. (i henhold til ovenst\u00e5ende) ved at kreditere dit relevante kreditkort eller bankkonto (eller p\u00e5 anden m\u00e5de).<\/p>\n<p id=\"u28687-61\" class=\"Explicacion\">Gogogate INC.'s udstedelse af et returreferencenummer udg\u00f8r ikke en accept eller anerkendelse af nogen ret til at returnere produkter, undtagen i det omfang disse vilk\u00e5r eller obligatoriske g\u00e6ldende love giver en s\u00e5dan ret.<\/p>\n<p id=\"u28687-64\" class=\"Explicacion\"><strong>15. Undtagelser fra retten til at vende tilbage<br \/>\n<\/strong>Returretten g\u00e6lder ikke, hvis du ikke k\u00f8ber produkter eller tjenester som forbruger. Retten til returnering og refusion g\u00e6lder ikke for software, der s\u00e6lges med Gogogate INC.-produkter eller som et separat produkt, hvis licensforseglingen er brudt og \/ eller krympepakningen er \u00e5bnet. Desuden kan du ikke returnere et produkt og kr\u00e6ve refusion, hvis det p\u00e5g\u00e6ldende produkt er et personligt produkt, s\u00e5som en indgravering eller andre midler til individuel personalisering lavet i overensstemmelse med dine specifikationer.<\/p>\n<p id=\"u28687-69\" class=\"Explicacion\">Alle produkter, der returneres til Gogogate INC., vil blive analyseret for at afg\u00f8re, om de er berettiget til garanti i henhold til den begr\u00e6nsede garantipolitik, der er beskrevet ovenfor. Hvis produktet bestemmes at v\u00e6re berettiget til garanti, b\u00e6rer Gogogate INC. alle forsendelsesomkostninger tilbage til kunden. Hvis produktet er bestemt til ikke at v\u00e6re berettiget til garanti i henhold til den ovenfor beskrevne garantipolitik, b\u00e6rer Gogogate INC. intet ansvar for at reparere produktet, og produktet returneres til kunden for egen regning.<\/p>\n<\/div><\/div><\/div><div class=\"fusion-clearfix\"><\/div><\/div><\/div><\/div><\/div>","protected":false},"excerpt":{"rendered":"","protected":false},"author":5,"featured_media":0,"parent":0,"menu_order":0,"comment_status":"closed","ping_status":"open","template":"100-width.php","meta":{"footnotes":""},"class_list":["post-687","page","type-page","status-publish","hentry"],"yoast_head":"<!-- This site is optimized with the Yoast SEO Premium plugin v27.4 (Yoast SEO v27.4) - https:\/\/yoast.com\/product\/yoast-seo-premium-wordpress\/ -->\n<title>Warranty - ismartgate<\/title>\n<meta name=\"description\" content=\"iSmartgate Warranty information. Read more here.\" \/>\n<meta name=\"robots\" content=\"index, follow, max-snippet:-1, max-image-preview:large, max-video-preview:-1\" \/>\n<link rel=\"canonical\" href=\"https:\/\/ismartgate.com\/da\/garanti\/\" \/>\n<meta property=\"og:locale\" content=\"da_DK\" \/>\n<meta property=\"og:type\" content=\"article\" \/>\n<meta property=\"og:title\" content=\"Warranty\" \/>\n<meta property=\"og:description\" content=\"iSmartgate Warranty information. Read more here.\" \/>\n<meta property=\"og:url\" content=\"https:\/\/ismartgate.com\/da\/garanti\/\" \/>\n<meta property=\"og:site_name\" content=\"ismartgate\" \/>\n<meta property=\"article:publisher\" content=\"https:\/\/www.facebook.com\/ismartgateofficial\/\" \/>\n<meta property=\"article:modified_time\" content=\"2022-08-08T06:47:09+00:00\" \/>\n<meta name=\"twitter:card\" content=\"summary_large_image\" \/>\n<meta name=\"twitter:site\" content=\"@ismartgate_ww\" \/>\n<meta name=\"twitter:label1\" content=\"Estimeret l\u00e6setid\" \/>\n\t<meta name=\"twitter:data1\" content=\"6 minutter\" \/>\n<script type=\"application\/ld+json\" class=\"yoast-schema-graph\">{\"@context\":\"https:\\\/\\\/schema.org\",\"@graph\":[{\"@type\":\"WebPage\",\"@id\":\"https:\\\/\\\/ismartgate.com\\\/warranty\\\/\",\"url\":\"https:\\\/\\\/ismartgate.com\\\/warranty\\\/\",\"name\":\"Warranty - ismartgate\",\"isPartOf\":{\"@id\":\"https:\\\/\\\/ismartgate.com\\\/#website\"},\"datePublished\":\"2019-02-18T11:55:55+00:00\",\"dateModified\":\"2022-08-08T06:47:09+00:00\",\"description\":\"iSmartgate Warranty information. Read more here.\",\"breadcrumb\":{\"@id\":\"https:\\\/\\\/ismartgate.com\\\/warranty\\\/#breadcrumb\"},\"inLanguage\":\"da-DK\",\"potentialAction\":[{\"@type\":\"ReadAction\",\"target\":[\"https:\\\/\\\/ismartgate.com\\\/warranty\\\/\"]}]},{\"@type\":\"BreadcrumbList\",\"@id\":\"https:\\\/\\\/ismartgate.com\\\/warranty\\\/#breadcrumb\",\"itemListElement\":[{\"@type\":\"ListItem\",\"position\":1,\"name\":\"Home\",\"item\":\"https:\\\/\\\/ismartgate.com\\\/\"},{\"@type\":\"ListItem\",\"position\":2,\"name\":\"Warranty\"}]},{\"@type\":\"WebSite\",\"@id\":\"https:\\\/\\\/ismartgate.com\\\/#website\",\"url\":\"https:\\\/\\\/ismartgate.com\\\/\",\"name\":\"ismartgate\",\"description\":\"The best Smart Garage Door Opener compatible with Apple HomeKit\",\"publisher\":{\"@id\":\"https:\\\/\\\/ismartgate.com\\\/#organization\"},\"inLanguage\":\"da-DK\"},{\"@type\":\"Organization\",\"@id\":\"https:\\\/\\\/ismartgate.com\\\/#organization\",\"name\":\"ismartgate\",\"url\":\"https:\\\/\\\/ismartgate.com\\\/\",\"logo\":{\"@type\":\"ImageObject\",\"inLanguage\":\"da-DK\",\"@id\":\"https:\\\/\\\/ismartgate.com\\\/#\\\/schema\\\/logo\\\/image\\\/\",\"url\":\"https:\\\/\\\/ismartgate.com\\\/wp-content\\\/uploads\\\/2018\\\/07\\\/ismartgate_header_logo_2x.gif\",\"contentUrl\":\"https:\\\/\\\/ismartgate.com\\\/wp-content\\\/uploads\\\/2018\\\/07\\\/ismartgate_header_logo_2x.gif\",\"width\":378,\"height\":56,\"caption\":\"ismartgate\"},\"image\":{\"@id\":\"https:\\\/\\\/ismartgate.com\\\/#\\\/schema\\\/logo\\\/image\\\/\"},\"sameAs\":[\"https:\\\/\\\/www.facebook.com\\\/ismartgateofficial\\\/\",\"https:\\\/\\\/x.com\\\/ismartgate_ww\",\"https:\\\/\\\/www.youtube.com\\\/channel\\\/UCY7edN3zimmxIXJ3tnFMp8A\"]}]}<\/script>\n<!-- \/ Yoast SEO Premium plugin. -->","yoast_head_json":{"title":"Garanti - ismartgate","description":"Oplysninger om iSmartgate-garantien. L\u00e6s mere her.","robots":{"index":"index","follow":"follow","max-snippet":"max-snippet:-1","max-image-preview":"max-image-preview:large","max-video-preview":"max-video-preview:-1"},"canonical":"https:\/\/ismartgate.com\/da\/garanti\/","og_locale":"da_DK","og_type":"article","og_title":"Warranty","og_description":"iSmartgate Warranty information. Read more here.","og_url":"https:\/\/ismartgate.com\/da\/garanti\/","og_site_name":"ismartgate","article_publisher":"https:\/\/www.facebook.com\/ismartgateofficial\/","article_modified_time":"2022-08-08T06:47:09+00:00","twitter_card":"summary_large_image","twitter_site":"@ismartgate_ww","twitter_misc":{"Estimeret l\u00e6setid":"6 minutter"},"schema":{"@context":"https:\/\/schema.org","@graph":[{"@type":"WebPage","@id":"https:\/\/ismartgate.com\/warranty\/","url":"https:\/\/ismartgate.com\/warranty\/","name":"Garanti - ismartgate","isPartOf":{"@id":"https:\/\/ismartgate.com\/#website"},"datePublished":"2019-02-18T11:55:55+00:00","dateModified":"2022-08-08T06:47:09+00:00","description":"Oplysninger om iSmartgate-garantien. L\u00e6s mere her.","breadcrumb":{"@id":"https:\/\/ismartgate.com\/warranty\/#breadcrumb"},"inLanguage":"da-DK","potentialAction":[{"@type":"ReadAction","target":["https:\/\/ismartgate.com\/warranty\/"]}]},{"@type":"BreadcrumbList","@id":"https:\/\/ismartgate.com\/warranty\/#breadcrumb","itemListElement":[{"@type":"ListItem","position":1,"name":"Home","item":"https:\/\/ismartgate.com\/"},{"@type":"ListItem","position":2,"name":"Warranty"}]},{"@type":"WebSite","@id":"https:\/\/ismartgate.com\/#website","url":"https:\/\/ismartgate.com\/","name":"ismartgate","description":"Den bedste intelligente garageport\u00e5bner, der er kompatibel med Apple HomeKit","publisher":{"@id":"https:\/\/ismartgate.com\/#organization"},"inLanguage":"da-DK"},{"@type":"Organization","@id":"https:\/\/ismartgate.com\/#organization","name":"ismartgate","url":"https:\/\/ismartgate.com\/","logo":{"@type":"ImageObject","inLanguage":"da-DK","@id":"https:\/\/ismartgate.com\/#\/schema\/logo\/image\/","url":"https:\/\/ismartgate.com\/wp-content\/uploads\/2018\/07\/ismartgate_header_logo_2x.gif","contentUrl":"https:\/\/ismartgate.com\/wp-content\/uploads\/2018\/07\/ismartgate_header_logo_2x.gif","width":378,"height":56,"caption":"ismartgate"},"image":{"@id":"https:\/\/ismartgate.com\/#\/schema\/logo\/image\/"},"sameAs":["https:\/\/www.facebook.com\/ismartgateofficial\/","https:\/\/x.com\/ismartgate_ww","https:\/\/www.youtube.com\/channel\/UCY7edN3zimmxIXJ3tnFMp8A"]}]}},"_links":{"self":[{"href":"https:\/\/ismartgate.com\/da\/wp-json\/wp\/v2\/pages\/687","targetHints":{"allow":["GET"]}}],"collection":[{"href":"https:\/\/ismartgate.com\/da\/wp-json\/wp\/v2\/pages"}],"about":[{"href":"https:\/\/ismartgate.com\/da\/wp-json\/wp\/v2\/types\/page"}],"author":[{"embeddable":true,"href":"https:\/\/ismartgate.com\/da\/wp-json\/wp\/v2\/users\/5"}],"replies":[{"embeddable":true,"href":"https:\/\/ismartgate.com\/da\/wp-json\/wp\/v2\/comments?post=687"}],"version-history":[{"count":7,"href":"https:\/\/ismartgate.com\/da\/wp-json\/wp\/v2\/pages\/687\/revisions"}],"predecessor-version":[{"id":31578,"href":"https:\/\/ismartgate.com\/da\/wp-json\/wp\/v2\/pages\/687\/revisions\/31578"}],"wp:attachment":[{"href":"https:\/\/ismartgate.com\/da\/wp-json\/wp\/v2\/media?parent=687"}],"curies":[{"name":"wp","href":"https:\/\/api.w.org\/{rel}","templated":true}]}}